{"id":1292,"date":"2024-07-15T22:03:57","date_gmt":"2024-07-15T19:03:57","guid":{"rendered":"https:\/\/wristbandfactory.eu\/toode\/tyvek-wristbands-for-hospitals\/"},"modified":"2026-04-01T21:52:36","modified_gmt":"2026-04-01T18:52:36","slug":"direct-thermal-hospital-wristbands","status":"publish","type":"product","link":"https:\/\/displayproducts.eu\/pl\/p\/direct-thermal-hospital-wristbands\/","title":{"rendered":"Antybakteryjne opaski medyczne"},"content":{"rendered":"<p data-path-to-node=\"8\">Podnie\u015b standardy identyfikacji pacjent\u00f3w w swojej plac\u00f3wce dzi\u0119ki naszym termicznym opaskom szpitalnym Direct Thermal. Zaprojektowane z my\u015bl\u0105 o p\u0142ynnej integracji z istniej\u0105cymi procesami opieki zdrowotnej, opaski te eliminuj\u0105 ryzyko b\u0142\u0119d\u00f3w w pisaniu, umo\u017cliwiaj\u0105c natychmiastowy druk kod\u00f3w kreskowych, tekstu i zdj\u0119\u0107 pacjent\u00f3w. Rozmiar dla doros\u0142ych 29 x 290 mm zapewnia wygodne dopasowanie, a jednocze\u015bnie du\u017c\u0105 powierzchni\u0119 do skanowania danych, co przek\u0142ada si\u0119 na wydajno\u015b\u0107 od etapu wst\u0119pnej selekcji do wypisu.<\/p>\n<h2 data-path-to-node=\"9\">G\u0142\u00f3wne cechy<\/h2>\n<ul data-path-to-node=\"10\">\n<li>\n<p data-path-to-node=\"10,0,0\"><b data-path-to-node=\"10,0,0\" data-index-in-node=\"0\">Ochrona antybakteryjna:<\/b> Posiada specjaln\u0105 pow\u0142ok\u0119, kt\u00f3ra aktywnie hamuje rozw\u00f3j bakterii, co jest krytycznym wymogiem w \u015brodowiskach klinicznych.<\/p>\n<\/li>\n<li>\n<p data-path-to-node=\"10,1,0\"><b data-path-to-node=\"10,1,0\" data-index-in-node=\"0\">Trwa\u0142o\u015b\u0107 odporna na rozmazywanie:<\/b> Wysokiej jako\u015bci folia polipropylenowa zabezpiecza wydruk termiczny, dzi\u0119ki czemu dane pacjenta pozostaj\u0105 czytelne nawet po kontakcie z wod\u0105, alkoholem lub \u015brodkami do dezynfekcji r\u0105k.<\/p>\n<\/li>\n<li>\n<p data-path-to-node=\"10,2,0\"><b data-path-to-node=\"10,2,0\" data-index-in-node=\"0\">Zamkni\u0119cie zabezpieczaj\u0105ce przed otwarciem:<\/b> Wykorzystuje klej o du\u017cej przyczepno\u015bci, kt\u00f3ry rozpada si\u0119 przy pr\u00f3bie zdj\u0119cia lub przeniesienia opaski.<\/p>\n<\/li>\n<li>\n<p data-path-to-node=\"10,3,0\"><b data-path-to-node=\"10,3,0\" data-index-in-node=\"0\">Bez lateksu i hipoalergiczne:<\/b> Bezpieczny dla wszystkich typ\u00f3w sk\u00f3ry, minimalizuje ryzyko wyst\u0105pienia reakcji alergicznych podczas d\u0142ugotrwa\u0142ej opieki szpitalnej.<\/p>\n<\/li>\n<\/ul>\n<h2 data-path-to-node=\"11\">Specyfikacje<\/h2>\n<ul data-path-to-node=\"12\">\n<li>\n<p data-path-to-node=\"12,0,0\"><b data-path-to-node=\"12,0,0\" data-index-in-node=\"0\">Wymiary:<\/b> 29 mm x 290 mm (standardowy rozmiar dla doros\u0142ych).<\/p>\n<\/li>\n<li>\n<p data-path-to-node=\"12,1,0\"><b data-path-to-node=\"12,1,0\" data-index-in-node=\"0\">Tworzywo:<\/b> Polipropylen z pow\u0142ok\u0105 antybakteryjn\u0105.<\/p>\n<\/li>\n<li>\n<p data-path-to-node=\"12,2,0\"><b data-path-to-node=\"12,2,0\" data-index-in-node=\"0\">Technologia druku:<\/b> Termiczny (nie wymaga ta\u015bmy ani tuszu).<\/p>\n<\/li>\n<li>\n<p data-path-to-node=\"12,3,0\"><b data-path-to-node=\"12,3,0\" data-index-in-node=\"0\">Zgodno\u015b\u0107:<\/b> Zoptymalizowany dla drukarek stacjonarnych Zebra (GK-888T, TLP2824), Brother (TD-2020) i TSC.<\/p>\n<\/li>\n<li>\n<p data-path-to-node=\"12,4,0\"><b data-path-to-node=\"12,4,0\" data-index-in-node=\"0\">Opakowanie:<\/b> Rolki po 100 opasek na nadgarstek z rdzeniem o \u015brednicy 25 mm (1 cala).<\/p>\n<\/li>\n<li>\n<p data-path-to-node=\"12,5,0\"><b data-path-to-node=\"12,5,0\" data-index-in-node=\"0\">Minimalna ilo\u015b\u0107 zam\u00f3wienia (MOQ):<\/b> 100 jednostek.<\/p>\n<\/li>\n<\/ul>\n<h2 data-path-to-node=\"13\">Przypadki u\u017cycia<\/h2>\n<ul data-path-to-node=\"14\">\n<li>\n<p data-path-to-node=\"14,0,0\"><b data-path-to-node=\"14,0,0\" data-index-in-node=\"0\">Przyj\u0119cia o du\u017cej liczbie pacjent\u00f3w:<\/b> Doskonale nadaje si\u0119 do oddzia\u0142\u00f3w ratunkowych i o\u015brodk\u00f3w opieki dora\u017anej, gdzie wymagane jest szybkie generowanie identyfikator\u00f3w.<\/p>\n<\/li>\n<li>\n<p data-path-to-node=\"14,1,0\"><b data-path-to-node=\"14,1,0\" data-index-in-node=\"0\">Leczenie szpitalne:<\/b> D\u0142ugoterminowa identyfikacja w celu podawania lek\u00f3w i skanowania przy \u0142\u00f3\u017cku pacjenta.<\/p>\n<\/li>\n<li>\n<p data-path-to-node=\"14,2,0\"><b data-path-to-node=\"14,2,0\" data-index-in-node=\"0\">Zabiegi ambulatoryjne:<\/b> Bezpieczne znakowanie na potrzeby chirurgii jednodniowej i bada\u0144 diagnostycznych.<\/p>\n<\/li>\n<li>\n<p data-path-to-node=\"14,3,0\"><b data-path-to-node=\"14,3,0\" data-index-in-node=\"0\">Oddzia\u0142y po\u0142o\u017cnicze i pediatryczne:<\/b> Niezawodna identyfikacja tam, gdzie najwa\u017cniejsze jest bezpiecze\u0144stwo i wygoda.<\/p>\n<\/li>\n<\/ul>\n<p data-path-to-node=\"15\">","protected":false},"excerpt":{"rendered":"<p data-path-to-node=\"6\">Usprawnij proces przyjmowania pacjent\u00f3w dzi\u0119ki naszym termicznym opaskom szpitalnym, zaprojektowanym z my\u015bl\u0105 o nowoczesnych plac\u00f3wkach opieki zdrowotnej, w kt\u00f3rych wymagany jest natychmiastowy druk danych w wysokiej rozdzielczo\u015bci bezpo\u015brednio z system\u00f3w przyj\u0119\u0107.<\/p>\n<ul data-path-to-node=\"7\">\n<li>\n<p data-path-to-node=\"7,0,0\"><b data-path-to-node=\"7,0,0\" data-index-in-node=\"0\">Zgodno\u015b\u0107 z drukark\u0105:<\/b> W pe\u0142ni zoptymalizowany pod k\u0105tem standardowych drukarek termicznych, takich jak Zebra, Brother i TSC.<\/p>\n<\/li>\n<li>\n<p data-path-to-node=\"7,1,0\"><b data-path-to-node=\"7,1,0\" data-index-in-node=\"0\">Kontrola zaka\u017ce\u0144:<\/b> Specjalistyczna pow\u0142oka antybakteryjna hamuje rozw\u00f3j bakterii, co pozwala zachowa\u0107 \u015bcis\u0142e protoko\u0142y higieniczne w szpitalach.<\/p>\n<\/li>\n<li>\n<p data-path-to-node=\"7,2,0\"><b data-path-to-node=\"7,2,0\" data-index-in-node=\"0\">Maksymalne bezpiecze\u0144stwo:<\/b> Zabezpieczony przed manipulacj\u0105 klej akrylowy z wyci\u0119tym zamkni\u0119ciem zapobiega przenoszeniu i gwarantuje integralno\u015b\u0107 identyfikatora pacjenta.<\/p>\n<\/li>\n<li>\n<p data-path-to-node=\"7,3,0\"><b data-path-to-node=\"7,3,0\" data-index-in-node=\"0\">Efektywno\u015b\u0107 B2B:<\/b> Dostarczane w rolkach po 100 sztuk, co umo\u017cliwia szybkie \u0142adowanie i przetwarzanie du\u017cych ilo\u015bci opasek.<\/p>\n<\/li>\n<\/ul>","protected":false},"featured_media":631,"comment_status":"closed","ping_status":"closed","template":"","meta":[],"product_brand":[],"product_cat":[66,72],"product_tag":[],"class_list":{"0":"post-1292","1":"product","2":"type-product","3":"status-publish","4":"has-post-thumbnail","6":"product_cat-wristbands","7":"product_cat-medical-and-hospital","9":"first","10":"instock","11":"shipping-taxable","12":"purchasable","13":"product-type-simple"},"_links":{"self":[{"href":"https:\/\/displayproducts.eu\/pl\/wp-json\/wp\/v2\/product\/1292","targetHints":{"allow":["GET"]}}],"collection":[{"href":"https:\/\/displayproducts.eu\/pl\/wp-json\/wp\/v2\/product"}],"about":[{"href":"https:\/\/displayproducts.eu\/pl\/wp-json\/wp\/v2\/types\/product"}],"replies":[{"embeddable":true,"href":"https:\/\/displayproducts.eu\/pl\/wp-json\/wp\/v2\/comments?post=1292"}],"wp:featuredmedia":[{"embeddable":true,"href":"https:\/\/displayproducts.eu\/pl\/wp-json\/wp\/v2\/media\/631"}],"wp:attachment":[{"href":"https:\/\/displayproducts.eu\/pl\/wp-json\/wp\/v2\/media?parent=1292"}],"wp:term":[{"taxonomy":"product_brand","embeddable":true,"href":"https:\/\/displayproducts.eu\/pl\/wp-json\/wp\/v2\/product_brand?post=1292"},{"taxonomy":"product_cat","embeddable":true,"href":"https:\/\/displayproducts.eu\/pl\/wp-json\/wp\/v2\/product_cat?post=1292"},{"taxonomy":"product_tag","embeddable":true,"href":"https:\/\/displayproducts.eu\/pl\/wp-json\/wp\/v2\/product_tag?post=1292"}],"curies":[{"name":"wp","href":"https:\/\/api.w.org\/{rel}","templated":true}]}}