{"id":1291,"date":"2024-10-27T11:53:51","date_gmt":"2024-10-27T08:53:51","guid":{"rendered":"https:\/\/wristbandfactory.eu\/toode\/cord-lanyards-with-pvc-slider\/"},"modified":"2026-04-01T21:52:36","modified_gmt":"2026-04-01T18:52:36","slug":"custom-round-cord-lanyards-with-pvc-slider-metal-carabiner","status":"publish","type":"product","link":"https:\/\/displayproducts.eu\/pl\/p\/custom-round-cord-lanyards-with-pvc-slider-metal-carabiner\/","title":{"rendered":"Okr\u0105g\u0142e smycze reklamowe z suwakiem PVC i karabi\u0144czykiem"},"content":{"rendered":"<div class=\"mx-12 md:mx-24 lg:mx-48\">\n<div class=\"container my-8 svelte-zlsknf\">\n<div class=\"my-24 rounded-lg border-0 border-gray-700 bg-gray-100 px-16 py-24\">\n<div class=\"mt-11 !text-gray-500\">\n<p data-path-to-node=\"12\">Usprawnij identyfikacj\u0119 swojej firmy i bezpiecze\u0144stwo wydarze\u0144 dzi\u0119ki naszym <b>Z w\u0142asnym nadrukiem okr\u0105g\u0142e smycze<\/b>. Smycz zosta\u0142a zaprojektowana dla profesjonalist\u00f3w, kt\u00f3rzy potrzebuj\u0105 minimalistycznego, a jednocze\u015bnie trwa\u0142ego rozwi\u0105zania identyfikacyjnego. Stanowi ona wyrafinowan\u0105 alternatyw\u0119 dla p\u0142askich wst\u0105\u017cek, dzi\u0119ki czemu idealnie nadaje si\u0119 do codziennego u\u017cytku w biurze, na konferencjach i targach.<\/p>\n<p data-path-to-node=\"13\">Wykonany z wysokiej jako\u015bci, wytrzyma\u0142ego poliestru, okr\u0105g\u0142y profil linki zapewnia komfort podczas d\u0142ugotrwa\u0142ego noszenia, zapobiegaj\u0105c podra\u017cnieniom szyi. W przeciwie\u0144stwie do standardowych p\u0142askich smyczy, linka o splocie linowym oferuje elegancki, dyskretny wygl\u0105d, kt\u00f3ry doskonale komponuje si\u0119 z ubiorem biznesowym.<\/p>\n<p data-path-to-node=\"14\">Cech\u0105 charakterystyczn\u0105 tego modelu jest funkcjonalno\u015b\u0107 <b>Suwak PVC<\/b>. Standardowo oferujemy eleganckie, transparentne wyko\u0144czenie, ale w przypadku zam\u00f3wie\u0144 hurtowych oferujemy produkcj\u0119 w niestandardowych kolorach, co pozwala na \u015bcis\u0142e dopasowanie oku\u0107 do identyfikacji wizualnej Twojej marki. Ka\u017cda smycz jest wyko\u0144czona solidnym <b>metalowy karabi\u0144czyk<\/b>, zapewniaj\u0105c niezawodny i \u0142atwy w u\u017cyciu punkt mocowania identyfikator\u00f3w, kart kontroli dost\u0119pu lub kluczy. To po\u0142\u0105czenie trwa\u0142o\u015bci i profesjonalnej estetyki sprawia, \u017ce jest to preferowany wyb\u00f3r dla organizacji poszukuj\u0105cych wysokiej klasy rozwi\u0105zania do przechowywania identyfikator\u00f3w.<\/p>\n<p data-path-to-node=\"15\"><b>G\u0142\u00f3wne cechy:<\/b><\/p>\n<ul data-path-to-node=\"16\">\n<li>\n<p data-path-to-node=\"16,0,0\"><b>Wytrzyma\u0142y sznurek poliestrowy:<\/b> Okr\u0105g\u0142y profil liny jest idealny do ca\u0142odziennego noszenia, nie strz\u0119pi si\u0119.<\/p>\n<\/li>\n<li>\n<p data-path-to-node=\"16,1,0\"><b>Regulowany suwak PVC:<\/b> Standardowe, transparentne wyko\u0144czenie zapewnia nowoczesny wygl\u0105d. Na \u017cyczenie dost\u0119pne s\u0105 z w\u0142asnym nadrukiem kolory.<\/p>\n<\/li>\n<li>\n<p data-path-to-node=\"16,2,0\"><b>Dopasowanie do marki:<\/b> Mo\u017cliwo\u015b\u0107 dopasowania koloru suwaka do identyfikacji marki w celu kwalifikowania ilo\u015bci hurtowych.<\/p>\n<\/li>\n<li>\n<p data-path-to-node=\"16,3,0\"><b>Mocny osprz\u0119t:<\/b> Zawiera bezpieczny metalowy karabi\u0144czyk, kt\u00f3ry chroni dokumenty.<\/p>\n<\/li>\n<li>\n<p data-path-to-node=\"16,4,0\"><b>Wszechstronne zastosowanie:<\/b> Praktyczne, ekskluzywne rozwi\u0105zanie na imprezy VIP, do identyfikacji pracownik\u00f3w i zastosowa\u0144 korporacyjnych.<\/p>\n<\/li>\n<\/ul>\n<\/div>\n<\/div>\n<\/div>\n<\/div>","protected":false},"excerpt":{"rendered":"<ul>\n<li>\n<p data-path-to-node=\"10,0,0\"><b>Profil zawodowy:<\/b> Minimalistyczny, okr\u0105g\u0142y kabel o \u015brednicy 5 mm, idealny do biur i na imprezy VIP.<\/p>\n<\/li>\n<li>\n<p data-path-to-node=\"10,1,0\"><b>Sprz\u0119t niestandardowy:<\/b> Zawiera suwak z tworzywa PVC (dost\u0119pny w kolorach do wyboru) umo\u017cliwiaj\u0105cy dopasowanie do marki.<\/p>\n<\/li>\n<li>\n<p data-path-to-node=\"10,2,0\"><b>Bezpieczne mocowanie:<\/b> Wytrzyma\u0142y metalowy karabi\u0144czyk zapewnia bezpiecze\u0144stwo identyfikator\u00f3w i kluczy.<\/p>\n<\/li>\n<li>\n<p data-path-to-node=\"10,3,0\"><b>Trwa\u0142y komfort:<\/b> Mi\u0119kka poliestrowa lina zapobiega podra\u017cnieniom szyi podczas ca\u0142odziennego noszenia.<\/p>\n<\/li>\n<\/ul>","protected":false},"featured_media":6691,"comment_status":"closed","ping_status":"closed","template":"","meta":[],"product_brand":[],"product_cat":[125],"product_tag":[],"class_list":{"0":"post-1291","1":"product","2":"type-product","3":"status-publish","4":"has-post-thumbnail","6":"product_cat-cord-lanyards","8":"first","9":"instock","10":"shipping-taxable","11":"purchasable","12":"product-type-simple"},"_links":{"self":[{"href":"https:\/\/displayproducts.eu\/pl\/wp-json\/wp\/v2\/product\/1291","targetHints":{"allow":["GET"]}}],"collection":[{"href":"https:\/\/displayproducts.eu\/pl\/wp-json\/wp\/v2\/product"}],"about":[{"href":"https:\/\/displayproducts.eu\/pl\/wp-json\/wp\/v2\/types\/product"}],"replies":[{"embeddable":true,"href":"https:\/\/displayproducts.eu\/pl\/wp-json\/wp\/v2\/comments?post=1291"}],"wp:featuredmedia":[{"embeddable":true,"href":"https:\/\/displayproducts.eu\/pl\/wp-json\/wp\/v2\/media\/6691"}],"wp:attachment":[{"href":"https:\/\/displayproducts.eu\/pl\/wp-json\/wp\/v2\/media?parent=1291"}],"wp:term":[{"taxonomy":"product_brand","embeddable":true,"href":"https:\/\/displayproducts.eu\/pl\/wp-json\/wp\/v2\/product_brand?post=1291"},{"taxonomy":"product_cat","embeddable":true,"href":"https:\/\/displayproducts.eu\/pl\/wp-json\/wp\/v2\/product_cat?post=1291"},{"taxonomy":"product_tag","embeddable":true,"href":"https:\/\/displayproducts.eu\/pl\/wp-json\/wp\/v2\/product_tag?post=1291"}],"curies":[{"name":"wp","href":"https:\/\/api.w.org\/{rel}","templated":true}]}}