{"id":1288,"date":"2024-10-27T11:53:51","date_gmt":"2024-10-27T08:53:51","guid":{"rendered":"https:\/\/wristbandfactory.eu\/toode\/full-colour-cord-lanyards-with-woven-label\/"},"modified":"2026-04-01T21:52:36","modified_gmt":"2026-04-01T18:52:36","slug":"sublimation-cord-lanyards-with-woven-label","status":"publish","type":"product","link":"https:\/\/displayproducts.eu\/pl\/p\/sublimation-cord-lanyards-with-woven-label\/","title":{"rendered":"Smycze z sublimacj\u0105 i tkan\u0105 etykiet\u0105"},"content":{"rendered":"<div class=\"mx-12 md:mx-24 lg:mx-48\">\n<div class=\"container my-8 svelte-zlsknf\">\n<div class=\"my-24 rounded-lg border-0 border-gray-700 bg-gray-100 px-16 py-24\">\n<div class=\"mt-11 !text-gray-500\">\n<p>Osi\u0105gnij maksymalny wp\u0142yw marki dzi\u0119ki naszym ekskluzywnym smyczom sublimacyjnym. Ten model \u0142\u0105czy w sobie dwie wysokiej jako\u015bci metody brandingu: \u017cywy, pe\u0142nokolorowy nadruk sublimacyjny na smyczy oraz trwa\u0142\u0105, 4-kolorow\u0105, tkan\u0105 etykiet\u0119 z Twoim g\u0142\u00f3wnym logo.<\/p>\n<p>Sznurek poliestrowy o d\u0142ugo\u015bci 90 cm jest pocz\u0105tkowo bia\u0142y i w ca\u0142o\u015bci zadrukowany Twoim projektem metod\u0105 sublimacji. Ta metoda doskonale sprawdza si\u0119 w przypadku z\u0142o\u017conych, pe\u0142nokolorowych wzor\u00f3w lub powtarzaj\u0105cych si\u0119 logotyp\u00f3w, jednak nale\u017cy pami\u0119ta\u0107, \u017ce nie mo\u017cna zagwarantowa\u0107 precyzyjnego umiejscowienia logo na sznurku.<\/p>\n<p>Dodatek wysokiej jako\u015bci, 4-kolorowej, tkanej etykiety zapewnia wyrazisty, profesjonalny akcent dla Twojej marki, kt\u00f3ry nie blaknie ani nie rysuje si\u0119. Ta wysokiej jako\u015bci smycz to doskona\u0142y wyb\u00f3r na eventy firmowe, identyfikatory dla pracownik\u00f3w lub ekskluzywne przepustki konferencyjne, gdzie wymagana jest trwa\u0142a i elegancka prezentacja marki. Ka\u017cda smycz jest standardowo wyposa\u017cona w metalowy karabi\u0144czyk, ale dost\u0119pne s\u0105 r\u00f3wnie\u017c inne opcje z klipsem.<\/p>\n<p><b>G\u0142\u00f3wne cechy:<\/b><\/p>\n<ul>\n<li><b>Podw\u00f3jna marka:<\/b> Po\u0142\u0105czenie kolorowego sznurka zadrukowanego metod\u0105 sublimacji z wysokiej jako\u015bci 4-kolorow\u0105 tkan\u0105 etykiet\u0105.<\/li>\n<li><b>\u017bywa sublimacja:<\/b> Bia\u0142y sznurek poliestrowy o d\u0142ugo\u015bci 90 cm idealnie nadaje si\u0119 do powtarzania pe\u0142nokolorowych wzor\u00f3w.<\/li>\n<li><b>Etykieta tkana premium:<\/b> Oferuje trwa\u0142e logo o wysokiej rozdzielczo\u015bci (do 4 kolor\u00f3w).<\/li>\n<li><b>Karabi\u0144czyk metalowy:<\/b> W zestawie znajduje si\u0119 solidny metalowy karabi\u0144czyk, dost\u0119pne s\u0105 r\u00f3wnie\u017c inne opcje mocowania.<\/li>\n<li><b>Identyfikator o du\u017cym wp\u0142ywie:<\/b> Najwy\u017cszej klasy rozwi\u0105zanie w zakresie brandingu korporacyjnego, identyfikacji personelu i organizacji wydarze\u0144 premium.<\/li>\n<\/ul>\n<\/div>\n<\/div>\n<\/div>\n<\/div>","protected":false},"excerpt":{"rendered":"<ul>\n<li>Posiada kolorowy, zadrukowany metod\u0105 sublimacji sznurek, dzi\u0119ki czemu mo\u017cna uzyska\u0107 \u017cywe, powtarzalne wzory.<\/li>\n<li>Zawiera najwy\u017cszej jako\u015bci, 4-kolorow\u0105 tkan\u0105 etykiet\u0119 zapewniaj\u0105c\u0105 trwa\u0142o\u015b\u0107 logo.<\/li>\n<li>Wytrzyma\u0142y sznurek poliestrowy o d\u0142ugo\u015bci 90 cm ze standardowym metalowym karabi\u0144czykiem.<\/li>\n<li>Doskonale nadaje si\u0119 na imprezy firmowe, identyfikatory pracownicze i targi.<\/li>\n<\/ul>","protected":false},"featured_media":6794,"comment_status":"closed","ping_status":"closed","template":"","meta":[],"product_brand":[],"product_cat":[43],"product_tag":[],"class_list":{"0":"post-1288","1":"product","2":"type-product","3":"status-publish","4":"has-post-thumbnail","6":"product_cat-lanyards","8":"first","9":"instock","10":"shipping-taxable","11":"purchasable","12":"product-type-simple"},"_links":{"self":[{"href":"https:\/\/displayproducts.eu\/pl\/wp-json\/wp\/v2\/product\/1288","targetHints":{"allow":["GET"]}}],"collection":[{"href":"https:\/\/displayproducts.eu\/pl\/wp-json\/wp\/v2\/product"}],"about":[{"href":"https:\/\/displayproducts.eu\/pl\/wp-json\/wp\/v2\/types\/product"}],"replies":[{"embeddable":true,"href":"https:\/\/displayproducts.eu\/pl\/wp-json\/wp\/v2\/comments?post=1288"}],"wp:featuredmedia":[{"embeddable":true,"href":"https:\/\/displayproducts.eu\/pl\/wp-json\/wp\/v2\/media\/6794"}],"wp:attachment":[{"href":"https:\/\/displayproducts.eu\/pl\/wp-json\/wp\/v2\/media?parent=1288"}],"wp:term":[{"taxonomy":"product_brand","embeddable":true,"href":"https:\/\/displayproducts.eu\/pl\/wp-json\/wp\/v2\/product_brand?post=1288"},{"taxonomy":"product_cat","embeddable":true,"href":"https:\/\/displayproducts.eu\/pl\/wp-json\/wp\/v2\/product_cat?post=1288"},{"taxonomy":"product_tag","embeddable":true,"href":"https:\/\/displayproducts.eu\/pl\/wp-json\/wp\/v2\/product_tag?post=1288"}],"curies":[{"name":"wp","href":"https:\/\/api.w.org\/{rel}","templated":true}]}}