{"id":1287,"date":"2024-10-27T11:53:51","date_gmt":"2024-10-27T08:53:51","guid":{"rendered":"https:\/\/wristbandfactory.eu\/toode\/3-in-1-charging-cable-lanyards\/"},"modified":"2026-04-01T21:52:04","modified_gmt":"2026-04-01T18:52:04","slug":"sublimation-3-in-1-charging-lanyards","status":"publish","type":"product","link":"https:\/\/displayproducts.eu\/pl\/p\/sublimation-3-in-1-charging-lanyards\/","title":{"rendered":"Smycze \u0142aduj\u0105ce 3 w 1 z sublimacj\u0105"},"content":{"rendered":"<p>Zaoferuj uczestnikom swojego wydarzenia gad\u017cet promocyjny, z kt\u00f3rego faktycznie skorzystaj\u0105. Nasze smycze do \u0142adowania 3 w 1 z technologi\u0105 sublimacji \u0142\u0105cz\u0105 w sobie funkcj\u0119 uchwytu na karnet na wydarzenie z funkcjonalno\u015bci\u0105 kabla \u0142aduj\u0105cego z wieloma z\u0142\u0105czami, zapewniaj\u0105c maksymaln\u0105 widoczno\u015b\u0107 marki.<\/p>\n<p>Te smycze s\u0105 wykonane z wytrzyma\u0142ego poliestru i charakteryzuj\u0105 si\u0119 \u017cywym, pe\u0142nokolorowym nadrukiem sublimacyjnym po obu stronach, tworz\u0105c du\u017c\u0105 powierzchni\u0119 do nanoszenia z\u0142o\u017conych logotyp\u00f3w i brandingu wydarze\u0144. Zintegrowany kabel zawiera z\u0142\u0105cza USB-A, Micro-B i Type-C, oferuj\u0105c wygodne rozwi\u0105zanie do \u0142adowania wi\u0119kszo\u015bci nowoczesnych urz\u0105dze\u0144.<\/p>\n<p>Idealne na konferencje techniczne, targi lub jako funkcjonalny upominek dla pracownik\u00f3w, te smycze s\u0105 zaprojektowane dla <b>tylko do cel\u00f3w rozliczeniowych (nie do przesy\u0142u danych)<\/b>. Ka\u017cda smycz jest pakowana osobno w woreczek foliowy, co u\u0142atwia dystrybucj\u0119, i jest dost\u0119pna w trzech r\u00f3\u017cnych d\u0142ugo\u015bciach, aby spe\u0142ni\u0107 Twoje specyficzne wymagania.<\/p>\n<p><b>G\u0142\u00f3wne cechy:<\/b><\/p>\n<ul>\n<li><b>Z\u0142\u0105cza \u0142aduj\u0105ce 3 w 1:<\/b> Posiada z\u0142\u0105cza USB-A, Micro-B i Type-C umo\u017cliwiaj\u0105ce wygodne \u0142adowanie (nie do przesy\u0142ania danych).<\/li>\n<li><b>Sublimacja dwustronna:<\/b> \u017bywe, pe\u0142nokolorowe nadruki od kraw\u0119dzi do kraw\u0119dzi po obu stronach zapewniaj\u0105 maksymaln\u0105 widoczno\u015b\u0107 marki.<\/li>\n<li><b>Wytrzyma\u0142y materia\u0142 poliestrowy:<\/b> Mocny i wygodny pasek, idealny na kilkudniowe konferencje i targi.<\/li>\n<li><b>Funkcjonalny przedmiot promocyjny:<\/b> Bardzo praktyczna smycz dla uczestnik\u00f3w, zapewniaj\u0105ca wysok\u0105 u\u017cyteczno\u015b\u0107 i rozpoznawalno\u015b\u0107 marki.<\/li>\n<li><b>Gotowe do dystrybucji:<\/b> Ka\u017cda smycz jest pakowana osobno w woreczek foliowy i dost\u0119pna w 3 r\u00f3\u017cnych d\u0142ugo\u015bciach.<\/li>\n<\/ul>","protected":false},"excerpt":{"rendered":"<ul>\n<li>Wy\u015bwietl swoje logo dzi\u0119ki \u017cywej, dwustronnej sublimacji w pe\u0142nym kolorze.<\/li>\n<li>Posiada 3 z\u0142\u0105cza \u0142adowania w 1: USB-A do Micro-B i typu C.<\/li>\n<li>Bardzo praktyczny gad\u017cet promocyjny na konferencje techniczne i targi.<\/li>\n<li>(Uwaga: Przeznaczony wy\u0142\u0105cznie do \u0142adowania, nie do przesy\u0142ania danych).<\/li>\n<\/ul>","protected":false},"featured_media":6789,"comment_status":"closed","ping_status":"closed","template":"","meta":[],"product_brand":[],"product_cat":[43],"product_tag":[],"class_list":{"0":"post-1287","1":"product","2":"type-product","3":"status-publish","4":"has-post-thumbnail","6":"product_cat-lanyards","8":"first","9":"instock","10":"shipping-taxable","11":"purchasable","12":"product-type-simple"},"_links":{"self":[{"href":"https:\/\/displayproducts.eu\/pl\/wp-json\/wp\/v2\/product\/1287","targetHints":{"allow":["GET"]}}],"collection":[{"href":"https:\/\/displayproducts.eu\/pl\/wp-json\/wp\/v2\/product"}],"about":[{"href":"https:\/\/displayproducts.eu\/pl\/wp-json\/wp\/v2\/types\/product"}],"replies":[{"embeddable":true,"href":"https:\/\/displayproducts.eu\/pl\/wp-json\/wp\/v2\/comments?post=1287"}],"wp:featuredmedia":[{"embeddable":true,"href":"https:\/\/displayproducts.eu\/pl\/wp-json\/wp\/v2\/media\/6789"}],"wp:attachment":[{"href":"https:\/\/displayproducts.eu\/pl\/wp-json\/wp\/v2\/media?parent=1287"}],"wp:term":[{"taxonomy":"product_brand","embeddable":true,"href":"https:\/\/displayproducts.eu\/pl\/wp-json\/wp\/v2\/product_brand?post=1287"},{"taxonomy":"product_cat","embeddable":true,"href":"https:\/\/displayproducts.eu\/pl\/wp-json\/wp\/v2\/product_cat?post=1287"},{"taxonomy":"product_tag","embeddable":true,"href":"https:\/\/displayproducts.eu\/pl\/wp-json\/wp\/v2\/product_tag?post=1287"}],"curies":[{"name":"wp","href":"https:\/\/api.w.org\/{rel}","templated":true}]}}