{"id":1284,"date":"2024-10-27T11:53:51","date_gmt":"2024-10-27T08:53:51","guid":{"rendered":"https:\/\/wristbandfactory.eu\/toode\/3-tone-lanyards-with-pvc-badge\/"},"modified":"2026-04-01T21:52:36","modified_gmt":"2026-04-01T18:52:36","slug":"3-tone-cord-lanyards-with-pvc-badge","status":"publish","type":"product","link":"https:\/\/displayproducts.eu\/pl\/p\/3-tone-cord-lanyards-with-pvc-badge\/","title":{"rendered":"Smycze sznurkowe 3-kolorowe z plakietk\u0105 PVC"},"content":{"rendered":"<div class=\"mx-12 md:mx-24 lg:mx-48\">\n<div class=\"container my-8 svelte-zlsknf\">\n<div class=\"my-24 rounded-lg border-0 border-gray-700 bg-gray-100 px-16 py-24\">\n<div class=\"mt-11 !text-gray-500\">\n<p>Stw\u00f3rz wyj\u0105tkowe i dobrze widoczne rozwi\u0105zanie identyfikacyjne dla swojego zespo\u0142u lub uczestnik\u00f3w wydarzenia dzi\u0119ki naszym 3-kolorowym smyczom. Ta smycz \u0142\u0105czy w sobie efektowny branding z trwa\u0142ym i praktycznym designem.<\/p>\n<p>Przew\u00f3d o d\u0142ugo\u015bci 90 cm wykonany jest z trwa\u0142ego poliestru i mo\u017cna go w pe\u0142ni spersonalizowa\u0107, wybieraj\u0105c jeden z trzech r\u00f3\u017cnych kolor\u00f3w. Dzi\u0119ki temu idealnie dopasujesz go do identyfikacji wizualnej swojej firmy lub motywu wydarzenia.<\/p>\n<p>Kluczowym elementem jest spersonalizowany identyfikator z tworzywa PVC, kt\u00f3ry mo\u017cna uformowa\u0107 z logo lub wzorem w maksymalnie trzech kolorach. Stanowi to trwa\u0142\u0105, przyjemn\u0105 w dotyku i wysokiej jako\u015bci alternatyw\u0119 dla standardowej, drukowanej przepustki. Ka\u017cda smycz posiada solidny metalowy pier\u015bcie\u0144, a dost\u0119pne s\u0105 r\u00f3wnie\u017c inne opcje klipsa, dopasowane do konkretnych wymaga\u0144 dotycz\u0105cych identyfikatora lub karty dost\u0119pu. Dzi\u0119ki temu doskonale nadaj\u0105 si\u0119 do identyfikacji pracownik\u00f3w firm, na targi lub jako przepustki na wielodniowe wydarzenia.<\/p>\n<p><b>G\u0142\u00f3wne cechy:<\/b><\/p>\n<ul>\n<li><b>Personalizacja w trzech kolorach:<\/b> Wybierz dowolne trzy kolory 90-centymetrowego przewodu poliestrowego, aby dopasowa\u0107 go do swojej marki.<\/li>\n<li><b>Niestandardowa odznaka PVC:<\/b> Posiada specjalnie uformowany znaczek z tworzywa PVC, na kt\u00f3rym mo\u017cna umie\u015bci\u0107 logo (do 3 kolor\u00f3w).<\/li>\n<li><b>Wytrzyma\u0142y sznurek poliestrowy:<\/b> Zaprojektowane do codziennego u\u017cytku przez personel lub na wydarzenia trwaj\u0105ce kilka dni.<\/li>\n<li><b>Wszechstronne akcesoria:<\/b> W standardzie z metalowym pier\u015bcieniem, ale mo\u017cna wybra\u0107 inne opcje klipsa.<\/li>\n<li><b>Identyfikator o du\u017cym wp\u0142ywie:<\/b> Idealne do wizualnego segmentowania personelu, VIP-\u00f3w i zespo\u0142\u00f3w organizuj\u0105cych wydarzenia.<\/li>\n<\/ul>\n<\/div>\n<\/div>\n<\/div>\n<\/div>","protected":false},"excerpt":{"rendered":"<ul>\n<li>Posiada trwa\u0142y, 3-kolorowy sznurek poliestrowy (do wyboru 3 kolory).<\/li>\n<li>Zawiera specjalnie zaprojektowan\u0105 odznak\u0119 z tworzywa PVC (do 3 kolor\u00f3w) na Twoje logo.<\/li>\n<li>W standardzie znajduje si\u0119 metalowy pier\u015bcie\u0144, ale dost\u0119pne s\u0105 r\u00f3wnie\u017c inne opcje klipsa.<\/li>\n<li>Doskonale nadaj\u0105 si\u0119 do wyr\u00f3\u017cniania identyfikator\u00f3w pracowniczych lub przepustek na imprezy firmowe.<\/li>\n<\/ul>","protected":false},"featured_media":6820,"comment_status":"closed","ping_status":"closed","template":"","meta":[],"product_brand":[],"product_cat":[43],"product_tag":[],"class_list":{"0":"post-1284","1":"product","2":"type-product","3":"status-publish","4":"has-post-thumbnail","6":"product_cat-lanyards","8":"first","9":"instock","10":"shipping-taxable","11":"purchasable","12":"product-type-simple"},"_links":{"self":[{"href":"https:\/\/displayproducts.eu\/pl\/wp-json\/wp\/v2\/product\/1284","targetHints":{"allow":["GET"]}}],"collection":[{"href":"https:\/\/displayproducts.eu\/pl\/wp-json\/wp\/v2\/product"}],"about":[{"href":"https:\/\/displayproducts.eu\/pl\/wp-json\/wp\/v2\/types\/product"}],"replies":[{"embeddable":true,"href":"https:\/\/displayproducts.eu\/pl\/wp-json\/wp\/v2\/comments?post=1284"}],"wp:featuredmedia":[{"embeddable":true,"href":"https:\/\/displayproducts.eu\/pl\/wp-json\/wp\/v2\/media\/6820"}],"wp:attachment":[{"href":"https:\/\/displayproducts.eu\/pl\/wp-json\/wp\/v2\/media?parent=1284"}],"wp:term":[{"taxonomy":"product_brand","embeddable":true,"href":"https:\/\/displayproducts.eu\/pl\/wp-json\/wp\/v2\/product_brand?post=1284"},{"taxonomy":"product_cat","embeddable":true,"href":"https:\/\/displayproducts.eu\/pl\/wp-json\/wp\/v2\/product_cat?post=1284"},{"taxonomy":"product_tag","embeddable":true,"href":"https:\/\/displayproducts.eu\/pl\/wp-json\/wp\/v2\/product_tag?post=1284"}],"curies":[{"name":"wp","href":"https:\/\/api.w.org\/{rel}","templated":true}]}}