{"id":1280,"date":"2024-10-27T11:53:51","date_gmt":"2024-10-27T08:53:51","guid":{"rendered":"https:\/\/wristbandfactory.eu\/toode\/3-tone-lanyards-with-woven-label\/"},"modified":"2026-04-01T21:52:36","modified_gmt":"2026-04-01T18:52:36","slug":"3-tone-cord-lanyards-with-woven-label","status":"publish","type":"product","link":"https:\/\/displayproducts.eu\/pl\/p\/3-tone-cord-lanyards-with-woven-label\/","title":{"rendered":"Smycze sznurkowe 3-kolorowe z tkan\u0105 etykiet\u0105"},"content":{"rendered":"<div class=\"mx-12 md:mx-24 lg:mx-48\">\n<div class=\"container my-8 svelte-zlsknf\">\n<div class=\"my-24 rounded-lg border-0 border-gray-700 bg-gray-100 px-16 py-24\">\n<div class=\"mt-11 !text-gray-500\">\n<p>Podnie\u015b poziom identyfikacji swojej firmy dzi\u0119ki naszym 3-kolorowym smyczom z tkan\u0105 etykiet\u0105. Ta smycz stanowi wyrafinowan\u0105 i niezwykle trwa\u0142\u0105 alternatyw\u0119 dla standardowych, drukowanych rozwi\u0105za\u0144, dzi\u0119ki czemu idealnie nadaje si\u0119 do identyfikacji pracownik\u00f3w lub wielodniowych konferencji.<\/p>\n<p>Smycz wykonana jest z wytrzyma\u0142ego, 90-centymetrowego, tr\u00f3jkolorowego sznurka poliestrowego, kt\u00f3ry mo\u017cna w pe\u0142ni spersonalizowa\u0107, wybieraj\u0105c jeden z trzech kolor\u00f3w, aby dopasowa\u0107 go do identyfikacji marki.<\/p>\n<p>Zamiast nadrukowanej plakietki, ten model posiada wysokiej jako\u015bci tkan\u0105 metk\u0119, bezpiecznie przymocowan\u0105 do sznurka za pomoc\u0105 wytrzyma\u0142ej gumki (dost\u0119pnej w kolorze bia\u0142ym lub czarnym). Tkana metka mo\u017ce wyeksponowa\u0107 Twoje logo lub wz\u00f3r w maksymalnie 4 kolorach, zapewniaj\u0105c trwa\u0142e, profesjonalne wyko\u0144czenie, kt\u00f3re nie blaknie ani nie rysuje si\u0119. Ka\u017cda smycz jest standardowo wyposa\u017cona w metalowy pier\u015bcie\u0144, a dost\u0119pne s\u0105 r\u00f3wnie\u017c inne opcje klipsa.<\/p>\n<p><b>G\u0142\u00f3wne cechy:<\/b><\/p>\n<ul>\n<li><b>Niestandardowy przew\u00f3d 3-tonowy:<\/b> Wybierz dowolne 3 kolory poliestrowego przewodu o d\u0142ugo\u015bci 90 cm, aby dopasowa\u0107 go do marki Twojej firmy.<\/li>\n<li><b>Etykieta tkana premium:<\/b> Posiada tkan\u0105 etykiet\u0119 o wysokiej rozdzielczo\u015bci, na kt\u00f3rej mo\u017cna umie\u015bci\u0107 logo (do 4 kolor\u00f3w), co zapewnia trwa\u0142e wyko\u0144czenie klasy premium.<\/li>\n<li><b>Trwa\u0142e mocowanie:<\/b> Etykieta jest solidnie przymocowana za pomoc\u0105 bia\u0142ej lub czarnej gumki.<\/li>\n<li><b>Wszechstronny sprz\u0119t:<\/b> W standardzie posiada metalowy pier\u015bcie\u0144, ale dost\u0119pne s\u0105 r\u00f3wnie\u017c inne opcje klipsa pasuj\u0105ce do ka\u017cdego uchwytu na identyfikator.<\/li>\n<li><b>Trwa\u0142y branding:<\/b> Doskona\u0142y wyb\u00f3r do codziennego u\u017cytku przez personel lub identyfikacji wydarze\u0144 wielodniowych.<\/li>\n<\/ul>\n<\/div>\n<\/div>\n<\/div>\n<\/div>","protected":false},"excerpt":{"rendered":"<ul>\n<li>Posiada trwa\u0142y, poliestrowy przew\u00f3d o d\u0142ugo\u015bci 90 cm (do wyboru 3 kolory).<\/li>\n<li>Zawiera wysokiej jako\u015bci, tkan\u0105 etykiet\u0119 premium na Twoje logo (do 4 kolor\u00f3w).<\/li>\n<li>Dost\u0119pny z metalowym pier\u015bcieniem lub innymi klipsami, co zapewnia wszechstronne zastosowanie.<\/li>\n<li>Doskonale nadaje si\u0119 jako trwa\u0142e i wytrzyma\u0142e identyfikatory firmowe lub przepustki na imprezy.<\/li>\n<\/ul>","protected":false},"featured_media":6823,"comment_status":"closed","ping_status":"closed","template":"","meta":[],"product_brand":[],"product_cat":[43],"product_tag":[],"class_list":{"0":"post-1280","1":"product","2":"type-product","3":"status-publish","4":"has-post-thumbnail","6":"product_cat-lanyards","8":"first","9":"instock","10":"shipping-taxable","11":"purchasable","12":"product-type-simple"},"_links":{"self":[{"href":"https:\/\/displayproducts.eu\/pl\/wp-json\/wp\/v2\/product\/1280","targetHints":{"allow":["GET"]}}],"collection":[{"href":"https:\/\/displayproducts.eu\/pl\/wp-json\/wp\/v2\/product"}],"about":[{"href":"https:\/\/displayproducts.eu\/pl\/wp-json\/wp\/v2\/types\/product"}],"replies":[{"embeddable":true,"href":"https:\/\/displayproducts.eu\/pl\/wp-json\/wp\/v2\/comments?post=1280"}],"wp:featuredmedia":[{"embeddable":true,"href":"https:\/\/displayproducts.eu\/pl\/wp-json\/wp\/v2\/media\/6823"}],"wp:attachment":[{"href":"https:\/\/displayproducts.eu\/pl\/wp-json\/wp\/v2\/media?parent=1280"}],"wp:term":[{"taxonomy":"product_brand","embeddable":true,"href":"https:\/\/displayproducts.eu\/pl\/wp-json\/wp\/v2\/product_brand?post=1280"},{"taxonomy":"product_cat","embeddable":true,"href":"https:\/\/displayproducts.eu\/pl\/wp-json\/wp\/v2\/product_cat?post=1280"},{"taxonomy":"product_tag","embeddable":true,"href":"https:\/\/displayproducts.eu\/pl\/wp-json\/wp\/v2\/product_tag?post=1280"}],"curies":[{"name":"wp","href":"https:\/\/api.w.org\/{rel}","templated":true}]}}