{"id":1279,"date":"2024-10-27T11:53:51","date_gmt":"2024-10-27T08:53:51","guid":{"rendered":"https:\/\/wristbandfactory.eu\/toode\/glitter-lanyards\/"},"modified":"2026-04-01T21:52:36","modified_gmt":"2026-04-01T18:52:36","slug":"printed-glitter-lanyards-vip-gala-events","status":"publish","type":"product","link":"https:\/\/displayproducts.eu\/pl\/p\/printed-glitter-lanyards-vip-gala-events\/","title":{"rendered":"Smycze brokatowe z nadrukiem (Glitter)"},"content":{"rendered":"<div class=\"mx-12 md:mx-24 lg:mx-48\">\n<div class=\"container my-8 svelte-zlsknf\">\n<div class=\"my-24 rounded-lg border-0 border-gray-700 bg-gray-100 px-16 py-24\">\n<div class=\"mt-11 !text-gray-500\">\n<p data-path-to-node=\"11\">Spraw, aby Twoja marka zab\u0142ysn\u0119\u0142a i spraw, aby Twoi go\u015bcie poczuli si\u0119 wyj\u0105tkowo dzi\u0119ki naszym <b>Spersonalizowane, drukowane smycze z brokatem<\/b>. Ten rodzaj smyczy to doskona\u0142y wyb\u00f3r na gale wr\u0119czenia nagr\u00f3d, gale VIP, festiwale muzyczne i uroczysto\u015bci firmowe, gdzie standardowe smycze po prostu wtapiaj\u0105 si\u0119 w t\u0142o.<\/p>\n<p data-path-to-node=\"12\">Smycz wykonana jest z trwa\u0142ej ta\u015bmy poliestrowej o d\u0142ugo\u015bci 90 cm, na kt\u00f3r\u0105 nast\u0119pnie na\u0142o\u017cono charakterystyczn\u0105 <b>materia\u0142 z wysokim po\u0142yskiem<\/b>. Tworzy to wyj\u0105tkowe, ol\u015bniewaj\u0105ce p\u0142\u00f3tno, kt\u00f3re odbija \u015bwiat\u0142o i zapewnia doskona\u0142\u0105 widoczno\u015b\u0107 nawet w s\u0142abym o\u015bwietleniu. To doskona\u0142e narz\u0119dzie dla zespo\u0142\u00f3w ochrony i obs\u0142ugi go\u015bci, pozwalaj\u0105ce na szybk\u0105 identyfikacj\u0119 VIP-\u00f3w, personelu za kulisami lub sponsor\u00f3w wysokiego szczebla.<\/p>\n<p data-path-to-node=\"13\">Nadrukujemy Twoje logo na jednej stronie powierzchni brokatowej za pomoc\u0105 <b>precyzyjne dopasowanie kolor\u00f3w Pantone<\/b>. Ze wzgl\u0119du na faktur\u0119 brokatu, dla lepszej czytelno\u015bci, zalecamy wyraziste, bez nadruku logo. Ka\u017cdy smycz jest standardowo wyposa\u017cony w solidny <b>metalowy karabi\u0144czyk<\/b>, dodaj\u0105c produktowi profesjonalnej wagi i wyczucia, chocia\u017c dost\u0119pne s\u0105 r\u00f3wnie\u017c inne opcje mocowania, aby spe\u0142ni\u0107 szczeg\u00f3lne wymagania dotycz\u0105ce dowodu osobistego.<\/p>\n<p data-path-to-node=\"14\"><b>G\u0142\u00f3wne cechy:<\/b><\/p>\n<ul data-path-to-node=\"15\">\n<li>\n<p data-path-to-node=\"15,0,0\"><b>Tworzywo:<\/b> Podstawa poliestrowa z warstw\u0105 b\u0142yszcz\u0105cego brokatu High-Shine Glitter.<\/p>\n<\/li>\n<li>\n<p data-path-to-node=\"15,1,0\"><b>Efekt wizualny:<\/b> L\u015bni\u0105ce wyko\u0144czenie zapewnia wyj\u0105tkow\u0105 estetyk\u0119 podczas ekskluzywnych wydarze\u0144.<\/p>\n<\/li>\n<li>\n<p data-path-to-node=\"15,2,0\"><b>Druk:<\/b> Jednostronny nadruk sitodrukowy zgodny z kolorystyk\u0105 Pantone (najlepszy dla wyrazistych logotyp\u00f3w).<\/p>\n<\/li>\n<li>\n<p data-path-to-node=\"15,3,0\"><b>Aplikacja:<\/b> Doskonale nadaje si\u0119 do wyr\u00f3\u017cniania go\u015bci VIP, m\u00f3wc\u00f3w i personelu na przyj\u0119ciach i galach.<\/p>\n<\/li>\n<li>\n<p data-path-to-node=\"15,4,0\"><b>Sprz\u0119t komputerowy:<\/b> W zestawie solidny metalowy karabi\u0144czyk zapewniaj\u0105cy bezpieczne mocowanie identyfikatora.<\/p>\n<\/li>\n<\/ul>\n<\/div>\n<\/div>\n<\/div>\n<\/div>","protected":false},"excerpt":{"rendered":"<ul>\n<li>\n<p data-path-to-node=\"9,0,0\"><b>Ol\u015bniewaj\u0105cy blask:<\/b> Wysokiej jako\u015bci brokatowa warstwa tworzy l\u015bni\u0105ce, przyci\u0105gaj\u0105ce wzrok wyko\u0144czenie, idealne na wieczorne imprezy.<\/p>\n<\/li>\n<li>\n<p data-path-to-node=\"9,1,0\"><b>R\u00f3\u017cnicowanie VIP:<\/b> Wyj\u0105tkowy wygl\u0105d pozwala natychmiast rozpozna\u0107 wyj\u0105tkowych go\u015bci, personel i laureat\u00f3w nagr\u00f3d.<\/p>\n<\/li>\n<li>\n<p data-path-to-node=\"9,2,0\"><b>Branding niestandardowy:<\/b> Twoje logo zostanie naniesione metod\u0105 sitodruku w jednym kolorze (dopasowanym do wzornika Pantone) bezpo\u015brednio na powierzchni\u0119 brokatu.<\/p>\n<\/li>\n<li>\n<p data-path-to-node=\"9,3,0\"><b>Trwa\u0142y komfort:<\/b> Zbudowany na solidnej, 90-centymetrowej podstawie z poliestru, gwarantuje trwa\u0142o\u015b\u0107 bez uszczerbku dla stylu.<\/p>\n<\/li>\n<\/ul>","protected":false},"featured_media":6741,"comment_status":"closed","ping_status":"closed","template":"","meta":[],"product_brand":[],"product_cat":[104],"product_tag":[],"class_list":{"0":"post-1279","1":"product","2":"type-product","3":"status-publish","4":"has-post-thumbnail","6":"product_cat-custom-printed-lanyards","8":"first","9":"instock","10":"shipping-taxable","11":"purchasable","12":"product-type-simple"},"_links":{"self":[{"href":"https:\/\/displayproducts.eu\/pl\/wp-json\/wp\/v2\/product\/1279","targetHints":{"allow":["GET"]}}],"collection":[{"href":"https:\/\/displayproducts.eu\/pl\/wp-json\/wp\/v2\/product"}],"about":[{"href":"https:\/\/displayproducts.eu\/pl\/wp-json\/wp\/v2\/types\/product"}],"replies":[{"embeddable":true,"href":"https:\/\/displayproducts.eu\/pl\/wp-json\/wp\/v2\/comments?post=1279"}],"wp:featuredmedia":[{"embeddable":true,"href":"https:\/\/displayproducts.eu\/pl\/wp-json\/wp\/v2\/media\/6741"}],"wp:attachment":[{"href":"https:\/\/displayproducts.eu\/pl\/wp-json\/wp\/v2\/media?parent=1279"}],"wp:term":[{"taxonomy":"product_brand","embeddable":true,"href":"https:\/\/displayproducts.eu\/pl\/wp-json\/wp\/v2\/product_brand?post=1279"},{"taxonomy":"product_cat","embeddable":true,"href":"https:\/\/displayproducts.eu\/pl\/wp-json\/wp\/v2\/product_cat?post=1279"},{"taxonomy":"product_tag","embeddable":true,"href":"https:\/\/displayproducts.eu\/pl\/wp-json\/wp\/v2\/product_tag?post=1279"}],"curies":[{"name":"wp","href":"https:\/\/api.w.org\/{rel}","templated":true}]}}