{"id":1276,"date":"2024-10-27T11:53:51","date_gmt":"2024-10-27T08:53:51","guid":{"rendered":"https:\/\/wristbandfactory.eu\/toode\/round-lanyard-with-domed-slider\/"},"modified":"2026-04-01T21:52:36","modified_gmt":"2026-04-01T18:52:36","slug":"round-cord-lanyards-with-dome-logo-slider-epoxy-3d","status":"publish","type":"product","link":"https:\/\/displayproducts.eu\/pl\/p\/round-cord-lanyards-with-dome-logo-slider-epoxy-3d\/","title":{"rendered":"Okr\u0105g\u0142e smycze z suwakiem z logo w kszta\u0142cie kopu\u0142y (\u017cywica epoksydowa 3D)"},"content":{"rendered":"<div class=\"mx-12 md:mx-24 lg:mx-48\">\n<div class=\"container my-8 svelte-zlsknf\">\n<div class=\"my-24 rounded-lg border-0 border-gray-700 bg-gray-100 px-16 py-24\">\n<div class=\"mt-11 !text-gray-500\">\n<p data-path-to-node=\"7\">Zaoferuj elegancki, nowoczesny i ekskluzywny spos\u00f3b na prezentacj\u0119 identyfikacji dzi\u0119ki naszym okr\u0105g\u0142ym smyczom z suwakiem z logo Strona g\u0142\u00f3wnae. Ten minimalistyczny design jest preferowany przez firmy technologiczne, startupy i organizator\u00f3w presti\u017cowych konferencji, kt\u00f3rzy chc\u0105 odej\u015b\u0107 od tradycyjnych, szerokich smyczy typu \u201cbillboard\u201d.<\/p>\n<p data-path-to-node=\"8\"><b>Zaleta \u201cKopu\u0142y\u201d<\/b> Cech\u0105 wyr\u00f3\u017cniaj\u0105c\u0105 ten produkt jest suwak brandingowy. W przeciwie\u0144stwie do standardowego druku p\u0142askiego, logo jest pokryte warstw\u0105 przezroczystej \u017cywicy epoksydowej (strona g\u0142\u00f3wnaing). Tworzy to efekt powi\u0119kszaj\u0105cy. <b>Efekt 3D<\/b> Dzi\u0119ki temu kolory s\u0105 bardziej \u017cywe, a logo ma bi\u017cuteryjny, wysokiej jako\u015bci wygl\u0105d. \u017bywica chroni r\u00f3wnie\u017c logo przed zarysowaniami, blakni\u0119ciem i uszkodzeniem przez wod\u0119, zapewniaj\u0105c nieskazitelny wygl\u0105d marki przez d\u0142ugi czas u\u017cytkowania.<\/p>\n<p data-path-to-node=\"9\"><b>Komfort i trwa\u0142o\u015b\u0107<\/b> Wykonana z wytrzyma\u0142ego sznurka poliestrowego (grubo\u015b\u0107 ok. 5 mm), ta smycz jest lekka i wygodna na szyi. Standardowo wyposa\u017cona jest w wysokiej jako\u015bci metalowy karabi\u0144czyk, kt\u00f3ry umo\u017cliwia bezpieczne mocowanie identyfikator\u00f3w, kluczy lub brelok\u00f3w. Obudowa suwaka jest standardowo czarna, ale w przypadku wi\u0119kszych zam\u00f3wie\u0144 mo\u017cemy wykona\u0107 j\u0105 w niestandardowych kolorach, co gwarantuje idealne dopasowanie do identyfikacji wizualnej Twojej firmy.<\/p>\n<p data-path-to-node=\"10\"><b>G\u0142\u00f3wne cechy:<\/b><\/p>\n<ul data-path-to-node=\"11\">\n<li>\n<p data-path-to-node=\"11,0,0\"><b>Suwak z kopu\u0142\u0105 epoksydow\u0105:<\/b> Powierzchnia brandingowa pokryta \u017cywic\u0105 tworzy wysokiej jako\u015bci, odporny na zarysowania wygl\u0105d 3D.<\/p>\n<\/li>\n<li>\n<p data-path-to-node=\"11,1,0\"><b>Okr\u0105g\u0142y sznurek poliestrowy:<\/b> Trwa\u0142a i wygodna alternatywa dla p\u0142askich smyczy.<\/p>\n<\/li>\n<li>\n<p data-path-to-node=\"11,2,0\"><b>\u017bywy branding:<\/b> Idealne dla kolorowych logotyp\u00f3w, kt\u00f3re musz\u0105 si\u0119 wyr\u00f3\u017cnia\u0107.<\/p>\n<\/li>\n<li>\n<p data-path-to-node=\"11,3,0\"><b>Karabi\u0144czyk metalowy:<\/b> Wytrzyma\u0142y klips gwarantuje bezpieczne mocowanie identyfikator\u00f3w i kluczy.<\/p>\n<\/li>\n<li>\n<p data-path-to-node=\"11,4,0\"><b>Estetyka profesjonalna:<\/b> Minimalistyczny design odpowiedni dla VIP-\u00f3w i pracownik\u00f3w korporacyjnych.<\/p>\n<\/li>\n<\/ul>\n<\/div>\n<\/div>\n<\/div>\n<\/div>","protected":false},"excerpt":{"rendered":"<ul>\n<li>\n<p data-path-to-node=\"6,0,0\"><b>Branding premium:<\/b> Przesuwany dysk z logo posiada krystalicznie czyst\u0105 pow\u0142ok\u0119 z \u017cywicy epoksydowej (strona g\u0142\u00f3wnaing) daj\u0105c\u0105 efekt 3D.<\/p>\n<\/li>\n<li>\n<p data-path-to-node=\"6,1,0\"><b>Druk w pe\u0142nym kolorze:<\/b> Umo\u017cliwia uzyskanie \u017cywych, szczeg\u00f3\u0142owych logotyp\u00f3w, kt\u00f3re s\u0105 chronione przed zarysowaniami i blakni\u0119ciem.<\/p>\n<\/li>\n<li>\n<p data-path-to-node=\"6,2,0\"><b>Elegancki design:<\/b> Okr\u0105g\u0142y sznurek poliestrowy o d\u0142ugo\u015bci 90 cm to nowoczesna, minimalistyczna alternatywa dla p\u0142askich wst\u0105\u017cek.<\/p>\n<\/li>\n<li>\n<p data-path-to-node=\"6,3,0\"><b>Bezpieczne mocowanie:<\/b> W standardzie znajduje si\u0119 solidny metalowy karabi\u0144czyk na identyfikatory.<\/p>\n<\/li>\n<li><\/li>\n<\/ul>","protected":false},"featured_media":6765,"comment_status":"closed","ping_status":"closed","template":"","meta":[],"product_brand":[],"product_cat":[43,125,104],"product_tag":[],"class_list":{"0":"post-1276","1":"product","2":"type-product","3":"status-publish","4":"has-post-thumbnail","6":"product_cat-lanyards","7":"product_cat-cord-lanyards","8":"product_cat-custom-printed-lanyards","10":"first","11":"instock","12":"shipping-taxable","13":"purchasable","14":"product-type-simple"},"_links":{"self":[{"href":"https:\/\/displayproducts.eu\/pl\/wp-json\/wp\/v2\/product\/1276","targetHints":{"allow":["GET"]}}],"collection":[{"href":"https:\/\/displayproducts.eu\/pl\/wp-json\/wp\/v2\/product"}],"about":[{"href":"https:\/\/displayproducts.eu\/pl\/wp-json\/wp\/v2\/types\/product"}],"replies":[{"embeddable":true,"href":"https:\/\/displayproducts.eu\/pl\/wp-json\/wp\/v2\/comments?post=1276"}],"wp:featuredmedia":[{"embeddable":true,"href":"https:\/\/displayproducts.eu\/pl\/wp-json\/wp\/v2\/media\/6765"}],"wp:attachment":[{"href":"https:\/\/displayproducts.eu\/pl\/wp-json\/wp\/v2\/media?parent=1276"}],"wp:term":[{"taxonomy":"product_brand","embeddable":true,"href":"https:\/\/displayproducts.eu\/pl\/wp-json\/wp\/v2\/product_brand?post=1276"},{"taxonomy":"product_cat","embeddable":true,"href":"https:\/\/displayproducts.eu\/pl\/wp-json\/wp\/v2\/product_cat?post=1276"},{"taxonomy":"product_tag","embeddable":true,"href":"https:\/\/displayproducts.eu\/pl\/wp-json\/wp\/v2\/product_tag?post=1276"}],"curies":[{"name":"wp","href":"https:\/\/api.w.org\/{rel}","templated":true}]}}