{"id":1275,"date":"2024-10-27T11:53:51","date_gmt":"2024-10-27T08:53:51","guid":{"rendered":"https:\/\/wristbandfactory.eu\/toode\/reflective-lanyards\/"},"modified":"2026-04-01T21:52:36","modified_gmt":"2026-04-01T18:52:36","slug":"printed-reflective-lanyards","status":"publish","type":"product","link":"https:\/\/displayproducts.eu\/pl\/p\/printed-reflective-lanyards\/","title":{"rendered":"Drukowane odblaskowe smycze"},"content":{"rendered":"<div class=\"mx-12 md:mx-24 lg:mx-48\">\n<div class=\"container my-8 svelte-zlsknf\">\n<div class=\"my-24 rounded-lg border-0 border-gray-700 bg-gray-100 px-16 py-24\">\n<div class=\"mt-11 !text-gray-500\">\n<p>Zmaksymalizuj bezpiecze\u0144stwo i widoczno\u015b\u0107 swojego zespo\u0142u dzi\u0119ki naszym <b>Drukowane odblaskowe smycze<\/b>. Produkt ten jest niezb\u0119dnym narz\u0119dziem dla ka\u017cdej organizacji, w kt\u00f3rej wymagana jest du\u017ca widoczno\u015b\u0107 personelu, np. podczas wieczornych imprez, na placach budowy lub w logistyce.<\/p>\n<p>Ta 90-centymetrowa smycz wykonana jest z trwa\u0142ej ta\u015bmy poliestrowej, kt\u00f3ra jest nast\u0119pnie pokryta <b>szara odblaskowa nak\u0142adka<\/b>. Ta pe\u0142na pow\u0142oka zapewnia maksymaln\u0105 powierzchni\u0119 do \u0142apania \u015bwiat\u0142a w ciemno\u015bci, dzi\u0119ki czemu u\u017cytkownik jest bardzo widoczny.<\/p>\n<p>Logo Twojej organizacji jest nast\u0119pnie nadrukowywane bezpo\u015brednio na odblaskowej powierzchni w kolorach dopasowanych do wzornika Pantone. Dzi\u0119ki temu Twoja marka jest czytelna i profesjonalna, a jednocze\u015bnie zachowuje podstawow\u0105 funkcj\u0119 bezpiecze\u0144stwa smyczy. Ka\u017cda smycz jest standardowo wyposa\u017cona w metalowy karabi\u0144czyk do bezpiecznego mocowania identyfikator\u00f3w lub kart dost\u0119pu.<\/p>\n<p><b>G\u0142\u00f3wne cechy:<\/b><\/p>\n<ul>\n<li><b>Pe\u0142na pow\u0142oka odblaskowa:<\/b> Posiada szar\u0105, odblaskow\u0105 pow\u0142ok\u0119 zapewniaj\u0105c\u0105 widoczno\u015b\u0107 360 stopni w warunkach s\u0142abego o\u015bwietlenia.<\/li>\n<li><b>Niestandardowy druk jednostronny:<\/b> Twoje logo zostanie nadrukowane bezpo\u015brednio na odblaskowej powierzchni z zachowaniem dopasowania kolor\u00f3w Pantone.<\/li>\n<li><b>Trwa\u0142a podstawa poliestrowa:<\/b> Ta\u015bma poliestrowa o d\u0142ugo\u015bci 90 cm stanowi mocn\u0105 i wygodn\u0105 podstaw\u0119.<\/li>\n<li><b>Zwi\u0119kszone bezpiecze\u0144stwo:<\/b> Doskonale nadaje si\u0119 dla pracownik\u00f3w, na imprezy wieczorne i do wszelkich zastosowa\u0144 wymagaj\u0105cych dobrej widoczno\u015bci.<\/li>\n<li><b>Standardowy karabi\u0144czyk metalowy:<\/b> Zawiera bezpieczny metalowy karabi\u0144czyk (dost\u0119pne s\u0105 r\u00f3wnie\u017c inne opcje klips\u00f3w).<\/li>\n<\/ul>\n<p>&nbsp;<\/p>\n<\/div>\n<\/div>\n<\/div>\n<\/div>","protected":false},"excerpt":{"rendered":"<ul>\n<li>Posiada odblaskow\u0105 pow\u0142ok\u0119 na ca\u0142ej szeroko\u015bci, zapewniaj\u0105c\u0105 maksymaln\u0105 widoczno\u015b\u0107.<\/li>\n<li>Z nadrukiem jednostronnym z Twoim logo dopasowanym do wzornika Pantone.<\/li>\n<li>Doskonale nadaje si\u0119 dla personelu eventowego, pracownik\u00f3w budowlanych lub program\u00f3w bezpiecze\u0144stwa korporacyjnego.<\/li>\n<li>Wytrzyma\u0142y pasek poliestrowy o d\u0142ugo\u015bci 90 cm z metalowym karabi\u0144czykiem.<\/li>\n<\/ul>","protected":false},"featured_media":6750,"comment_status":"closed","ping_status":"closed","template":"","meta":[],"product_brand":[],"product_cat":[43,109],"product_tag":[],"class_list":{"0":"post-1275","1":"product","2":"type-product","3":"status-publish","4":"has-post-thumbnail","6":"product_cat-lanyards","7":"product_cat-reflective-lanyards","9":"first","10":"instock","11":"shipping-taxable","12":"purchasable","13":"product-type-simple"},"_links":{"self":[{"href":"https:\/\/displayproducts.eu\/pl\/wp-json\/wp\/v2\/product\/1275","targetHints":{"allow":["GET"]}}],"collection":[{"href":"https:\/\/displayproducts.eu\/pl\/wp-json\/wp\/v2\/product"}],"about":[{"href":"https:\/\/displayproducts.eu\/pl\/wp-json\/wp\/v2\/types\/product"}],"replies":[{"embeddable":true,"href":"https:\/\/displayproducts.eu\/pl\/wp-json\/wp\/v2\/comments?post=1275"}],"wp:featuredmedia":[{"embeddable":true,"href":"https:\/\/displayproducts.eu\/pl\/wp-json\/wp\/v2\/media\/6750"}],"wp:attachment":[{"href":"https:\/\/displayproducts.eu\/pl\/wp-json\/wp\/v2\/media?parent=1275"}],"wp:term":[{"taxonomy":"product_brand","embeddable":true,"href":"https:\/\/displayproducts.eu\/pl\/wp-json\/wp\/v2\/product_brand?post=1275"},{"taxonomy":"product_cat","embeddable":true,"href":"https:\/\/displayproducts.eu\/pl\/wp-json\/wp\/v2\/product_cat?post=1275"},{"taxonomy":"product_tag","embeddable":true,"href":"https:\/\/displayproducts.eu\/pl\/wp-json\/wp\/v2\/product_tag?post=1275"}],"curies":[{"name":"wp","href":"https:\/\/api.w.org\/{rel}","templated":true}]}}