{"id":1272,"date":"2024-10-27T11:53:51","date_gmt":"2024-10-27T08:53:51","guid":{"rendered":"https:\/\/wristbandfactory.eu\/toode\/flat-polyester-lanyards-with-metal-bottle-opener\/"},"modified":"2026-04-01T21:52:04","modified_gmt":"2026-04-01T18:52:04","slug":"polyester-lanyards-with-bottle-opener","status":"publish","type":"product","link":"https:\/\/displayproducts.eu\/pl\/p\/polyester-lanyards-with-bottle-opener\/","title":{"rendered":"Smycze poliestrowe z otwieraczem do butelek"},"content":{"rendered":"<div class=\"mx-12 md:mx-24 lg:mx-48\">\n<div class=\"container my-8 svelte-zlsknf\">\n<div class=\"my-24 rounded-lg border-0 border-gray-700 bg-gray-100 px-16 py-24\">\n<div class=\"mt-11 !text-gray-500\">\n<p>Po\u0142\u0105cz widoczno\u015b\u0107 marki z praktyczn\u0105 u\u017cyteczno\u015bci\u0105 dzi\u0119ki naszym poliestrowym smyczom z wbudowanym otwieraczem do butelek. Ta wielofunkcyjna smycz to doskona\u0142e narz\u0119dzie promocyjne na festiwalach, imprezach gastronomicznych, targach i imprezach firmowych, gwarantuj\u0105c, \u017ce Twoja marka pozostanie w zasi\u0119gu r\u0119ki.<\/p>\n<p>Wykonana z wytrzyma\u0142ego poliestru o szeroko\u015bci 90 cm, wst\u0105\u017cka zapewnia du\u017c\u0105, g\u0142adk\u0105 powierzchni\u0119 dla Twojego logo. Mo\u017cemy wydrukowa\u0107 Tw\u00f3j projekt z precyzyjnym dopasowaniem kolor\u00f3w Pantone po jednej lub dw\u00f3ch stronach.<\/p>\n<p>Ta smycz zosta\u0142a zaprojektowana z my\u015bl\u0105 o maksymalnej funkcjonalno\u015bci. Zawiera solidny metalowy otwieracz do butelek oraz oddzielny metalowy karabi\u0144czyk, dzi\u0119ki czemu uczestnicy mog\u0105 eksponowa\u0107 sw\u00f3j identyfikator, maj\u0105c jednocze\u015bnie pod r\u0119k\u0105 praktyczne narz\u0119dzie. To sprawia, \u017ce jest to niezapomniany i skuteczny upominek, kt\u00f3ry klienci i uczestnicy zachowaj\u0105 i b\u0119d\u0105 z niego korzysta\u0107.<\/p>\n<p><b>G\u0142\u00f3wne cechy:<\/b><\/p>\n<ul>\n<li><b>Zintegrowany otwieracz do butelek:<\/b> Posiada trwa\u0142y, wbudowany metalowy otwieracz do butelek, dzi\u0119ki czemu jest niezwykle u\u017cytecznym gad\u017cetem promocyjnym.<\/li>\n<li><b>Podw\u00f3jne mocowania:<\/b> W zestawie znajduje si\u0119 otwieracz do butelek i metalowy karabi\u0144czyk, dzi\u0119ki czemu mo\u017cna go jednocze\u015bnie u\u017cywa\u0107 jako etui na dow\u00f3d osobisty.<\/li>\n<li><b>Niestandardowy pasek poliestrowy:<\/b> Wytrzyma\u0142y pasek o d\u0142ugo\u015bci 90 cm, zadrukowany na zapytanie ofertowe Twoim logo w kolorze Pantone.<\/li>\n<li><b>Drukowanie jedno- lub dwustronne:<\/b> Wybierz druk jedno- lub dwustronny, aby zapewni\u0107 maksymaln\u0105 widoczno\u015b\u0107 marki.<\/li>\n<li><b>Idealny upominek na wydarzenie:<\/b> Bardzo praktyczny i niezapomniany gad\u017cet na festiwale, targi i imprezy firmowe.<\/li>\n<\/ul>\n<\/div>\n<\/div>\n<\/div>\n<\/div>","protected":false},"excerpt":{"rendered":"<ul>\n<li>Posiada funkcjonalny, zintegrowany metalowy otwieracz do butelek o wysokiej u\u017cyteczno\u015bci.<\/li>\n<li>Wytrzyma\u0142y pasek poliestrowy o d\u0142ugo\u015bci 90 cm, z nadrukowanym Twoim logo.<\/li>\n<li>Mo\u017cliwo\u015b\u0107 nadruku logo zgodnego ze standardem Pantone z jednej lub dw\u00f3ch stron.<\/li>\n<li>Zawiera oddzielny metalowy karabi\u0144czyk na identyfikatory lub klucze.<\/li>\n<\/ul>","protected":false},"featured_media":6724,"comment_status":"closed","ping_status":"closed","template":"","meta":[],"product_brand":[],"product_cat":[43,108],"product_tag":[],"class_list":{"0":"post-1272","1":"product","2":"type-product","3":"status-publish","4":"has-post-thumbnail","6":"product_cat-lanyards","7":"product_cat-multifunctional-lanyards","9":"first","10":"instock","11":"shipping-taxable","12":"purchasable","13":"product-type-simple"},"_links":{"self":[{"href":"https:\/\/displayproducts.eu\/pl\/wp-json\/wp\/v2\/product\/1272","targetHints":{"allow":["GET"]}}],"collection":[{"href":"https:\/\/displayproducts.eu\/pl\/wp-json\/wp\/v2\/product"}],"about":[{"href":"https:\/\/displayproducts.eu\/pl\/wp-json\/wp\/v2\/types\/product"}],"replies":[{"embeddable":true,"href":"https:\/\/displayproducts.eu\/pl\/wp-json\/wp\/v2\/comments?post=1272"}],"wp:featuredmedia":[{"embeddable":true,"href":"https:\/\/displayproducts.eu\/pl\/wp-json\/wp\/v2\/media\/6724"}],"wp:attachment":[{"href":"https:\/\/displayproducts.eu\/pl\/wp-json\/wp\/v2\/media?parent=1272"}],"wp:term":[{"taxonomy":"product_brand","embeddable":true,"href":"https:\/\/displayproducts.eu\/pl\/wp-json\/wp\/v2\/product_brand?post=1272"},{"taxonomy":"product_cat","embeddable":true,"href":"https:\/\/displayproducts.eu\/pl\/wp-json\/wp\/v2\/product_cat?post=1272"},{"taxonomy":"product_tag","embeddable":true,"href":"https:\/\/displayproducts.eu\/pl\/wp-json\/wp\/v2\/product_tag?post=1272"}],"curies":[{"name":"wp","href":"https:\/\/api.w.org\/{rel}","templated":true}]}}