{"id":1271,"date":"2024-10-27T11:53:52","date_gmt":"2024-10-27T08:53:52","guid":{"rendered":"https:\/\/wristbandfactory.eu\/toode\/fine-polyester-lanyards-with-metallic-foil-stamped-design\/"},"modified":"2026-04-01T21:52:36","modified_gmt":"2026-04-01T18:52:36","slug":"metallic-foil-printed-lanyards-premium-vip-branding","status":"publish","type":"product","link":"https:\/\/displayproducts.eu\/pl\/p\/metallic-foil-printed-lanyards-premium-vip-branding\/","title":{"rendered":"Smycze z nadrukiem metalizowanym (z\u0142ocenie\/srebrzenie)"},"content":{"rendered":"<div class=\"mx-12 md:mx-24 lg:mx-48\">\n<div class=\"container my-8 svelte-zlsknf\">\n<div class=\"my-24 rounded-lg border-0 border-gray-700 bg-gray-100 px-16 py-24\">\n<div class=\"mt-11 !text-gray-500\">\n<p data-path-to-node=\"11\">Podnie\u015b poziom rozpoznawalno\u015bci swojej marki i wyr\u00f3\u017cnij swoich najwa\u017cniejszych go\u015bci dzi\u0119ki naszym <b>Smycze z nadrukiem z folii metalicznej<\/b>. Zaprojektowane specjalnie na potrzeby presti\u017cowych wydarze\u0144, ceremonii wr\u0119czenia nagr\u00f3d i kontroli dost\u0119pu VIP, te smycze oferuj\u0105 poziom wyrafinowania, kt\u00f3rego nie mo\u017ce osi\u0105gn\u0105\u0107 standardowy sitodruk.<\/p>\n<p data-path-to-node=\"12\">Cech\u0105 charakterystyczn\u0105 tego produktu jest <b>proces t\u0142oczenia foli\u0105 metaliczn\u0105<\/b>. Zamiast tradycyjnego tuszu, nanosimy Twoje logo bezpo\u015brednio na wst\u0105\u017ck\u0119, stosuj\u0105c technik\u0119 hot-press z wykorzystaniem \u017cywych, metalicznych folii (najcz\u0119\u015bciej z\u0142otych lub srebrnych). Tworzy to wyraziste, wysoce odblaskowe wyko\u0144czenie, kt\u00f3re mieni si\u0119 w \u015bwietle imprezy, natychmiast przyci\u0105gaj\u0105c uwag\u0119 do Twojej marki. To idealne rozwi\u0105zanie do kategoryzacji. <b>Go\u015bcie VIP, sponsorzy i personel wydarzenia<\/b> kt\u00f3rzy chc\u0105 si\u0119 wyr\u00f3\u017cni\u0107 z t\u0142umu.<\/p>\n<p data-path-to-node=\"13\">Wykonane z <b>wysokiej jako\u015bci delikatny poliester<\/b>, Pasek na smycz jest wyj\u0105tkowo g\u0142adki i mi\u0119kki, zapewniaj\u0105c komfort noszenia przez ca\u0142y dzie\u0144 w formalnych strojach. Ka\u017cdy egzemplarz jest standardowo wyposa\u017cony w niezawodny <b>metalowy karabi\u0144czyk<\/b>, wzmacniaj\u0105c ekskluzywny wygl\u0105d i wra\u017cenie. Dla organizator\u00f3w poszukuj\u0105cych prawdziwie \u201cluksusowego\u201d rozwi\u0105zania identyfikacyjnego, to jest to ostateczny wyb\u00f3r.<\/p>\n<p data-path-to-node=\"14\"><b>G\u0142\u00f3wne cechy:<\/b><\/p>\n<ul data-path-to-node=\"15\">\n<li>\n<p data-path-to-node=\"15,0,0\"><b>Metoda drukowania:<\/b> Wysokiej jako\u015bci t\u0142oczenie foli\u0105 metaliczn\u0105 pozwala uzyska\u0107 b\u0142yszcz\u0105ce, odblaskowe i eleganckie wyko\u0144czenie logo.<\/p>\n<\/li>\n<li>\n<p data-path-to-node=\"15,1,0\"><b>Tworzywo:<\/b> Drobno tkany, g\u0142adki poliester zapewnia znacznie lepsze wra\u017cenia dotykowe w por\u00f3wnaniu do standardowych, pr\u0105\u017ckowanych smyczy.<\/p>\n<\/li>\n<li>\n<p data-path-to-node=\"15,2,0\"><b>Grupa docelowa:<\/b> Idealne dla VIP-\u00f3w, kadry kierowniczej, sponsor\u00f3w wysokiego szczebla i wieczornych gal.<\/p>\n<\/li>\n<li>\n<p data-path-to-node=\"15,3,0\"><b>Efekt wizualny:<\/b> Odblaskowy nadruk gwarantuje widoczno\u015b\u0107 logo i jego przyci\u0105ganie uwagi nawet w miejscach o s\u0142abym o\u015bwietleniu.<\/p>\n<\/li>\n<\/ul>\n<\/div>\n<\/div>\n<\/div>\n<\/div>","protected":false},"excerpt":{"rendered":"<ul>\n<li>\n<p data-path-to-node=\"9,0,0\"><b>Ekskluzywne wyko\u0144czenie:<\/b> Wysokiej jako\u015bci t\u0142oczenie foli\u0105 metaliczn\u0105 (z\u0142ot\u0105, srebrn\u0105 itp.) tworzy niesamowity efekt odblaskowego logo.<\/p>\n<\/li>\n<li>\n<p data-path-to-node=\"9,1,0\"><b>Apel VIP:<\/b> Idealny wyb\u00f3r dla sponsor\u00f3w, prelegent\u00f3w i go\u015bci VIP, kt\u00f3rzy wymagaj\u0105 wyra\u017anej identyfikacji.<\/p>\n<\/li>\n<li>\n<p data-path-to-node=\"9,2,0\"><b>Materia\u0142 premium:<\/b> Wykonany z g\u0142adkiego, drobno tkanego poliestru, kt\u00f3ry jest luksusowy i przyjemny dla sk\u00f3ry.<\/p>\n<\/li>\n<li>\n<p data-path-to-node=\"9,3,0\"><b>Wysoka widoczno\u015b\u0107:<\/b> L\u015bni\u0105cy nadruk odbija \u015bwiat\u0142o, dzi\u0119ki czemu Twoja marka b\u0119dzie wyr\u00f3\u017cnia\u0107 si\u0119 w ka\u017cdych warunkach o\u015bwietleniowych.<\/p>\n<\/li>\n<li><\/li>\n<\/ul>","protected":false},"featured_media":6716,"comment_status":"closed","ping_status":"closed","template":"","meta":[],"product_brand":[],"product_cat":[43,104],"product_tag":[],"class_list":{"0":"post-1271","1":"product","2":"type-product","3":"status-publish","4":"has-post-thumbnail","6":"product_cat-lanyards","7":"product_cat-custom-printed-lanyards","9":"first","10":"instock","11":"shipping-taxable","12":"purchasable","13":"product-type-simple"},"_links":{"self":[{"href":"https:\/\/displayproducts.eu\/pl\/wp-json\/wp\/v2\/product\/1271","targetHints":{"allow":["GET"]}}],"collection":[{"href":"https:\/\/displayproducts.eu\/pl\/wp-json\/wp\/v2\/product"}],"about":[{"href":"https:\/\/displayproducts.eu\/pl\/wp-json\/wp\/v2\/types\/product"}],"replies":[{"embeddable":true,"href":"https:\/\/displayproducts.eu\/pl\/wp-json\/wp\/v2\/comments?post=1271"}],"wp:featuredmedia":[{"embeddable":true,"href":"https:\/\/displayproducts.eu\/pl\/wp-json\/wp\/v2\/media\/6716"}],"wp:attachment":[{"href":"https:\/\/displayproducts.eu\/pl\/wp-json\/wp\/v2\/media?parent=1271"}],"wp:term":[{"taxonomy":"product_brand","embeddable":true,"href":"https:\/\/displayproducts.eu\/pl\/wp-json\/wp\/v2\/product_brand?post=1271"},{"taxonomy":"product_cat","embeddable":true,"href":"https:\/\/displayproducts.eu\/pl\/wp-json\/wp\/v2\/product_cat?post=1271"},{"taxonomy":"product_tag","embeddable":true,"href":"https:\/\/displayproducts.eu\/pl\/wp-json\/wp\/v2\/product_tag?post=1271"}],"curies":[{"name":"wp","href":"https:\/\/api.w.org\/{rel}","templated":true}]}}