{"id":1268,"date":"2024-10-27T11:53:52","date_gmt":"2024-10-27T08:53:52","guid":{"rendered":"https:\/\/wristbandfactory.eu\/toode\/lanyards-with-reflective-threads\/"},"modified":"2026-04-01T21:52:36","modified_gmt":"2026-04-01T18:52:36","slug":"lanyards-with-reflective-threads","status":"publish","type":"product","link":"https:\/\/displayproducts.eu\/pl\/p\/lanyards-with-reflective-threads\/","title":{"rendered":"Smycze z odblaskowymi nitkami"},"content":{"rendered":"<div class=\"mx-12 md:mx-24 lg:mx-48\">\n<div class=\"container my-8 svelte-zlsknf\">\n<div class=\"my-24 rounded-lg border-0 border-gray-700 bg-gray-100 px-16 py-24\">\n<div class=\"mt-11 !text-gray-500\">\n<p>Zwi\u0119ksz bezpiecze\u0144stwo i widoczno\u015b\u0107 swojego zespo\u0142u podczas wieczornych wydarze\u0144, w miejscach pracy lub na imprezach firmowych dzi\u0119ki naszym <b>Smycze z odblaskowymi nitkami<\/b>. Ta smycz zosta\u0142a zaprojektowana z my\u015bl\u0105 o po\u0142\u0105czeniu efektownego brandingu z kluczowym elementem bezpiecze\u0144stwa.<\/p>\n<p>Ka\u017cda smycz o d\u0142ugo\u015bci 90 cm jest wykonana z wytrzyma\u0142ego poliestru. W przeciwie\u0144stwie do smyczy w pe\u0142ni odblaskowych, ten model charakteryzuje si\u0119 <b>odblaskowe nici wplecione bezpo\u015brednio w materia\u0142 wst\u0105\u017cki<\/b>. Nici te odbijaj\u0105 \u015bwiat\u0142o w ciemno\u015bci lub przy s\u0142abym o\u015bwietleniu, dzi\u0119ki czemu u\u017cytkownik jest znacznie bardziej widoczny, nie rezygnuj\u0105c przy tym z wygody noszenia smyczy ani z jej profesjonalnego wygl\u0105du.<\/p>\n<p>Pasek poliestrowy zapewnia doskona\u0142\u0105 powierzchni\u0119 do brandingu. Mo\u017cemy nadrukowa\u0107 logo lub napis na zapytanie ofertowe z jednej lub dw\u00f3ch stron, precyzyjnie dopasowuj\u0105c kolory Pantone. Ka\u017cda smycz jest standardowo wyposa\u017cona w niezawodny metalowy karabi\u0144czyk, dzi\u0119ki czemu stanowi funkcjonalne rozwi\u0105zanie do mocowania identyfikator\u00f3w, kluczy lub kart dost\u0119pu.<\/p>\n<p><b>G\u0142\u00f3wne cechy:<\/b><\/p>\n<ul>\n<li><b>Wplecione nici odblaskowe:<\/b> Posiada nici wplecione bezpo\u015brednio w poliester, co zapewnia doskona\u0142\u0105 widoczno\u015b\u0107 przy s\u0142abym o\u015bwietleniu.<\/li>\n<li><b>Niestandardowy nadruk Pantone:<\/b> Twoje logo zostanie nadrukowane jedno- lub dwustronnie z zachowaniem precyzyjnego dopasowania kolor\u00f3w Pantone.<\/li>\n<li><b>Wytrzyma\u0142y pasek poliestrowy:<\/b> Pasek o d\u0142ugo\u015bci 90 cm jest wygodny i przeznaczony do codziennego u\u017cytku w firmach lub na eventach.<\/li>\n<li><b>Zwi\u0119kszone bezpiecze\u0144stwo:<\/b> Doskonale nadaje si\u0119 dla pracownik\u00f3w, na imprezy wieczorne i w innych miejscach, w kt\u00f3rych priorytetem jest wysoka widoczno\u015b\u0107.<\/li>\n<li><b>Standardowy karabi\u0144czyk metalowy:<\/b> W zestawie znajduje si\u0119 bezpieczny metalowy karabi\u0144czyk. Dost\u0119pne s\u0105 r\u00f3wnie\u017c inne opcje klips\u00f3w.<\/li>\n<\/ul>\n<\/div>\n<\/div>\n<\/div>\n<\/div>","protected":false},"excerpt":{"rendered":"<ul>\n<li>Posiada odblaskowe nici o wysokiej widoczno\u015bci wplecione bezpo\u015brednio w pasek poliestrowy.<\/li>\n<li>Idealne dla zwi\u0119kszenia bezpiecze\u0144stwa personelu i uczestnik\u00f3w wieczornych wydarze\u0144.<\/li>\n<li>Nadrukuj logo w kolorze Pantone na jednej lub dw\u00f3ch stronach.<\/li>\n<li>Wytrzyma\u0142y pasek o d\u0142ugo\u015bci 90 cm ze standardowym metalowym karabi\u0144czykiem.<\/li>\n<\/ul>","protected":false},"featured_media":6719,"comment_status":"closed","ping_status":"closed","template":"","meta":[],"product_brand":[],"product_cat":[43,109],"product_tag":[],"class_list":{"0":"post-1268","1":"product","2":"type-product","3":"status-publish","4":"has-post-thumbnail","6":"product_cat-lanyards","7":"product_cat-reflective-lanyards","9":"first","10":"instock","11":"shipping-taxable","12":"purchasable","13":"product-type-simple"},"_links":{"self":[{"href":"https:\/\/displayproducts.eu\/pl\/wp-json\/wp\/v2\/product\/1268","targetHints":{"allow":["GET"]}}],"collection":[{"href":"https:\/\/displayproducts.eu\/pl\/wp-json\/wp\/v2\/product"}],"about":[{"href":"https:\/\/displayproducts.eu\/pl\/wp-json\/wp\/v2\/types\/product"}],"replies":[{"embeddable":true,"href":"https:\/\/displayproducts.eu\/pl\/wp-json\/wp\/v2\/comments?post=1268"}],"wp:featuredmedia":[{"embeddable":true,"href":"https:\/\/displayproducts.eu\/pl\/wp-json\/wp\/v2\/media\/6719"}],"wp:attachment":[{"href":"https:\/\/displayproducts.eu\/pl\/wp-json\/wp\/v2\/media?parent=1268"}],"wp:term":[{"taxonomy":"product_brand","embeddable":true,"href":"https:\/\/displayproducts.eu\/pl\/wp-json\/wp\/v2\/product_brand?post=1268"},{"taxonomy":"product_cat","embeddable":true,"href":"https:\/\/displayproducts.eu\/pl\/wp-json\/wp\/v2\/product_cat?post=1268"},{"taxonomy":"product_tag","embeddable":true,"href":"https:\/\/displayproducts.eu\/pl\/wp-json\/wp\/v2\/product_tag?post=1268"}],"curies":[{"name":"wp","href":"https:\/\/api.w.org\/{rel}","templated":true}]}}