{"id":1267,"date":"2024-10-27T11:53:52","date_gmt":"2024-10-27T08:53:52","guid":{"rendered":"https:\/\/wristbandfactory.eu\/toode\/bamboo-lanyards\/"},"modified":"2026-04-01T21:52:36","modified_gmt":"2026-04-01T18:52:36","slug":"printed-bamboo-lanyards","status":"publish","type":"product","link":"https:\/\/displayproducts.eu\/pl\/p\/printed-bamboo-lanyards\/","title":{"rendered":"Smycze bambusowe z nadrukiem (Eko)"},"content":{"rendered":"<div class=\"mx-12 md:mx-24 lg:mx-48\">\n<div class=\"container my-8 svelte-zlsknf\">\n<div class=\"my-24 rounded-lg border-0 border-gray-700 bg-gray-100 px-16 py-24\">\n<div class=\"mt-11 !text-gray-500\">\n<p data-path-to-node=\"11\">Dokonaj ostatecznego, zr\u00f3wnowa\u017conego wyboru na swoje nast\u0119pne wydarzenie lub spotkanie firmowe dzi\u0119ki naszym <b>Drukowane smycze bambusowe<\/b>. W miar\u0119 jak organizacje coraz cz\u0119\u015bciej przechodz\u0105 na rozwi\u0105zania wolne od plastiku, bambus wyr\u00f3\u017cnia si\u0119 nie tylko ze wzgl\u0119du na swoje w\u0142a\u015bciwo\u015bci ekologiczne, ale r\u00f3wnie\u017c wy\u017csz\u0105 jako\u015b\u0107 i faktur\u0119.<\/p>\n<p data-path-to-node=\"12\">Wykonane z naturalnych, biodegradowalnych w\u0142\u00f3kien bambusowych, te smycze oferuj\u0105 wyj\u0105tkowe wra\u017cenia dotykowe. W przeciwie\u0144stwie do niekt\u00f3rych materia\u0142\u00f3w pochodz\u0105cych z recyklingu, kt\u00f3re mog\u0105 wydawa\u0107 si\u0119 szorstkie, bambus jest naturalnie g\u0142adki, oddychaj\u0105cy i antybakteryjny, co czyni go najwygodniejsz\u0105 opcj\u0105 dla personelu i uczestnik\u00f3w, kt\u00f3rzy nosz\u0105 identyfikatory przez ca\u0142y dzie\u0144. Zapewnia on charakterystyczny, \u201cekologiczny\u201d wygl\u0105d premium, kt\u00f3ry wzmacnia wizerunek Twojej marki.<\/p>\n<p data-path-to-node=\"13\">Oferujemy <b>niestandardowy sitodruk<\/b> na powierzchni bambusa, co pozwala na ostre i wyra\u017ane odwzorowanie logo dok\u0142adnie w Twoim miejscu <b>Kolory marki Pantone<\/b>. Niezale\u017cnie od tego, czy potrzebujesz jednostronnego brandingu, czy dwustronnej widoczno\u015bci, rezultatem jest profesjonalne wyko\u0144czenie na naturalnym pod\u0142o\u017cu. Przy d\u0142ugo\u015bci oko\u0142o 90 cm, spe\u0142niaj\u0105 one bran\u017cowe standardy profesjonalnego u\u017cytku.<\/p>\n<p data-path-to-node=\"14\">Dostosuj swoje zapytanie ofertowe tak, aby spe\u0142nia\u0142o wymagania bezpiecze\u0144stwa i funkcjonalno\u015bci: przy jednoczesnym zachowaniu solidno\u015bci <b>metalowy karabi\u0144czyk<\/b> jest standardem, mo\u017cemy wyposa\u017cy\u0107 te smycze w <b>klipsy zabezpieczaj\u0105ce<\/b> (niezb\u0119dne dla szk\u00f3\u0142 i szpitali) lub inne specjalistyczne akcesoria na \u017cyczenie.<\/p>\n<p data-path-to-node=\"15\"><b>G\u0142\u00f3wne cechy:<\/b><\/p>\n<ul data-path-to-node=\"16\">\n<li>\n<p data-path-to-node=\"16,0,0\"><b>Tworzywo:<\/b> 100% Zr\u00f3wnowa\u017cone w\u0142\u00f3kno bambusowe (biodegradowalne).<\/p>\n<\/li>\n<li>\n<p data-path-to-node=\"16,1,0\"><b>Wra\u017cenia dotykowe:<\/b> Wyj\u0105tkowo mi\u0119kkie, g\u0142adkie i hipoalergiczne.<\/p>\n<\/li>\n<li>\n<p data-path-to-node=\"16,2,0\"><b>Druk:<\/b> Nadruk sitodrukowy z dopasowaniem kolor\u00f3w Pantone.<\/p>\n<\/li>\n<li>\n<p data-path-to-node=\"16,3,0\"><b>Eko-po\u015bwiadczenie:<\/b> Pochodzi ze \u017ar\u00f3d\u0142a szybko odnawialnego i wolnego od pestycyd\u00f3w.<\/p>\n<\/li>\n<li>\n<p data-path-to-node=\"16,4,0\"><b>Sprz\u0119t komputerowy:<\/b> W zestawie solidny karabi\u0144czyk metalowy. Opcjonalnie dost\u0119pny jest roz\u0142\u0105czany zamek bezpiecze\u0144stwa.<\/p>\n<\/li>\n<li>\n<p data-path-to-node=\"16,5,0\"><b>Trwa\u0142o\u015b\u0107:<\/b> Wytrzyma\u0142e w\u0142\u00f3kna naturalne s\u0105 odporne na zu\u017cycie i rozdarcie podczas wielodniowych wydarze\u0144.<\/p>\n<\/li>\n<\/ul>\n<\/div>\n<\/div>\n<\/div>\n<\/div>","protected":false},"excerpt":{"rendered":"<ul>\n<li>\n<p data-path-to-node=\"9,0,0\"><b>Szybko odnawialne:<\/b> Wykonane z w\u0142\u00f3kien bambusa, jednej z najszybciej rosn\u0105cych ro\u015blin na Ziemi, charakteryzuj\u0105cej si\u0119 niskim \u015bladem w\u0119glowym.<\/p>\n<\/li>\n<li>\n<p data-path-to-node=\"9,1,0\"><b>Najwy\u017csza mi\u0119kko\u015b\u0107:<\/b> Tkanina bambusowa jest naturalnie hipoalergiczna i g\u0142adsza ni\u017c bawe\u0142na lub poliester, zapewniaj\u0105c maksymalny komfort.<\/p>\n<\/li>\n<li>\n<p data-path-to-node=\"9,2,0\"><b>Branding niestandardowy:<\/b> Twoje logo zostanie naniesione metod\u0105 sitodruku w precyzyjnych kolorach dopasowanych do wzornika Pantone, po jednej lub dw\u00f3ch stronach.<\/p>\n<\/li>\n<li>\n<p data-path-to-node=\"9,3,0\"><b>Wszechstronny sprz\u0119t:<\/b> W standardzie znajduje si\u0119 metalowy karabi\u0144czyk. Opcjonalnie mo\u017cna zamontowa\u0107 zabezpieczaj\u0105ce klipsy.<\/p>\n<\/li>\n<\/ul>","protected":false},"featured_media":6725,"comment_status":"closed","ping_status":"closed","template":"","meta":[],"product_brand":[],"product_cat":[104,106,107],"product_tag":[],"class_list":{"0":"post-1267","1":"product","2":"type-product","3":"status-publish","4":"has-post-thumbnail","6":"product_cat-custom-printed-lanyards","7":"product_cat-breakaway-lanyards","8":"product_cat-eco-friendly-lanyards","10":"first","11":"instock","12":"shipping-taxable","13":"purchasable","14":"product-type-simple"},"_links":{"self":[{"href":"https:\/\/displayproducts.eu\/pl\/wp-json\/wp\/v2\/product\/1267","targetHints":{"allow":["GET"]}}],"collection":[{"href":"https:\/\/displayproducts.eu\/pl\/wp-json\/wp\/v2\/product"}],"about":[{"href":"https:\/\/displayproducts.eu\/pl\/wp-json\/wp\/v2\/types\/product"}],"replies":[{"embeddable":true,"href":"https:\/\/displayproducts.eu\/pl\/wp-json\/wp\/v2\/comments?post=1267"}],"wp:featuredmedia":[{"embeddable":true,"href":"https:\/\/displayproducts.eu\/pl\/wp-json\/wp\/v2\/media\/6725"}],"wp:attachment":[{"href":"https:\/\/displayproducts.eu\/pl\/wp-json\/wp\/v2\/media?parent=1267"}],"wp:term":[{"taxonomy":"product_brand","embeddable":true,"href":"https:\/\/displayproducts.eu\/pl\/wp-json\/wp\/v2\/product_brand?post=1267"},{"taxonomy":"product_cat","embeddable":true,"href":"https:\/\/displayproducts.eu\/pl\/wp-json\/wp\/v2\/product_cat?post=1267"},{"taxonomy":"product_tag","embeddable":true,"href":"https:\/\/displayproducts.eu\/pl\/wp-json\/wp\/v2\/product_tag?post=1267"}],"curies":[{"name":"wp","href":"https:\/\/api.w.org\/{rel}","templated":true}]}}