{"id":1264,"date":"2024-10-27T11:53:52","date_gmt":"2024-10-27T08:53:52","guid":{"rendered":"https:\/\/wristbandfactory.eu\/toode\/satin-lanyards-with-1-sided-sublimated-logo-design\/"},"modified":"2026-04-01T21:52:36","modified_gmt":"2026-04-01T18:52:36","slug":"sublimation-satin-lanyards","status":"publish","type":"product","link":"https:\/\/displayproducts.eu\/pl\/p\/sublimation-satin-lanyards\/","title":{"rendered":"Smycze satynowe sublimacyjne (Full Color)"},"content":{"rendered":"<p data-path-to-node=\"11\">Zaprezentuj swoj\u0105 mark\u0119 w nieograniczonej liczbie kolor\u00f3w i fotorealistycznych szczeg\u00f3\u0142ach dzi\u0119ki naszemu <b>Smycze satynowe do sublimacji<\/b>. Ten produkt \u0142\u0105czy luksus z technologi\u0105, oferuj\u0105c idealny wyb\u00f3r dla organizacji ze z\u0142o\u017conymi logotypami, \u017cywymi gradientami lub szczeg\u00f3\u0142owymi obrazami, kt\u00f3re wymagaj\u0105 prezentacji na najwy\u017cszym poziomie.<\/p>\n<p data-path-to-node=\"12\">Wykonane z wysokiej jako\u015bci <b>bia\u0142a satynowa wst\u0105\u017cka<\/b> (O d\u0142ugo\u015bci ok. 90 cm) te smycze wykonane s\u0105 z g\u0142adkiego, l\u015bni\u0105cego p\u0142\u00f3tna, wyj\u0105tkowo przyjemnego w dotyku. W przeciwie\u0144stwie do standardowego pr\u0105\u017ckowanego poliestru, satynowa powierzchnia odbija \u015bwiat\u0142o, nadaj\u0105c Twojej marce wyrafinowany po\u0142ysk. Dzi\u0119ki zastosowaniu zaawansowanych technologii <b>druk sublimacyjny<\/b>, Twoja grafika jest barwiona bezpo\u015brednio na tkaninie z jednej strony. Ten proces gwarantuje ol\u015bniewaj\u0105ce, odporne na blakni\u0119cie wyko\u0144czenie, kt\u00f3re nie p\u0119ka ani nie \u0142uszczy si\u0119, co czyni j\u0105 solidnym rozwi\u0105zaniem na wielodniowe eventy firmowe, karnety VIP i targi.<\/p>\n<p data-path-to-node=\"13\"><i>Notatka produkcyjna:<\/i> Te smycze s\u0105 zadrukowane metod\u0105 sublimacji jednostronnej. Ze wzgl\u0119du na charakter procesu i materia\u0142u, wz\u00f3r b\u0119dzie lekko widoczny na odwrocie.<\/p>\n<p data-path-to-node=\"14\">Ka\u017cdy smycz jest standardowo wyposa\u017cony w trwa\u0142y <b>metalowy karabi\u0144czyk<\/b>, co zwi\u0119ksza poczucie wysokiej jako\u015bci. Dost\u0119pne s\u0105 inne opcje klips\u00f3w, dopasowane do konkretnych potrzeb identyfikatora lub karty dost\u0119pu.<\/p>\n<p data-path-to-node=\"15\"><b>G\u0142\u00f3wne cechy:<\/b><\/p>\n<ul data-path-to-node=\"16\">\n<li>\n<p data-path-to-node=\"16,0,0\"><b>Sublimacja pe\u0142nokolorowa:<\/b> Zapewnia fotorealistyczne szczeg\u00f3\u0142y skomplikowanych logotyp\u00f3w, gradient\u00f3w i obraz\u00f3w.<\/p>\n<\/li>\n<li>\n<p data-path-to-node=\"16,1,0\"><b>Materia\u0142 satynowy premium:<\/b> G\u0142adka, b\u0142yszcz\u0105ca powierzchnia zapewniaj\u0105ca luksusowy wygl\u0105d i wra\u017cenie.<\/p>\n<\/li>\n<li>\n<p data-path-to-node=\"16,2,0\"><b>Odporne na blakni\u0119cie:<\/b> Technologia barwienia gwarantuje, \u017ce wydruk pozostanie \u017cywy i nie b\u0119dzie p\u0119ka\u0142.<\/p>\n<\/li>\n<li>\n<p data-path-to-node=\"16,3,0\"><b>Komfort:<\/b> Mi\u0119kka, satynowa faktura idealnie nadaje si\u0119 do noszenia przez ca\u0142y dzie\u0144, nie powoduj\u0105c podra\u017cnie\u0144.<\/p>\n<\/li>\n<li>\n<p data-path-to-node=\"16,4,0\"><b>Sprz\u0119t komputerowy:<\/b> W zestawie znajduje si\u0119 trwa\u0142y metalowy karabi\u0144czyk. Na \u017cyczenie dost\u0119pne s\u0105 z w\u0142asnym nadrukiem zapi\u0119cia.<\/p>\n<\/li>\n<li>\n<p data-path-to-node=\"16,5,0\"><b>Produkcja:<\/b> Szybka produkcja w UE dost\u0119pna przy zam\u00f3wieniach hurtowych (MOQ 100)<\/p>\n<\/li>\n<\/ul>","protected":false},"excerpt":{"rendered":"<ul>\n<li>\n<p data-path-to-node=\"9,0,0\"><b>Tekstura premium:<\/b> G\u0142adka, wysoce b\u0142yszcz\u0105ca satynowa wst\u0105\u017cka jest bardziej luksusowa w dotyku ni\u017c standardowy poliester.<\/p>\n<\/li>\n<li>\n<p data-path-to-node=\"9,1,0\"><b>Drukowanie fotorealistyczne:<\/b> Zaawansowana technologia termosublimacji pozwala na uzyskanie nieograniczonej liczby kolor\u00f3w, gradient\u00f3w i skomplikowanej reprodukcji obrazu.<\/p>\n<\/li>\n<li>\n<p data-path-to-node=\"9,2,0\"><b>Trwa\u0142e wyko\u0144czenie:<\/b> Tusz jest barwiony bezpo\u015brednio we w\u0142\u00f3knach tkaniny, co gwarantuje, \u017ce wz\u00f3r nie p\u0119knie, nie odklei si\u0119 ani nie wyblaknie.<\/p>\n<\/li>\n<li>\n<p data-path-to-node=\"9,3,0\"><b>Gotowy na VIP-a:<\/b> Idealne po\u0142\u0105czenie komfortu i walor\u00f3w wizualnych na ekskluzywne wydarzenia korporacyjne i karnety.<\/p>\n<\/li>\n<\/ul>","protected":false},"featured_media":6797,"comment_status":"closed","ping_status":"closed","template":"","meta":[],"product_brand":[],"product_cat":[104,106],"product_tag":[],"class_list":{"0":"post-1264","1":"product","2":"type-product","3":"status-publish","4":"has-post-thumbnail","6":"product_cat-custom-printed-lanyards","7":"product_cat-breakaway-lanyards","9":"first","10":"instock","11":"shipping-taxable","12":"purchasable","13":"product-type-simple"},"_links":{"self":[{"href":"https:\/\/displayproducts.eu\/pl\/wp-json\/wp\/v2\/product\/1264","targetHints":{"allow":["GET"]}}],"collection":[{"href":"https:\/\/displayproducts.eu\/pl\/wp-json\/wp\/v2\/product"}],"about":[{"href":"https:\/\/displayproducts.eu\/pl\/wp-json\/wp\/v2\/types\/product"}],"replies":[{"embeddable":true,"href":"https:\/\/displayproducts.eu\/pl\/wp-json\/wp\/v2\/comments?post=1264"}],"wp:featuredmedia":[{"embeddable":true,"href":"https:\/\/displayproducts.eu\/pl\/wp-json\/wp\/v2\/media\/6797"}],"wp:attachment":[{"href":"https:\/\/displayproducts.eu\/pl\/wp-json\/wp\/v2\/media?parent=1264"}],"wp:term":[{"taxonomy":"product_brand","embeddable":true,"href":"https:\/\/displayproducts.eu\/pl\/wp-json\/wp\/v2\/product_brand?post=1264"},{"taxonomy":"product_cat","embeddable":true,"href":"https:\/\/displayproducts.eu\/pl\/wp-json\/wp\/v2\/product_cat?post=1264"},{"taxonomy":"product_tag","embeddable":true,"href":"https:\/\/displayproducts.eu\/pl\/wp-json\/wp\/v2\/product_tag?post=1264"}],"curies":[{"name":"wp","href":"https:\/\/api.w.org\/{rel}","templated":true}]}}