{"id":1263,"date":"2024-10-27T11:53:52","date_gmt":"2024-10-27T08:53:52","guid":{"rendered":"https:\/\/wristbandfactory.eu\/toode\/3d-printed-lanyards\/"},"modified":"2026-04-01T21:52:36","modified_gmt":"2026-04-01T18:52:36","slug":"3d-printed-lanyards-raised-silicone-logo","status":"publish","type":"product","link":"https:\/\/displayproducts.eu\/pl\/p\/3d-printed-lanyards-raised-silicone-logo\/","title":{"rendered":"Smycze z nadrukiem wypuk\u0142ym 3D (silikon)"},"content":{"rendered":"<div class=\"mx-12 md:mx-24 lg:mx-48\">\n<div class=\"container my-8 svelte-zlsknf\">\n<div class=\"my-24 rounded-lg border-0 border-gray-700 bg-gray-100 px-16 py-24\">\n<div class=\"mt-11 !text-gray-500\">\n<p data-path-to-node=\"11\">Podnie\u015b poziom swojej marki korporacyjnej dzi\u0119ki naszym <b>Smycze drukowane w 3D<\/b>, najwy\u017cszej jako\u015bci rozwi\u0105zanie identyfikacyjne, kt\u00f3re zrobi trwa\u0142e wra\u017cenie. Wykraczaj\u0105c poza standardowe techniki druku p\u0142askiego, ta innowacyjna smycz nanosi Twoje logo jako <b>podniesiona warstwa silikonu o du\u017cej g\u0119sto\u015bci<\/b>. Dzi\u0119ki temu powstaje wyj\u0105tkowe, przyjemne w dotyku wyko\u0144czenie, kt\u00f3re dodaje g\u0142\u0119bi i ekskluzywno\u015bci Twojej marce, dzi\u0119ki czemu jest to idealny wyb\u00f3r na imprezy VIP, konferencje technologiczne i do u\u017cytku korporacyjnego na wysokim szczeblu.<\/p>\n<p data-path-to-node=\"12\">Smycz o d\u0142ugo\u015bci 90 cm wykonana jest z wytrzyma\u0142ego, wysokiej jako\u015bci poliestru, co zapewnia trwa\u0142o\u015b\u0107 i wygod\u0119 codziennego noszenia przez personel. Nadrukujemy Tw\u00f3j indywidualny projekt po jednej stronie ta\u015bmy, zapewniaj\u0105c precyzyjne dopasowanie. <b>Dopasowywanie kolor\u00f3w Pantone<\/b> lub pe\u0142nokolorowe, aby Twoje logo wyr\u00f3\u017cnia\u0142o si\u0119 nowoczesnym, architektonicznym efektem. W przeciwie\u0144stwie do tradycyjnych nadruk\u00f3w, kt\u00f3re mog\u0105 si\u0119 \u015bciera\u0107, wypuk\u0142a silikonowa faktura jest trwa\u0142a i zachowuje sw\u00f3j ekskluzywny wygl\u0105d przez d\u0142ugi czas.<\/p>\n<p data-path-to-node=\"13\">Ka\u017cda jednostka jest dostarczana z solidnym <b>metalowy karabi\u0144czyk<\/b> Standardowo, co podkre\u015bla wysok\u0105 jako\u015b\u0107 produktu. Niezale\u017cnie od tego, czy u\u017cywasz go do przechowywania bezpiecznych kart dost\u0119pu, czy wytrzyma\u0142ych zestaw\u00f3w kluczy, ta smycz \u0142\u0105czy w sobie funkcjonaln\u0105 wytrzyma\u0142o\u015b\u0107 z wyj\u0105tkowym wygl\u0105dem i dotykiem, dzi\u0119ki czemu Twoja marka zostanie zauwa\u017cona.<\/p>\n<p data-path-to-node=\"14\"><b>G\u0142\u00f3wne cechy:<\/b><\/p>\n<ul data-path-to-node=\"15\">\n<li>\n<p data-path-to-node=\"15,0,0\"><b>Podniesiona technologia 3D:<\/b> Loga s\u0105 drukowane przy u\u017cyciu silikonu o du\u017cej g\u0119sto\u015bci, co zapewnia przyjemny w dotyku, \u201cwyt\u0142oczony\u201d efekt.<\/p>\n<\/li>\n<li>\n<p data-path-to-node=\"15,1,0\"><b>Wizualizacje premium:<\/b> Dodaje g\u0142\u0119bi i luksusowego charakteru, idealne dla wyr\u00f3\u017cniaj\u0105cych si\u0119 VIP-\u00f3w i personelu.<\/p>\n<\/li>\n<li>\n<p data-path-to-node=\"15,2,0\"><b>Personalizacja:<\/b> Pe\u0142na zgodno\u015b\u0107 kolor\u00f3w Pantone dost\u0119pna dla wypuk\u0142ej warstwy nadruku.<\/p>\n<\/li>\n<li>\n<p data-path-to-node=\"15,3,0\"><b>Trwa\u0142o\u015b\u0107:<\/b> Pasek z poliestru i silikonowy nadruk s\u0105 przeznaczone do d\u0142ugotrwa\u0142ego, codziennego u\u017cytku.<\/p>\n<\/li>\n<li>\n<p data-path-to-node=\"15,4,0\"><b>Sprz\u0119t komputerowy:<\/b> W zestawie znajduje si\u0119 solidny karabi\u0144czyk metalowy. Inne elementy mocuj\u0105ce dost\u0119pne s\u0105 na \u017cyczenie.<\/p>\n<\/li>\n<\/ul>\n<\/div>\n<\/div>\n<\/div>\n<\/div>","protected":false},"excerpt":{"rendered":"<ul>\n<li>\n<p data-path-to-node=\"9,0,0\"><b>Branding dotykowy:<\/b> Innowacyjny druk o wysokiej g\u0119sto\u015bci pozwala uzyska\u0107 wypuk\u0142y, wyczuwalny dotykiem efekt logo 3D.<\/p>\n<\/li>\n<li>\n<p data-path-to-node=\"9,1,0\"><b>Estetyka premium:<\/b> Oferuje wyrafinowany, nowoczesny wygl\u0105d, lepszy od standardowego p\u0142askiego sitodruku.<\/p>\n<\/li>\n<li>\n<p data-path-to-node=\"9,2,0\"><b>Trwa\u0142e wyko\u0144czenie:<\/b> Wydruk 3D na bazie silikonu jest niezwykle odporny na zu\u017cycie, pranie i blakni\u0119cie.<\/p>\n<\/li>\n<li>\n<p data-path-to-node=\"9,3,0\"><b>To\u017csamo\u015b\u0107 korporacyjna:<\/b> Dost\u0119pne w kolorach dopasowanych do wzornictwa Pantone na trwa\u0142ym pasku poliestrowym o d\u0142ugo\u015bci 90 cm.<\/p>\n<\/li>\n<li><\/li>\n<\/ul>","protected":false},"featured_media":6826,"comment_status":"closed","ping_status":"closed","template":"","meta":[],"product_brand":[],"product_cat":[104],"product_tag":[],"class_list":{"0":"post-1263","1":"product","2":"type-product","3":"status-publish","4":"has-post-thumbnail","6":"product_cat-custom-printed-lanyards","8":"first","9":"instock","10":"shipping-taxable","11":"purchasable","12":"product-type-simple"},"_links":{"self":[{"href":"https:\/\/displayproducts.eu\/pl\/wp-json\/wp\/v2\/product\/1263","targetHints":{"allow":["GET"]}}],"collection":[{"href":"https:\/\/displayproducts.eu\/pl\/wp-json\/wp\/v2\/product"}],"about":[{"href":"https:\/\/displayproducts.eu\/pl\/wp-json\/wp\/v2\/types\/product"}],"replies":[{"embeddable":true,"href":"https:\/\/displayproducts.eu\/pl\/wp-json\/wp\/v2\/comments?post=1263"}],"wp:featuredmedia":[{"embeddable":true,"href":"https:\/\/displayproducts.eu\/pl\/wp-json\/wp\/v2\/media\/6826"}],"wp:attachment":[{"href":"https:\/\/displayproducts.eu\/pl\/wp-json\/wp\/v2\/media?parent=1263"}],"wp:term":[{"taxonomy":"product_brand","embeddable":true,"href":"https:\/\/displayproducts.eu\/pl\/wp-json\/wp\/v2\/product_brand?post=1263"},{"taxonomy":"product_cat","embeddable":true,"href":"https:\/\/displayproducts.eu\/pl\/wp-json\/wp\/v2\/product_cat?post=1263"},{"taxonomy":"product_tag","embeddable":true,"href":"https:\/\/displayproducts.eu\/pl\/wp-json\/wp\/v2\/product_tag?post=1263"}],"curies":[{"name":"wp","href":"https:\/\/api.w.org\/{rel}","templated":true}]}}