{"id":1259,"date":"2024-10-27T11:54:13","date_gmt":"2024-10-27T08:54:13","guid":{"rendered":"https:\/\/wristbandfactory.eu\/toode\/recycled-pet-sublimation-lanyards\/"},"modified":"2026-04-01T21:52:36","modified_gmt":"2026-04-01T18:52:36","slug":"eco-friendly-rpet-lanyards-full-color-sublimation","status":"publish","type":"product","link":"https:\/\/displayproducts.eu\/pl\/p\/eco-friendly-rpet-lanyards-full-color-sublimation\/","title":{"rendered":"Ekologiczne smycze rPET z nadrukiem sublimacyjnym"},"content":{"rendered":"<div class=\"mx-12 md:mx-24 lg:mx-48\">\n<div class=\"container my-8 svelte-zlsknf\">\n<div class=\"my-24 rounded-lg border-0 border-gray-700 bg-gray-100 px-16 py-24\">\n<div class=\"mt-11 !text-gray-500\">\n<p data-path-to-node=\"11\">Wyka\u017c zaanga\u017cowanie swojej marki w zr\u00f3wnowa\u017cony rozw\u00f3j, nie rezygnuj\u0105c z wyrazistej identyfikacji wizualnej. <b>Ekologiczne smycze sublimacyjne rPET<\/b> s\u0105 najlepszym wyborem dla organizacji dbaj\u0105cych o \u015brodowisko, zielonych konferencji i festiwali, kt\u00f3rym zale\u017cy na zmniejszeniu swojego \u015bladu w\u0119glowego.<\/p>\n<p data-path-to-node=\"12\"><span data-path-to-node=\"12,1\"><span class=\"citation-171\">Wykonane z materia\u0142u 100% pochodz\u0105cego z recyklingu tworzywa PET (rPET), te smycze pozwalaj\u0105 na ponowne wykorzystanie odpad\u00f3w plastikowych pochodz\u0105cych od konsument\u00f3w i przekszta\u0142cenie ich w wysokiej jako\u015bci, trwa\u0142\u0105 ta\u015bm\u0119 tekstyln\u0105<\/span><\/span><span data-path-to-node=\"12,3\">. Pomimo recyklingu, materia\u0142 charakteryzuje si\u0119 wyj\u0105tkowo drobnym splotem, kt\u00f3ry zapewnia g\u0142adkie, wysokiej jako\u015bci p\u0142\u00f3tno. Ta powierzchnia zosta\u0142a zaprojektowana specjalnie dla <b>druk sublimacyjny<\/b>, umo\u017cliwiaj\u0105c tworzenie zachwycaj\u0105cych, fotorealistycznych wzor\u00f3w po jednej lub obu stronach. W przeciwie\u0144stwie do sitodruku, sublimacja barwi w\u0142\u00f3kna tkaniny bezpo\u015brednio, dzi\u0119ki czemu z\u0142o\u017cone logo, szczeg\u00f3\u0142owe obrazy i \u017cywe gradienty nie b\u0119d\u0105 p\u0119ka\u0107, blakn\u0105\u0107 ani \u0142uszczy\u0107 si\u0119 z up\u0142ywem czasu.<\/span><\/p>\n<p data-path-to-node=\"13\"><span data-path-to-node=\"13,1\"><span class=\"citation-170\">Ka\u017cda smycz jest dostarczana z trwa\u0142ym <\/span><b><span class=\"citation-170\">metalowy karabi\u0144czyk<\/span><\/b><span class=\"citation-170\"> w standardzie zapewniaj\u0105ce bezpieczne mocowanie dowod\u00f3w osobistych i przepustek<\/span><\/span><span data-path-to-node=\"13,3\">. <\/span><span data-path-to-node=\"13,5\"><span class=\"citation-169\">W przypadku \u015brodowisk korporacyjnych lub wydarze\u0144 na du\u017c\u0105 skal\u0119, gdzie priorytetem jest przestrzeganie zasad bezpiecze\u0144stwa i higieny pracy, zdecydowanie zalecamy dodanie opcjonalnego <\/span><b><span class=\"citation-169\">klips zabezpieczaj\u0105cy<\/span><\/b><\/span><span data-path-to-node=\"13,7\">, kt\u00f3ry zwalnia link\u0119, je\u015bli zostanie poci\u0105gni\u0119ta z du\u017c\u0105 si\u0142\u0105.<\/span><\/p>\n<p data-path-to-node=\"14\"><b>G\u0142\u00f3wne cechy:<\/b><\/p>\n<ul data-path-to-node=\"15\">\n<li>\n<p data-path-to-node=\"15,0,0\"><b>Materia\u0142 przyjazny dla \u015brodowiska:<\/b> Wyprodukowano z 100% poddanego recyklingowi tworzywa PET (rPET) pochodz\u0105cego z recyklingu tworzyw sztucznych.<\/p>\n<\/li>\n<li>\n<p data-path-to-node=\"15,1,0\"><b>Sublimacja pe\u0142nokolorowa:<\/b> Umo\u017cliwia uzyskanie \u017cywych, odpornych na blakni\u0119cie i fotorealistycznych grafik po jednej lub dw\u00f3ch stronach.<\/p>\n<\/li>\n<li>\n<p data-path-to-node=\"15,2,0\"><b>Komfortowe dopasowanie:<\/b> Pasek o d\u0142ugo\u015bci 90 cm z mi\u0119kkim wyko\u0144czeniem zapewnia wygod\u0119 noszenia przez ca\u0142y dzie\u0144.<\/p>\n<\/li>\n<li>\n<p data-path-to-node=\"15,3,0\"><b>Opcje bezpiecze\u0144stwa:<\/b> Opcjonalny klips umo\u017cliwiaj\u0105cy od\u0142\u0105czenie zapewnia wi\u0119ksze bezpiecze\u0144stwo u\u017cytkownika w \u015brodowiskach aktywnych.<\/p>\n<\/li>\n<li>\n<p data-path-to-node=\"15,4,0\"><b>Wszechstronny sprz\u0119t:<\/b> W zestawie znajduje si\u0119 solidny metalowy karabi\u0144czyk. Inne rodzaje klips\u00f3w dost\u0119pne na zapytanie ofertowe.<\/p>\n<\/li>\n<\/ul>\n<\/div>\n<\/div>\n<\/div>\n<\/div>","protected":false},"excerpt":{"rendered":"<ul>\n<li>\n<p data-path-to-node=\"9,0,0\"><b>Certyfikowany zr\u00f3wnowa\u017cony rozw\u00f3j:<\/b> Wykonane z 100% poddanych recyklingowi plastikowych butelek (rPET), co zmniejsza wp\u0142yw na \u015brodowisko.<\/p>\n<\/li>\n<li>\n<p data-path-to-node=\"9,1,0\"><b>Branding wysokiej rozdzielczo\u015bci:<\/b> G\u0142adka powierzchnia pozwala na wykonywanie nadruk\u00f3w sublimacyjnych w pe\u0142nym kolorze od kraw\u0119dzi do kraw\u0119dzi.<\/p>\n<\/li>\n<li>\n<p data-path-to-node=\"9,2,0\"><b>Z\u0142o\u017cone projekty:<\/b> Doskonale nadaje si\u0119 do skomplikowanych logotyp\u00f3w, gradient\u00f3w i obraz\u00f3w fotograficznych.<\/p>\n<\/li>\n<li>\n<p data-path-to-node=\"9,3,0\"><b>Bezpiecze\u0144stwo i u\u017cyteczno\u015b\u0107:<\/b> Zawiera standardowy metalowy karabi\u0144czyk; dost\u0119pny jest opcjonalny roz\u0142\u0105czany element zabezpieczaj\u0105cy.<\/p>\n<\/li>\n<li><\/li>\n<\/ul>","protected":false},"featured_media":6833,"comment_status":"closed","ping_status":"closed","template":"","meta":[],"product_brand":[],"product_cat":[43,104,106],"product_tag":[],"class_list":{"0":"post-1259","1":"product","2":"type-product","3":"status-publish","4":"has-post-thumbnail","6":"product_cat-lanyards","7":"product_cat-custom-printed-lanyards","8":"product_cat-breakaway-lanyards","10":"first","11":"instock","12":"shipping-taxable","13":"purchasable","14":"product-type-simple"},"_links":{"self":[{"href":"https:\/\/displayproducts.eu\/pl\/wp-json\/wp\/v2\/product\/1259","targetHints":{"allow":["GET"]}}],"collection":[{"href":"https:\/\/displayproducts.eu\/pl\/wp-json\/wp\/v2\/product"}],"about":[{"href":"https:\/\/displayproducts.eu\/pl\/wp-json\/wp\/v2\/types\/product"}],"replies":[{"embeddable":true,"href":"https:\/\/displayproducts.eu\/pl\/wp-json\/wp\/v2\/comments?post=1259"}],"wp:featuredmedia":[{"embeddable":true,"href":"https:\/\/displayproducts.eu\/pl\/wp-json\/wp\/v2\/media\/6833"}],"wp:attachment":[{"href":"https:\/\/displayproducts.eu\/pl\/wp-json\/wp\/v2\/media?parent=1259"}],"wp:term":[{"taxonomy":"product_brand","embeddable":true,"href":"https:\/\/displayproducts.eu\/pl\/wp-json\/wp\/v2\/product_brand?post=1259"},{"taxonomy":"product_cat","embeddable":true,"href":"https:\/\/displayproducts.eu\/pl\/wp-json\/wp\/v2\/product_cat?post=1259"},{"taxonomy":"product_tag","embeddable":true,"href":"https:\/\/displayproducts.eu\/pl\/wp-json\/wp\/v2\/product_tag?post=1259"}],"curies":[{"name":"wp","href":"https:\/\/api.w.org\/{rel}","templated":true}]}}