{"id":1256,"date":"2024-10-27T11:54:13","date_gmt":"2024-10-27T08:54:13","guid":{"rendered":"https:\/\/wristbandfactory.eu\/toode\/cork-lanyards\/"},"modified":"2026-04-01T21:52:36","modified_gmt":"2026-04-01T18:52:36","slug":"printed-cork-lanyards","status":"publish","type":"product","link":"https:\/\/displayproducts.eu\/pl\/p\/printed-cork-lanyards\/","title":{"rendered":"Smycze korkowe z nadrukiem (Eko)"},"content":{"rendered":"<div class=\"mx-12 md:mx-24 lg:mx-48\">\n<div class=\"container my-8 svelte-zlsknf\">\n<div class=\"my-24 rounded-lg border-0 border-gray-700 bg-gray-100 px-16 py-24\">\n<div class=\"mt-11 !text-gray-500\">\n<p data-path-to-node=\"11\">Wyka\u017c si\u0119 odpowiedzialnie i stylowo na swojej nast\u0119pnej konferencji lub targach dzi\u0119ki naszym <b>Smycze z nadrukiem korkowym<\/b>. Ta smycz jest idealnym rozwi\u0105zaniem dla organizacji dbaj\u0105cych o \u015brodowisko, kt\u00f3re chc\u0105 po\u0142\u0105czy\u0107 zr\u00f3wnowa\u017cone materia\u0142y z profesjonalnym brandingiem, oferuj\u0105c wyrafinowan\u0105 alternatyw\u0119 dla w\u0142\u00f3kien syntetycznych.<\/p>\n<p data-path-to-node=\"12\">Wykonane z <b>prawdziwy, naturalny korek<\/b>, Ta 90-centymetrowa smycz oferuje wyj\u0105tkowe, wysokiej jako\u015bci wyko\u0144czenie, kt\u00f3re jest natychmiast rozpoznawalne. Materia\u0142 pozyskiwany jest z kory d\u0119b\u00f3w korkowych bez uszkadzania samego drzewa, co czyni go prawdziwie odnawialnym surowcem. Opr\u00f3cz ekologicznych w\u0142a\u015bciwo\u015bci, korek jest naturalnie trwa\u0142y, wodoodporny i hipoalergiczny, zapewniaj\u0105c komfort noszenia na co dzie\u0144.<\/p>\n<p data-path-to-node=\"13\">Mo\u017cemy <b>wydrukuj swoje logo na zapytanie ofertowe<\/b> po jednej lub dw\u00f3ch stronach paska. Chocia\u017c korek ma naturaln\u0105 faktur\u0119, nasz zaawansowany proces sitodruku gwarantuje czytelno\u015b\u0107 i wierno\u015b\u0107 kolor\u00f3w Twojego projektu (przy u\u017cyciu <b>Dopasowanie Pantone<\/b>). Naturalny, jasnobr\u0105zowy kolor korka tworzy pi\u0119kne, neutralne t\u0142o, kt\u00f3re podkre\u015bla ciemne logo. Ka\u017cda smycz jest standardowo wyposa\u017cona w niezawodny <b>metalowy karabi\u0144czyk<\/b>, zapewniaj\u0105c bezpieczne mocowanie przepustek na wydarzenia i identyfikator\u00f3w.<\/p>\n<p data-path-to-node=\"14\"><b>G\u0142\u00f3wne cechy:<\/b><\/p>\n<ul data-path-to-node=\"15\">\n<li>\n<p data-path-to-node=\"15,0,0\"><b>Tworzywo:<\/b> Oryginalny naturalny korek (odnawialny i biodegradowalny).<\/p>\n<\/li>\n<li>\n<p data-path-to-node=\"15,1,0\"><b>Efekt wizualny:<\/b> Niepowtarzalna, imituj\u0105ca drewno faktura symbolizuje \u201cPremium Eco\u201d.<\/p>\n<\/li>\n<li>\n<p data-path-to-node=\"15,2,0\"><b>Druk:<\/b> Nadruk sitodrukowy z precyzj\u0105 Pantone po jednej lub dw\u00f3ch stronach.<\/p>\n<\/li>\n<li>\n<p data-path-to-node=\"15,3,0\"><b>Trwa\u0142o\u015b\u0107:<\/b> Naturalnie wodoodporne i wystarczaj\u0105co wytrzyma\u0142e, by mo\u017cna je by\u0142o u\u017cywa\u0107 przez d\u0142ugi czas.<\/p>\n<\/li>\n<li>\n<p data-path-to-node=\"15,4,0\"><b>Sprz\u0119t komputerowy:<\/b> W zestawie znajduje si\u0119 solidny metalowy karabi\u0144czyk. Dost\u0119pne s\u0105 r\u00f3wnie\u017c inne opcje klips\u00f3w.<\/p>\n<\/li>\n<li>\n<p data-path-to-node=\"15,5,0\"><b>Komfort:<\/b> Lekkie i mi\u0119kkie dla sk\u00f3ry.<\/p>\n<\/li>\n<\/ul>\n<\/div>\n<\/div>\n<\/div>\n<\/div>","protected":false},"excerpt":{"rendered":"<ul>\n<li>\n<p data-path-to-node=\"9,0,0\"><b>Wyj\u0105tkowa estetyka:<\/b> Naturalna, przypominaj\u0105ca drewno faktura korka nadaje unikalny, ekskluzywny wygl\u0105d, kt\u00f3ry wyr\u00f3\u017cnia go spo\u015br\u00f3d standardowych smyczy.<\/p>\n<\/li>\n<li>\n<p data-path-to-node=\"9,1,0\"><b>Certyfikowany Zr\u00f3wnowa\u017cony:<\/b> Wykonane z oryginalnego, odnawialnego korka, co \u015bwiadczy o silnym zaanga\u017cowaniu w ochron\u0119 \u015brodowiska.<\/p>\n<\/li>\n<li>\n<p data-path-to-node=\"9,2,0\"><b>Branding niestandardowy:<\/b> Pomimo fakturowanej powierzchni oferujemy wyra\u017any nadruk sitodrukowy z dopasowaniem kolor\u00f3w Pantone z jednej lub dw\u00f3ch stron.<\/p>\n<\/li>\n<li>\n<p data-path-to-node=\"9,3,0\"><b>Trwa\u0142e i wodoodporne:<\/b> Korek jest naturalnie wytrzyma\u0142y i odporny na wilgo\u0107, dzi\u0119ki czemu idealnie nadaje si\u0119 na imprezy trwaj\u0105ce kilka dni.<\/p>\n<\/li>\n<\/ul>","protected":false},"featured_media":6730,"comment_status":"closed","ping_status":"closed","template":"","meta":[],"product_brand":[],"product_cat":[43,107],"product_tag":[],"class_list":{"0":"post-1256","1":"product","2":"type-product","3":"status-publish","4":"has-post-thumbnail","6":"product_cat-lanyards","7":"product_cat-eco-friendly-lanyards","9":"first","10":"instock","11":"shipping-taxable","12":"purchasable","13":"product-type-simple"},"_links":{"self":[{"href":"https:\/\/displayproducts.eu\/pl\/wp-json\/wp\/v2\/product\/1256","targetHints":{"allow":["GET"]}}],"collection":[{"href":"https:\/\/displayproducts.eu\/pl\/wp-json\/wp\/v2\/product"}],"about":[{"href":"https:\/\/displayproducts.eu\/pl\/wp-json\/wp\/v2\/types\/product"}],"replies":[{"embeddable":true,"href":"https:\/\/displayproducts.eu\/pl\/wp-json\/wp\/v2\/comments?post=1256"}],"wp:featuredmedia":[{"embeddable":true,"href":"https:\/\/displayproducts.eu\/pl\/wp-json\/wp\/v2\/media\/6730"}],"wp:attachment":[{"href":"https:\/\/displayproducts.eu\/pl\/wp-json\/wp\/v2\/media?parent=1256"}],"wp:term":[{"taxonomy":"product_brand","embeddable":true,"href":"https:\/\/displayproducts.eu\/pl\/wp-json\/wp\/v2\/product_brand?post=1256"},{"taxonomy":"product_cat","embeddable":true,"href":"https:\/\/displayproducts.eu\/pl\/wp-json\/wp\/v2\/product_cat?post=1256"},{"taxonomy":"product_tag","embeddable":true,"href":"https:\/\/displayproducts.eu\/pl\/wp-json\/wp\/v2\/product_tag?post=1256"}],"curies":[{"name":"wp","href":"https:\/\/api.w.org\/{rel}","templated":true}]}}