{"id":1254,"date":"2024-10-27T11:54:13","date_gmt":"2024-10-27T08:54:13","guid":{"rendered":"https:\/\/wristbandfactory.eu\/toode\/organic-cotton-lanyards\/"},"modified":"2026-04-01T21:52:36","modified_gmt":"2026-04-01T18:52:36","slug":"printed-organic-cotton-lanyards-sustainable-branding","status":"publish","type":"product","link":"https:\/\/displayproducts.eu\/pl\/p\/printed-organic-cotton-lanyards-sustainable-branding\/","title":{"rendered":"Smycze z bawe\u0142ny organicznej z nadrukiem (Eko)"},"content":{"rendered":"<div class=\"mx-12 md:mx-24 lg:mx-48\">\n<div class=\"container my-8 svelte-zlsknf\">\n<div class=\"my-24 rounded-lg border-0 border-gray-700 bg-gray-100 px-16 py-24\">\n<div class=\"mt-11 !text-gray-500\">\n<p data-path-to-node=\"11\">Wyka\u017c zaanga\u017cowanie swojej organizacji w zr\u00f3wnowa\u017cony rozw\u00f3j bez kompromis\u00f3w w kwestii jako\u015bci. Nasze <b>Drukowane smycze z bawe\u0142ny organicznej<\/b> s\u0105 doskona\u0142ym wyborem na konferencje, targi i spotkania korporacyjne, na kt\u00f3rych priorytetem jest redukcja odpad\u00f3w plastikowych.<\/p>\n<p data-path-to-node=\"12\">Wykonane z <b>100% bawe\u0142na organiczna<\/b>, Ta smycz oferuje wyra\u017an\u0105 przewag\u0119 nad standardowym poliestrem: jest naprawd\u0119 mi\u0119kka, naturalna w dotyku i zapewnia komfort noszenia na sk\u00f3rze przez d\u0142ugi czas. Naturalna, matowa faktura wst\u0105\u017cki natychmiast przekazuje uczestnikom i klientom przes\u0142anie o odpowiedzialno\u015bci za \u015brodowisko.<\/p>\n<p data-path-to-node=\"13\">Pomimo tego, \u017ce jest to w\u0142\u00f3kno naturalne, materia\u0142 ten zapewnia trwa\u0142\u0105 powierzchni\u0119 do brandingu. Wykorzystujemy <b>Sitodruk dopasowany do Pantone<\/b> Aby zapewni\u0107 dok\u0142adne odwzorowanie logo po jednej lub obu stronach paska. Pozwala to zachowa\u0107 \u015bcis\u0142e wytyczne dotycz\u0105ce marki, jednocze\u015bnie wykorzystuj\u0105c odnawialne zasoby. Ka\u017cda smycz jest standardowo wyposa\u017cona w niezawodny\u2026 <b>metalowy karabi\u0144czyk<\/b>, zapewniaj\u0105c bezpieczne mocowanie identyfikator\u00f3w i przepustek.<\/p>\n<p data-path-to-node=\"14\"><b>G\u0142\u00f3wne cechy:<\/b><\/p>\n<ul data-path-to-node=\"15\">\n<li>\n<p data-path-to-node=\"15,0,0\"><b>Materia\u0142 przyjazny dla \u015brodowiska:<\/b> Bawe\u0142na organiczna 100% zmniejsza wp\u0142yw na \u015brodowisko i wspiera cele CSR.<\/p>\n<\/li>\n<li>\n<p data-path-to-node=\"15,1,0\"><b>Najwy\u017cszy komfort:<\/b> Wyj\u0105tkowo mi\u0119kka, naturalna faktura zapobiega powstawaniu podra\u017cnie\u0144 podczas ca\u0142odziennego noszenia.<\/p>\n<\/li>\n<li>\n<p data-path-to-node=\"15,2,0\"><b>Branding niestandardowy:<\/b> Wysokiej jako\u015bci sitodruk z doborem kolor\u00f3w Pantone.<\/p>\n<\/li>\n<li>\n<p data-path-to-node=\"15,3,0\"><b>Rozmiar standardowy:<\/b> D\u0142ugo\u015b\u0107 90 cm, szeroko\u015b\u0107 20 mm (standard), dzi\u0119ki czemu wygodnie dopasuje si\u0119 do ka\u017cdego uczestnika.<\/p>\n<\/li>\n<li>\n<p data-path-to-node=\"15,4,0\"><b>Sprz\u0119t komputerowy:<\/b> W zestawie solidny karabi\u0144czyk metalowy; kompatybilny z naszymi ekologicznymi uchwytami na identyfikatory.<\/p>\n<\/li>\n<\/ul>\n<\/div>\n<\/div>\n<\/div>\n<\/div>","protected":false},"excerpt":{"rendered":"<ul>\n<li>\n<p data-path-to-node=\"9,0,0\"><b>Certyfikowany zr\u00f3wnowa\u017cony rozw\u00f3j:<\/b> Wykonane z naturalnej bawe\u0142ny organicznej 100%, idealne na wydarzenia ekologiczne i dla marek nastawionych na CSR.<\/p>\n<\/li>\n<li>\n<p data-path-to-node=\"9,1,0\"><b>Najwy\u017csza mi\u0119kko\u015b\u0107:<\/b> W por\u00f3wnaniu do syntetycznych alternatyw, naturalne w\u0142\u00f3kna zapewniaj\u0105 lepsz\u0105, przyjazn\u0105 dla sk\u00f3ry faktur\u0119.<\/p>\n<\/li>\n<li>\n<p data-path-to-node=\"9,2,0\"><b>Precyzyjne brandingowanie:<\/b> Nadruk sitodrukowy z logo w kolorze Pantone z jednej lub dw\u00f3ch stron zapewnia schludny i profesjonalny wygl\u0105d.<\/p>\n<\/li>\n<li>\n<p data-path-to-node=\"9,3,0\"><b>Solidny sprz\u0119t:<\/b> W zestawie wysokiej jako\u015bci metalowy karabi\u0144czyk umo\u017cliwiaj\u0105cy bezpieczne mocowanie biodegradowalnych lub standardowych identyfikator\u00f3w.<\/p>\n<\/li>\n<li><\/li>\n<\/ul>","protected":false},"featured_media":6745,"comment_status":"closed","ping_status":"closed","template":"","meta":[],"product_brand":[],"product_cat":[104,107],"product_tag":[],"class_list":{"0":"post-1254","1":"product","2":"type-product","3":"status-publish","4":"has-post-thumbnail","6":"product_cat-custom-printed-lanyards","7":"product_cat-eco-friendly-lanyards","9":"first","10":"instock","11":"shipping-taxable","12":"purchasable","13":"product-type-simple"},"_links":{"self":[{"href":"https:\/\/displayproducts.eu\/pl\/wp-json\/wp\/v2\/product\/1254","targetHints":{"allow":["GET"]}}],"collection":[{"href":"https:\/\/displayproducts.eu\/pl\/wp-json\/wp\/v2\/product"}],"about":[{"href":"https:\/\/displayproducts.eu\/pl\/wp-json\/wp\/v2\/types\/product"}],"replies":[{"embeddable":true,"href":"https:\/\/displayproducts.eu\/pl\/wp-json\/wp\/v2\/comments?post=1254"}],"wp:featuredmedia":[{"embeddable":true,"href":"https:\/\/displayproducts.eu\/pl\/wp-json\/wp\/v2\/media\/6745"}],"wp:attachment":[{"href":"https:\/\/displayproducts.eu\/pl\/wp-json\/wp\/v2\/media?parent=1254"}],"wp:term":[{"taxonomy":"product_brand","embeddable":true,"href":"https:\/\/displayproducts.eu\/pl\/wp-json\/wp\/v2\/product_brand?post=1254"},{"taxonomy":"product_cat","embeddable":true,"href":"https:\/\/displayproducts.eu\/pl\/wp-json\/wp\/v2\/product_cat?post=1254"},{"taxonomy":"product_tag","embeddable":true,"href":"https:\/\/displayproducts.eu\/pl\/wp-json\/wp\/v2\/product_tag?post=1254"}],"curies":[{"name":"wp","href":"https:\/\/api.w.org\/{rel}","templated":true}]}}