{"id":1253,"date":"2024-10-27T11:54:13","date_gmt":"2024-10-27T08:54:13","guid":{"rendered":"https:\/\/wristbandfactory.eu\/toode\/sublimation-lanyards-with-2-metal-hooks\/"},"modified":"2026-04-01T21:52:36","modified_gmt":"2026-04-01T18:52:36","slug":"dual-hook-sublimation-lanyards","status":"publish","type":"product","link":"https:\/\/displayproducts.eu\/pl\/p\/dual-hook-sublimation-lanyards\/","title":{"rendered":"Smycze z podw\u00f3jnym haczykiem do sublimacji"},"content":{"rendered":"<div class=\"mx-12 md:mx-24 lg:mx-48\">\n<div class=\"container my-8 svelte-zlsknf\">\n<div class=\"my-24 rounded-lg border-0 border-gray-700 bg-gray-100 px-16 py-24\">\n<div class=\"mt-11 !text-gray-500\">\n<p>Zadbaj o to, aby Twoja marka i wiarygodno\u015b\u0107 wydarzenia zawsze by\u0142y na pierwszym planie dzi\u0119ki naszym <b>Smycze z podw\u00f3jnym haczykiem do sublimacji<\/b>. Ta najwy\u017cszej jako\u015bci smycz to profesjonalne rozwi\u0105zanie do zarz\u0105dzania wi\u0119kszymi identyfikatorami lub identyfikatorami eventowymi. Posiada dwa punkty mocowania, kt\u00f3re zapobiegaj\u0105 ich obracaniu si\u0119 lub przewracaniu.<\/p>\n<p>Wykonana z cienkiej, 90-centymetrowej ta\u015bmy poliestrowej, ta smycz stanowi g\u0142adkie p\u0142\u00f3tno do naszego zaawansowanego druku sublimacyjnego. Proces ten pozwala na tworzenie nieograniczonych, fotorealistycznych projekt\u00f3w, w tym z\u0142o\u017conych logotyp\u00f3w, gradient\u00f3w i pe\u0142nokolorowych obraz\u00f3w po jednej lub obu stronach. Rezultatem jest \u017cywe, odporne na blakni\u0119cie wyko\u0144czenie, kt\u00f3re nie p\u0119ka ani nie \u0142uszczy si\u0119.<\/p>\n<p>Idealne na konferencje, targi i eventy firmowe, podw\u00f3jne metalowe karabi\u0144czyki zapewniaj\u0105 stabilne i bezpieczne mocowanie identyfikatora dzi\u0119ki dw\u00f3m otworom. Zgodnie z kategoriami, smycz jest dost\u0119pna z bezpiecznym klipsem, kt\u00f3ry zwi\u0119ksza bezpiecze\u0144stwo u\u017cytkownika w miejscach o du\u017cym nat\u0119\u017ceniu ruchu.<\/p>\n<p><b>G\u0142\u00f3wne cechy:<\/b><\/p>\n<ul>\n<li><b>Konstrukcja z dwoma haczykami:<\/b> Posiada dwa metalowe karabi\u0144czyki, kt\u00f3re umo\u017cliwiaj\u0105 bezpieczne zamocowanie du\u017cych identyfikator\u00f3w lub przepustek na imprezy i u\u0142o\u017cenie ich przodem do kierunku jazdy.<\/li>\n<li><b>Sublimacja pe\u0142nokolorowa:<\/b> Oferuje \u017cywe, fotorealistyczne nadruki skomplikowanych logotyp\u00f3w i gradient\u00f3w po jednej lub dw\u00f3ch stronach.<\/li>\n<li><b>Wytrzyma\u0142y poliester 90 cm:<\/b> Wygodny, cienki pasek z poliestru przeznaczony do ca\u0142odziennego noszenia podczas wielodniowych wydarze\u0144.<\/li>\n<li><b>Opcja bezpiecznego od\u0142\u0105czenia:<\/b> Dost\u0119pne z klipsem odpinanym, co jest kluczowym elementem bezpiecze\u0144stwa w \u015brodowiskach korporacyjnych.<\/li>\n<li><b>Wszechstronne akcesoria:<\/b> W standardzie znajduj\u0105 si\u0119 dwa metalowe karabi\u0144czyki, ale dost\u0119pne s\u0105 r\u00f3wnie\u017c inne opcje klips\u00f3w.<\/li>\n<\/ul>\n<\/div>\n<\/div>\n<\/div>\n<\/div>","protected":false},"excerpt":{"rendered":"<ul>\n<li>Zapobiega obracaniu si\u0119 identyfikatora dzi\u0119ki bezpiecznej konstrukcji z dwoma haczykami (2 karabi\u0144czyki metalowe).<\/li>\n<li>Zaprezentuj swoj\u0105 mark\u0119 dzi\u0119ki \u017cywej, pe\u0142nokolorowej sublimacji (1 lub 2 strony).<\/li>\n<li>Wytrzyma\u0142y pasek z cienkiego poliestru o d\u0142ugo\u015bci 90 cm, idealny na kilkudniowe konferencje.<\/li>\n<li>Dost\u0119pne z opcjonalnym klipsem zabezpieczaj\u0105cym, zapewniaj\u0105cym wi\u0119ksze bezpiecze\u0144stwo u\u017cytkownika.<\/li>\n<\/ul>","protected":false},"featured_media":6694,"comment_status":"closed","ping_status":"closed","template":"","meta":[],"product_brand":[],"product_cat":[43,106],"product_tag":[],"class_list":{"0":"post-1253","1":"product","2":"type-product","3":"status-publish","4":"has-post-thumbnail","6":"product_cat-lanyards","7":"product_cat-breakaway-lanyards","9":"first","10":"instock","11":"shipping-taxable","12":"purchasable","13":"product-type-simple"},"_links":{"self":[{"href":"https:\/\/displayproducts.eu\/pl\/wp-json\/wp\/v2\/product\/1253","targetHints":{"allow":["GET"]}}],"collection":[{"href":"https:\/\/displayproducts.eu\/pl\/wp-json\/wp\/v2\/product"}],"about":[{"href":"https:\/\/displayproducts.eu\/pl\/wp-json\/wp\/v2\/types\/product"}],"replies":[{"embeddable":true,"href":"https:\/\/displayproducts.eu\/pl\/wp-json\/wp\/v2\/comments?post=1253"}],"wp:featuredmedia":[{"embeddable":true,"href":"https:\/\/displayproducts.eu\/pl\/wp-json\/wp\/v2\/media\/6694"}],"wp:attachment":[{"href":"https:\/\/displayproducts.eu\/pl\/wp-json\/wp\/v2\/media?parent=1253"}],"wp:term":[{"taxonomy":"product_brand","embeddable":true,"href":"https:\/\/displayproducts.eu\/pl\/wp-json\/wp\/v2\/product_brand?post=1253"},{"taxonomy":"product_cat","embeddable":true,"href":"https:\/\/displayproducts.eu\/pl\/wp-json\/wp\/v2\/product_cat?post=1253"},{"taxonomy":"product_tag","embeddable":true,"href":"https:\/\/displayproducts.eu\/pl\/wp-json\/wp\/v2\/product_tag?post=1253"}],"curies":[{"name":"wp","href":"https:\/\/api.w.org\/{rel}","templated":true}]}}