{"id":1250,"date":"2024-10-27T11:54:13","date_gmt":"2024-10-27T08:54:13","guid":{"rendered":"https:\/\/wristbandfactory.eu\/toode\/sublimation-lanyards-with-metal-carabiner\/"},"modified":"2026-04-01T21:52:36","modified_gmt":"2026-04-01T18:52:36","slug":"full-color-sublimation-lanyards-safety-breakaway","status":"publish","type":"product","link":"https:\/\/displayproducts.eu\/pl\/p\/full-color-sublimation-lanyards-safety-breakaway\/","title":{"rendered":"Smycze sublimacyjne z bezpiecznikiem (Breakaway)"},"content":{"rendered":"<p data-path-to-node=\"11\">Wywrzyj wra\u017cenie, jednocze\u015bnie priorytetowo traktuj\u0105c bezpiecze\u0144stwo uczestnik\u00f3w dzi\u0119ki naszym <b>Pe\u0142nokolorowe smycze sublimacyjne z mo\u017cliwo\u015bci\u0105 oderwania<\/b>. Ten produkt to doskona\u0142y wyb\u00f3r dla organizacji, kt\u00f3re wymagaj\u0105 z\u0142o\u017conego brandingu \u2014 takiego jak wielokolorowe loga, gradienty lub fotorealistyczne obrazy \u2014 bez uszczerbku dla zgodno\u015bci z przepisami dotycz\u0105cymi zdrowia i bezpiecze\u0144stwa.<\/p>\n<p data-path-to-node=\"12\">Cech\u0105 charakterystyczn\u0105 tej smyczy jest zintegrowany <b>klips zabezpieczaj\u0105cy<\/b> Umieszczony z ty\u0142u szyi. Mechanizm ten zosta\u0142 zaprojektowany tak, aby automatycznie si\u0119 zwolni\u0142, gdy linka zostanie poci\u0105gni\u0119ta z du\u017c\u0105 si\u0142\u0105 lub zaczepi si\u0119 o maszyn\u0119\/drzwi, zapobiegaj\u0105c obra\u017ceniom. To sprawia, \u017ce jest to niezb\u0119dne wyposa\u017cenie szk\u00f3\u0142, szpitali, zak\u0142ad\u00f3w przemys\u0142owych i du\u017cych imprez publicznych.<\/p>\n<p data-path-to-node=\"13\">Wizualnie smycz wykorzystuje zaawansowane rozwi\u0105zania <b>druk sublimacyjny<\/b>. Tw\u00f3j projekt jest trwale wtopiony bezpo\u015brednio we w\u0142\u00f3kna cienkiej poliestrowej ta\u015bmy o d\u0142ugo\u015bci 90 cm, a nie na niej. Gwarantuje to pokrycie od kraw\u0119dzi do kraw\u0119dzi i wyko\u0144czenie ca\u0142kowicie odporne na p\u0119kanie, \u0142uszczenie i blakni\u0119cie. G\u0142adki materia\u0142 poliestrowy jest wyj\u0105tkowo mi\u0119kki, zapewniaj\u0105c ca\u0142odzienny komfort personelowi i go\u015bciom. Ka\u017cda smycz jest standardowo wyposa\u017cona w niezawodny\u2026 <b>metalowy karabi\u0144czyk<\/b> do bezpiecznego mocowania identyfikator\u00f3w i kart dost\u0119pu.<\/p>\n<p data-path-to-node=\"14\"><b>G\u0142\u00f3wne cechy:<\/b><\/p>\n<ul data-path-to-node=\"15\">\n<li>\n<p data-path-to-node=\"15,0,0\"><b>Klips zabezpieczaj\u0105cy:<\/b> Podstawowa funkcja bezpiecze\u0144stwa, kt\u00f3ra uwalnia ci\u015bnienie; idealna do zastosowa\u0144 korporacyjnych, medycznych i przemys\u0142owych.<\/p>\n<\/li>\n<li>\n<p data-path-to-node=\"15,1,0\"><b>Sublimacja pe\u0142nokolorowa:<\/b> Umo\u017cliwia tworzenie fotorealistycznych, z\u0142o\u017conych wzor\u00f3w i gradient\u00f3w na ca\u0142ej powierzchni.<\/p>\n<\/li>\n<li>\n<p data-path-to-node=\"15,2,0\"><b>Wytrzyma\u0142y, cienki poliester:<\/b> G\u0142adka ta\u015bma o d\u0142ugo\u015bci 90 cm zapobiega podra\u017cnieniom sk\u00f3ry i jest odporna na codzienne noszenie.<\/p>\n<\/li>\n<li>\n<p data-path-to-node=\"15,3,0\"><b>Drukowanie dwustronne:<\/b> Dost\u0119pne z brandingiem po jednej lub obu stronach, aby zmaksymalizowa\u0107 widoczno\u015b\u0107.<\/p>\n<\/li>\n<li>\n<p data-path-to-node=\"15,4,0\"><b>Bezpieczne mocowanie:<\/b> W zestawie solidny metalowy karabi\u0144czyk (inne opcje klips\u00f3w dost\u0119pne na \u017cyczenie).<\/p>\n<\/li>\n<\/ul>","protected":false},"excerpt":{"rendered":"<ul>\n<li>\n<p data-path-to-node=\"9,0,0\"><b>Obowi\u0105zkowe \u015brodki bezpiecze\u0144stwa:<\/b> Wyposa\u017cony w zabezpieczaj\u0105cy klips, kt\u00f3ry od\u0142\u0105cza si\u0119 pod wp\u0142ywem napi\u0119cia, spe\u0142niaj\u0105c standardowe przepisy bezpiecze\u0144stwa w firmach i na imprezach.<\/p>\n<\/li>\n<li>\n<p data-path-to-node=\"9,1,0\"><b>Nieograniczony projekt:<\/b> Technologia termosublimacji pozwala na pe\u0142nokolorowe drukowanie z\u0142o\u017conych logotyp\u00f3w, zdj\u0119\u0107 i gradient\u00f3w od kraw\u0119dzi do kraw\u0119dzi.<\/p>\n<\/li>\n<li>\n<p data-path-to-node=\"9,2,0\"><b>Trwa\u0142e wyko\u0144czenie:<\/b> Tusz jest wstrzykiwany w tkanin\u0119, dzi\u0119ki czemu wz\u00f3r nigdy nie p\u0119knie, nie odklei si\u0119 ani nie wyblaknie.<\/p>\n<\/li>\n<li>\n<p data-path-to-node=\"9,3,0\"><b>Komfort i trwa\u0142o\u015b\u0107:<\/b> Wykonane z mi\u0119kkiego, drobno tkanego poliestru (90 cm), kt\u00f3ry zapewnia komfort podczas d\u0142ugotrwa\u0142ego noszenia.<\/p>\n<\/li>\n<\/ul>","protected":false},"featured_media":6712,"comment_status":"closed","ping_status":"closed","template":"","meta":[],"product_brand":[],"product_cat":[43,104,106],"product_tag":[],"class_list":{"0":"post-1250","1":"product","2":"type-product","3":"status-publish","4":"has-post-thumbnail","6":"product_cat-lanyards","7":"product_cat-custom-printed-lanyards","8":"product_cat-breakaway-lanyards","10":"first","11":"instock","12":"shipping-taxable","13":"purchasable","14":"product-type-simple"},"_links":{"self":[{"href":"https:\/\/displayproducts.eu\/pl\/wp-json\/wp\/v2\/product\/1250","targetHints":{"allow":["GET"]}}],"collection":[{"href":"https:\/\/displayproducts.eu\/pl\/wp-json\/wp\/v2\/product"}],"about":[{"href":"https:\/\/displayproducts.eu\/pl\/wp-json\/wp\/v2\/types\/product"}],"replies":[{"embeddable":true,"href":"https:\/\/displayproducts.eu\/pl\/wp-json\/wp\/v2\/comments?post=1250"}],"wp:featuredmedia":[{"embeddable":true,"href":"https:\/\/displayproducts.eu\/pl\/wp-json\/wp\/v2\/media\/6712"}],"wp:attachment":[{"href":"https:\/\/displayproducts.eu\/pl\/wp-json\/wp\/v2\/media?parent=1250"}],"wp:term":[{"taxonomy":"product_brand","embeddable":true,"href":"https:\/\/displayproducts.eu\/pl\/wp-json\/wp\/v2\/product_brand?post=1250"},{"taxonomy":"product_cat","embeddable":true,"href":"https:\/\/displayproducts.eu\/pl\/wp-json\/wp\/v2\/product_cat?post=1250"},{"taxonomy":"product_tag","embeddable":true,"href":"https:\/\/displayproducts.eu\/pl\/wp-json\/wp\/v2\/product_tag?post=1250"}],"curies":[{"name":"wp","href":"https:\/\/api.w.org\/{rel}","templated":true}]}}