{"id":1247,"date":"2024-10-27T11:54:13","date_gmt":"2024-10-27T08:54:13","guid":{"rendered":"https:\/\/wristbandfactory.eu\/toode\/satin-lanyards-with-1-sided-silkscreen-logo-design\/"},"modified":"2026-04-01T21:52:36","modified_gmt":"2026-04-01T18:52:36","slug":"printed-satin-lanyards-premium-vip-branding","status":"publish","type":"product","link":"https:\/\/displayproducts.eu\/pl\/p\/printed-satin-lanyards-premium-vip-branding\/","title":{"rendered":"Smycze satynowe z nadrukiem (Premium)"},"content":{"rendered":"<p data-path-to-node=\"11\">Zr\u00f3b wyrafinowane wra\u017cenie na swojej nast\u0119pnej konferencji, targach lub spotkaniu firmowym dzi\u0119ki naszym <b>Drukowane satynowe smycze<\/b>. W przeciwie\u0144stwie do standardowego poliestru, satyna oferuje wyj\u0105tkowo wysokiej jako\u015bci rozwi\u0105zanie, kt\u00f3re wzmacnia wizerunek marki dzi\u0119ki swojej fakturze i po\u0142yskowi. G\u0142adkie, l\u015bni\u0105ce wyko\u0144czenie zapewnia profesjonalny wygl\u0105d i wra\u017cenie, dzi\u0119ki czemu jest idealnym wyborem dla go\u015bci VIP, pracownik\u00f3w korporacyjnych i aktywacji marek premium.<\/p>\n<p data-path-to-node=\"12\">Te smycze s\u0105 wykonane z cienkiej satynowej wst\u0105\u017cki o d\u0142ugo\u015bci oko\u0142o 90 cm. Ze wzgl\u0119du na g\u0142adk\u0105 struktur\u0119 materia\u0142u, logo nanosimy za pomoc\u0105 wysokiej jako\u015bci ta\u015bmy. <b>sitodruk jednostronny<\/b>. Ta metoda zapewnia Twojemu <b>Kolory dopasowane do Pantone<\/b> pozostaj\u0105 ostre i \u017cywe, tworz\u0105c pi\u0119kny kontrast na tle l\u015bni\u0105cego t\u0142a.<\/p>\n<p data-path-to-node=\"13\"><i>Uwaga dotycz\u0105ca drukowania:<\/i> Ze wzgl\u0119du na delikatn\u0105 i lekko przezroczyst\u0105 natur\u0119 satyny, wz\u00f3r jest cz\u0119sto s\u0142abo widoczny na odwrocie. Jest to standardowa cecha wysokiej jako\u015bci smyczy satynowych, kt\u00f3ra przyczynia si\u0119 do ich autentycznego, tekstylnego charakteru.<\/p>\n<p data-path-to-node=\"14\">Ka\u017cdy smycz jest standardowo wyposa\u017cony w trwa\u0142y <b>metalowy karabi\u0144czyk<\/b>, zapewniaj\u0105c bezpieczne mocowanie identyfikator\u00f3w lub kluczy. Aby zapewni\u0107 w pe\u0142ni sp\u00f3jne wra\u017cenia premium, zalecamy po\u0142\u0105czenie tych smyczy z naszymi sztywnymi uchwytami na identyfikatory.<\/p>\n<p data-path-to-node=\"15\"><b>G\u0142\u00f3wne cechy:<\/b><\/p>\n<ul data-path-to-node=\"16\">\n<li>\n<p data-path-to-node=\"16,0,0\"><b>Tworzywo:<\/b> Wysokiej jako\u015bci satyna o g\u0142adkim, b\u0142yszcz\u0105cym wyko\u0144czeniu, zapewniaj\u0105ca luksusowy wygl\u0105d.<\/p>\n<\/li>\n<li>\n<p data-path-to-node=\"16,1,0\"><b>Druk:<\/b> Jednostronny nadruk sitodrukowy zapewniaj\u0105cy wyrazisty i kontrastowy wygl\u0105d marki.<\/p>\n<\/li>\n<li>\n<p data-path-to-node=\"16,2,0\"><b>Dopasowanie kolor\u00f3w:<\/b> Dok\u0142adne dopasowanie Pantone do logo Twojej firmy.<\/p>\n<\/li>\n<li>\n<p data-path-to-node=\"16,3,0\"><b>Wymiary standardowe:<\/b> D\u0142ugo\u015b\u0107 ~90 cm, wygodna do noszenia na oficjalne okazje.<\/p>\n<\/li>\n<li>\n<p data-path-to-node=\"16,4,0\"><b>Sprz\u0119t komputerowy:<\/b> W zestawie solidny metalowy karabi\u0144czyk. Dost\u0119pne s\u0105 r\u00f3wnie\u017c z w\u0142asnym nadrukiem klipsy.<\/p>\n<\/li>\n<li>\n<p data-path-to-node=\"16,5,0\"><b>Aplikacja:<\/b> Najlepiej nadaje si\u0119 do dost\u0119pu VIP, ceremonii wr\u0119czenia nagr\u00f3d i wydarze\u0144 modowych.<\/p>\n<\/li>\n<\/ul>","protected":false},"excerpt":{"rendered":"<ul>\n<li>\n<p data-path-to-node=\"9,0,0\"><b>Luksusowe wyko\u0144czenie:<\/b> Delikatny satynowy splot zapewnia g\u0142adk\u0105 i b\u0142yszcz\u0105c\u0105 powierzchni\u0119, kt\u00f3ra jest wyj\u0105tkowo przyjemna w dotyku.<\/p>\n<\/li>\n<li>\n<p data-path-to-node=\"9,1,0\"><b>Wyraziste detale:<\/b> Wysokiej jako\u015bci sitodruk gwarantuje, \u017ce Twoje logo b\u0119dzie \u017cywe i wyra\u017ane na b\u0142yszcz\u0105cym tle.<\/p>\n<\/li>\n<li>\n<p data-path-to-node=\"9,2,0\"><b>VIP i korporacyjne:<\/b> Preferowany wyb\u00f3r na ekskluzywne konferencje, uroczyste kolacje i ekskluzywne promocje marek.<\/p>\n<\/li>\n<li>\n<p data-path-to-node=\"9,3,0\"><b>Sprz\u0119t profesjonalny:<\/b> W standardzie znajduje si\u0119 trwa\u0142y metalowy karabi\u0144czyk, ale dost\u0119pne s\u0105 r\u00f3wnie\u017c inne wysokiej jako\u015bci zapi\u0119cia.<\/p>\n<\/li>\n<li><\/li>\n<\/ul>","protected":false},"featured_media":6758,"comment_status":"closed","ping_status":"closed","template":"","meta":[],"product_brand":[],"product_cat":[43,104],"product_tag":[],"class_list":{"0":"post-1247","1":"product","2":"type-product","3":"status-publish","4":"has-post-thumbnail","6":"product_cat-lanyards","7":"product_cat-custom-printed-lanyards","9":"first","10":"instock","11":"shipping-taxable","12":"purchasable","13":"product-type-simple"},"_links":{"self":[{"href":"https:\/\/displayproducts.eu\/pl\/wp-json\/wp\/v2\/product\/1247","targetHints":{"allow":["GET"]}}],"collection":[{"href":"https:\/\/displayproducts.eu\/pl\/wp-json\/wp\/v2\/product"}],"about":[{"href":"https:\/\/displayproducts.eu\/pl\/wp-json\/wp\/v2\/types\/product"}],"replies":[{"embeddable":true,"href":"https:\/\/displayproducts.eu\/pl\/wp-json\/wp\/v2\/comments?post=1247"}],"wp:featuredmedia":[{"embeddable":true,"href":"https:\/\/displayproducts.eu\/pl\/wp-json\/wp\/v2\/media\/6758"}],"wp:attachment":[{"href":"https:\/\/displayproducts.eu\/pl\/wp-json\/wp\/v2\/media?parent=1247"}],"wp:term":[{"taxonomy":"product_brand","embeddable":true,"href":"https:\/\/displayproducts.eu\/pl\/wp-json\/wp\/v2\/product_brand?post=1247"},{"taxonomy":"product_cat","embeddable":true,"href":"https:\/\/displayproducts.eu\/pl\/wp-json\/wp\/v2\/product_cat?post=1247"},{"taxonomy":"product_tag","embeddable":true,"href":"https:\/\/displayproducts.eu\/pl\/wp-json\/wp\/v2\/product_tag?post=1247"}],"curies":[{"name":"wp","href":"https:\/\/api.w.org\/{rel}","templated":true}]}}