{"id":1246,"date":"2024-10-27T11:54:13","date_gmt":"2024-10-27T08:54:13","guid":{"rendered":"https:\/\/wristbandfactory.eu\/toode\/flat-polyester-lanyards\/"},"modified":"2026-04-01T21:52:04","modified_gmt":"2026-04-01T18:52:04","slug":"custom-printed-polyester-lanyards-corporate-branding","status":"publish","type":"product","link":"https:\/\/displayproducts.eu\/pl\/p\/custom-printed-polyester-lanyards-corporate-branding\/","title":{"rendered":"Smycze poliestrowe z nadrukiem \u2013 branding korporacyjny"},"content":{"rendered":"<div class=\"mx-12 md:mx-24 lg:mx-48\">\n<div class=\"container my-8 svelte-zlsknf\">\n<div class=\"my-24 rounded-lg border-0 border-gray-700 bg-gray-100 px-16 py-24\">\n<div class=\"mt-11 !text-gray-500\">\n<p data-path-to-node=\"12\">Zabezpiecz swoje wydarzenie i zjednocz sw\u00f3j zesp\u00f3\u0142 dzi\u0119ki naszym <b>Smycze poliestrowe z nadrukiem na zapytanie ofertowe<\/b>, bran\u017cowy standard zapewniaj\u0105cy skuteczn\u0105 widoczno\u015b\u0107 marki. Stworzone z my\u015bl\u0105 o du\u017cych nak\u0142adach, takich jak mi\u0119dzynarodowe konferencje, targi i festiwale, te smycze oferuj\u0105 optymaln\u0105 r\u00f3wnowag\u0119 mi\u0119dzy trwa\u0142o\u015bci\u0105, jako\u015bci\u0105 druku i op\u0142acalno\u015bci\u0105.<\/p>\n<p data-path-to-node=\"13\">Wykonany z wysokiej jako\u015bci p\u0142askiego poliestru, materia\u0142 zapewnia g\u0142adk\u0105 powierzchni\u0119, niezb\u0119dn\u0105 do wyra\u017anego i czytelnego brandingu. W przeciwie\u0144stwie do teksturowanych alternatyw, ta p\u0142aska powierzchnia pozwala na precyzyjne odwzorowanie logo, gwarantuj\u0105c, \u017ce identyfikacja wizualna Twojej firmy b\u0119dzie prezentowana bez zniekszta\u0142ce\u0144. Oferujemy <b>Dopasowywanie kolor\u00f3w Pantone<\/b>, co pozwala nam na farbowanie tkaniny i drukowanie Twojego projektu w dok\u0142adnych kolorach Twojej marki, po jednej lub obu stronach.<\/p>\n<p data-path-to-node=\"14\">Zaprojektowane z my\u015bl\u0105 o komforcie i funkcjonalno\u015bci, smycze maj\u0105 d\u0142ugo\u015b\u0107 oko\u0142o 90 cm, dzi\u0119ki czemu s\u0105 odpowiednie dla wszystkich uczestnik\u00f3w. Urz\u0105dzenie jest dostarczane w stanie wst\u0119pnie zmontowanym z solidnym uchwytem. <b>metalowy karabi\u0144czyk<\/b>, zapewniaj\u0105c, \u017ce identyfikatory, przepustki dla go\u015bci i breloki dost\u0119pu pozostan\u0105 bezpiecznie zamocowane przez ca\u0142y czas trwania wydarzenia. Dla organizacji o szczeg\u00f3lnych potrzebach w zakresie bezpiecze\u0144stwa lub funkcjonalno\u015bci, alternatywne mocowania (takie jak odpinane zabezpieczenia lub inne klipsy) s\u0105 dost\u0119pne na \u017cyczenie.<\/p>\n<p data-path-to-node=\"15\"><b>G\u0142\u00f3wne cechy:<\/b><\/p>\n<ul data-path-to-node=\"16\">\n<li>\n<p data-path-to-node=\"16,0,0\"><b>Tworzywo:<\/b> Wytrzyma\u0142y, p\u0142aski poliester przeznaczony do druku w wysokiej rozdzielczo\u015bci.<\/p>\n<\/li>\n<li>\n<p data-path-to-node=\"16,1,0\"><b>Personalizacja:<\/b> Pe\u0142na zgodno\u015b\u0107 kolor\u00f3w Pantone zar\u00f3wno dla tkaniny, jak i nadruku.<\/p>\n<\/li>\n<li>\n<p data-path-to-node=\"16,2,0\"><b>Opcje drukowania:<\/b> Dost\u0119pne z jednostronnym lub dwustronnym umieszczeniem logo, co zapewnia maksymaln\u0105 widoczno\u015b\u0107.<\/p>\n<\/li>\n<li>\n<p data-path-to-node=\"16,3,0\"><b>Wymiary standardowe:<\/b> D\u0142ugo\u015b\u0107 90 cm, szeroko\u015b\u0107 20 mm (standard), co zapewnia uniwersalne dopasowanie.<\/p>\n<\/li>\n<li>\n<p data-path-to-node=\"16,4,0\"><b>Sprz\u0119t komputerowy:<\/b> W zestawie solidny karabi\u0144czyk metalowy; dost\u0119pne s\u0105 z w\u0142asnym nadrukiem zapi\u0119cia.<\/p>\n<\/li>\n<li>\n<p data-path-to-node=\"16,5,0\"><b>Przypadek u\u017cycia:<\/b> Doskonale nadaj\u0105 si\u0119 do identyfikacji korporacyjnej, identyfikator\u00f3w pracowniczych i gad\u017cet\u00f3w promocyjnych na wydarzeniach.<\/p>\n<\/li>\n<\/ul>\n<\/div>\n<\/div>\n<\/div>\n<\/div>","protected":false},"excerpt":{"rendered":"<ul data-path-to-node=\"10\">\n<li>\n<p data-path-to-node=\"10,0,0\"><b>Branding o du\u017cym wp\u0142ywie:<\/b> G\u0142adka, p\u0142aska powierzchnia poliestrowa gwarantuje ostre i kontrastowe odwzorowanie logo.<\/p>\n<\/li>\n<li>\n<p data-path-to-node=\"10,1,0\"><b>Precyzja Pantone:<\/b> Mo\u017cliwo\u015b\u0107 pe\u0142nej personalizacji nadruku z jednej lub dw\u00f3ch stron, aby dok\u0142adnie dopasowa\u0107 go do kolor\u00f3w Twojej firmy.<\/p>\n<\/li>\n<li>\n<p data-path-to-node=\"10,2,0\"><b>Ekonomiczne rozwi\u0105zanie masowe:<\/b> Standard bran\u017cowy dla konferencji, festiwali i targ\u00f3w na du\u017c\u0105 skal\u0119.<\/p>\n<\/li>\n<li>\n<p data-path-to-node=\"10,3,0\"><b>Niezawodny sprz\u0119t:<\/b> W standardzie znajduje si\u0119 solidny metalowy karabi\u0144czyk umo\u017cliwiaj\u0105cy bezpieczne przymocowanie identyfikatora lub plakietki.<\/p>\n<\/li>\n<\/ul>","protected":false},"featured_media":6815,"comment_status":"closed","ping_status":"closed","template":"","meta":[],"product_brand":[],"product_cat":[104],"product_tag":[],"class_list":{"0":"post-1246","1":"product","2":"type-product","3":"status-publish","4":"has-post-thumbnail","6":"product_cat-custom-printed-lanyards","8":"first","9":"instock","10":"shipping-taxable","11":"purchasable","12":"product-type-simple"},"_links":{"self":[{"href":"https:\/\/displayproducts.eu\/pl\/wp-json\/wp\/v2\/product\/1246","targetHints":{"allow":["GET"]}}],"collection":[{"href":"https:\/\/displayproducts.eu\/pl\/wp-json\/wp\/v2\/product"}],"about":[{"href":"https:\/\/displayproducts.eu\/pl\/wp-json\/wp\/v2\/types\/product"}],"replies":[{"embeddable":true,"href":"https:\/\/displayproducts.eu\/pl\/wp-json\/wp\/v2\/comments?post=1246"}],"wp:featuredmedia":[{"embeddable":true,"href":"https:\/\/displayproducts.eu\/pl\/wp-json\/wp\/v2\/media\/6815"}],"wp:attachment":[{"href":"https:\/\/displayproducts.eu\/pl\/wp-json\/wp\/v2\/media?parent=1246"}],"wp:term":[{"taxonomy":"product_brand","embeddable":true,"href":"https:\/\/displayproducts.eu\/pl\/wp-json\/wp\/v2\/product_brand?post=1246"},{"taxonomy":"product_cat","embeddable":true,"href":"https:\/\/displayproducts.eu\/pl\/wp-json\/wp\/v2\/product_cat?post=1246"},{"taxonomy":"product_tag","embeddable":true,"href":"https:\/\/displayproducts.eu\/pl\/wp-json\/wp\/v2\/product_tag?post=1246"}],"curies":[{"name":"wp","href":"https:\/\/api.w.org\/{rel}","templated":true}]}}