{"id":1243,"date":"2024-10-27T11:54:13","date_gmt":"2024-10-27T08:54:13","guid":{"rendered":"https:\/\/wristbandfactory.eu\/toode\/seed-paper-lanyard\/"},"modified":"2026-04-01T21:52:36","modified_gmt":"2026-04-01T18:52:36","slug":"seed-paper-lanyards","status":"publish","type":"product","link":"https:\/\/displayproducts.eu\/pl\/p\/seed-paper-lanyards\/","title":{"rendered":"Smycze z papieru nasiennego (Rosn\u0105ce)"},"content":{"rendered":"<p data-path-to-node=\"11\">Wyra\u017a trwa\u0142y \u015blad ekologiczny podczas swojego kolejnego wydarzenia, wystawy lub festiwalu dzi\u0119ki naszym innowacyjnym rozwi\u0105zaniom <b>Smycze z papieru nasiennego<\/b>. Zaprojektowane, aby nada\u0107 nowe, ekologiczne zastosowanie tradycyjnie jednorazowym produktom, te smycze oferuj\u0105 wyj\u0105tkowy spos\u00f3b na zademonstrowanie zaanga\u017cowania Twojej organizacji w regeneracj\u0119 i zr\u00f3wnowa\u017cony rozw\u00f3j.<\/p>\n<p data-path-to-node=\"12\">Zamiast wyrzuca\u0107 smycz po wydarzeniu, uczestnicy s\u0105 zach\u0119cani do zasadzenia jej bezpo\u015brednio w glebie. Z czasem biodegradowalny papier ulegnie rozk\u0142adowi, a osadzone w nim nasiona zakwitn\u0105, tworz\u0105c pi\u0119kn\u0105 mieszank\u0119. <b>kwiaty polne<\/b>. Dzi\u0119ki temu powstaje pozytywne, \u017cywe przypomnienie o Twojej marce i przes\u0142aniu, kt\u00f3re pozostaje z Tob\u0105 na d\u0142ugo po zamkni\u0119ciu drzwi konferencji.<\/p>\n<p data-path-to-node=\"13\">Ka\u017cdy smycz jest wykonany w Europie z <b>Papier nasienny 80 g\/m\u00b2<\/b>. Cho\u0107 delikatny, idealnie nadaje si\u0119 na jednodniowe imprezy, karnety VIP lub ekskluzywne zaproszenia. Pe\u0142nokolorowy wz\u00f3r mo\u017cna zadrukowa\u0107 jednostronnie. Aby wspiera\u0107 ekologiczny charakter produktu i zapewni\u0107 najlepsze wska\u017aniki kie\u0142kowania, zalecamy wzory o powierzchni mniejszej ni\u017c 50% (co r\u00f3wnie\u017c zapewnia przewag\u0119 cenow\u0105).<\/p>\n<p data-path-to-node=\"14\"><b>G\u0142\u00f3wne cechy:<\/b><\/p>\n<ul data-path-to-node=\"15\">\n<li>\n<p data-path-to-node=\"15,0,0\"><b>Tworzywo:<\/b> Biodegradowalny papier o gramaturze 80 g\/m\u00b2 z dodatkiem mieszanki nasion kwiat\u00f3w polnych.<\/p>\n<\/li>\n<li>\n<p data-path-to-node=\"15,1,0\"><b>Zastosowanie po wydarzeniu:<\/b> W pe\u0142ni nadaj\u0105cy si\u0119 do sadzenia; zamienia odpady w ogr\u00f3d pe\u0142en dzikich kwiat\u00f3w.<\/p>\n<\/li>\n<li>\n<p data-path-to-node=\"15,2,0\"><b>Druk:<\/b> Jednostronny druk kolorowy (zalecane ekologiczne drukowanie z niskim pokryciem tuszem).<\/p>\n<\/li>\n<li>\n<p data-path-to-node=\"15,3,0\"><b>Wymiary:<\/b> Standardowy rozmiar 90 x 20 mm (w przybli\u017ceniu).<\/p>\n<\/li>\n<li>\n<p data-path-to-node=\"15,4,0\"><b>Pochodzenie:<\/b> Wyprodukowano w Europie, aby zmniejszy\u0107 \u015blad w\u0119glowy.<\/p>\n<\/li>\n<li>\n<p data-path-to-node=\"15,5,0\"><b>Przypadek u\u017cycia:<\/b> Idealne na kr\u00f3tkoterminowe wydarzenia, premiery produkt\u00f3w i ekologiczne wesela.<\/p>\n<\/li>\n<\/ul>","protected":false},"excerpt":{"rendered":"<ul data-path-to-node=\"9\">\n<li>\n<p data-path-to-node=\"9,0,0\"><b>Branding mo\u017cliwy do zasadzenia:<\/b> Smycz zawiera mieszank\u0119 nasion kwiat\u00f3w polnych, kt\u00f3re zakwitn\u0105, gdy zostan\u0105 posadzone w glebie po wydarzeniu.<\/p>\n<\/li>\n<li>\n<p data-path-to-node=\"9,1,0\"><b>Cykl zero waste:<\/b> Produkt ca\u0142kowicie biodegradowalny, kt\u00f3ry nie pozostawia \u017cadnych \u015bmieci, a jedynie kwiaty.<\/p>\n<\/li>\n<li>\n<p data-path-to-node=\"9,2,0\"><b>Eko-projektowanie:<\/b> Drukowanie jest zoptymalizowane pod k\u0105tem minimalnego zu\u017cycia tuszu (zalecane pokrycie &lt;50%), aby zagwarantowa\u0107 \u017cywotno\u015b\u0107 nasion.<\/p>\n<\/li>\n<li>\n<p data-path-to-node=\"9,3,0\"><b>Wyprodukowano w Europie:<\/b> Wyprodukowano lokalnie z papieru o gramaturze 80 g\/m\u00b2, aby ograniczy\u0107 emisj\u0119 spalin podczas transportu.<\/p>\n<\/li>\n<\/ul>","protected":false},"featured_media":6780,"comment_status":"closed","ping_status":"closed","template":"","meta":[],"product_brand":[],"product_cat":[43,107],"product_tag":[],"class_list":{"0":"post-1243","1":"product","2":"type-product","3":"status-publish","4":"has-post-thumbnail","6":"product_cat-lanyards","7":"product_cat-eco-friendly-lanyards","9":"first","10":"instock","11":"shipping-taxable","12":"purchasable","13":"product-type-simple"},"_links":{"self":[{"href":"https:\/\/displayproducts.eu\/pl\/wp-json\/wp\/v2\/product\/1243","targetHints":{"allow":["GET"]}}],"collection":[{"href":"https:\/\/displayproducts.eu\/pl\/wp-json\/wp\/v2\/product"}],"about":[{"href":"https:\/\/displayproducts.eu\/pl\/wp-json\/wp\/v2\/types\/product"}],"replies":[{"embeddable":true,"href":"https:\/\/displayproducts.eu\/pl\/wp-json\/wp\/v2\/comments?post=1243"}],"wp:featuredmedia":[{"embeddable":true,"href":"https:\/\/displayproducts.eu\/pl\/wp-json\/wp\/v2\/media\/6780"}],"wp:attachment":[{"href":"https:\/\/displayproducts.eu\/pl\/wp-json\/wp\/v2\/media?parent=1243"}],"wp:term":[{"taxonomy":"product_brand","embeddable":true,"href":"https:\/\/displayproducts.eu\/pl\/wp-json\/wp\/v2\/product_brand?post=1243"},{"taxonomy":"product_cat","embeddable":true,"href":"https:\/\/displayproducts.eu\/pl\/wp-json\/wp\/v2\/product_cat?post=1243"},{"taxonomy":"product_tag","embeddable":true,"href":"https:\/\/displayproducts.eu\/pl\/wp-json\/wp\/v2\/product_tag?post=1243"}],"curies":[{"name":"wp","href":"https:\/\/api.w.org\/{rel}","templated":true}]}}