{"id":1242,"date":"2024-10-27T11:54:14","date_gmt":"2024-10-27T08:54:14","guid":{"rendered":"https:\/\/wristbandfactory.eu\/toode\/corn-lanyards\/"},"modified":"2026-04-01T21:52:36","modified_gmt":"2026-04-01T18:52:36","slug":"printed-eco-corn-lanyards","status":"publish","type":"product","link":"https:\/\/displayproducts.eu\/pl\/p\/printed-eco-corn-lanyards\/","title":{"rendered":"Smycze z w\u0142\u00f3kna kukurydzianego (Biodegradowalne PLA)"},"content":{"rendered":"<div class=\"mx-12 md:mx-24 lg:mx-48\">\n<div class=\"container my-8 svelte-zlsknf\">\n<div class=\"my-24 rounded-lg border-0 border-gray-700 bg-gray-100 px-16 py-24\">\n<div class=\"mt-11 !text-gray-500\">\n<p data-path-to-node=\"11\">Wyka\u017c si\u0119 prawdziwym przyw\u00f3dztwem w dziedzinie ochrony \u015brodowiska dzi\u0119ki naszym <b>Ekologiczne smycze z nadrukiem kukurydzianym<\/b>. W przeciwie\u0144stwie do tradycyjnych syntetycznych smyczy wytwarzanych z ropy naftowej, te innowacyjne paski identyfikacyjne s\u0105 wykonane z <b>100% Skrobia kukurydziana (PLA)<\/b> w\u0142\u00f3kno. Dzi\u0119ki temu s\u0105 w pe\u0142ni biodegradowalnym i ro\u015blinnym rozwi\u0105zaniem, idealnym dla organizacji nastawionych na przysz\u0142o\u015b\u0107 i zr\u00f3wnowa\u017conych wydarze\u0144.<\/p>\n<p data-path-to-node=\"12\">To, co czyni ten produkt wyj\u0105tkowym, to jego bezkompromisowa natura. Cho\u0107 jest wykonany z kukurydzy, powsta\u0142e w\u0142\u00f3kno PLA imituje trwa\u0142o\u015b\u0107, faktur\u0119 i wytrzyma\u0142o\u015b\u0107 standardowego poliestru. Oznacza to, \u017ce otrzymujesz wytrzyma\u0142\u0105, wysokiej jako\u015bci smycz, kt\u00f3ra wytrzyma wielodniowe konferencje, a jednocze\u015bnie nadaje si\u0119 do kompostowania po zako\u0144czeniu cyklu \u017cycia.<\/p>\n<p data-path-to-node=\"13\">Oferujemy profesjonalne <b>sitodruk<\/b> na g\u0142adkiej powierzchni PLA, zapewniaj\u0105c dok\u0142adne odwzorowanie Twojego logo <b>Kolory marki Pantone<\/b>. Niezale\u017cnie od tego, czy potrzebujesz druku jednostronnego, czy dwustronnego, rezultat jest wyra\u017any i \u017cywy. Ka\u017cde urz\u0105dzenie jest standardowo wyposa\u017cone w <b>metalowy karabi\u0144czyk<\/b>, \u0142\u0105cz\u0105c przemys\u0142ow\u0105 trwa\u0142o\u015b\u0107 z wra\u017cliwo\u015bci\u0105 na \u015brodowisko.<\/p>\n<p data-path-to-node=\"14\"><b>G\u0142\u00f3wne cechy:<\/b><\/p>\n<ul data-path-to-node=\"15\">\n<li>\n<p data-path-to-node=\"15,0,0\"><b>Tworzywo:<\/b> 100% W\u0142\u00f3kno skrobi kukurydzianej (PLA) \u2013 ro\u015blinne i biodegradowalne.<\/p>\n<\/li>\n<li>\n<p data-path-to-node=\"15,1,0\"><b>Wydajno\u015b\u0107:<\/b> Trwa\u0142a i g\u0142adka faktura podobna do tradycyjnego poliestru.<\/p>\n<\/li>\n<li>\n<p data-path-to-node=\"15,2,0\"><b>Zr\u00f3wnowa\u017cony rozw\u00f3j:<\/b> Znacznie ni\u017cszy \u015blad w\u0119glowy w por\u00f3wnaniu do tworzyw sztucznych na bazie ropy naftowej.<\/p>\n<\/li>\n<li>\n<p data-path-to-node=\"15,3,0\"><b>Druk:<\/b> Wysokiej jako\u015bci nadruk sitodrukowy z dopasowaniem kolor\u00f3w Pantone.<\/p>\n<\/li>\n<li>\n<p data-path-to-node=\"15,4,0\"><b>Sprz\u0119t komputerowy:<\/b> W zestawie znajduje si\u0119 solidny metalowy karabi\u0144czyk umo\u017cliwiaj\u0105cy bezpieczne przymocowanie identyfikatora.<\/p>\n<\/li>\n<li>\n<p data-path-to-node=\"15,5,0\"><b>Przypadek u\u017cycia:<\/b> Doskonale nadaje si\u0119 na \u201czielone\u201d konferencje, eko-festiwale i inicjatywy CSR.<\/p>\n<\/li>\n<\/ul>\n<\/div>\n<\/div>\n<\/div>\n<\/div>","protected":false},"excerpt":{"rendered":"<ul>\n<li>\n<p data-path-to-node=\"9,0,0\"><b>Innowacje oparte na ro\u015blinach:<\/b> Wykonane z w\u0142\u00f3kien skrobi kukurydzianej (PLA) 100%, stanowi\u0105ce ca\u0142kowicie biodegradowaln\u0105 alternatyw\u0119 dla tworzyw sztucznych na bazie ropy naftowej.<\/p>\n<\/li>\n<li>\n<p data-path-to-node=\"9,1,0\"><b>Wydajno\u015b\u0107 por\u00f3wnywalna z poliestrem:<\/b> Wygl\u0105da i funkcjonuje dok\u0142adnie jak tkanina syntetyczna \u2014 jest trwa\u0142a i g\u0142adka \u2014 ale jest w ca\u0142o\u015bci wykonana z ro\u015blin.<\/p>\n<\/li>\n<li>\n<p data-path-to-node=\"9,2,0\"><b>Odpowiedzialno\u015b\u0107 spo\u0142eczna:<\/b> Idealny wyb\u00f3r dla firm, kt\u00f3re \u015bci\u015ble przestrzegaj\u0105 polityki zerowej ilo\u015bci odpad\u00f3w lub neutralno\u015bci w\u0119glowej.<\/p>\n<\/li>\n<li>\n<p data-path-to-node=\"9,3,0\"><b>Branding niestandardowy:<\/b> G\u0142adka powierzchnia pozwala na wykonywanie wyra\u017anych nadruk\u00f3w sitodrukowych zgodnych ze standardem Pantone po jednej lub dw\u00f3ch stronach.<\/p>\n<\/li>\n<\/ul>","protected":false},"featured_media":6736,"comment_status":"closed","ping_status":"closed","template":"","meta":[],"product_brand":[],"product_cat":[104,107],"product_tag":[],"class_list":{"0":"post-1242","1":"product","2":"type-product","3":"status-publish","4":"has-post-thumbnail","6":"product_cat-custom-printed-lanyards","7":"product_cat-eco-friendly-lanyards","9":"first","10":"instock","11":"shipping-taxable","12":"purchasable","13":"product-type-simple"},"_links":{"self":[{"href":"https:\/\/displayproducts.eu\/pl\/wp-json\/wp\/v2\/product\/1242","targetHints":{"allow":["GET"]}}],"collection":[{"href":"https:\/\/displayproducts.eu\/pl\/wp-json\/wp\/v2\/product"}],"about":[{"href":"https:\/\/displayproducts.eu\/pl\/wp-json\/wp\/v2\/types\/product"}],"replies":[{"embeddable":true,"href":"https:\/\/displayproducts.eu\/pl\/wp-json\/wp\/v2\/comments?post=1242"}],"wp:featuredmedia":[{"embeddable":true,"href":"https:\/\/displayproducts.eu\/pl\/wp-json\/wp\/v2\/media\/6736"}],"wp:attachment":[{"href":"https:\/\/displayproducts.eu\/pl\/wp-json\/wp\/v2\/media?parent=1242"}],"wp:term":[{"taxonomy":"product_brand","embeddable":true,"href":"https:\/\/displayproducts.eu\/pl\/wp-json\/wp\/v2\/product_brand?post=1242"},{"taxonomy":"product_cat","embeddable":true,"href":"https:\/\/displayproducts.eu\/pl\/wp-json\/wp\/v2\/product_cat?post=1242"},{"taxonomy":"product_tag","embeddable":true,"href":"https:\/\/displayproducts.eu\/pl\/wp-json\/wp\/v2\/product_tag?post=1242"}],"curies":[{"name":"wp","href":"https:\/\/api.w.org\/{rel}","templated":true}]}}