{"id":1238,"date":"2024-10-27T11:54:14","date_gmt":"2024-10-27T08:54:14","guid":{"rendered":"https:\/\/wristbandfactory.eu\/toode\/standard-shoelace-lanyards\/"},"modified":"2026-04-01T21:52:36","modified_gmt":"2026-04-01T18:52:36","slug":"plain-shoelace-lanyards","status":"publish","type":"product","link":"https:\/\/displayproducts.eu\/pl\/p\/plain-shoelace-lanyards\/","title":{"rendered":"Bez nadruku sznurowad\u0142a"},"content":{"rendered":"<p>Wyposa\u017c sw\u00f3j zesp\u00f3\u0142 w praktyczne i profesjonalne rozwi\u0105zanie do codziennej identyfikacji. Nasze smycze do sznur\u00f3wek to ekonomiczne i stylowe rozwi\u0105zanie dla firm i organizacji, kt\u00f3re potrzebuj\u0105 niezawodnego sposobu na eksponowanie identyfikator\u00f3w pracowniczych lub kart dost\u0119pu na wydarzenia.<\/p>\n<p>Te smycze posiadaj\u0105 popularny wz\u00f3r sznurowad\u0142a, znany z wygody i trwa\u0142o\u015bci, dzi\u0119ki czemu idealnie nadaj\u0105 si\u0119 do ca\u0142odziennego noszenia na konferencjach, targach lub w biurze. Cho\u0107 nie posiadaj\u0105 nadruku, s\u0105 dost\u0119pne w szerokiej gamie kolor\u00f3w, co pozwala \u0142atwo dopasowa\u0107 je do brandingu firmy lub motywu wydarzenia. Ka\u017cda smycz posiada solidny metalowy uchwyt, kt\u00f3ry umo\u017cliwia bezpieczne przymocowanie identyfikatora lub przepustki.<\/p>\n<p><b>G\u0142\u00f3wne cechy:<\/b><\/p>\n<ul>\n<li><b>Klasyczny wz\u00f3r sznurowade\u0142:<\/b> Oferuje wygodne, lekkie i trwa\u0142e rozwi\u0105zanie do noszenia na co dzie\u0144.<\/li>\n<li><b>Ekonomiczne rozwi\u0105zanie identyfikacyjne:<\/b> Doskonale nadaje si\u0119 do zam\u00f3wie\u0144 hurtowych na imprezy masowe, konferencje lub do codziennej identyfikacji pracownik\u00f3w.<\/li>\n<li><b>Wiele opcji kolorystycznych:<\/b> Dost\u0119pne w szerokiej gamie jednolitych kolor\u00f3w, kt\u00f3re pasuj\u0105 do identyfikacji wizualnej firmy lub pozwalaj\u0105 na kategoryzacj\u0119 uczestnik\u00f3w.<\/li>\n<li><b>Standardowy klips metalowy:<\/b> Zawiera niezawodny metalowy klips umo\u017cliwiaj\u0105cy bezpieczne przymocowanie identyfikator\u00f3w lub przepustek na imprezy.<\/li>\n<\/ul>\n<p>&nbsp;<\/p>","protected":false},"excerpt":{"rendered":"<ul>\n<li>Ekonomiczne rozwi\u0105zanie umo\u017cliwiaj\u0105ce codzienn\u0105 identyfikacj\u0119 personelu i dost\u0119p do wydarze\u0144.<\/li>\n<li>Cechuje je klasyczna, trwa\u0142a konstrukcja sznurowad\u0142a zapewniaj\u0105ca ca\u0142odzienny komfort.<\/li>\n<li>Dost\u0119pne w szerokiej gamie jednolitych kolor\u00f3w, kt\u00f3re dopasuj\u0105 si\u0119 do identyfikacji wizualnej Twojej firmy.<\/li>\n<li>Zawiera standardowy metalowy klips do identyfikator\u00f3w i kart dost\u0119pu.<\/li>\n<li><\/li>\n<\/ul>","protected":false},"featured_media":6723,"comment_status":"closed","ping_status":"closed","template":"","meta":[],"product_brand":[],"product_cat":[43,113],"product_tag":[],"class_list":{"0":"post-1238","1":"product","2":"type-product","3":"status-publish","4":"has-post-thumbnail","6":"product_cat-lanyards","7":"product_cat-plain-lanyards","9":"first","10":"instock","11":"shipping-taxable","12":"purchasable","13":"product-type-simple"},"_links":{"self":[{"href":"https:\/\/displayproducts.eu\/pl\/wp-json\/wp\/v2\/product\/1238","targetHints":{"allow":["GET"]}}],"collection":[{"href":"https:\/\/displayproducts.eu\/pl\/wp-json\/wp\/v2\/product"}],"about":[{"href":"https:\/\/displayproducts.eu\/pl\/wp-json\/wp\/v2\/types\/product"}],"replies":[{"embeddable":true,"href":"https:\/\/displayproducts.eu\/pl\/wp-json\/wp\/v2\/comments?post=1238"}],"wp:featuredmedia":[{"embeddable":true,"href":"https:\/\/displayproducts.eu\/pl\/wp-json\/wp\/v2\/media\/6723"}],"wp:attachment":[{"href":"https:\/\/displayproducts.eu\/pl\/wp-json\/wp\/v2\/media?parent=1238"}],"wp:term":[{"taxonomy":"product_brand","embeddable":true,"href":"https:\/\/displayproducts.eu\/pl\/wp-json\/wp\/v2\/product_brand?post=1238"},{"taxonomy":"product_cat","embeddable":true,"href":"https:\/\/displayproducts.eu\/pl\/wp-json\/wp\/v2\/product_cat?post=1238"},{"taxonomy":"product_tag","embeddable":true,"href":"https:\/\/displayproducts.eu\/pl\/wp-json\/wp\/v2\/product_tag?post=1238"}],"curies":[{"name":"wp","href":"https:\/\/api.w.org\/{rel}","templated":true}]}}