{"id":1235,"date":"2024-10-27T11:54:14","date_gmt":"2024-10-27T08:54:14","guid":{"rendered":"https:\/\/wristbandfactory.eu\/toode\/fluorescent-lanyards\/"},"modified":"2026-04-01T21:52:04","modified_gmt":"2026-04-01T18:52:04","slug":"fluorescent-lanyards","status":"publish","type":"product","link":"https:\/\/displayproducts.eu\/pl\/p\/fluorescent-lanyards\/","title":{"rendered":"Smycze fluorescencyjne"},"content":{"rendered":"<p>Zwi\u0119ksz widoczno\u015b\u0107 i bezpiecze\u0144stwo podczas swojego kolejnego wydarzenia dzi\u0119ki naszym fluorescencyjnym smyczom. Te smycze to niezb\u0119dne narz\u0119dzie dla organizator\u00f3w wydarze\u0144, kt\u00f3rzy musz\u0105 \u0142atwo identyfikowa\u0107 personel, VIP-\u00f3w lub go\u015bci w ka\u017cdych warunkach o\u015bwietleniowych.<\/p>\n<p>Wykonane z wysokiej jako\u015bci, trwa\u0142ych materia\u0142\u00f3w, te smycze s\u0105 przeznaczone do wielodniowego u\u017cytku. \u017bywy, fluorescencyjny materia\u0142 jest doskonale widoczny w \u015bwietle dziennym i <b>\u015bwieci jasno w \u015bwietle ultrafioletowym (czarnym)<\/b>, co czyni je idealnym rozwi\u0105zaniem dla klub\u00f3w nocnych, koncert\u00f3w, festiwali i wieczornych imprez firmowych.<\/p>\n<p>Ta cecha o wysokiej widoczno\u015bci zapewnia dodatkowy poziom bezpiecze\u0144stwa i umo\u017cliwia szybk\u0105 identyfikacj\u0119 wizualn\u0105 upowa\u017cnionych os\u00f3b. Dost\u0119pne w r\u00f3\u017cnych jaskrawych kolorach, stanowi\u0105 doskona\u0142e t\u0142o dla Twojego logo, zmieniaj\u0105c element bezpiecze\u0144stwa w narz\u0119dzie promocyjne. Zam\u00f3w hurtowo, aby ekonomicznie zarz\u0105dza\u0107 wydarzeniem i promowa\u0107 swoj\u0105 mark\u0119.<\/p>\n<p><b>G\u0142\u00f3wne cechy:<\/b><\/p>\n<ul>\n<li><b>Materia\u0142 o wysokiej widoczno\u015bci:<\/b> Zapewnia doskona\u0142\u0105 widoczno\u015b\u0107 w \u015bwietle dziennym i \u015bwieci jasno w \u015bwietle ultrafioletowym\/czarnym.<\/li>\n<li><b>Trwa\u0142a konstrukcja:<\/b> Wykonane z wysokiej jako\u015bci, trwa\u0142ych materia\u0142\u00f3w, odpowiednich na imprezy trwaj\u0105ce kilka dni.<\/li>\n<li><b>Zwi\u0119kszone bezpiecze\u0144stwo wydarze\u0144:<\/b> Umo\u017cliwia \u0142atw\u0105 i szybk\u0105 identyfikacj\u0119 wizualn\u0105 personelu lub go\u015bci w warunkach s\u0142abego o\u015bwietlenia.<\/li>\n<li><b>Ekonomiczne budowanie marki:<\/b> Ekonomiczne rozwi\u0105zanie pozwalaj\u0105ce na masow\u0105 promocj\u0119 marki lub przekazu na wydarzeniach masowych.<\/li>\n<li><b>Wiele opcji kolorystycznych:<\/b> Dost\u0119pne w szerokiej gamie jasnych, fluorescencyjnych kolor\u00f3w, kt\u00f3re idealnie dopasuj\u0105 si\u0119 do motywu Twojego wydarzenia.<\/li>\n<\/ul>","protected":false},"excerpt":{"rendered":"<ul>\n<li>Zwi\u0119ksz widoczno\u015b\u0107 personelu i go\u015bci w miejscach o s\u0142abym o\u015bwietleniu.<\/li>\n<li>Jaskrawy materia\u0142 fluorescencyjny \u015bwieci jasno w \u015bwietle ultrafioletowym\/czarnym.<\/li>\n<li>Trwa\u0142y, wysokiej jako\u015bci materia\u0142 do wykorzystania podczas wielodniowych wydarze\u0144.<\/li>\n<li>Doskonale nadaje si\u0119 do identyfikacji personelu festiwali, koncert\u00f3w i imprez korporacyjnych.<\/li>\n<\/ul>","protected":false},"featured_media":6706,"comment_status":"closed","ping_status":"closed","template":"","meta":[],"product_brand":[],"product_cat":[43,109],"product_tag":[],"class_list":{"0":"post-1235","1":"product","2":"type-product","3":"status-publish","4":"has-post-thumbnail","6":"product_cat-lanyards","7":"product_cat-reflective-lanyards","9":"first","10":"instock","11":"shipping-taxable","12":"purchasable","13":"product-type-simple"},"_links":{"self":[{"href":"https:\/\/displayproducts.eu\/pl\/wp-json\/wp\/v2\/product\/1235","targetHints":{"allow":["GET"]}}],"collection":[{"href":"https:\/\/displayproducts.eu\/pl\/wp-json\/wp\/v2\/product"}],"about":[{"href":"https:\/\/displayproducts.eu\/pl\/wp-json\/wp\/v2\/types\/product"}],"replies":[{"embeddable":true,"href":"https:\/\/displayproducts.eu\/pl\/wp-json\/wp\/v2\/comments?post=1235"}],"wp:featuredmedia":[{"embeddable":true,"href":"https:\/\/displayproducts.eu\/pl\/wp-json\/wp\/v2\/media\/6706"}],"wp:attachment":[{"href":"https:\/\/displayproducts.eu\/pl\/wp-json\/wp\/v2\/media?parent=1235"}],"wp:term":[{"taxonomy":"product_brand","embeddable":true,"href":"https:\/\/displayproducts.eu\/pl\/wp-json\/wp\/v2\/product_brand?post=1235"},{"taxonomy":"product_cat","embeddable":true,"href":"https:\/\/displayproducts.eu\/pl\/wp-json\/wp\/v2\/product_cat?post=1235"},{"taxonomy":"product_tag","embeddable":true,"href":"https:\/\/displayproducts.eu\/pl\/wp-json\/wp\/v2\/product_tag?post=1235"}],"curies":[{"name":"wp","href":"https:\/\/api.w.org\/{rel}","templated":true}]}}