{"id":1233,"date":"2024-10-27T11:54:14","date_gmt":"2024-10-27T08:54:14","guid":{"rendered":"https:\/\/wristbandfactory.eu\/toode\/rpet-eco-lanyards\/"},"modified":"2026-04-01T21:52:36","modified_gmt":"2026-04-01T18:52:36","slug":"printed-rpet-lanyards","status":"publish","type":"product","link":"https:\/\/displayproducts.eu\/pl\/p\/printed-rpet-lanyards\/","title":{"rendered":"Smycze rPET z nadrukiem (Sitodruk)"},"content":{"rendered":"<p data-path-to-node=\"11\">Do\u0142\u0105cz do ruchu na rzecz zr\u00f3wnowa\u017conego rozwoju i odpowiedzialnie promuj swoj\u0105 mark\u0119 dzi\u0119ki naszym <b>Drukowane smycze rPET<\/b>. Ten produkt to idealny wyb\u00f3r dla organizacji potrzebuj\u0105cych niedrogiej smyczy o du\u017cej pojemno\u015bci, zgodnej z korporacyjnymi warto\u015bciami ochrony \u015brodowiska, bez nadwyr\u0119\u017cania bud\u017cetu.<\/p>\n<p data-path-to-node=\"12\">Te smycze s\u0105 tkane z <b>100% poliester rPET<\/b>, wytrzyma\u0142e w\u0142\u00f3kno pochodz\u0105ce w ca\u0142o\u015bci z recyklingu plastikowych butelek. Wybieraj\u0105c rPET, aktywnie zapobiegasz wyrzucaniu plastikowych odpad\u00f3w na wysypiska i zmniejszasz \u015blad w\u0119glowy swojego wydarzenia. W przeciwie\u0144stwie do naszej wersji sublimacyjnej, ten konkretny model wykorzystuje <b>sitodruk<\/b>. Ta metoda doskonale sprawdza si\u0119 w przypadku logo o jednolitych kolorach, zapewniaj\u0105c wyraziste, wyraziste wyko\u0144czenie, kt\u00f3re wyr\u00f3\u017cnia si\u0119 na pr\u0105\u017ckowanej tkaninie.<\/p>\n<p data-path-to-node=\"13\">Oferujemy <b>precyzyjne dopasowanie kolor\u00f3w Pantone<\/b> do nadruku logo, gwarantuj\u0105c idealne zachowanie identyfikacji wizualnej firmy. Sam materia\u0142 jest wytrzyma\u0142y i trwa\u0142y, nie do odr\u00f3\u017cnienia od poliestru pierwotnego pod wzgl\u0119dem wytrzyma\u0142o\u015bci, dzi\u0119ki czemu doskonale sprawdzi si\u0119 na konferencjach, festiwalach i w codziennym u\u017cytkowaniu biurowym. Ka\u017cda smycz jest standardowo wyposa\u017cona w metalowy karabi\u0144czyk, co stanowi funkcjonalne i ekologiczne rozwi\u0105zanie dla uczestnik\u00f3w.<\/p>\n<p data-path-to-node=\"14\"><b>G\u0142\u00f3wne cechy:<\/b><\/p>\n<ul data-path-to-node=\"15\">\n<li>\n<p data-path-to-node=\"15,0,0\"><b>Tworzywo:<\/b> 100% rPET (recyklingowany politereftalan etylenu).<\/p>\n<\/li>\n<li>\n<p data-path-to-node=\"15,1,0\"><b>Technologia druku:<\/b> Sitodruk (najlepszy dla 1-4 kolor\u00f3w dodatkowych).<\/p>\n<\/li>\n<li>\n<p data-path-to-node=\"15,2,0\"><b>Gospodarka:<\/b> Tania i zr\u00f3wnowa\u017cona alternatywa dla pierwotnego poliestru.<\/p>\n<\/li>\n<li>\n<p data-path-to-node=\"15,3,0\"><b>Dok\u0142adno\u015b\u0107 kolor\u00f3w:<\/b> Mo\u017cliwo\u015b\u0107 dopasowania koloru Pantone do nadrukowanego logo.<\/p>\n<\/li>\n<li>\n<p data-path-to-node=\"15,4,0\"><b>Trwa\u0142o\u015b\u0107:<\/b> Wysoka wytrzyma\u0142o\u015b\u0107 na rozci\u0105ganie, odpowiednia do ci\u0119\u017ckich identyfikator\u00f3w i kluczy.<\/p>\n<\/li>\n<li>\n<p data-path-to-node=\"15,5,0\"><b>Sprz\u0119t komputerowy:<\/b> W zestawie standardowy metalowy karabi\u0144czyk (dost\u0119pne s\u0105 z w\u0142asnym nadrukiem klipsy).<\/p>\n<\/li>\n<\/ul>","protected":false},"excerpt":{"rendered":"<ul>\n<li>\n<p data-path-to-node=\"9,0,0\"><b>Zr\u00f3wnowa\u017cony wyb\u00f3r:<\/b> Wyprodukowano z 100% przetworzonego tworzywa PET (rPET) uzyskanego z plastikowych butelek pochodz\u0105cych z recyklingu.<\/p>\n<\/li>\n<li>\n<p data-path-to-node=\"9,1,0\"><b>Ekonomiczne rozwi\u0105zanie ekologiczne:<\/b> Najbardziej przyst\u0119pna cenowo opcja dla marek, kt\u00f3re chc\u0105 przej\u015b\u0107 na zr\u00f3wnowa\u017cone rozwi\u0105zania identyfikacyjne.<\/p>\n<\/li>\n<li>\n<p data-path-to-node=\"9,2,0\"><b>Wyrazisty branding:<\/b> Wyr\u00f3\u017cnia si\u0119 wysokiej jako\u015bci sitodrukiem pozwalaj\u0105cym na tworzenie wyrazistych i wyrazistych logotyp\u00f3w przy u\u017cyciu precyzyjnego dopasowania kolor\u00f3w Pantone.<\/p>\n<\/li>\n<li>\n<p data-path-to-node=\"9,3,0\"><b>Trwa\u0142e i mocne:<\/b> Zachowuje wytrzyma\u0142o\u015b\u0107 standardowego poliestru, dzi\u0119ki czemu nadaje si\u0119 na imprezy trwaj\u0105ce kilka dni i do u\u017cytku personelu.<\/p>\n<\/li>\n<\/ul>","protected":false},"featured_media":6754,"comment_status":"closed","ping_status":"closed","template":"","meta":[],"product_brand":[],"product_cat":[104,107],"product_tag":[],"class_list":{"0":"post-1233","1":"product","2":"type-product","3":"status-publish","4":"has-post-thumbnail","6":"product_cat-custom-printed-lanyards","7":"product_cat-eco-friendly-lanyards","9":"first","10":"instock","11":"shipping-taxable","12":"purchasable","13":"product-type-simple"},"_links":{"self":[{"href":"https:\/\/displayproducts.eu\/pl\/wp-json\/wp\/v2\/product\/1233","targetHints":{"allow":["GET"]}}],"collection":[{"href":"https:\/\/displayproducts.eu\/pl\/wp-json\/wp\/v2\/product"}],"about":[{"href":"https:\/\/displayproducts.eu\/pl\/wp-json\/wp\/v2\/types\/product"}],"replies":[{"embeddable":true,"href":"https:\/\/displayproducts.eu\/pl\/wp-json\/wp\/v2\/comments?post=1233"}],"wp:featuredmedia":[{"embeddable":true,"href":"https:\/\/displayproducts.eu\/pl\/wp-json\/wp\/v2\/media\/6754"}],"wp:attachment":[{"href":"https:\/\/displayproducts.eu\/pl\/wp-json\/wp\/v2\/media?parent=1233"}],"wp:term":[{"taxonomy":"product_brand","embeddable":true,"href":"https:\/\/displayproducts.eu\/pl\/wp-json\/wp\/v2\/product_brand?post=1233"},{"taxonomy":"product_cat","embeddable":true,"href":"https:\/\/displayproducts.eu\/pl\/wp-json\/wp\/v2\/product_cat?post=1233"},{"taxonomy":"product_tag","embeddable":true,"href":"https:\/\/displayproducts.eu\/pl\/wp-json\/wp\/v2\/product_tag?post=1233"}],"curies":[{"name":"wp","href":"https:\/\/api.w.org\/{rel}","templated":true}]}}