{"id":1232,"date":"2024-10-27T11:54:14","date_gmt":"2024-10-27T08:54:14","guid":{"rendered":"https:\/\/wristbandfactory.eu\/toode\/vinyl-wristbands\/"},"modified":"2026-04-01T21:52:36","modified_gmt":"2026-04-01T18:52:36","slug":"custom-printed-vinyl-wristbands","status":"publish","type":"product","link":"https:\/\/displayproducts.eu\/pl\/p\/custom-printed-vinyl-wristbands\/","title":{"rendered":"Opaski winylowe z nadrukiem"},"content":{"rendered":"<div class=\"mx-12 md:mx-24 lg:mx-48\">\n<div class=\"container my-8 svelte-zlsknf\">\n<div class=\"my-24 rounded-lg border-0 border-gray-700 bg-gray-100 px-16 py-24\">\n<div class=\"mt-11 !text-gray-500\">\n<p data-path-to-node=\"15\">Zabezpiecz swoje wydarzenie dzi\u0119ki naszym <b data-path-to-node=\"15\" data-index-in-node=\"52\">Opaski winylowe z nadrukiem<\/b>, bran\u017cowy standard w zakresie wielodniowej kontroli dost\u0119pu. Te opaski wykonane s\u0105 z trzech warstw mi\u0119kkiego, ale niezwykle wytrzyma\u0142ego winylu, dzi\u0119ki czemu zapewniaj\u0105 wygod\u0119 noszenia, odporno\u015b\u0107 na wod\u0119, pot i aktywne \u015brodowisko, takie jak festiwale, parki wodne i o\u015brodki wypoczynkowe.<\/p>\n<p data-path-to-node=\"16\">W przeciwie\u0144stwie do opasek papierowych, tych nie da si\u0119 oderwa\u0107. <b data-path-to-node=\"16\" data-index-in-node=\"50\">jednorazowe plastikowe zapi\u0119cie zatrzaskowe<\/b> Zapewnia, \u017ce po za\u0142o\u017ceniu opaska musi zosta\u0107 przeci\u0119ta, aby j\u0105 zdj\u0105\u0107, co zapobiega nieautoryzowanemu przenoszeniu. Dost\u0119pne w <b data-path-to-node=\"16\" data-index-in-node=\"199\">Szeroka twarz<\/b> (dla wi\u0119kszych logotyp\u00f3w) lub <b data-path-to-node=\"16\" data-index-in-node=\"231\">Kszta\u0142t litery L<\/b> projekty, u\u017cywamy wysokiej jako\u015bci <b data-path-to-node=\"16\" data-index-in-node=\"268\">sitodruk<\/b> aby zastosowa\u0107 logo lub tekst w jednym, \u017cywym kolorze, kt\u00f3ry nie blaknie.<\/p>\n<h2 data-path-to-node=\"17\">G\u0142\u00f3wne cechy<\/h2>\n<ul data-path-to-node=\"18\">\n<li>\n<p data-path-to-node=\"18,0,0\"><b data-path-to-node=\"18,0,0\" data-index-in-node=\"0\">Zamek zabezpieczony przed manipulacj\u0105:<\/b> Sta\u0142e zapi\u0119cie zatrzaskowe uniemo\u017cliwia ponowne u\u017cycie, gwarantuj\u0105c bezpieczn\u0105 kontrol\u0119 t\u0142umu.<\/p>\n<\/li>\n<li>\n<p data-path-to-node=\"18,1,0\"><b data-path-to-node=\"18,1,0\" data-index-in-node=\"0\">Wodoodporna konstrukcja:<\/b> Doskonale nadaje si\u0119 do stosowania w wilgotnych \u015brodowiskach, takich jak baseny, sauny i festiwale na \u015bwie\u017cym powietrzu.<\/p>\n<\/li>\n<li>\n<p data-path-to-node=\"18,2,0\"><b data-path-to-node=\"18,2,0\" data-index-in-node=\"0\">Wydruk o wysokim kontra\u015bcie:<\/b> Technologia sitodruku pozwala na uzyskanie wyra\u017anego i trwa\u0142ego nadruku logo lub przekazu.<\/p>\n<\/li>\n<li>\n<p data-path-to-node=\"18,3,0\"><b data-path-to-node=\"18,3,0\" data-index-in-node=\"0\">Szeroka gama kolor\u00f3w:<\/b> Wybierz spo\u015br\u00f3d neonowych, matowych lub b\u0142yszcz\u0105cych kolor\u00f3w bazowych, aby dopasowa\u0107 je do to\u017csamo\u015bci Twojej marki.<\/p>\n<\/li>\n<\/ul>\n<h2 data-path-to-node=\"19\">Specyfikacje<\/h2>\n<ul data-path-to-node=\"20\">\n<li>\n<p data-path-to-node=\"20,0,0\"><b data-path-to-node=\"20,0,0\" data-index-in-node=\"0\">Tworzywo:<\/b> 3-warstwowy winyl tr\u00f3jwarstwowy<\/p>\n<\/li>\n<li>\n<p data-path-to-node=\"20,1,0\"><b data-path-to-node=\"20,1,0\" data-index-in-node=\"0\">Druk:<\/b> 1-kolorowy sitodruk (trwa\u0142y i wyra\u017any)<\/p>\n<\/li>\n<li>\n<p data-path-to-node=\"20,2,0\"><b data-path-to-node=\"20,2,0\" data-index-in-node=\"0\">Zamkni\u0119cie:<\/b> Jednorazowy plastikowy zatrzask<\/p>\n<\/li>\n<li>\n<p data-path-to-node=\"20,3,0\"><b data-path-to-node=\"20,3,0\" data-index-in-node=\"0\">Rozmiar:<\/b> Regulowany (pasuje do wszystkich rozmiar\u00f3w nadgarstk\u00f3w)<\/p>\n<\/li>\n<li>\n<p data-path-to-node=\"20,4,0\"><b data-path-to-node=\"20,4,0\" data-index-in-node=\"0\">Czas u\u017cytkowania:<\/b> 3-7+ dni<\/p>\n<\/li>\n<li>\n<p data-path-to-node=\"20,5,0\"><b data-path-to-node=\"20,5,0\" data-index-in-node=\"0\">Wodoodporny:<\/b> Tak (100%)<\/p>\n<\/li>\n<li>\n<p data-path-to-node=\"20,6,0\"><b data-path-to-node=\"20,6,0\" data-index-in-node=\"0\">Minimalna ilo\u015b\u0107:<\/b> 100 jednostek<\/p>\n<\/li>\n<\/ul>\n<h2 data-path-to-node=\"21\">Przypadki u\u017cycia<\/h2>\n<ul data-path-to-node=\"22\">\n<li>\n<p data-path-to-node=\"22,0,0\"><b data-path-to-node=\"22,0,0\" data-index-in-node=\"0\">Hotele i o\u015brodki wypoczynkowe:<\/b> Identyfikator go\u015bcia w przypadku pakiet\u00f3w all-inclusive (sejf przy basenie i prysznicu).<\/p>\n<\/li>\n<li>\n<p data-path-to-node=\"22,1,0\"><b data-path-to-node=\"22,1,0\" data-index-in-node=\"0\">Koncerty i festiwale:<\/b> Bezpieczne zarz\u0105dzanie wej\u015bciami na przestrzeni wielu dni.<\/p>\n<\/li>\n<li>\n<p data-path-to-node=\"22,2,0\"><b data-path-to-node=\"22,2,0\" data-index-in-node=\"0\">Parki wodne:<\/b> Wystarczaj\u0105co trwa\u0142e, aby wytrzyma\u0107 dzia\u0142anie chloru i sta\u0142y kontakt z wod\u0105.<\/p>\n<\/li>\n<li>\n<p data-path-to-node=\"22,3,0\"><b data-path-to-node=\"22,3,0\" data-index-in-node=\"0\">Kluby nocne i bary:<\/b> Weryfikacja VIP lub wieku obowi\u0105zuj\u0105ca przez ca\u0142\u0105 noc.<\/p>\n<\/li>\n<\/ul>\n<\/div>\n<\/div>\n<\/div>\n<\/div>","protected":false},"excerpt":{"rendered":"<ul>\n<li>\n<p data-path-to-node=\"14,0,0\"><b data-path-to-node=\"14,0,0\" data-index-in-node=\"0\">Wysoki poziom bezpiecze\u0144stwa:<\/b> Posiada blokad\u0119 z tworzywa sztucznego, kt\u00f3ra zapobiega przenoszeniu i manipulacjom.<\/p>\n<\/li>\n<li>\n<p data-path-to-node=\"14,1,0\"><b data-path-to-node=\"14,1,0\" data-index-in-node=\"0\">Trwa\u0142o\u015b\u0107 wielodniowa:<\/b> Wykonany z 3-warstwowego winylu 100%, wodoodpornego i odpornego na rozdarcie.<\/p>\n<\/li>\n<li>\n<p data-path-to-node=\"14,2,0\"><b data-path-to-node=\"14,2,0\" data-index-in-node=\"0\">Branding niestandardowy:<\/b> Trwa\u0142y, jednokolorowy sitodruk pozwalaj\u0105cy na uzyskanie kontrastowych logotyp\u00f3w i tekst\u00f3w.<\/p>\n<\/li>\n<li>\n<p data-path-to-node=\"14,3,0\"><b data-path-to-node=\"14,3,0\" data-index-in-node=\"0\">Wygodne noszenie:<\/b> Mi\u0119kki, g\u0142adki materia\u0142 przeznaczony do d\u0142ugotrwa\u0142ego noszenia (3-7+ dni).<\/p>\n<\/li>\n<\/ul>","protected":false},"featured_media":6007,"comment_status":"closed","ping_status":"closed","template":"","meta":[],"product_brand":[],"product_cat":[66,51],"product_tag":[],"class_list":{"0":"post-1232","1":"product","2":"type-product","3":"status-publish","4":"has-post-thumbnail","6":"product_cat-wristbands","7":"product_cat-vinyl","9":"first","10":"instock","11":"shipping-taxable","12":"purchasable","13":"product-type-simple"},"_links":{"self":[{"href":"https:\/\/displayproducts.eu\/pl\/wp-json\/wp\/v2\/product\/1232","targetHints":{"allow":["GET"]}}],"collection":[{"href":"https:\/\/displayproducts.eu\/pl\/wp-json\/wp\/v2\/product"}],"about":[{"href":"https:\/\/displayproducts.eu\/pl\/wp-json\/wp\/v2\/types\/product"}],"replies":[{"embeddable":true,"href":"https:\/\/displayproducts.eu\/pl\/wp-json\/wp\/v2\/comments?post=1232"}],"wp:featuredmedia":[{"embeddable":true,"href":"https:\/\/displayproducts.eu\/pl\/wp-json\/wp\/v2\/media\/6007"}],"wp:attachment":[{"href":"https:\/\/displayproducts.eu\/pl\/wp-json\/wp\/v2\/media?parent=1232"}],"wp:term":[{"taxonomy":"product_brand","embeddable":true,"href":"https:\/\/displayproducts.eu\/pl\/wp-json\/wp\/v2\/product_brand?post=1232"},{"taxonomy":"product_cat","embeddable":true,"href":"https:\/\/displayproducts.eu\/pl\/wp-json\/wp\/v2\/product_cat?post=1232"},{"taxonomy":"product_tag","embeddable":true,"href":"https:\/\/displayproducts.eu\/pl\/wp-json\/wp\/v2\/product_tag?post=1232"}],"curies":[{"name":"wp","href":"https:\/\/api.w.org\/{rel}","templated":true}]}}