{"id":1229,"date":"2024-10-27T11:54:14","date_gmt":"2024-10-27T08:54:14","guid":{"rendered":"https:\/\/wristbandfactory.eu\/toode\/glitter-wristbands\/"},"modified":"2026-04-01T21:52:36","modified_gmt":"2026-04-01T18:52:36","slug":"glitter-vinyl-wristbands","status":"publish","type":"product","link":"https:\/\/displayproducts.eu\/pl\/p\/glitter-vinyl-wristbands\/","title":{"rendered":"Opaski winylowe z brokatem"},"content":{"rendered":"<p data-path-to-node=\"8\">Dodaj odrobin\u0119 ekskluzywno\u015bci do swojego kolejnego ekskluzywnego wydarzenia dzi\u0119ki naszym brokatowym opaskom winylowym. To doskona\u0142e rozwi\u0105zanie na bale galowe, strefy VIP i ekskluzywne imprezy, gdzie efektowne, wysokiej jako\u015bci wyko\u0144czenie jest kluczowe dla wizerunku Twojej marki.<\/p>\n<p data-path-to-node=\"9\">Te opaski \u0142\u0105cz\u0105 w sobie wielodniow\u0105 trwa\u0142o\u015b\u0107 i wodoodporno\u015b\u0107 standardowych opasek winylowych z wyko\u0144czeniem o intensywnym po\u0142ysku.<\/p>\n<h3>Zam\u00f3w z magazynu lub z nadrukiem niestandardowym<\/h3>\n<p data-path-to-node=\"11\">Aby dotrzyma\u0107 termin\u00f3w, oferujemy dwie opcje:<\/p>\n<ol start=\"1\" data-path-to-node=\"12\">\n<li>\n<p data-path-to-node=\"12,0,0\"><b>Bez nadruku (z magazynu):<\/b> Nasze niezadrukowane opaski brokatowe s\u0105 dost\u0119pne w magazynie w 6 \u017cywych kolorach: z\u0142otym, srebrnym, zielonym, niebieskim, r\u00f3\u017cowym lub czerwonym, co pozwala na natychmiastow\u0105 wysy\u0142k\u0119.<\/p>\n<\/li>\n<li>\n<p data-path-to-node=\"12,1,0\"><b>Nadruk niestandardowy:<\/b> W ramach brandingu mo\u017cemy doda\u0107 Twoje logo lub tekst w trwa\u0142ym, jednokolorowym nadruku, wykonanym przy u\u017cyciu dowolnego wybranego przez Ciebie koloru tuszu.<\/p>\n<\/li>\n<\/ol>\n<h3>Bezpiecze\u0144stwo wliczone w cen\u0119<\/h3>\n<p data-path-to-node=\"14\">Ka\u017cda opaska jest zapinana na jednorazowy plastikowy zatrzask. Ta niezbywalna blokada zapewnia bezpiecze\u0144stwo Twojego wydarzenia i zapobiega nieautoryzowanemu wej\u015bciu.<\/p>\n<p data-path-to-node=\"15\"><i>Uwaga: Nadruk na powierzchniach brokatowych jest wra\u017cliwy na dzia\u0142anie balsam\u00f3w, piasku i s\u0142onej wody. Zalecamy stosowanie tych opasek na imprezach w pomieszczeniach lub na suchych festiwalach, aby zapewni\u0107 maksymaln\u0105 trwa\u0142o\u015b\u0107 nadruku.<\/i><\/p>\n<p data-path-to-node=\"16\"><b>G\u0142\u00f3wne cechy:<\/b><\/p>\n<ul data-path-to-node=\"17\">\n<li>\n<p data-path-to-node=\"17,0,0\"><b>Wyko\u0144czenie z brokatem premium:<\/b> Materia\u0142 o wysokim po\u0142ysku, idealny na spotkania VIP, gale i ekskluzywne przyj\u0119cia.<\/p>\n<\/li>\n<li>\n<p data-path-to-node=\"17,1,0\"><b>Zamkni\u0119cie o wysokim poziomie bezpiecze\u0144stwa:<\/b> Posiada jednorazowe plastikowe zamkni\u0119cie zatrzaskowe, zapobiegaj\u0105ce przenoszeniu.<\/p>\n<\/li>\n<li>\n<p data-path-to-node=\"17,2,0\"><b>Branding niestandardowy:<\/b> Dost\u0119pne z trwa\u0142ym, jednokolorowym nadrukiem logo lub tekstu.<\/p>\n<\/li>\n<li>\n<p data-path-to-node=\"17,3,0\"><b>6 \u017cywych kolor\u00f3w:<\/b> Wybierz spo\u015br\u00f3d opcji magazynowych w kolorze z\u0142otym, srebrnym, zielonym, niebieskim, czerwonym lub r\u00f3\u017cowym.<\/p>\n<\/li>\n<li>\n<p data-path-to-node=\"17,4,0\"><b>Dost\u0119pno\u015b\u0107 towaru:<\/b> Opaski bez nadruku s\u0105 dost\u0119pne w magazynie i wysy\u0142ane natychmiast.<\/p>\n<\/li>\n<\/ul>","protected":false},"excerpt":{"rendered":"<ul>\n<li>\n<p data-path-to-node=\"7,0,0\"><b>Wyko\u0144czenie Premium VIP:<\/b> Wyko\u0144czenie z efektownym brokatem, idealne na bale galowe, dla klient\u00f3w VIP i ekskluzywne przyj\u0119cia.<\/p>\n<\/li>\n<li>\n<p data-path-to-node=\"7,1,0\"><b>Zamkni\u0119cie o wysokim poziomie bezpiecze\u0144stwa:<\/b> Posiada bezpieczne, jednorazowe plastikowe zamkni\u0119cie zatrzaskowe, zapobiegaj\u0105ce przenoszeniu.<\/p>\n<\/li>\n<li>\n<p data-path-to-node=\"7,2,0\"><b>Elastyczne zamawianie:<\/b> Dost\u0119pne w wersji niezadrukowanej (szybka dostawa) lub z nadrukowanym logo w jednym kolorze.<\/p>\n<\/li>\n<li>\n<p data-path-to-node=\"7,3,0\"><b>6 kolor\u00f3w bazowych:<\/b> Wybierz kolor z\u0142oty, srebrny, zielony, niebieski, czerwony lub r\u00f3\u017cowy.<\/p>\n<\/li>\n<\/ul>","protected":false},"featured_media":6032,"comment_status":"closed","ping_status":"closed","template":"","meta":[],"product_brand":[],"product_cat":[66,51,68],"product_tag":[],"class_list":{"0":"post-1229","1":"product","2":"type-product","3":"status-publish","4":"has-post-thumbnail","6":"product_cat-wristbands","7":"product_cat-vinyl","8":"product_cat-event-supplies","10":"first","11":"instock","12":"shipping-taxable","13":"purchasable","14":"product-type-simple"},"_links":{"self":[{"href":"https:\/\/displayproducts.eu\/pl\/wp-json\/wp\/v2\/product\/1229","targetHints":{"allow":["GET"]}}],"collection":[{"href":"https:\/\/displayproducts.eu\/pl\/wp-json\/wp\/v2\/product"}],"about":[{"href":"https:\/\/displayproducts.eu\/pl\/wp-json\/wp\/v2\/types\/product"}],"replies":[{"embeddable":true,"href":"https:\/\/displayproducts.eu\/pl\/wp-json\/wp\/v2\/comments?post=1229"}],"wp:featuredmedia":[{"embeddable":true,"href":"https:\/\/displayproducts.eu\/pl\/wp-json\/wp\/v2\/media\/6032"}],"wp:attachment":[{"href":"https:\/\/displayproducts.eu\/pl\/wp-json\/wp\/v2\/media?parent=1229"}],"wp:term":[{"taxonomy":"product_brand","embeddable":true,"href":"https:\/\/displayproducts.eu\/pl\/wp-json\/wp\/v2\/product_brand?post=1229"},{"taxonomy":"product_cat","embeddable":true,"href":"https:\/\/displayproducts.eu\/pl\/wp-json\/wp\/v2\/product_cat?post=1229"},{"taxonomy":"product_tag","embeddable":true,"href":"https:\/\/displayproducts.eu\/pl\/wp-json\/wp\/v2\/product_tag?post=1229"}],"curies":[{"name":"wp","href":"https:\/\/api.w.org\/{rel}","templated":true}]}}