{"id":1228,"date":"2024-10-27T11:54:14","date_gmt":"2024-10-27T08:54:14","guid":{"rendered":"https:\/\/wristbandfactory.eu\/toode\/medical-wristbands\/"},"modified":"2026-04-01T21:52:36","modified_gmt":"2026-04-01T18:52:36","slug":"medical-wristbands","status":"publish","type":"product","link":"https:\/\/displayproducts.eu\/pl\/p\/medical-wristbands\/","title":{"rendered":"Opaski medyczne"},"content":{"rendered":"<div class=\"mx-12 md:mx-24 lg:mx-48\">\n<div class=\"container my-8 svelte-zlsknf\">\n<div class=\"my-24 rounded-lg border-0 border-gray-700 bg-gray-100 px-16 py-24\">\n<div class=\"mt-11 !text-gray-500\">\n<p data-path-to-node=\"12\">Zapewnij bezpiecze\u0144stwo pacjenta i prawid\u0142ow\u0105 identyfikacj\u0119 dzi\u0119ki naszym <b data-path-to-node=\"12\" data-index-in-node=\"84\">Opaski medyczne<\/b>. Zaprojektowane specjalnie dla szpitali, strona g\u0142\u00f3wna\u00f3w opieki i plac\u00f3wek s\u0142u\u017cby zdrowia, opaski te zapewniaj\u0105 niezawodny i skuteczny spos\u00f3b wy\u015bwietlania najwa\u017cniejszych danych o pacjencie.<\/p>\n<p data-path-to-node=\"13\"><span data-path-to-node=\"13,0\">Opaski wykonane s\u0105 z mi\u0119kkiego, hipoalergicznego winylu, dzi\u0119ki czemu s\u0105 wygodne przy d\u0142ugotrwa\u0142ym noszeniu i bezpieczne dla wra\u017cliwej sk\u00f3ry. <\/span><span data-path-to-node=\"13,2\"><span class=\"citation-59\">Materia\u0142 jest trwa\u0142y i wodoodporny, dzi\u0119ki czemu nadaje si\u0119 do stosowania w prysznicach i szpitalach, nie rozmazuj\u0105c si\u0119 i nie ulegaj\u0105c degradacji<\/span><\/span><span data-path-to-node=\"13,4\">.<\/span><\/p>\n<h2 data-path-to-node=\"14\">G\u0142\u00f3wne cechy<\/h2>\n<ul data-path-to-node=\"15\">\n<li>\n<p data-path-to-node=\"15,0,0\"><b data-path-to-node=\"15,0,0\" data-index-in-node=\"0\">System wk\u0142adania kart:<\/b> Posiada bezpieczn\u0105 kiesze\u0144 z wk\u0142adk\u0105 papierow\u0105, umo\u017cliwiaj\u0105c\u0105 personelowi szybkie zapisanie imion, dat urodzenia lub numer\u00f3w identyfikacyjnych bez konieczno\u015bci u\u017cycia specjalnych drukarek.<\/p>\n<\/li>\n<li>\n<p data-path-to-node=\"15,1,0\"><b data-path-to-node=\"15,1,0\" data-index-in-node=\"0\">Papier warto\u015bciowy niezbywalny:<\/b> Wyposa\u017cone w jednorazowe plastikowe zapi\u0119cie zatrzaskowe (klips), kt\u00f3re nale\u017cy przeci\u0105\u0107, aby je zdj\u0105\u0107, co zapobiega nieautoryzowanemu przenoszeniu mi\u0119dzy pacjentami.<\/p>\n<\/li>\n<li>\n<p data-path-to-node=\"15,2,0\"><b data-path-to-node=\"15,2,0\" data-index-in-node=\"0\">Bezpiecze\u0144stwo pacjenta przede wszystkim:<\/b> Wykonane z materia\u0142\u00f3w hipoalergicznych, bez ostrych kraw\u0119dzi, aby zapobiec podra\u017cnieniom i urazom sk\u00f3ry.<\/p>\n<\/li>\n<li>\n<p data-path-to-node=\"15,3,0\"><b data-path-to-node=\"15,3,0\" data-index-in-node=\"0\">Identyfikacja wizualna:<\/b> Dost\u0119pne w standardowym kolorze bia\u0142ym (dla doros\u0142ych), a na \u017cyczenie dost\u0119pne s\u0105 inne kolory, kt\u00f3re u\u0142atwiaj\u0105 kategoryzacj\u0119 grup pacjent\u00f3w (np. alergie, ryzyko upadku).<\/p>\n<\/li>\n<\/ul>\n<h2 data-path-to-node=\"16\">Specyfikacje<\/h2>\n<ul data-path-to-node=\"17\">\n<li>\n<p data-path-to-node=\"17,0,0\"><b data-path-to-node=\"17,0,0\" data-index-in-node=\"0\">Tworzywo:<\/b> Mi\u0119kkie PVC \/ winyl (hipoalergiczne).<\/p>\n<\/li>\n<li>\n<p data-path-to-node=\"17,1,0\"><b data-path-to-node=\"17,1,0\" data-index-in-node=\"0\">Typ zamkni\u0119cia:<\/b> Jednorazowy plastikowy klips\/zatrzask.<\/p>\n<\/li>\n<li>\n<p data-path-to-node=\"17,2,0\"><b data-path-to-node=\"17,2,0\" data-index-in-node=\"0\">Obszar do pisania:<\/b> W zestawie znajduje si\u0119 karta do wk\u0142adania.<\/p>\n<\/li>\n<li>\n<p data-path-to-node=\"17,3,0\"><b data-path-to-node=\"17,3,0\" data-index-in-node=\"0\">Rozmiary:<\/b> Dost\u0119pne wersje dla doros\u0142ych i dzieci.<\/p>\n<\/li>\n<li>\n<p data-path-to-node=\"17,4,0\"><b data-path-to-node=\"17,4,0\" data-index-in-node=\"0\">Trwa\u0142o\u015b\u0107:<\/b> Odporne na wod\u0119 i rozdarcie.<\/p>\n<\/li>\n<li>\n<p data-path-to-node=\"17,5,0\"><b data-path-to-node=\"17,5,0\" data-index-in-node=\"0\">Minimalna ilo\u015b\u0107 zam\u00f3wienia:<\/b> 100 jednostek.<\/p>\n<\/li>\n<\/ul>\n<h2 data-path-to-node=\"18\">Przypadki u\u017cycia<\/h2>\n<ul data-path-to-node=\"19\">\n<li>\n<p data-path-to-node=\"19,0,0\"><b data-path-to-node=\"19,0,0\" data-index-in-node=\"0\">Przyj\u0119cia do szpitala:<\/b> Szybka identyfikacja pacjent\u00f3w przyjmowanych na SOR lub oddzia\u0142y szpitalne.<\/p>\n<\/li>\n<li>\n<p data-path-to-node=\"19,1,0\"><b data-path-to-node=\"19,1,0\" data-index-in-node=\"0\">Strona g\u0142\u00f3wnay opieki:<\/b> Trwa\u0142a identyfikacja dla rezydent\u00f3w d\u0142ugoterminowych.<\/p>\n<\/li>\n<li>\n<p data-path-to-node=\"19,2,0\"><b data-path-to-node=\"19,2,0\" data-index-in-node=\"0\">Pacjenci ambulatoryjni:<\/b> Bez nadruku tagowanie dla procedur dziennych.<\/p>\n<\/li>\n<li>\n<p data-path-to-node=\"19,3,0\"><b data-path-to-node=\"19,3,0\" data-index-in-node=\"0\">Tria\u017c medyczny:<\/b> Szybka kategoryzacja pacjent\u00f3w w trakcie reagowania kryzysowego.<\/p>\n<\/li>\n<\/ul>\n<\/div>\n<\/div>\n<\/div>\n<\/div>","protected":false},"excerpt":{"rendered":"<ul>\n<li>\n<p data-path-to-node=\"11,0,1\"><span data-path-to-node=\"11,0,1,0\"><b data-path-to-node=\"11,0,1,0\" data-index-in-node=\"0\"><span class=\"citation-60\">Tworzywo:<\/span><\/b><span class=\"citation-60\"> Mi\u0119kki, hipoalergiczny winyl (wodoodporny)<\/span><\/span><span data-path-to-node=\"11,0,1,2\">.<\/span><\/p>\n<\/li>\n<li>\n<p data-path-to-node=\"11,1,0\"><b data-path-to-node=\"11,1,0\" data-index-in-node=\"0\">Wprowadzanie danych:<\/b> Przezroczysta kiesze\u0144 z wsuwan\u0105 wk\u0142adk\u0105 na kart\u0119 zawieraj\u0105c\u0105 dane pacjenta.<\/p>\n<\/li>\n<li>\n<p data-path-to-node=\"11,2,0\"><b data-path-to-node=\"11,2,0\" data-index-in-node=\"0\">Bezpiecze\u0144stwo:<\/b> Jednorazowe plastikowe zapi\u0119cie zatrzaskowe zapobiega przenoszeniu.<\/p>\n<\/li>\n<li>\n<p data-path-to-node=\"11,3,0\"><b data-path-to-node=\"11,3,0\" data-index-in-node=\"0\">Rozmiary:<\/b> Dost\u0119pne w rozmiarach dla doros\u0142ych i dzieci.<\/p>\n<\/li>\n<\/ul>","protected":false},"featured_media":6413,"comment_status":"closed","ping_status":"closed","template":"","meta":[],"product_brand":[],"product_cat":[66,51,72],"product_tag":[],"class_list":{"0":"post-1228","1":"product","2":"type-product","3":"status-publish","4":"has-post-thumbnail","6":"product_cat-wristbands","7":"product_cat-vinyl","8":"product_cat-medical-and-hospital","10":"first","11":"instock","12":"shipping-taxable","13":"purchasable","14":"product-type-simple"},"_links":{"self":[{"href":"https:\/\/displayproducts.eu\/pl\/wp-json\/wp\/v2\/product\/1228","targetHints":{"allow":["GET"]}}],"collection":[{"href":"https:\/\/displayproducts.eu\/pl\/wp-json\/wp\/v2\/product"}],"about":[{"href":"https:\/\/displayproducts.eu\/pl\/wp-json\/wp\/v2\/types\/product"}],"replies":[{"embeddable":true,"href":"https:\/\/displayproducts.eu\/pl\/wp-json\/wp\/v2\/comments?post=1228"}],"wp:featuredmedia":[{"embeddable":true,"href":"https:\/\/displayproducts.eu\/pl\/wp-json\/wp\/v2\/media\/6413"}],"wp:attachment":[{"href":"https:\/\/displayproducts.eu\/pl\/wp-json\/wp\/v2\/media?parent=1228"}],"wp:term":[{"taxonomy":"product_brand","embeddable":true,"href":"https:\/\/displayproducts.eu\/pl\/wp-json\/wp\/v2\/product_brand?post=1228"},{"taxonomy":"product_cat","embeddable":true,"href":"https:\/\/displayproducts.eu\/pl\/wp-json\/wp\/v2\/product_cat?post=1228"},{"taxonomy":"product_tag","embeddable":true,"href":"https:\/\/displayproducts.eu\/pl\/wp-json\/wp\/v2\/product_tag?post=1228"}],"curies":[{"name":"wp","href":"https:\/\/api.w.org\/{rel}","templated":true}]}}