{"id":1217,"date":"2024-10-27T11:54:36","date_gmt":"2024-10-27T08:54:36","guid":{"rendered":"https:\/\/wristbandfactory.eu\/toode\/polyester-wristbands-with-woven-logo\/"},"modified":"2026-04-01T21:52:36","modified_gmt":"2026-04-01T18:52:36","slug":"woven-fabric-wristbands-up-to-4-colours","status":"publish","type":"product","link":"https:\/\/displayproducts.eu\/pl\/p\/woven-fabric-wristbands-up-to-4-colours\/","title":{"rendered":"Tkane opaski materia\u0142owe (do 4 kolor\u00f3w)"},"content":{"rendered":"<div class=\"mx-12 md:mx-24 lg:mx-48\">\n<div class=\"container my-8 svelte-zlsknf\">\n<div class=\"my-24 rounded-lg border-0 border-gray-700 bg-gray-100 px-16 py-24\">\n<div class=\"mt-11 !text-gray-500\">\n<p data-path-to-node=\"8\">Podnie\u015b poziom brandingu swojego wydarzenia dzi\u0119ki naszym ekskluzywnym opaskom z tkaniny tkanej. W przeciwie\u0144stwie do alternatyw z nadrukiem, ten wz\u00f3r integruje logo i przekaz (u\u017cywaj\u0105c do 4 r\u00f3\u017cnych kolor\u00f3w) bezpo\u015brednio z wytrzyma\u0142\u0105 tkanin\u0105 poliestrow\u0105. Ta metoda tkania zapewnia trwa\u0142e, wysokiej jako\u015bci, teksturowane wyko\u0144czenie, odporne na blakni\u0119cie i zu\u017cycie, co czyni j\u0105 najlepszym wyborem na wielodniowe festiwale i imprezy firmowe, gdzie presti\u017c marki jest priorytetem.<\/p>\n<h3 data-path-to-node=\"9\"><b>Skonfiguruj swoj\u0105 idealn\u0105 tkan\u0105 opask\u0119 na nadgarstek<\/b><\/h3>\n<ol start=\"1\" data-path-to-node=\"10\">\n<li>\n<p data-path-to-node=\"10,0,0\"><b>Wybierz sw\u00f3j zamek:<\/b> Wybierz zapi\u0119cie, kt\u00f3re odpowiada potrzebom bezpiecze\u0144stwa Twojego wydarzenia. Ta opaska jest kompatybilna z pe\u0142n\u0105 gam\u0105 naszych zamk\u00f3w, w tym:<\/p>\n<ul data-path-to-node=\"10,0,1\">\n<li>\n<p data-path-to-node=\"10,0,1,0,0\"><b>Zamki o wysokim poziomie bezpiecze\u0144stwa:<\/b> Jednorazowe zamkni\u0119cie zapobiegaj\u0105ce przenoszeniu i zapewniaj\u0105ce solidn\u0105 kontrol\u0119 dost\u0119pu.<\/p>\n<\/li>\n<li>\n<p data-path-to-node=\"10,0,1,1,0\"><b>Zamki wielokrotnego u\u017cytku:<\/b> Regulowany koralik do wielodniowego, elastycznego stosowania.<\/p>\n<\/li>\n<li>\n<p data-path-to-node=\"10,0,1,2,0\"><b>Zamki przyjazne dla \u015brodowiska:<\/b> Nasza ekologiczna, jednorazowa k\u0142\u00f3dka bambusowa.<\/p>\n<\/li>\n<\/ul>\n<\/li>\n<li>\n<p data-path-to-node=\"10,1,0\"><b>Dodaj opcjonalne leczenie antybakteryjne:<\/b> W przypadku wydarze\u0144 wymagaj\u0105cych najwy\u017cszych standard\u00f3w higieny opaski te s\u0105 dost\u0119pne z opcjonalnym <b>certyfikowana obr\u00f3bka antybakteryjna zgodna z normami ISO 20743<\/b>. Zapewnia to niezb\u0119dn\u0105 warstw\u0119 bezpiecze\u0144stwa uczestnikom konferencji po\u015bwi\u0119conych ochronie zdrowia, festiwali kulinarnych i du\u017cych zgromadze\u0144 publicznych.<\/p>\n<\/li>\n<\/ol>\n<h3 data-path-to-node=\"11\"><b>G\u0142\u00f3wne cechy:<\/b><\/h3>\n<ul data-path-to-node=\"12\">\n<li>\n<p data-path-to-node=\"12,0,0\"><b>Logo tkane premium:<\/b> Tw\u00f3j wz\u00f3r jest wplatany w tkanin\u0119 (do 4 kolor\u00f3w), co zapewnia trwa\u0142e, wysokiej jako\u015bci wyko\u0144czenie.<\/p>\n<\/li>\n<li>\n<p data-path-to-node=\"12,1,0\"><b>Opcje blokady bezpiecze\u0144stwa:<\/b> Wybierz produkt o wysokim poziomie bezpiecze\u0144stwa (jednorazowego u\u017cytku), wielokrotnego u\u017cytku lub ekologiczny bambus.<\/p>\n<\/li>\n<li>\n<p data-path-to-node=\"12,2,0\"><b>Opcjonalne leczenie antybakteryjne:<\/b> Certyfikat ISO 20743 potwierdzaj\u0105cy podwy\u017cszon\u0105 higien\u0119.<\/p>\n<\/li>\n<li>\n<p data-path-to-node=\"12,3,0\"><b>Wytrzyma\u0142y poliester:<\/b> Wytrzyma\u0142y materia\u0142, idealny do d\u0142ugotrwa\u0142ego u\u017cytkowania.<\/p>\n<\/li>\n<li>\n<p data-path-to-node=\"12,4,0\"><b>Minimalne zapytanie ofertowe:<\/b> 100 sztuk.<\/p>\n<\/li>\n<\/ul>\n<p data-path-to-node=\"13\">\n<\/div>\n<\/div>\n<\/div>\n<\/div>","protected":false},"excerpt":{"rendered":"<ul>\n<li>\n<p data-path-to-node=\"7,0,0\">Wysokiej jako\u015bci tkany wz\u00f3r: Twoje logo jest tkane bezpo\u015brednio na materiale przy u\u017cyciu maksymalnie 4 kolor\u00f3w, co zapewnia trwa\u0142e, nieblakn\u0105ce wyko\u0144czenie.<\/p>\n<\/li>\n<li>\n<p data-path-to-node=\"7,1,0\">Opcje zamka: Wybierz zamek o wysokim poziomie bezpiecze\u0144stwa (jednorazowego u\u017cytku), zamek wielokrotnego u\u017cytku lub zamek bambusowy przyjazny dla \u015brodowiska.<\/p>\n<\/li>\n<li>\n<p data-path-to-node=\"7,2,0\">Opcjonalna obr\u00f3bka antybakteryjna: certyfikowana obr\u00f3bka zgodna z norm\u0105 ISO 20743 zapewniaj\u0105ca lepsz\u0105 higien\u0119 i bezpiecze\u0144stwo uczestnik\u00f3w.<\/p>\n<\/li>\n<li>\n<p data-path-to-node=\"7,3,0\">Wytrzyma\u0142y materia\u0142 poliestrowy, idealny na festiwale trwaj\u0105ce kilka dni.<\/p>\n<\/li>\n<\/ul>","protected":false},"featured_media":6385,"comment_status":"closed","ping_status":"closed","template":"","meta":[],"product_brand":[],"product_cat":[66,47],"product_tag":[],"class_list":{"0":"post-1217","1":"product","2":"type-product","3":"status-publish","4":"has-post-thumbnail","6":"product_cat-wristbands","7":"product_cat-fabric-wristbands","9":"first","10":"instock","11":"shipping-taxable","12":"purchasable","13":"product-type-simple"},"_links":{"self":[{"href":"https:\/\/displayproducts.eu\/pl\/wp-json\/wp\/v2\/product\/1217","targetHints":{"allow":["GET"]}}],"collection":[{"href":"https:\/\/displayproducts.eu\/pl\/wp-json\/wp\/v2\/product"}],"about":[{"href":"https:\/\/displayproducts.eu\/pl\/wp-json\/wp\/v2\/types\/product"}],"replies":[{"embeddable":true,"href":"https:\/\/displayproducts.eu\/pl\/wp-json\/wp\/v2\/comments?post=1217"}],"wp:featuredmedia":[{"embeddable":true,"href":"https:\/\/displayproducts.eu\/pl\/wp-json\/wp\/v2\/media\/6385"}],"wp:attachment":[{"href":"https:\/\/displayproducts.eu\/pl\/wp-json\/wp\/v2\/media?parent=1217"}],"wp:term":[{"taxonomy":"product_brand","embeddable":true,"href":"https:\/\/displayproducts.eu\/pl\/wp-json\/wp\/v2\/product_brand?post=1217"},{"taxonomy":"product_cat","embeddable":true,"href":"https:\/\/displayproducts.eu\/pl\/wp-json\/wp\/v2\/product_cat?post=1217"},{"taxonomy":"product_tag","embeddable":true,"href":"https:\/\/displayproducts.eu\/pl\/wp-json\/wp\/v2\/product_tag?post=1217"}],"curies":[{"name":"wp","href":"https:\/\/api.w.org\/{rel}","templated":true}]}}