{"id":1216,"date":"2024-10-27T11:54:36","date_gmt":"2024-10-27T08:54:36","guid":{"rendered":"https:\/\/wristbandfactory.eu\/toode\/adjustable-cord-wristbands\/"},"modified":"2026-04-01T21:52:04","modified_gmt":"2026-04-01T18:52:04","slug":"adjustable-rope-wristbands-custom-printed-cord-with-logo","status":"publish","type":"product","link":"https:\/\/displayproducts.eu\/pl\/p\/adjustable-rope-wristbands-custom-printed-cord-with-logo\/","title":{"rendered":"Opaski paracord \u2013 Z nadrukiem"},"content":{"rendered":"<div class=\"mx-12 md:mx-24 lg:mx-48\">\n<div class=\"container my-8 svelte-zlsknf\">\n<div class=\"my-24 rounded-lg border-0 border-gray-700 bg-gray-100 px-16 py-24\">\n<div class=\"mt-11 !text-gray-500\">\n<p data-path-to-node=\"9\"><b>Stylowe i wszechstronne brandingi: spersonalizowane, regulowane opaski na nadgarstek z liny<\/b><\/p>\n<p data-path-to-node=\"10\">Ulepsz swoje produkty promocyjne dzi\u0119ki naszym regulowanym opaskom na r\u0119k\u0119 z link\u0105. Zaprojektowane z my\u015bl\u0105 o trwa\u0142o\u015bci i d\u0142ugim okresie u\u017cytkowania, te opaski posiadaj\u0105 solidny, okr\u0105g\u0142y sznurek poliestrowy i gumow\u0105 rurk\u0119 z mo\u017cliwo\u015bci\u0105 personalizacji, stanowi\u0105c nowoczesn\u0105 alternatyw\u0119 dla tradycyjnych p\u0142askich opasek. To idealne rozwi\u0105zanie dla kampanii buduj\u0105cych \u015bwiastrona g\u0142\u00f3wnao\u015b\u0107 marki, imprez charytatywnych i gad\u017cet\u00f3w VIP.<\/p>\n<p data-path-to-node=\"11\"><b>Wygoda w jednym rozmiarze<\/b> Inteligentny mechanizm przesuwanego sznurka pozwala na \u0142atwe dopasowanie opaski do ka\u017cdego rozmiaru nadgarstka, od dzieci\u0119cego po doros\u0142ego. Ta uniwersalno\u015b\u0107 \u201cjednego rozmiaru\u201d upraszcza proces zamawiania, eliminuj\u0105c konieczno\u015b\u0107 zgadywania proporcji rozmiar\u00f3w dla odbiorc\u00f3w.<\/p>\n<p data-path-to-node=\"12\"><b>Skoncentrowany branding<\/b> W przeciwie\u0144stwie do nadruk\u00f3w na ca\u0142ej d\u0142ugo\u015bci, te opaski skupiaj\u0105 uwag\u0119 na logo lub przekazie, wyra\u017anie nadrukowanym na centralnej gumowej rurce. Kontrastowy, jednokolorowy nadruk sprawia, \u017ce Twoja marka pozostaje centralnym punktem na stylowym, dwukolorowym tle sznurka.<\/p>\n<p data-path-to-node=\"13\"><b>Opcje higieny i bezpiecze\u0144stwa<\/b> Na wydarzenia wymagaj\u0105ce wy\u017cszych standard\u00f3w sanitarnych oferujemy opcjonaln\u0105 pow\u0142ok\u0119 antybakteryjn\u0105 poliestrowego sznurka z certyfikatem ISO 20743. Ta cecha zapewnia u\u017cytkownikom dodatkowy spok\u00f3j ducha i pozycjonuje Pa\u0144stwa mark\u0119 jako odpowiedzialnego lidera w bran\u017cy.<\/p>\n<p data-path-to-node=\"14\"><b>G\u0142\u00f3wne cechy:<\/b><\/p>\n<ul data-path-to-node=\"15\">\n<li>\n<p data-path-to-node=\"15,0,0\"><b>Wysokiej jako\u015bci przew\u00f3d:<\/b> Wytrzyma\u0142y, tkany poliester zachowuje sw\u00f3j kszta\u0142t i kolor.<\/p>\n<\/li>\n<li>\n<p data-path-to-node=\"15,1,0\"><b>Wyj\u0105tkowy design:<\/b> Dost\u0119pne w dwukolorowych kombinacjach, dopasowanych do motyw\u00f3w marki.<\/p>\n<\/li>\n<li>\n<p data-path-to-node=\"15,2,0\"><b>Regulowany suwak:<\/b> Bezpieczny i \u0142atwy w u\u017cyciu mechanizm przesuwania tuby.<\/p>\n<\/li>\n<li>\n<p data-path-to-node=\"15,3,0\"><b>D\u0142ugotrwa\u0142e:<\/b> Zaprojektowane z my\u015bl\u0105 o d\u0142u\u017cszym noszeniu, maksymalizuj\u0105c rozpoznawalno\u015b\u0107 marki.<\/p>\n<\/li>\n<li>\n<p data-path-to-node=\"15,4,0\"><b>Gotowe do sprzeda\u017cy hurtowej:<\/b> Zoptymalizowane pod k\u0105tem zam\u00f3wie\u0144 hurtowych, z zachowaniem sta\u0142ej kontroli jako\u015bci.<\/p>\n<\/li>\n<\/ul>\n<\/div>\n<\/div>\n<\/div>\n<\/div>","protected":false},"excerpt":{"rendered":"<ul>\n<li>\n<p data-path-to-node=\"6,0,0\"><b>Tworzywo:<\/b> Okr\u0105g\u0142y, dwukolorowy sznurek poliestrowy z przesuwan\u0105 gumow\u0105 rurk\u0105.<\/p>\n<\/li>\n<li>\n<p data-path-to-node=\"6,1,0\"><b>Personalizacja:<\/b> Wyrazisty, jednokolorowy nadruk logo na centralnej rurce.<\/p>\n<\/li>\n<li>\n<p data-path-to-node=\"6,2,0\"><b>Pasowa\u0107:<\/b> W pe\u0142ni regulowany mechanizm suwakowy (jeden rozmiar pasuje do wszystkich).<\/p>\n<\/li>\n<li>\n<p data-path-to-node=\"6,3,0\"><b>Bezpiecze\u0144stwo:<\/b> Opcjonalnie dost\u0119pna obr\u00f3bka antybakteryjna zgodna z norm\u0105 ISO 20743.<\/p>\n<\/li>\n<\/ul>","protected":false},"featured_media":6400,"comment_status":"closed","ping_status":"closed","template":"","meta":[],"product_brand":[],"product_cat":[66,112],"product_tag":[],"class_list":{"0":"post-1216","1":"product","2":"type-product","3":"status-publish","4":"has-post-thumbnail","6":"product_cat-wristbands","7":"product_cat-paracord-wristbands","9":"first","10":"instock","11":"shipping-taxable","12":"purchasable","13":"product-type-simple"},"_links":{"self":[{"href":"https:\/\/displayproducts.eu\/pl\/wp-json\/wp\/v2\/product\/1216","targetHints":{"allow":["GET"]}}],"collection":[{"href":"https:\/\/displayproducts.eu\/pl\/wp-json\/wp\/v2\/product"}],"about":[{"href":"https:\/\/displayproducts.eu\/pl\/wp-json\/wp\/v2\/types\/product"}],"replies":[{"embeddable":true,"href":"https:\/\/displayproducts.eu\/pl\/wp-json\/wp\/v2\/comments?post=1216"}],"wp:featuredmedia":[{"embeddable":true,"href":"https:\/\/displayproducts.eu\/pl\/wp-json\/wp\/v2\/media\/6400"}],"wp:attachment":[{"href":"https:\/\/displayproducts.eu\/pl\/wp-json\/wp\/v2\/media?parent=1216"}],"wp:term":[{"taxonomy":"product_brand","embeddable":true,"href":"https:\/\/displayproducts.eu\/pl\/wp-json\/wp\/v2\/product_brand?post=1216"},{"taxonomy":"product_cat","embeddable":true,"href":"https:\/\/displayproducts.eu\/pl\/wp-json\/wp\/v2\/product_cat?post=1216"},{"taxonomy":"product_tag","embeddable":true,"href":"https:\/\/displayproducts.eu\/pl\/wp-json\/wp\/v2\/product_tag?post=1216"}],"curies":[{"name":"wp","href":"https:\/\/api.w.org\/{rel}","templated":true}]}}