{"id":1212,"date":"2024-10-27T11:54:36","date_gmt":"2024-10-27T08:54:36","guid":{"rendered":"https:\/\/wristbandfactory.eu\/toode\/safety-wristbands-for-children\/"},"modified":"2026-04-01T21:52:36","modified_gmt":"2026-04-01T18:52:36","slug":"safety-wristbands-for-children","status":"publish","type":"product","link":"https:\/\/displayproducts.eu\/pl\/p\/safety-wristbands-for-children\/","title":{"rendered":"Opaski bezpiecze\u0144stwa dla dzieci"},"content":{"rendered":"<div class=\"wpb_text_column wpb_content_element\">\n<div class=\"wpb_wrapper\">\n<p>Opaski s\u0105 w pe\u0142ni bezpieczne dla zdrowia i sk\u00f3ry dziecka, co potwierdzaj\u0105 odpowiednie certyfikaty. Wsp\u00f3\u0142pracujemy z najbardziej do\u015bwiadczonymi producentami materia\u0142\u00f3w, aby zapewni\u0107 naszym Klientom w pe\u0142ni bezpieczny produkt.<\/p>\n<\/div>\n<\/div>\n<p>atestowany<br \/>\nzatwierdzony przez Pa\u0144stwowy Zak\u0142ad Higieny w Polsce<\/p>\n<p>tworzywo<br \/>\nspecjalny materia\u0142, kt\u00f3ry jest delikatny dla sk\u00f3ry dziecka<\/p>\n<p>hipoalergiczny<br \/>\nbrak zwi\u0105zk\u00f3w alergennych<\/p>\n<p>hipoalergiczny<br \/>\nKorzystne warunki partnerstwa<\/p>\n<p>ponad 300 szt.<br \/>\nmo\u017cliwe ma\u0142e ilo\u015bci produkcyjne<\/p>\n<p>czas<br \/>\nkr\u00f3tkie terminy produkcji<br \/>\ntrwa\u0142o\u015b\u0107<br \/>\nmateria\u0142 jest elastyczny, delikatny i jednocze\u015bnie trwa\u0142y<\/p>\n<p>wielokrotnego u\u017cytku<br \/>\nzapi\u0119cia opaski zaprojektowane tak, aby umo\u017cliwi\u0107 wielokrotne wykorzystanie opaski<\/p>\n<p>kolor<br \/>\nzapi\u0119cie zmienia kolor pod wp\u0142ywem silnego promieniowania UV<\/p>","protected":false},"excerpt":{"rendered":"<div>\n<p class=\"text-gray-500\">Szeroka gama kolorowych, unikatowych wzor\u00f3w, zaprojektowanych przez ilustratora i edukatora. Dodatkowo, Klient mo\u017ce stworzy\u0107 dowolny wz\u00f3r i umie\u015bci\u0107 go na opasce. To idealne rozwi\u0105zanie dla firm poszukuj\u0105cych unikalnego no\u015bnika reklamy, innowacyjnego i pomys\u0142owego gad\u017cetu lub praktycznego prezentu dla swoich pracownik\u00f3w i klient\u00f3w. Grafika reklamowa mo\u017ce pokrywa\u0107 ca\u0142\u0105 powierzchni\u0119 opaski (z wy\u0142\u0105czeniem zapi\u0119cia).<\/p>\n<\/div>","protected":false},"featured_media":6439,"comment_status":"closed","ping_status":"closed","template":"","meta":[],"product_brand":[],"product_cat":[66,68],"product_tag":[],"class_list":{"0":"post-1212","1":"product","2":"type-product","3":"status-publish","4":"has-post-thumbnail","6":"product_cat-wristbands","7":"product_cat-event-supplies","9":"first","10":"instock","11":"shipping-taxable","12":"purchasable","13":"product-type-simple"},"_links":{"self":[{"href":"https:\/\/displayproducts.eu\/pl\/wp-json\/wp\/v2\/product\/1212","targetHints":{"allow":["GET"]}}],"collection":[{"href":"https:\/\/displayproducts.eu\/pl\/wp-json\/wp\/v2\/product"}],"about":[{"href":"https:\/\/displayproducts.eu\/pl\/wp-json\/wp\/v2\/types\/product"}],"replies":[{"embeddable":true,"href":"https:\/\/displayproducts.eu\/pl\/wp-json\/wp\/v2\/comments?post=1212"}],"wp:featuredmedia":[{"embeddable":true,"href":"https:\/\/displayproducts.eu\/pl\/wp-json\/wp\/v2\/media\/6439"}],"wp:attachment":[{"href":"https:\/\/displayproducts.eu\/pl\/wp-json\/wp\/v2\/media?parent=1212"}],"wp:term":[{"taxonomy":"product_brand","embeddable":true,"href":"https:\/\/displayproducts.eu\/pl\/wp-json\/wp\/v2\/product_brand?post=1212"},{"taxonomy":"product_cat","embeddable":true,"href":"https:\/\/displayproducts.eu\/pl\/wp-json\/wp\/v2\/product_cat?post=1212"},{"taxonomy":"product_tag","embeddable":true,"href":"https:\/\/displayproducts.eu\/pl\/wp-json\/wp\/v2\/product_tag?post=1212"}],"curies":[{"name":"wp","href":"https:\/\/api.w.org\/{rel}","templated":true}]}}