{"id":1209,"date":"2024-07-16T17:57:25","date_gmt":"2024-07-16T14:57:25","guid":{"rendered":"https:\/\/wristbandfactory.eu\/toode\/seed-paper-bracelet\/"},"modified":"2026-04-01T21:52:36","modified_gmt":"2026-04-01T18:52:36","slug":"seed-paper-wristbands","status":"publish","type":"product","link":"https:\/\/displayproducts.eu\/pl\/p\/seed-paper-wristbands\/","title":{"rendered":"Opaski z papieru nasiennego"},"content":{"rendered":"<p data-path-to-node=\"12\">Wywrzyj trwa\u0142e, pozytywne wra\u017cenie na uczestnikach i \u015brodowisku dzi\u0119ki naszym rozwi\u0105zaniom <b data-path-to-node=\"12\" data-index-in-node=\"104\">Opaski na nadgarstek z papieru nasiennego<\/b>. Ten innowacyjny produkt oferuje unikalne, zero waste rozwi\u0105zanie dla organizator\u00f3w wydarze\u0144 dbaj\u0105cych o \u015brodowisko, przekszta\u0142caj\u0105c zazwyczaj jednorazowy przedmiot w niezapomniane \u201cdrugie \u017cycie\u201d w postaci kwiat\u00f3w polnych. Zaprojektowane z my\u015bl\u0105 o festiwalach, korporacyjnych wydarzeniach po\u015bwi\u0119conych zr\u00f3wnowa\u017conemu rozwojowi i ekologicznych konferencjach, opaski te s\u0142u\u017c\u0105 zar\u00f3wno jako bezpieczna przepustka, jak i deklaracja warto\u015bci ekologicznych.<\/p>\n<h2 data-path-to-node=\"13\">G\u0142\u00f3wne cechy<\/h2>\n<ul data-path-to-node=\"14\">\n<li>\n<p data-path-to-node=\"14,0,0\"><b data-path-to-node=\"14,0,0\" data-index-in-node=\"0\">Technologia sadzenia:<\/b> Wykonana z papieru o gramaturze 80 g\/m2 z zatopionymi nasionami dzikich kwiat\u00f3w. Po zako\u0144czeniu wydarzenia opask\u0119 mo\u017cna zasadzi\u0107 w ziemi, aby wyros\u0142y na niej kwiaty.<\/p>\n<\/li>\n<li>\n<p data-path-to-node=\"14,1,0\"><b data-path-to-node=\"14,1,0\" data-index-in-node=\"0\">Pe\u0142nokolorowy branding:<\/b> Mo\u017cliwo\u015b\u0107 drukowania od kraw\u0119dzi do kraw\u0119dzi, co pozwala na wyraziste zaprezentowanie logo, sponsor\u00f3w lub przes\u0142ania ekologicznego.<\/p>\n<\/li>\n<li>\n<p data-path-to-node=\"14,2,0\"><b data-path-to-node=\"14,2,0\" data-index-in-node=\"0\">Bezpieczna kontrola dost\u0119pu:<\/b> Posiada niezawodny pasek klej\u0105cy, kt\u00f3ry jest jednorazowy i niezbywalny, zapewniaj\u0105c bezpiecze\u0144stwo w Twoim miejscu zamieszkania.<\/p>\n<\/li>\n<li>\n<p data-path-to-node=\"14,3,0\"><b data-path-to-node=\"14,3,0\" data-index-in-node=\"0\">Tekstura i wra\u017cenie:<\/b> Naturalna, lekko nier\u00f3wna faktura papieru nasiennego nadaje mu wyczuwaln\u0105, organiczn\u0105 jako\u015b\u0107, kt\u00f3ra podkre\u015bla przes\u0142anie zr\u00f3wnowa\u017conego rozwoju.<\/p>\n<\/li>\n<\/ul>\n<h2 data-path-to-node=\"15\">Specyfikacje<\/h2>\n<ul data-path-to-node=\"16\">\n<li>\n<p data-path-to-node=\"16,0,0\"><b data-path-to-node=\"16,0,0\" data-index-in-node=\"0\">Wymiary:<\/b> Ok. 240 x 20 mm (standardowy, regulowany rozmiar).<\/p>\n<\/li>\n<li>\n<p data-path-to-node=\"16,1,0\"><b data-path-to-node=\"16,1,0\" data-index-in-node=\"0\">Waga materia\u0142u:<\/b> Papier nasienny 80 gsm.<\/p>\n<\/li>\n<li>\n<p data-path-to-node=\"16,2,0\"><b data-path-to-node=\"16,2,0\" data-index-in-node=\"0\">Metoda drukowania:<\/b> Pe\u0142nokolorowy druk cyfrowy (CMYK).<\/p>\n<\/li>\n<li>\n<p data-path-to-node=\"16,3,0\"><b data-path-to-node=\"16,3,0\" data-index-in-node=\"0\">Czas u\u017cytkowania:<\/b> Zalecane na jednodniowe imprezy (maksymalnie 1-2 dni) ze wzgl\u0119du na biodegradowalno\u015b\u0107.<\/p>\n<\/li>\n<li>\n<p data-path-to-node=\"16,4,0\"><b data-path-to-node=\"16,4,0\" data-index-in-node=\"0\">Minimalna ilo\u015b\u0107 zam\u00f3wienia:<\/b> 100 jednostek.<\/p>\n<\/li>\n<\/ul>\n<h2 data-path-to-node=\"17\">Przypadki u\u017cycia<\/h2>\n<ul data-path-to-node=\"18\">\n<li>\n<p data-path-to-node=\"18,0,0\"><b data-path-to-node=\"18,0,0\" data-index-in-node=\"0\">Zielone Festiwale:<\/b> Doskonale nadaje si\u0119 na plenerowe festiwale muzyczne i artystyczne, na kt\u00f3rych priorytetem jest zasada \u201cNie pozostawiaj \u015blad\u00f3w\u201d.<\/p>\n<\/li>\n<li>\n<p data-path-to-node=\"18,1,0\"><b data-path-to-node=\"18,1,0\" data-index-in-node=\"0\">Wydarzenia z zakresu CSR w firmach:<\/b> Idealne na spotkania firmowe skupiaj\u0105ce si\u0119 na zr\u00f3wnowa\u017conym rozwoju i odpowiedzialno\u015bci za \u015brodowisko.<\/p>\n<\/li>\n<li>\n<p data-path-to-node=\"18,2,0\"><b data-path-to-node=\"18,2,0\" data-index-in-node=\"0\">Zbi\u00f3rki charytatywne:<\/b> Symboliczny podarunek dla darczy\u0144c\u00f3w, kt\u00f3ry przekszta\u0142ca si\u0119 w kwiaty, symbolizuj\u0105ce wzrost i wdzi\u0119czno\u015b\u0107.<\/p>\n<\/li>\n<li>\n<p data-path-to-node=\"18,3,0\"><b data-path-to-node=\"18,3,0\" data-index-in-node=\"0\">Dost\u0119p VIP:<\/b> Wyj\u0105tkowy, ekskluzywny wyr\u00f3\u017cnik dla wyj\u0105tkowych go\u015bci na konferencjach o tematyce ekologicznej.<\/p>\n<\/li>\n<\/ul>","protected":false},"excerpt":{"rendered":"<ul>\n<li>\n<p data-path-to-node=\"11,0,0\"><b data-path-to-node=\"11,0,0\" data-index-in-node=\"0\">Tworzywo:<\/b> Biodegradowalny papier o gramaturze 80 g\/m2 z zatopionymi nasionami kwiat\u00f3w polnych.<\/p>\n<\/li>\n<li>\n<p data-path-to-node=\"11,1,0\"><b data-path-to-node=\"11,1,0\" data-index-in-node=\"0\">Personalizacja:<\/b> Pe\u0142nokolorowy druk od kraw\u0119dzi do kraw\u0119dzi zapewniaj\u0105cy silny przekaz marki.<\/p>\n<\/li>\n<li>\n<p data-path-to-node=\"11,2,0\"><b data-path-to-node=\"11,2,0\" data-index-in-node=\"0\">Zamkni\u0119cie:<\/b> Bezpieczny, jednorazowy pasek klej\u0105cy zapobiega przenoszeniu.<\/p>\n<\/li>\n<li>\n<p data-path-to-node=\"11,3,0\"><b data-path-to-node=\"11,3,0\" data-index-in-node=\"0\">Eko-Focus:<\/b> 100% nadaje si\u0119 do zasadzenia po u\u017cyciu, co stanowi rozwi\u0105zanie na imprezy bez odpad\u00f3w.<\/p>\n<\/li>\n<\/ul>","protected":false},"featured_media":6394,"comment_status":"closed","ping_status":"closed","template":"","meta":[],"product_brand":[],"product_cat":[133,66],"product_tag":[],"class_list":{"0":"post-1209","1":"product","2":"type-product","3":"status-publish","4":"has-post-thumbnail","6":"product_cat-eco-friendly-wristbands","7":"product_cat-wristbands","9":"first","10":"instock","11":"shipping-taxable","12":"purchasable","13":"product-type-simple"},"_links":{"self":[{"href":"https:\/\/displayproducts.eu\/pl\/wp-json\/wp\/v2\/product\/1209","targetHints":{"allow":["GET"]}}],"collection":[{"href":"https:\/\/displayproducts.eu\/pl\/wp-json\/wp\/v2\/product"}],"about":[{"href":"https:\/\/displayproducts.eu\/pl\/wp-json\/wp\/v2\/types\/product"}],"replies":[{"embeddable":true,"href":"https:\/\/displayproducts.eu\/pl\/wp-json\/wp\/v2\/comments?post=1209"}],"wp:featuredmedia":[{"embeddable":true,"href":"https:\/\/displayproducts.eu\/pl\/wp-json\/wp\/v2\/media\/6394"}],"wp:attachment":[{"href":"https:\/\/displayproducts.eu\/pl\/wp-json\/wp\/v2\/media?parent=1209"}],"wp:term":[{"taxonomy":"product_brand","embeddable":true,"href":"https:\/\/displayproducts.eu\/pl\/wp-json\/wp\/v2\/product_brand?post=1209"},{"taxonomy":"product_cat","embeddable":true,"href":"https:\/\/displayproducts.eu\/pl\/wp-json\/wp\/v2\/product_cat?post=1209"},{"taxonomy":"product_tag","embeddable":true,"href":"https:\/\/displayproducts.eu\/pl\/wp-json\/wp\/v2\/product_tag?post=1209"}],"curies":[{"name":"wp","href":"https:\/\/api.w.org\/{rel}","templated":true}]}}