{"id":1208,"date":"2024-10-27T11:54:37","date_gmt":"2024-10-27T08:54:37","guid":{"rendered":"https:\/\/wristbandfactory.eu\/toode\/faux-leather-wristbands\/"},"modified":"2026-04-01T21:52:36","modified_gmt":"2026-04-01T18:52:36","slug":"faux-leather-wristbands","status":"publish","type":"product","link":"https:\/\/displayproducts.eu\/pl\/p\/faux-leather-wristbands\/","title":{"rendered":"Opaski ze sztucznej sk\u00f3ry"},"content":{"rendered":"<p>Postaw na autentyczny wygl\u0105d z grawerowanymi sk\u00f3rzanymi opaskami. Tw\u00f3j tekst jest wyt\u0142oczony na opasce, tak jak robi\u0105 to autentyczni pracownicy garbarni. Dzi\u0119ki temu tekst ma ten sam kolor, co opaska.<\/p>\n<p>Oferujemy dwa rodzaje zamkni\u0119\u0107: klips plastikowy i zamkni\u0119cie metalowe.<\/p>\n<p>Plastikowe zapi\u0119cie na klips jest podobne do zapi\u0119\u0107 opasek winylowych. W opasce znajduj\u0105 si\u0119 otwory umo\u017cliwiaj\u0105ce dopasowanie do indywidualnych potrzeb. Po zatrza\u015bni\u0119ciu nie mo\u017cna otworzy\u0107 zapi\u0119cia bez jego uszkodzenia, poniewa\u017c mo\u017ce ono \u015bwiadczy\u0107 o pr\u00f3bie manipulacji. Zapobiega to oszustwom.<\/p>\n<p>Metalowe zapi\u0119cie jest r\u00f3wnie\u017c standardowym zapi\u0119ciem materia\u0142owych opasek festiwalowych. Do jego zamkni\u0119cia potrzebne jest narz\u0119dzie do zaciskania. Po zaci\u015bni\u0119ciu zapi\u0119cia opaski nie mo\u017cna zdj\u0105\u0107 bez \u015blad\u00f3w ingerencji, co zapobiega oszustwom.<\/p>","protected":false},"excerpt":{"rendered":"<div>\n<p class=\"text-gray-500\">Z opaskami ze sk\u00f3ry ekologicznej lub imitacji sk\u00f3ry, wybierasz bezpieczn\u0105 kontrol\u0119 dost\u0119pu na swoje wydarzenie i niepowtarzalny wygl\u0105d. Mo\u017cesz wybiera\u0107 spo\u015br\u00f3d 4 r\u00f3\u017cnych kolor\u00f3w sk\u00f3ry ekologicznej z nadrukiem w 1 lub 2 kolorach lub z grawerem. Oferujemy dwa rodzaje zapi\u0119cia opasek: metalowe lub plastikowe zatrzaski.<\/p>\n<\/div>","protected":false},"featured_media":6410,"comment_status":"closed","ping_status":"closed","template":"","meta":[],"product_brand":[],"product_cat":[66,117],"product_tag":[],"class_list":{"0":"post-1208","1":"product","2":"type-product","3":"status-publish","4":"has-post-thumbnail","6":"product_cat-wristbands","7":"product_cat-leather-wristbands","9":"first","10":"instock","11":"shipping-taxable","12":"purchasable","13":"product-type-simple"},"_links":{"self":[{"href":"https:\/\/displayproducts.eu\/pl\/wp-json\/wp\/v2\/product\/1208","targetHints":{"allow":["GET"]}}],"collection":[{"href":"https:\/\/displayproducts.eu\/pl\/wp-json\/wp\/v2\/product"}],"about":[{"href":"https:\/\/displayproducts.eu\/pl\/wp-json\/wp\/v2\/types\/product"}],"replies":[{"embeddable":true,"href":"https:\/\/displayproducts.eu\/pl\/wp-json\/wp\/v2\/comments?post=1208"}],"wp:featuredmedia":[{"embeddable":true,"href":"https:\/\/displayproducts.eu\/pl\/wp-json\/wp\/v2\/media\/6410"}],"wp:attachment":[{"href":"https:\/\/displayproducts.eu\/pl\/wp-json\/wp\/v2\/media?parent=1208"}],"wp:term":[{"taxonomy":"product_brand","embeddable":true,"href":"https:\/\/displayproducts.eu\/pl\/wp-json\/wp\/v2\/product_brand?post=1208"},{"taxonomy":"product_cat","embeddable":true,"href":"https:\/\/displayproducts.eu\/pl\/wp-json\/wp\/v2\/product_cat?post=1208"},{"taxonomy":"product_tag","embeddable":true,"href":"https:\/\/displayproducts.eu\/pl\/wp-json\/wp\/v2\/product_tag?post=1208"}],"curies":[{"name":"wp","href":"https:\/\/api.w.org\/{rel}","templated":true}]}}