{"id":1205,"date":"2024-10-27T11:54:37","date_gmt":"2024-10-27T08:54:37","guid":{"rendered":"https:\/\/wristbandfactory.eu\/toode\/custom-rfid-leather-wristband\/"},"modified":"2026-04-01T21:52:36","modified_gmt":"2026-04-01T18:52:36","slug":"custom-rfid-leather-wristband","status":"publish","type":"product","link":"https:\/\/displayproducts.eu\/pl\/p\/custom-rfid-leather-wristband\/","title":{"rendered":"Sk\u00f3rzane opaski RFID"},"content":{"rendered":"<p data-path-to-node=\"12\">Podnie\u015b poziom wra\u017ce\u0144 swoich go\u015bci dzi\u0119ki naszym <b data-path-to-node=\"12\" data-index-in-node=\"64\">Z w\u0142asnym nadrukiem sk\u00f3rzane opaski RFID<\/b>. Zaprojektowane z my\u015bl\u0105 o miejscach, w kt\u00f3rych styl jest r\u00f3wnie wa\u017cny jak bezpiecze\u0144stwo, te opaski \u0142\u0105cz\u0105 zaawansowan\u0105 technologi\u0119 RFID z klasyczn\u0105 elegancj\u0105 sk\u00f3ry. W przeciwie\u0144stwie do standardowych opasek silikonowych lub materia\u0142owych, te opaski stanowi\u0105 ekskluzywny dodatek, dzi\u0119ki czemu idealnie sprawdzaj\u0105 si\u0119 w strefach VIP, luksusowych kurortach, klubach wiejskich i na presti\u017cowych imprezach firmowych.<\/p>\n<p data-path-to-node=\"13\">Wykonane z wytrzyma\u0142ej sk\u00f3ry PU (dost\u0119pne s\u0105 r\u00f3wnie\u017c wersje ze sk\u00f3ry naturalnej), zapewniaj\u0105 wygod\u0119 noszenia nawet przez d\u0142ugi czas. Zintegrowany chip jest p\u0142ynnie osadzony, co gwarantuje niezawodn\u0105 transmisj\u0119 danych do kontroli dost\u0119pu, p\u0142atno\u015bci bezgot\u00f3wkowych lub integracji z mediami spo\u0142eczno\u015bciowymi, bez negatywnego wp\u0142ywu na estetyk\u0119 opaski.<\/p>\n<h2 data-path-to-node=\"14\">G\u0142\u00f3wne cechy<\/h2>\n<ul data-path-to-node=\"15\">\n<li>\n<p data-path-to-node=\"15,0,1\"><span data-path-to-node=\"15,0,1,0\"><b data-path-to-node=\"15,0,1,0\" data-index-in-node=\"0\"><span class=\"citation-43\">Zaawansowana kompatybilno\u015b\u0107 chip\u00f3w:<\/span><\/b><span class=\"citation-43\"> Dost\u0119pne z szerok\u0105 gam\u0105 chip\u00f3w RFID, w tym LF (125 kHz), HF (13,56 MHz NTAG\u00ae\/Mifare) i UHF (860-960 MHz), aby pasowa\u0107 do ka\u017cdego systemu<\/span><\/span><span data-path-to-node=\"15,0,1,2\">.<\/span><\/p>\n<\/li>\n<li>\n<p data-path-to-node=\"15,1,1\"><span data-path-to-node=\"15,1,1,0\"><b data-path-to-node=\"15,1,1,0\" data-index-in-node=\"0\"><span class=\"citation-42\">Estetyka premium:<\/span><\/b><span class=\"citation-42\"> Wyko\u0144czenie ze sk\u00f3ry oferuje wyrafinowan\u0105 alternatyw\u0119 dla plastiku, zwi\u0119kszaj\u0105c postrzegan\u0105 warto\u015b\u0107 wydarzenia lub miejsca<\/span><\/span><span data-path-to-node=\"15,1,1,2\">.<\/span><\/p>\n<\/li>\n<li>\n<p data-path-to-node=\"15,2,0\"><b data-path-to-node=\"15,2,0\" data-index-in-node=\"0\">Branding niestandardowy:<\/b> Spersonalizuj swoje logo, stosuj\u0105c najwy\u017cszej jako\u015bci techniki, takie jak t\u0142oczenie, wyt\u0142aczanie wkl\u0119s\u0142e lub sitodruk.<\/p>\n<\/li>\n<li>\n<p data-path-to-node=\"15,3,0\"><b data-path-to-node=\"15,3,0\" data-index-in-node=\"0\">Regulowane dopasowanie:<\/b> Zaprojektowany z klasycznym zapi\u0119ciem na klamr\u0119 (standardowy rozmiar 250x22x3 mm), aby wygodnie pasowa\u0142 do wi\u0119kszo\u015bci rozmiar\u00f3w nadgarstk\u00f3w.<\/p>\n<\/li>\n<\/ul>\n<h2 data-path-to-node=\"16\">Specyfikacje<\/h2>\n<ul data-path-to-node=\"17\">\n<li>\n<p data-path-to-node=\"17,0,0\"><b data-path-to-node=\"17,0,0\" data-index-in-node=\"0\">Wymiary:<\/b> 250 mm x 22 mm x 3 mm.<\/p>\n<\/li>\n<li>\n<p data-path-to-node=\"17,1,0\"><b data-path-to-node=\"17,1,0\" data-index-in-node=\"0\">Tworzywo:<\/b> Sk\u00f3ra PU (standardowa) lub sk\u00f3ra naturalna (ulepszona).<\/p>\n<\/li>\n<li>\n<p data-path-to-node=\"17,2,0\"><b data-path-to-node=\"17,2,0\" data-index-in-node=\"0\">Opcje cz\u0119stotliwo\u015bci:<\/b> Cz\u0119stotliwo\u015bci LF (125 kHz), HF (13,56 MHz), UHF (860-960 MHz).<\/p>\n<\/li>\n<li>\n<p data-path-to-node=\"17,3,0\"><b data-path-to-node=\"17,3,0\" data-index-in-node=\"0\">Typy uk\u0142ad\u00f3w scalonych:<\/b> TK4100, F08, NTAG213\/215\/216, Alien H3 i inne.<\/p>\n<\/li>\n<li>\n<p data-path-to-node=\"17,4,0\"><b data-path-to-node=\"17,4,0\" data-index-in-node=\"0\">Odleg\u0142o\u015b\u0107 odczytu:<\/b> 1-10 cm (LF\/HF), do kilku metr\u00f3w (UHF, w zale\u017cno\u015bci od czytnika).<\/p>\n<\/li>\n<li>\n<p data-path-to-node=\"17,5,0\"><b data-path-to-node=\"17,5,0\" data-index-in-node=\"0\">Minimalna ilo\u015b\u0107 zam\u00f3wienia:<\/b> 100 jednostek.<\/p>\n<\/li>\n<\/ul>\n<h2 data-path-to-node=\"18\">Przypadki u\u017cycia<\/h2>\n<ul data-path-to-node=\"19\">\n<li>\n<p data-path-to-node=\"19,0,0\"><b data-path-to-node=\"19,0,0\" data-index-in-node=\"0\">Hotele i o\u015brodki luksusowe:<\/b> Bezkluczykowy dost\u0119p do pokoju i bezgot\u00f3wkowe p\u0142atno\u015bci za udogodnienia w o\u015brodku.<\/p>\n<\/li>\n<li>\n<p data-path-to-node=\"19,1,0\"><b data-path-to-node=\"19,1,0\" data-index-in-node=\"0\">Dost\u0119p do wydarzenia VIP:<\/b> Ekskluzywne uprawnienia dost\u0119pu do zaplecza scenicznego, prywatnych salonik\u00f3w i gal.<\/p>\n<\/li>\n<li>\n<p data-path-to-node=\"19,2,0\"><b data-path-to-node=\"19,2,0\" data-index-in-node=\"0\">Kluby fitness i wiejskie:<\/b> Trwa\u0142e i stylowe identyfikatory cz\u0142onkowskie umo\u017cliwiaj\u0105ce dost\u0119p do obiekt\u00f3w.<\/p>\n<\/li>\n<li>\n<p data-path-to-node=\"19,3,0\"><b data-path-to-node=\"19,3,0\" data-index-in-node=\"0\">Bezpiecze\u0144stwo w biurze:<\/b> Elegancka identyfikacja pracownik\u00f3w w \u015brodowiskach korporacyjnych.<\/p>\n<\/li>\n<\/ul>","protected":false},"excerpt":{"rendered":"<ul>\n<li>\n<p data-path-to-node=\"11,0,0\"><b data-path-to-node=\"11,0,0\" data-index-in-node=\"0\">Tworzywo:<\/b> Wysokiej jako\u015bci sk\u00f3ra PU lub naturalna sk\u00f3ra zapewniaj\u0105 elegancki wygl\u0105d.<\/p>\n<\/li>\n<li>\n<p data-path-to-node=\"11,1,0\"><b data-path-to-node=\"11,1,0\" data-index-in-node=\"0\">Technologia:<\/b> Zintegrowane uk\u0142ady LF (TK4100), HF (NTAG\u00ae) lub UHF (Alien H3).<\/p>\n<\/li>\n<li>\n<p data-path-to-node=\"11,2,0\"><b data-path-to-node=\"11,2,0\" data-index-in-node=\"0\">Personalizacja:<\/b> T\u0142oczenie, wyt\u0142aczanie lub drukowanie w celu dyskretnego oznakowania.<\/p>\n<\/li>\n<li>\n<p data-path-to-node=\"11,3,0\"><b data-path-to-node=\"11,3,0\" data-index-in-node=\"0\">Aplikacja:<\/b> Doskonale nadaje si\u0119 do kontroli dost\u0119pu VIP, p\u0142atno\u015bci bezgot\u00f3wkowych i luksusowych hoteli.<\/p>\n<\/li>\n<\/ul>","protected":false},"featured_media":6037,"comment_status":"closed","ping_status":"closed","template":"","meta":[],"product_brand":[],"product_cat":[66,117,81],"product_tag":[],"class_list":{"0":"post-1205","1":"product","2":"type-product","3":"status-publish","4":"has-post-thumbnail","6":"product_cat-wristbands","7":"product_cat-leather-wristbands","8":"product_cat-rfid","10":"first","11":"instock","12":"shipping-taxable","13":"purchasable","14":"product-type-simple"},"_links":{"self":[{"href":"https:\/\/displayproducts.eu\/pl\/wp-json\/wp\/v2\/product\/1205","targetHints":{"allow":["GET"]}}],"collection":[{"href":"https:\/\/displayproducts.eu\/pl\/wp-json\/wp\/v2\/product"}],"about":[{"href":"https:\/\/displayproducts.eu\/pl\/wp-json\/wp\/v2\/types\/product"}],"replies":[{"embeddable":true,"href":"https:\/\/displayproducts.eu\/pl\/wp-json\/wp\/v2\/comments?post=1205"}],"wp:featuredmedia":[{"embeddable":true,"href":"https:\/\/displayproducts.eu\/pl\/wp-json\/wp\/v2\/media\/6037"}],"wp:attachment":[{"href":"https:\/\/displayproducts.eu\/pl\/wp-json\/wp\/v2\/media?parent=1205"}],"wp:term":[{"taxonomy":"product_brand","embeddable":true,"href":"https:\/\/displayproducts.eu\/pl\/wp-json\/wp\/v2\/product_brand?post=1205"},{"taxonomy":"product_cat","embeddable":true,"href":"https:\/\/displayproducts.eu\/pl\/wp-json\/wp\/v2\/product_cat?post=1205"},{"taxonomy":"product_tag","embeddable":true,"href":"https:\/\/displayproducts.eu\/pl\/wp-json\/wp\/v2\/product_tag?post=1205"}],"curies":[{"name":"wp","href":"https:\/\/api.w.org\/{rel}","templated":true}]}}