{"id":1203,"date":"2024-10-27T11:54:37","date_gmt":"2024-10-27T08:54:37","guid":{"rendered":"https:\/\/wristbandfactory.eu\/toode\/fabric-wristbands\/"},"modified":"2026-04-01T21:52:36","modified_gmt":"2026-04-01T18:52:36","slug":"full-colour-printed-fabric-wristbands","status":"publish","type":"product","link":"https:\/\/displayproducts.eu\/pl\/p\/full-colour-printed-fabric-wristbands\/","title":{"rendered":"Opaski materia\u0142owe z nadrukiem w pe\u0142nym kolorze"},"content":{"rendered":"<div class=\"mx-12 md:mx-24 lg:mx-48\">\n<div class=\"container my-8 svelte-zlsknf\">\n<div class=\"my-24 rounded-lg border-0 border-gray-700 bg-gray-100 px-16 py-24\">\n<div class=\"mt-11 !text-gray-500\">\n<p data-path-to-node=\"8\">Podnie\u015b poziom wra\u017ce\u0144 z wydarzenia dzi\u0119ki naszym kolorowym, zadrukowanym opaskom materia\u0142owym. To nasze najpopularniejsze rozwi\u0105zanie do kontroli dost\u0119pu na imprezy, zaprojektowane jako pot\u0119\u017cne narz\u0119dzie marketingowe, kt\u00f3re jednocze\u015bnie jest cenn\u0105 pami\u0105tk\u0105 dla uczestnik\u00f3w.<\/p>\n<p data-path-to-node=\"9\"><b>Jedna opaska, w pe\u0142ni dostosowana do Twoich potrzeb<\/b><\/p>\n<p data-path-to-node=\"10\">Ta pojedyncza strona produktu zawiera wszystkie nasze opcje tkanin z nadrukiem. Wystarczy wybra\u0107 materia\u0142 i zapi\u0105\u0107, aby stworzy\u0107 idealn\u0105 opask\u0119 na nadgarstek na swoje wydarzenie.<\/p>\n<ol start=\"1\" data-path-to-node=\"11\">\n<li>\n<p data-path-to-node=\"11,0,0\"><b>Wybierz nadruk i materia\u0142:<\/b> Wykorzystuj\u0105c najnowocze\u015bniejsz\u0105 technologi\u0119 druku sublimacyjnego, odwzorowujemy Tw\u00f3j projekt w \u017cywych, odpornych na blakni\u0119cie kolorach CMYK lub precyzyjnych kolorach Pantone (PMS). Wybierz jedno z dw\u00f3ch wyko\u0144cze\u0144 materia\u0142u:<\/p>\n<ul data-path-to-node=\"11,0,1\">\n<li>\n<p data-path-to-node=\"11,0,1,0,0\"><b>Wytrzyma\u0142y poliester:<\/b> Nasz standard wysokiej jako\u015bci, wodoodporno\u015bci i przyjazno\u015bci dla sk\u00f3ry na ka\u017cd\u0105 okazj\u0119.<\/p>\n<\/li>\n<li>\n<p data-path-to-node=\"11,0,1,1,0\"><b>Satyna Premium:<\/b> G\u0142adsze, bardziej b\u0142yszcz\u0105ce wyko\u0144czenie zapewniaj\u0105ce wra\u017cenie wysokiej jako\u015bci i luksusu (wch\u0142ania produkt \u201cSatin Wristbands\u201d).<\/p>\n<\/li>\n<\/ul>\n<\/li>\n<li>\n<p data-path-to-node=\"11,1,0\"><b>Wybierz sw\u00f3j zamek:<\/b> Bezpiecze\u0144stwo jest najwa\u017cniejsze. Skonfiguruj swoje opaski z precyzyjnym zamkiem, dopasowanym do Twoich potrzeb. Oferujemy pe\u0142en wachlarz opcji:<\/p>\n<ul data-path-to-node=\"11,1,1\">\n<li>\n<p data-path-to-node=\"11,1,1,0,0\"><b>Zamki o wysokim poziomie bezpiecze\u0144stwa:<\/b> Jednorazowe plastikowe klipsy samozamykaj\u0105ce lub trwa\u0142e metalowe zamki zapobiegaj\u0105ce przenoszeniu.<\/p>\n<\/li>\n<li>\n<p data-path-to-node=\"11,1,1,1,0\"><b>Zamki wielokrotnego u\u017cytku:<\/b> Regulowany koralik umo\u017cliwiaj\u0105cy zdejmowanie i ponowne zak\u0142adanie opasek.<\/p>\n<\/li>\n<li>\n<p data-path-to-node=\"11,1,1,2,0\"><b>Zamki przyjazne dla \u015brodowiska:<\/b> Nasza ekologiczna, jednorazowa k\u0142\u00f3dka bambusowa.<\/p>\n<\/li>\n<\/ul>\n<\/li>\n<\/ol>\n<p data-path-to-node=\"12\">Opaski te s\u0105 idealnym i bezpiecznym rozwi\u0105zaniem umo\u017cliwiaj\u0105cym kontrol\u0119 dost\u0119pu na koncertach, festiwalach, imprezach, w hotelach i parkach wodnych.<\/p>\n<p data-path-to-node=\"13\"><i>(Uwaga: Ze wzgl\u0119du na proces produkcyjny, aby uzyska\u0107 optymalne rezultaty, zalecamy stosowanie powtarzaj\u0105cych si\u0119 wzor\u00f3w na odwrocie opaski.)<\/i><\/p>\n<p data-path-to-node=\"14\"><b>G\u0142\u00f3wne cechy:<\/b><\/p>\n<ul data-path-to-node=\"15\">\n<li>\n<p data-path-to-node=\"15,0,0\"><b>Druk:<\/b> Pe\u0142nokolorowy druk sublimacyjny CMYK lub PMS.<\/p>\n<\/li>\n<li>\n<p data-path-to-node=\"15,1,0\"><b>Tworzywo:<\/b> Wysokiej jako\u015bci poliester (dost\u0119pne r\u00f3wnie\u017c wyko\u0144czenie Premium Satin).<\/p>\n<\/li>\n<li>\n<p data-path-to-node=\"15,2,0\"><b>Opcje blokady bezpiecze\u0144stwa:<\/b> Wysokiej jako\u015bci (plastik\/metal), koraliki wielokrotnego u\u017cytku lub przyjazny dla \u015brodowiska bambus.<\/p>\n<\/li>\n<li>\n<p data-path-to-node=\"15,3,0\"><b>Trwa\u0142e i wodoodporne:<\/b> Idealne na imprezy kilkudniowe.<\/p>\n<\/li>\n<li>\n<p data-path-to-node=\"15,4,0\"><b>Komfort:<\/b> Lekkie i mi\u0119kkie, zapewniaj\u0105 komfort i d\u0142ugotrwa\u0142e noszenie.<\/p>\n<\/li>\n<li>\n<p data-path-to-node=\"15,5,0\"><b>Minimalne zapytanie ofertowe:<\/b> 100 sztuk.<\/p>\n<\/li>\n<\/ul>\n<p data-path-to-node=\"16\">\n<\/div>\n<\/div>\n<\/div>\n<\/div>","protected":false},"excerpt":{"rendered":"<ul data-path-to-node=\"7\">\n<li>\n<p data-path-to-node=\"7,0,0\">\u017bywe, pe\u0142nokolorowe nadruki sublimacyjne CMYK lub Pantone.<\/p>\n<\/li>\n<li>\n<p data-path-to-node=\"7,1,0\"><b>Opcje materia\u0142owe:<\/b> Wybierz trwa\u0142y, wodoodporny poliester lub satyn\u0119 o wyko\u0144czeniu premium.<\/p>\n<\/li>\n<li>\n<p data-path-to-node=\"7,2,0\"><b>Opcje blokady:<\/b> Wysoki poziom bezpiecze\u0144stwa (jednorazowy plastik\/metal), mo\u017cliwo\u015b\u0107 wielokrotnego u\u017cytku (regulowany koralik) lub ekologiczny bambus.<\/p>\n<\/li>\n<li>\n<p data-path-to-node=\"7,3,0\">Wygodne, trwa\u0142e i przyjazne dla sk\u00f3ry, idealne na wielodniowe imprezy.<\/p>\n<\/li>\n<\/ul>","protected":false},"featured_media":6388,"comment_status":"closed","ping_status":"closed","template":"","meta":[],"product_brand":[],"product_cat":[47],"product_tag":[],"class_list":{"0":"post-1203","1":"product","2":"type-product","3":"status-publish","4":"has-post-thumbnail","6":"product_cat-fabric-wristbands","8":"first","9":"instock","10":"shipping-taxable","11":"purchasable","12":"product-type-simple"},"_links":{"self":[{"href":"https:\/\/displayproducts.eu\/pl\/wp-json\/wp\/v2\/product\/1203","targetHints":{"allow":["GET"]}}],"collection":[{"href":"https:\/\/displayproducts.eu\/pl\/wp-json\/wp\/v2\/product"}],"about":[{"href":"https:\/\/displayproducts.eu\/pl\/wp-json\/wp\/v2\/types\/product"}],"replies":[{"embeddable":true,"href":"https:\/\/displayproducts.eu\/pl\/wp-json\/wp\/v2\/comments?post=1203"}],"wp:featuredmedia":[{"embeddable":true,"href":"https:\/\/displayproducts.eu\/pl\/wp-json\/wp\/v2\/media\/6388"}],"wp:attachment":[{"href":"https:\/\/displayproducts.eu\/pl\/wp-json\/wp\/v2\/media?parent=1203"}],"wp:term":[{"taxonomy":"product_brand","embeddable":true,"href":"https:\/\/displayproducts.eu\/pl\/wp-json\/wp\/v2\/product_brand?post=1203"},{"taxonomy":"product_cat","embeddable":true,"href":"https:\/\/displayproducts.eu\/pl\/wp-json\/wp\/v2\/product_cat?post=1203"},{"taxonomy":"product_tag","embeddable":true,"href":"https:\/\/displayproducts.eu\/pl\/wp-json\/wp\/v2\/product_tag?post=1203"}],"curies":[{"name":"wp","href":"https:\/\/api.w.org\/{rel}","templated":true}]}}