{"id":1183,"date":"2024-07-16T18:07:16","date_gmt":"2024-07-16T15:07:16","guid":{"rendered":"https:\/\/wristbandfactory.eu\/toode\/uv-neverloseme-wristbands\/"},"modified":"2026-04-01T21:52:04","modified_gmt":"2026-04-01T18:52:04","slug":"uv-sensor-safety-wristbands","status":"publish","type":"product","link":"https:\/\/displayproducts.eu\/pl\/p\/uv-sensor-safety-wristbands\/","title":{"rendered":"Opaski bezpiecze\u0144stwa z czujnikiem UV"},"content":{"rendered":"<p>Wyka\u017c zaanga\u017cowanie swojej organizacji w bezpiecze\u0144stwo dzi\u0119ki opasce bezpiecze\u0144stwa z czujnikiem UV. Ten funkcjonalny gad\u017cet promocyjny idealnie sprawdzi si\u0119 podczas firmowych spotka\u0144 rodzinnych, konferencji plenerowych lub kampanii marketingowych promuj\u0105cych zdrowie, zapewniaj\u0105c uczestnikom realn\u0105 u\u017cyteczno\u015b\u0107.<\/p>\n<p>Opaska posiada specjalne, wielokrotnego u\u017cytku zapi\u0119cie, kt\u00f3re aktywnie monitoruje ekspozycj\u0119 na s\u0142o\u0144ce. Zapi\u0119cie zmienia kolor z bia\u0142ego na intensywnie czerwony, gdy poziom promieniowania UVA lub UVB staje si\u0119 niebezpieczny, zapewniaj\u0105c u\u017cytkownikom wyra\u017any sygna\u0142 wizualny.<\/p>\n<p>Sam pasek wykonany jest ze specjalnego, hipoalergicznego materia\u0142u, kt\u00f3ry jest jednocze\u015bnie trwa\u0142y i delikatny dla sk\u00f3ry, <b>certyfikowany przez Pa\u0144stwowy Zak\u0142ad Higieny<\/b>. Ca\u0142\u0105 powierzchni\u0119 opaski mo\u017cna w pe\u0142ni spersonalizowa\u0107, umieszczaj\u0105c na niej pe\u0142nokolorowe logo Twojej firmy, branding wydarzenia lub has\u0142o dotycz\u0105ce bezpiecze\u0144stwa, tworz\u0105c w ten spos\u00f3b widoczne i zapadaj\u0105ce w pami\u0119\u0107 narz\u0119dzie promocyjne.<\/p>\n<p>Ta opaska podkre\u015bla, \u017ce Twoja marka jest zgodna ze spo\u0142eczn\u0105 odpowiedzialno\u015bci\u0105 i nowoczesnymi standardami bezpiecze\u0144stwa, tworz\u0105c pozytywne skojarzenia, kt\u00f3re trwaj\u0105 d\u0142ugo po wydarzeniu.<\/p>\n<p><b>G\u0142\u00f3wne cechy:<\/b><\/p>\n<ul>\n<li><b>Zapi\u0119cie czujnika UV:<\/b> Wielorazowe zapi\u0119cie zmienia kolor na czerwony, ostrzegaj\u0105c o wysokim poziomie promieniowania UVA\/UVB.<\/li>\n<li><b>Pe\u0142nokolorowa personalizacja:<\/b> Ca\u0142\u0105 powierzchni\u0119 opaski mo\u017cesz zadrukowa\u0107 swoim unikalnym logo lub napisem.<\/li>\n<li><b>Materia\u0142 z certyfikatem bezpiecze\u0144stwa dla dzieci:<\/b> Materia\u0142 hipoalergiczny, elastyczny i trwa\u0142y, posiadaj\u0105cy certyfikat Pa\u0144stwowego Zak\u0142adu Higieny.<\/li>\n<li><b>Projekt wielokrotnego u\u017cytku:<\/b> Zapi\u0119cie jest przeznaczone do wielu zastosowa\u0144, wyd\u0142u\u017caj\u0105c \u017cywotno\u015b\u0107 Twojego gad\u017cetu reklamowego.<\/li>\n<li><b>Narz\u0119dzie odpowiedzialno\u015bci korporacyjnej:<\/b> Niezwyk\u0142y gad\u017cet pokazuj\u0105cy zaanga\u017cowanie Twojej marki w kwestie zdrowia i bezpiecze\u0144stwa.<\/li>\n<\/ul>","protected":false},"excerpt":{"rendered":"<ul>\n<li>Posiada zapi\u0119cie reaguj\u0105ce na promienie UV, kt\u00f3re zmienia kolor na czerwony pod wp\u0142ywem niebezpiecznego \u015bwiat\u0142a s\u0142onecznego.<\/li>\n<li>Materia\u0142 hipoalergiczny, trwa\u0142y i wielokrotnego u\u017cytku, certyfikowany pod k\u0105tem bezpiecze\u0144stwa dzieci.<\/li>\n<li>W pe\u0142ni personalizowana opaska z pe\u0142nokolorowym logo lub informacj\u0105 dotycz\u0105c\u0105 bezpiecze\u0144stwa.<\/li>\n<li>Wysokiej jako\u015bci gad\u017cet promocyjny na imprezy rodzinne i wydarzenia promuj\u0105ce spo\u0142eczn\u0105 odpowiedzialno\u015b\u0107 biznesu.<\/li>\n<\/ul>\n<p>&nbsp;<\/p>","protected":false},"featured_media":6254,"comment_status":"closed","ping_status":"closed","template":"","meta":[],"product_brand":[],"product_cat":[66,88,68],"product_tag":[],"class_list":{"0":"post-1183","1":"product","2":"type-product","3":"status-publish","4":"has-post-thumbnail","6":"product_cat-wristbands","7":"product_cat-smart-wristbands","8":"product_cat-event-supplies","10":"first","11":"instock","12":"shipping-taxable","13":"purchasable","14":"product-type-simple"},"_links":{"self":[{"href":"https:\/\/displayproducts.eu\/pl\/wp-json\/wp\/v2\/product\/1183","targetHints":{"allow":["GET"]}}],"collection":[{"href":"https:\/\/displayproducts.eu\/pl\/wp-json\/wp\/v2\/product"}],"about":[{"href":"https:\/\/displayproducts.eu\/pl\/wp-json\/wp\/v2\/types\/product"}],"replies":[{"embeddable":true,"href":"https:\/\/displayproducts.eu\/pl\/wp-json\/wp\/v2\/comments?post=1183"}],"wp:featuredmedia":[{"embeddable":true,"href":"https:\/\/displayproducts.eu\/pl\/wp-json\/wp\/v2\/media\/6254"}],"wp:attachment":[{"href":"https:\/\/displayproducts.eu\/pl\/wp-json\/wp\/v2\/media?parent=1183"}],"wp:term":[{"taxonomy":"product_brand","embeddable":true,"href":"https:\/\/displayproducts.eu\/pl\/wp-json\/wp\/v2\/product_brand?post=1183"},{"taxonomy":"product_cat","embeddable":true,"href":"https:\/\/displayproducts.eu\/pl\/wp-json\/wp\/v2\/product_cat?post=1183"},{"taxonomy":"product_tag","embeddable":true,"href":"https:\/\/displayproducts.eu\/pl\/wp-json\/wp\/v2\/product_tag?post=1183"}],"curies":[{"name":"wp","href":"https:\/\/api.w.org\/{rel}","templated":true}]}}