{"id":6222,"date":"2025-12-20T17:56:31","date_gmt":"2025-12-20T14:56:31","guid":{"rendered":"https:\/\/wristbandfactory.eu\/?post_type=product&#038;p=6222"},"modified":"2026-04-01T21:52:03","modified_gmt":"2026-04-01T18:52:03","slug":"custom-3d-snow-globes-with-bespoke-interior-logo","status":"publish","type":"product","link":"https:\/\/displayproducts.eu\/nl\/p\/custom-3d-snow-globes-with-bespoke-interior-logo\/","title":{"rendered":"Sneeuwbollen met logo (3D ontwerp)"},"content":{"rendered":"<p data-path-to-node=\"10\">Leg de magie van de feestdagen vast of bevries een moment in de tijd met onze <b data-path-to-node=\"10\" data-index-in-node=\"95\">Op maat gemaakte 3D-sneeuwbollen<\/b>. In tegenstelling tot standaard promotieartikelen, bevatten deze globes een volledig op maat gemaakt 3D-beeldhouwwerk aan de binnenkant \u2013 of het nu een miniatuurreplica van uw product, uw bedrijfsmascotte of een specifieke architectonische sc\u00e8ne is.<\/p>\n<p data-path-to-node=\"11\">Deze globes zijn vervaardigd uit duurzaam, oplosmiddelvrij polyesterhars en zijn hoogwaardige verzamelobjecten. De zwevende glitter zorgt voor een betoverend effect dat de aandacht vestigt op uw merk. Met opties voor branding van zowel de binnenkant van de sculptuur als de buitenkant van de voet, is dit het ultieme pveiligheidssluitingium cadeau voor zakelijke partners en seizoenscampagnes.<\/p>\n<h2 data-path-to-node=\"12\">Belangrijkste kenmerken<\/h2>\n<ul data-path-to-node=\"13\">\n<li>\n<p data-path-to-node=\"13,0,0\"><b data-path-to-node=\"13,0,0\" data-index-in-node=\"0\">Volledig op maat gemaakte 3D-modellen:<\/b> Het interieur is geen plat inzetstuk, maar een gegoten harsfiguur die speciaal voor uw project is gemaakt.<\/p>\n<\/li>\n<li>\n<p data-path-to-node=\"13,1,0\"><b data-path-to-node=\"13,1,0\" data-index-in-node=\"0\">Artistieke afwerking:<\/b> De 3D-elementen kunnen in een elegante, effen witte kleur worden uitgevoerd of zorgvuldig met de hand worden beschilderd in de kleuren van uw merk.<\/p>\n<\/li>\n<li>\n<p data-path-to-node=\"13,2,0\"><b data-path-to-node=\"13,2,0\" data-index-in-node=\"0\">Merkbasis:<\/b> De basis (verkrijgbaar in wit of zwart) is voorzien van <b data-path-to-node=\"13,2,0\" data-index-in-node=\"62\">reli\u00ebfdruk<\/b>, Door een 3D-textuur toe te voegen aan uw logo of tekst aan de buitenkant.<\/p>\n<\/li>\n<li>\n<p data-path-to-node=\"13,3,0\"><b data-path-to-node=\"13,3,0\" data-index-in-node=\"0\">Verpakking voor de detailhandel:<\/b> Extra verpakking is niet nodig. Elke globe wordt geleverd in een full-color bedrukte kartonnen doos met stevige bescherming, klaar voor verzending.<\/p>\n<\/li>\n<\/ul>\n<h2 data-path-to-node=\"14\">Specificaties<\/h2>\n<ul data-path-to-node=\"15\">\n<li>\n<p data-path-to-node=\"15,0,0\"><b data-path-to-node=\"15,0,0\" data-index-in-node=\"0\">Globe-materiaal:<\/b> Figuren van glas\/transparant plastic met polyesterhars (oplosmiddelvrij).<\/p>\n<\/li>\n<li>\n<p data-path-to-node=\"15,1,0\"><b data-path-to-node=\"15,1,0\" data-index-in-node=\"0\">Basismateriaal:<\/b> Duurzaam composietmateriaal.<\/p>\n<\/li>\n<li>\n<p data-path-to-node=\"15,2,0\"><b data-path-to-node=\"15,2,0\" data-index-in-node=\"0\">Vulling:<\/b> Vloeibare formule met sprankelende glitter\/pailletten.<\/p>\n<\/li>\n<li>\n<p data-path-to-node=\"15,3,0\"><b data-path-to-node=\"15,3,0\" data-index-in-node=\"0\">Beschikbare maten:<\/b><\/p>\n<ul data-path-to-node=\"15,3,1\">\n<li>\n<p data-path-to-node=\"15,3,1,0,0\"><b data-path-to-node=\"15,3,1,0,0\" data-index-in-node=\"0\">Wereldbol met een diameter van 8 cm:<\/b> Basis 7,5 \u00d7 7,5 \u00d7 2,5 cm | Doos 11 \u00d7 13 \u00d7 11 cm.<\/p>\n<\/li>\n<li>\n<p data-path-to-node=\"15,3,1,1,0\"><b data-path-to-node=\"15,3,1,1,0\" data-index-in-node=\"0\">Wereldbol met een diameter van 10 cm:<\/b> Basis 9 \u00d7 9 \u00d7 3 cm | Doos 13,7 \u00d7 15,7 \u00d7 13,7 cm.<\/p>\n<\/li>\n<\/ul>\n<\/li>\n<li>\n<p data-path-to-node=\"15,4,0\"><b data-path-to-node=\"15,4,0\" data-index-in-node=\"0\">Aanpassing:<\/b> 3D-gevormd interieur + reli\u00ebfprint op de bodem + op maat gemaakte doos.<\/p>\n<\/li>\n<\/ul>\n<h2 data-path-to-node=\"16\">Gebruiksscenario&#039;s<\/h2>\n<ul data-path-to-node=\"17\">\n<li>\n<p data-path-to-node=\"17,0,0\"><b data-path-to-node=\"17,0,0\" data-index-in-node=\"0\">Kerstcadeaus:<\/b> Het ultieme kerstcadeau voor klanten en medewerkers.<\/p>\n<\/li>\n<li>\n<p data-path-to-node=\"17,1,0\"><b data-path-to-node=\"17,1,0\" data-index-in-node=\"0\">Toerisme en souvenirs:<\/b> Op maat gemaakte sc\u00e8nes van bezienswaardigheden voor musea, hotels en gemeenteraden.<\/p>\n<\/li>\n<li>\n<p data-path-to-node=\"17,2,0\"><b data-path-to-node=\"17,2,0\" data-index-in-node=\"0\">Productlanceringen:<\/b> Maak een miniatuurversie van een nieuwe auto, gebouw of product die in de &quot;sneeuw&quot; drijft.\u201c<\/p>\n<\/li>\n<\/ul>","protected":false},"excerpt":{"rendered":"<ul>\n<li>\n<p data-path-to-node=\"9,0,0\"><b data-path-to-node=\"9,0,0\" data-index-in-node=\"0\">Interieur op maat in 3D:<\/b> We modelleren uw logo, product of mascotte tot een gedetailleerd 3D-beeldhouwwerk in de globe.<\/p>\n<\/li>\n<li>\n<p data-path-to-node=\"9,1,0\"><b data-path-to-node=\"9,1,0\" data-index-in-node=\"0\">Handgeschilderd of monochroom:<\/b> Kies tussen een klassiek, volledig wit beeld of een beeld met levendige, handgeschilderde details.<\/p>\n<\/li>\n<li>\n<p data-path-to-node=\"9,2,0\"><b data-path-to-node=\"9,2,0\" data-index-in-node=\"0\">Pveiligheidssluitingium basis:<\/b> Stevige voet verkrijgbaar in zwart of wit, aanpasbaar met voelbare reli\u00ebfdruk.<\/p>\n<\/li>\n<li>\n<p data-path-to-node=\"9,3,0\"><b data-path-to-node=\"9,3,0\" data-index-in-node=\"0\">Complete cadeau-oplossing:<\/b> Geleverd in een op maat gemaakte, full-color bedrukte doos met beschermende piepschuim inzetstukken.<\/p>\n<\/li>\n<\/ul>","protected":false},"featured_media":6223,"comment_status":"closed","ping_status":"closed","template":"","meta":[],"product_brand":[],"product_cat":[121],"product_tag":[],"class_list":{"0":"post-6222","1":"product","2":"type-product","3":"status-publish","4":"has-post-thumbnail","6":"product_cat-promotional-merchandise","8":"first","9":"instock","10":"shipping-taxable","11":"product-type-simple"},"_links":{"self":[{"href":"https:\/\/displayproducts.eu\/nl\/wp-json\/wp\/v2\/product\/6222","targetHints":{"allow":["GET"]}}],"collection":[{"href":"https:\/\/displayproducts.eu\/nl\/wp-json\/wp\/v2\/product"}],"about":[{"href":"https:\/\/displayproducts.eu\/nl\/wp-json\/wp\/v2\/types\/product"}],"replies":[{"embeddable":true,"href":"https:\/\/displayproducts.eu\/nl\/wp-json\/wp\/v2\/comments?post=6222"}],"wp:featuredmedia":[{"embeddable":true,"href":"https:\/\/displayproducts.eu\/nl\/wp-json\/wp\/v2\/media\/6223"}],"wp:attachment":[{"href":"https:\/\/displayproducts.eu\/nl\/wp-json\/wp\/v2\/media?parent=6222"}],"wp:term":[{"taxonomy":"product_brand","embeddable":true,"href":"https:\/\/displayproducts.eu\/nl\/wp-json\/wp\/v2\/product_brand?post=6222"},{"taxonomy":"product_cat","embeddable":true,"href":"https:\/\/displayproducts.eu\/nl\/wp-json\/wp\/v2\/product_cat?post=6222"},{"taxonomy":"product_tag","embeddable":true,"href":"https:\/\/displayproducts.eu\/nl\/wp-json\/wp\/v2\/product_tag?post=6222"}],"curies":[{"name":"wp","href":"https:\/\/api.w.org\/{rel}","templated":true}]}}