{"id":6201,"date":"2025-12-20T17:18:10","date_gmt":"2025-12-20T14:18:10","guid":{"rendered":"https:\/\/wristbandfactory.eu\/?post_type=product&#038;p=6201"},"modified":"2026-04-01T21:52:03","modified_gmt":"2026-04-01T18:52:03","slug":"custom-fan-scarves-sports-supporters-scarves-knitted-or-printed","status":"publish","type":"product","link":"https:\/\/displayproducts.eu\/nl\/p\/custom-fan-scarves-sports-supporters-scarves-knitted-or-printed\/","title":{"rendered":"Supporters sjaals met logo"},"content":{"rendered":"<p data-path-to-node=\"10\">Versterk de teamgeest en maximaliseer de merkzichtbaarheid met onze <b data-path-to-node=\"10\" data-index-in-node=\"86\">Gepersonaliseerde waaiersjaals<\/b>. Of het nu voor een professionele voetbalclub, een lokaal sportteam of een zakelijk promotie-evenement is, deze sjaals zijn het ultieme accessoire om je team aan te moedigen. We bieden veelzijdige productiemogelijkheden die aansluiten op jouw specifieke ontwerpbehoeften, van traditionele warmte tot grafische afbeeldingen in hoge resolutie.<\/p>\n<p data-path-to-node=\"11\">Ons assortiment omvat drie gespecialiseerde modellen om ervoor te zorgen dat uw logo er optimaal uitziet, of het nu direct in de stof is geweven of met fotorealistische precisie is afgedrukt.<\/p>\n<h2 data-path-to-node=\"12\">Belangrijkste kenmerken<\/h2>\n<ul data-path-to-node=\"13\">\n<li>\n<p data-path-to-node=\"13,0,0\"><b data-path-to-node=\"13,0,0\" data-index-in-node=\"0\">Klassieke gebreide sjaal:<\/b> De traditionele keuze. Met een dubbelzijdig ontwerp waardoor aan elke kant een ander logo kan worden afgebeeld. Gemaakt van zacht 100% acryl voor warmte en duurzaamheid.<\/p>\n<\/li>\n<li>\n<p data-path-to-node=\"13,1,0\"><b data-path-to-node=\"13,1,0\" data-index-in-node=\"0\">Unieke sjaal met afbeelding (bedrukt):<\/b> Ontworpen voor complexe afbeeldingen. Maakt gebruik van een spiegelbeeldeffect aan \u00e9\u00e9n zijde om scherpe, gedetailleerde afdrukken te cre\u00ebren die met breien niet te evenaren zijn.<\/p>\n<\/li>\n<li>\n<p data-path-to-node=\"13,2,0\"><b data-path-to-node=\"13,2,0\" data-index-in-node=\"0\">Gebreide sjaal met embleem:<\/b> Een exclusieve, hoogwaardige optie. Combineert de klassieke gebreide basis met een gedetailleerd, aangehecht embleem voor een luxe uitstraling.<\/p>\n<\/li>\n<\/ul>\n<h2 data-path-to-node=\"14\">Specificaties<\/h2>\n<table data-path-to-node=\"15\">\n<thead>\n<tr>\n<td><strong>Modeltype<\/strong><\/td>\n<td><strong>Afmetingen<\/strong><\/td>\n<td><strong>Materiaalsamenstelling<\/strong><\/td>\n<td><strong>Belangrijkste kenmerk<\/strong><\/td>\n<\/tr>\n<\/thead>\n<tbody>\n<tr>\n<td><span data-path-to-node=\"15,1,0,0\"><b data-path-to-node=\"15,1,0,0\" data-index-in-node=\"0\">Gebreide sjaal<\/b><\/span><\/td>\n<td><span data-path-to-node=\"15,1,1,0\">18 \u00d7 140 cm<\/span><\/td>\n<td><span data-path-to-node=\"15,1,2,0\">100% Acryl<\/span><\/td>\n<td><span data-path-to-node=\"15,1,3,0\">Dubbelzijdig, klassieke warmte<\/span><\/td>\n<\/tr>\n<tr>\n<td><span data-path-to-node=\"15,2,0,0\"><b data-path-to-node=\"15,2,0,0\" data-index-in-node=\"0\">Afbeelding Sjaal<\/b><\/span><\/td>\n<td><span data-path-to-node=\"15,2,1,0\">20 \u00d7 130 cm<\/span><\/td>\n<td><span data-path-to-node=\"15,2,2,0\">80% Acryl, 20% Polyester<\/span><\/td>\n<td><span data-path-to-node=\"15,2,3,0\">Zeer gedetailleerde print, spiegeleffect<\/span><\/td>\n<\/tr>\n<tr>\n<td><span data-path-to-node=\"15,3,0,0\"><b data-path-to-node=\"15,3,0,0\" data-index-in-node=\"0\">Embleem sjaal<\/b><\/span><\/td>\n<td><span data-path-to-node=\"15,3,1,0\">19 \u00d7 130 cm<\/span><\/td>\n<td><span data-path-to-node=\"15,3,2,0\">100% Acryl<\/span><\/td>\n<td><span data-path-to-node=\"15,3,3,0\">Pveiligheidssluitingium geborduurd embleem<\/span><\/td>\n<\/tr>\n<\/tbody>\n<\/table>\n<h2 data-path-to-node=\"16\">Gebruiksscenario&#039;s<\/h2>\n<ul data-path-to-node=\"17\">\n<li>\n<p data-path-to-node=\"17,0,0\"><b data-path-to-node=\"17,0,0\" data-index-in-node=\"0\">Sportmerchandising:<\/b> Een essenti\u00eble inkomstenbron voor fanshops van voetbal-, hockey- en basketbalclubs.<\/p>\n<\/li>\n<li>\n<p data-path-to-node=\"17,1,0\"><b data-path-to-node=\"17,1,0\" data-index-in-node=\"0\">Evenementsponsoring:<\/b> Opvallende branding voor stadionpubliek en grootschalige sportevenementen.<\/p>\n<\/li>\n<li>\n<p data-path-to-node=\"17,2,0\"><b data-path-to-node=\"17,2,0\" data-index-in-node=\"0\">Relatiegeschenken:<\/b> Warme en praktische cadeaus voor winterevenementen of teambuildingactiviteiten in de buitenlucht.<\/p>\n<\/li>\n<\/ul>","protected":false},"excerpt":{"rendered":"<ul>\n<li>\n<p data-path-to-node=\"9,0,0\"><b data-path-to-node=\"9,0,0\" data-index-in-node=\"0\">Drie verschillende stijlen:<\/b> Kies uit klassieke gebreide (jacquard) modellen, modellen met HD-afbeeldingprint of exclusieve modellen met embleem.<\/p>\n<\/li>\n<li>\n<p data-path-to-node=\"9,1,0\"><b data-path-to-node=\"9,1,0\" data-index-in-node=\"0\">Hoogwaardige materialen:<\/b> Gemaakt van warm 100% acryl of een gedetailleerde polyacrylmix voor scherpere afdrukken.<\/p>\n<\/li>\n<li>\n<p data-path-to-node=\"9,2,0\"><b data-path-to-node=\"9,2,0\" data-index-in-node=\"0\">Dubbelzijdige branding:<\/b> Gebreide modellen bieden de mogelijkheid om verschillende, gepersonaliseerde ontwerpen op de voor- en achterkant te laten maken.<\/p>\n<\/li>\n<li>\n<p data-path-to-node=\"9,3,0\"><b data-path-to-node=\"9,3,0\" data-index-in-node=\"0\">Ultieme fanmerchandise:<\/b> Het standaardaccessoire voor voetbalclubs, sportteams en promotionele evenementen.<\/p>\n<\/li>\n<\/ul>","protected":false},"featured_media":6202,"comment_status":"closed","ping_status":"closed","template":"","meta":[],"product_brand":[],"product_cat":[123],"product_tag":[],"class_list":{"0":"post-6201","1":"product","2":"type-product","3":"status-publish","4":"has-post-thumbnail","6":"product_cat-fan-cheering-items","8":"first","9":"instock","10":"shipping-taxable","11":"product-type-simple"},"_links":{"self":[{"href":"https:\/\/displayproducts.eu\/nl\/wp-json\/wp\/v2\/product\/6201","targetHints":{"allow":["GET"]}}],"collection":[{"href":"https:\/\/displayproducts.eu\/nl\/wp-json\/wp\/v2\/product"}],"about":[{"href":"https:\/\/displayproducts.eu\/nl\/wp-json\/wp\/v2\/types\/product"}],"replies":[{"embeddable":true,"href":"https:\/\/displayproducts.eu\/nl\/wp-json\/wp\/v2\/comments?post=6201"}],"wp:featuredmedia":[{"embeddable":true,"href":"https:\/\/displayproducts.eu\/nl\/wp-json\/wp\/v2\/media\/6202"}],"wp:attachment":[{"href":"https:\/\/displayproducts.eu\/nl\/wp-json\/wp\/v2\/media?parent=6201"}],"wp:term":[{"taxonomy":"product_brand","embeddable":true,"href":"https:\/\/displayproducts.eu\/nl\/wp-json\/wp\/v2\/product_brand?post=6201"},{"taxonomy":"product_cat","embeddable":true,"href":"https:\/\/displayproducts.eu\/nl\/wp-json\/wp\/v2\/product_cat?post=6201"},{"taxonomy":"product_tag","embeddable":true,"href":"https:\/\/displayproducts.eu\/nl\/wp-json\/wp\/v2\/product_tag?post=6201"}],"curies":[{"name":"wp","href":"https:\/\/api.w.org\/{rel}","templated":true}]}}