{"id":5824,"date":"2025-12-11T12:42:06","date_gmt":"2025-12-11T09:42:06","guid":{"rendered":"https:\/\/wristbandfactory.eu\/?post_type=product&#038;p=5824"},"modified":"2026-04-01T21:52:35","modified_gmt":"2026-04-01T18:52:35","slug":"embossed-silicone-wristbands-raised-3d-effect","status":"publish","type":"product","link":"https:\/\/displayproducts.eu\/nl\/p\/embossed-silicone-wristbands-raised-3d-effect\/","title":{"rendered":"Siliconen polsbandjes \u2013 Uitgaand reli\u00ebf \/ 3D"},"content":{"rendered":"<p data-path-to-node=\"10\"><b>Onderscheid je met een 3D-afwerking<\/b><\/p>\n<p data-path-to-node=\"11\"><b>Ge\u00ebmbosseerde siliconen polsbandjes<\/b> Wij bieden een unieke draai aan de klassieke liefdadigheidsarmband. In plaats van de tekst naar binnen te graveren, gebruiken we een speciale mal om uw ontwerp boven het oppervlak van de armband te laten uitsteken. Dit zorgt voor een opvallend effect. <b>3D-reli\u00ebfeffect<\/b> dat zowel visueel als tactiel onderscheidend is.<\/p>\n<p data-path-to-node=\"12\"><b>Hoe het gemaakt wordt<\/b> We produceren deze bandjes met behulp van een gespecialiseerd vormproces waarbij de siliconen in een mal worden geperst die reli\u00ebfletters cre\u00ebert. Omdat het logo van hetzelfde siliconenmateriaal is gemaakt als het bandje zelf, is het <b>fysiek permanent<\/b> en kan niet barsten, afbladderen of vervagen.<\/p>\n<p data-path-to-node=\"13\"><b>Ontwerpstijl<\/b> Banden met reli\u00ebf worden doorgaans in \u00e9\u00e9n kleur (monotoon) geproduceerd, waarbij de verhoogde tekst een subtiel schaduweffect cre\u00ebert. Dit resulteert in een <b>een strakke, moderne en ingetogen uitstraling<\/b> Dat is populair voor bedrijfsevenementen, fitnessabonnementen en pveiligheidssluitingium merkactivaties.<\/p>\n<p data-path-to-node=\"14\"><b>Aanpassing<\/b><\/p>\n<ul data-path-to-node=\"15\">\n<li>\n<p data-path-to-node=\"15,0,0\"><b>Kleur:<\/b> Vergelijk de band met een willekeurige Pantone (PMS) referentiekleur.<\/p>\n<\/li>\n<li>\n<p data-path-to-node=\"15,1,0\"><b>Tekst:<\/b> Het meest geschikt voor vette lettertypen en eenvoudige logo&#039;s (fijne details zijn lastiger te accentueren).<\/p>\n<\/li>\n<\/ul>\n<p data-path-to-node=\"16\"><b>Belangrijkste kenmerken:<\/b><\/p>\n<ul data-path-to-node=\"17\">\n<li>\n<p data-path-to-node=\"17,0,0\"><b>Stijl:<\/b> Reli\u00ebf (verhoogd 3D).<\/p>\n<\/li>\n<li>\n<p data-path-to-node=\"17,1,0\"><b>Materiaal:<\/b> 100% siliconen van medische kwaliteit.<\/p>\n<\/li>\n<li>\n<p data-path-to-node=\"17,2,0\"><b>Duurzaamheid:<\/b> Extreem (Geen inkt die kan afwrijven).<\/p>\n<\/li>\n<li>\n<p data-path-to-node=\"17,3,0\"><b>Effect:<\/b> Hoogwaardige, subtiele branding.<\/p>\n<\/li>\n<\/ul>","protected":false},"excerpt":{"rendered":"<ul>\n<li>\n<p data-path-to-node=\"8,0,0\"><b>Verhoogd 3D-effect:<\/b> Uw logo en tekst vallen fysiek op ten opzichte van het oppervlak van de polsband.<\/p>\n<\/li>\n<li>\n<p data-path-to-node=\"8,1,0\"><b>Tastbare ervaring:<\/b> Biedt een unieke, hobbelige textuur die gebruikers kunnen voelen.<\/p>\n<\/li>\n<li>\n<p data-path-to-node=\"8,2,0\"><b>Permanente merkidentiteit:<\/b> Het ontwerp is in de band gegoten, waardoor het nooit zal vervagen of slijten.<\/p>\n<\/li>\n<li>\n<p data-path-to-node=\"8,3,0\"><b>Subtiel en hoogwaardig:<\/b> Ideaal voor merken die een verfijnde, monochrome look willen zonder inkt.<\/p>\n<\/li>\n<\/ul>","protected":false},"featured_media":5825,"comment_status":"closed","ping_status":"closed","template":"","meta":[],"product_brand":[],"product_cat":[49],"product_tag":[],"class_list":{"0":"post-5824","1":"product","2":"type-product","3":"status-publish","4":"has-post-thumbnail","6":"product_cat-silicone","8":"first","9":"instock","10":"shipping-taxable","11":"purchasable","12":"product-type-simple"},"_links":{"self":[{"href":"https:\/\/displayproducts.eu\/nl\/wp-json\/wp\/v2\/product\/5824","targetHints":{"allow":["GET"]}}],"collection":[{"href":"https:\/\/displayproducts.eu\/nl\/wp-json\/wp\/v2\/product"}],"about":[{"href":"https:\/\/displayproducts.eu\/nl\/wp-json\/wp\/v2\/types\/product"}],"replies":[{"embeddable":true,"href":"https:\/\/displayproducts.eu\/nl\/wp-json\/wp\/v2\/comments?post=5824"}],"wp:featuredmedia":[{"embeddable":true,"href":"https:\/\/displayproducts.eu\/nl\/wp-json\/wp\/v2\/media\/5825"}],"wp:attachment":[{"href":"https:\/\/displayproducts.eu\/nl\/wp-json\/wp\/v2\/media?parent=5824"}],"wp:term":[{"taxonomy":"product_brand","embeddable":true,"href":"https:\/\/displayproducts.eu\/nl\/wp-json\/wp\/v2\/product_brand?post=5824"},{"taxonomy":"product_cat","embeddable":true,"href":"https:\/\/displayproducts.eu\/nl\/wp-json\/wp\/v2\/product_cat?post=5824"},{"taxonomy":"product_tag","embeddable":true,"href":"https:\/\/displayproducts.eu\/nl\/wp-json\/wp\/v2\/product_tag?post=5824"}],"curies":[{"name":"wp","href":"https:\/\/api.w.org\/{rel}","templated":true}]}}