{"id":4098,"date":"2025-05-09T18:19:48","date_gmt":"2025-05-09T15:19:48","guid":{"rendered":"https:\/\/wristbandfactory.eu\/?post_type=product&#038;p=4098"},"modified":"2026-04-01T21:52:04","modified_gmt":"2026-04-01T18:52:04","slug":"pu-leather-wristbands-with-details","status":"publish","type":"product","link":"https:\/\/displayproducts.eu\/nl\/p\/pu-leather-wristbands-with-details\/","title":{"rendered":"PU-leren polsbandjes met details"},"content":{"rendered":"<p class=\"\" data-start=\"132\" data-end=\"394\">Voeg een vleugje sprankeling en elegantie toe aan je accessoirecollectie met deze stijlvolle armband van PU-imitatieleer, met een modern design en felgekleurde kristalachtige details. De armband is perfect voor dagelijks gebruik en als exclusief relatiegeschenk.<\/p>\n<p class=\"\" data-start=\"396\" data-end=\"640\">De verstelbare band met drukknoopsluiting past om verschillende polsen. De armband is verkrijgbaar in drie elegante tinten: goud, zwart en zilver \u2013 elk accentueert de stijl van de drager op zijn eigen manier en vormt een prachtige achtergrond voor de glinsterende stenen.<\/p>\n<p class=\"\" data-start=\"642\" data-end=\"891\">Dit product is ook personaliseerbaar: het bedrukkingsvlak bevindt zich bij de sluiting. Hier kan een logo of boodschap worden toegevoegd met tampondruk in \u00e9\u00e9n kleur en een bedrukkingsformaat van 15 \u00d7 12 mm. Dit maakt de armband ideaal als relatiegeschenk of campagnegeschenk.<\/p>\n<p class=\"\" data-start=\"893\" data-end=\"912\"><strong data-start=\"893\" data-end=\"912\">Specificaties:<\/strong><\/p>\n<ul data-start=\"913\" data-end=\"1238\">\n<li class=\"\" data-start=\"913\" data-end=\"941\">\n<p class=\"\" data-start=\"915\" data-end=\"941\"><strong data-start=\"915\" data-end=\"928\">Materiaal:<\/strong> PU-leer<\/p>\n<\/li>\n<li class=\"\" data-start=\"942\" data-end=\"995\">\n<p class=\"\" data-start=\"944\" data-end=\"995\"><strong data-start=\"944\" data-end=\"955\">Ontwerp:<\/strong> Schitterende details met elegante afwerking<\/p>\n<\/li>\n<li class=\"\" data-start=\"996\" data-end=\"1038\">\n<p class=\"\" data-start=\"998\" data-end=\"1038\"><strong data-start=\"998\" data-end=\"1016\">Kleuropties:<\/strong> Goud, zwart, zilver<\/p>\n<\/li>\n<li class=\"\" data-start=\"1039\" data-end=\"1084\">\n<p class=\"\" data-start=\"1041\" data-end=\"1084\"><strong data-start=\"1041\" data-end=\"1051\">Sluiting:<\/strong> Verstelbare drukknoopsluiting<\/p>\n<\/li>\n<li class=\"\" data-start=\"1085\" data-end=\"1118\">\n<p class=\"\" data-start=\"1087\" data-end=\"1118\"><strong data-start=\"1087\" data-end=\"1102\">Afmetingen:<\/strong> 20,5 \u00d7 2,6 cm<\/p>\n<\/li>\n<li class=\"\" data-start=\"1119\" data-end=\"1138\">\n<p class=\"\" data-start=\"1121\" data-end=\"1138\"><strong data-start=\"1121\" data-end=\"1132\">Gewicht:<\/strong> 8 gram<\/p>\n<\/li>\n<li class=\"\" data-start=\"1139\" data-end=\"1181\">\n<p class=\"\" data-start=\"1141\" data-end=\"1181\"><strong data-start=\"1141\" data-end=\"1156\">Afdrukgebied:<\/strong> Bij sluiting, 15 \u00d7 12 mm<\/p>\n<\/li>\n<li class=\"\" data-start=\"1182\" data-end=\"1238\">\n<p class=\"\" data-start=\"1184\" data-end=\"1238\"><strong data-start=\"1184\" data-end=\"1207\">Druktechniek:<\/strong> Tampondruk (maximaal 1 kleur)<\/p>\n<\/li>\n<\/ul>","protected":false},"excerpt":{"rendered":"<p class=\"\" data-start=\"80\" data-end=\"438\">De armband van PU-imitatieleer is voorzien van opvallende, kristalvormige, gekleurde details. De armband heeft een verstelbare drukknoopsluiting en is verkrijgbaar in drie stijlvolle tinten: goud, zwart en zilver \u2013 elk met een eigen accent op de persoonlijkheid van de drager. Naast de sluiting kan met behulp van tampondruk een logo of tekst worden aangebracht, waardoor het een cool campagne- of relatiegeschenk is.<\/p>","protected":false},"featured_media":6430,"comment_status":"closed","ping_status":"closed","template":"","meta":[],"product_brand":[],"product_cat":[66,117],"product_tag":[],"class_list":{"0":"post-4098","1":"product","2":"type-product","3":"status-publish","4":"has-post-thumbnail","6":"product_cat-wristbands","7":"product_cat-leather-wristbands","9":"first","10":"instock","11":"shipping-taxable","12":"purchasable","13":"product-type-simple"},"_links":{"self":[{"href":"https:\/\/displayproducts.eu\/nl\/wp-json\/wp\/v2\/product\/4098","targetHints":{"allow":["GET"]}}],"collection":[{"href":"https:\/\/displayproducts.eu\/nl\/wp-json\/wp\/v2\/product"}],"about":[{"href":"https:\/\/displayproducts.eu\/nl\/wp-json\/wp\/v2\/types\/product"}],"replies":[{"embeddable":true,"href":"https:\/\/displayproducts.eu\/nl\/wp-json\/wp\/v2\/comments?post=4098"}],"wp:featuredmedia":[{"embeddable":true,"href":"https:\/\/displayproducts.eu\/nl\/wp-json\/wp\/v2\/media\/6430"}],"wp:attachment":[{"href":"https:\/\/displayproducts.eu\/nl\/wp-json\/wp\/v2\/media?parent=4098"}],"wp:term":[{"taxonomy":"product_brand","embeddable":true,"href":"https:\/\/displayproducts.eu\/nl\/wp-json\/wp\/v2\/product_brand?post=4098"},{"taxonomy":"product_cat","embeddable":true,"href":"https:\/\/displayproducts.eu\/nl\/wp-json\/wp\/v2\/product_cat?post=4098"},{"taxonomy":"product_tag","embeddable":true,"href":"https:\/\/displayproducts.eu\/nl\/wp-json\/wp\/v2\/product_tag?post=4098"}],"curies":[{"name":"wp","href":"https:\/\/api.w.org\/{rel}","templated":true}]}}