{"id":4024,"date":"2025-05-09T16:57:10","date_gmt":"2025-05-09T13:57:10","guid":{"rendered":"https:\/\/wristbandfactory.eu\/?post_type=product&#038;p=4024"},"modified":"2026-04-01T21:52:36","modified_gmt":"2026-04-01T18:52:36","slug":"custom-engraved-multifunctional-paracord-survival-wristbands","status":"publish","type":"product","link":"https:\/\/displayproducts.eu\/nl\/p\/custom-engraved-multifunctional-paracord-survival-wristbands\/","title":{"rendered":"Paracord polsbandjes met logo"},"content":{"rendered":"<p data-path-to-node=\"8\">Geef uw relatiegeschenken een extra dimensie met een product dat functionaliteit combineert met een stoere stijl. Onze multifunctionele paracord survivalarmband is meer dan zomaar een accessoire; het is een compacte noodkit, speciaal ontworpen voor actieve mensen en avonturiers. Of u hem nu gebruikt tijdens wandelen, kamperen of tactische training, deze armband biedt essenti\u00eble hulpmiddelen direct om uw pols.<\/p>\n<p data-path-to-node=\"9\">De kern van de armband is gemaakt van zeer sterk nylon paracord dat in noodsituaties kan worden afgewikkeld. De ge\u00efntegreerde, veilige gesp bevat een luid noodfluitje en een vuurstarter, terwijl de bovenkant is voorzien van een betrouwbaar kompas en een stevige flesopener.<\/p>\n<h2 data-path-to-node=\"10\">Belangrijkste kenmerken<\/h2>\n<ul data-path-to-node=\"11\">\n<li>\n<p data-path-to-node=\"11,0,0\"><b data-path-to-node=\"11,0,0\" data-index-in-node=\"0\">Alles-in-\u00e9\u00e9n-hulpmiddel:<\/b> Vijf essenti\u00eble overlevingshulpmiddelen ge\u00efntegreerd in \u00e9\u00e9n draagbaar ontwerp.<\/p>\n<\/li>\n<li>\n<p data-path-to-node=\"11,1,0\"><b data-path-to-node=\"11,1,0\" data-index-in-node=\"0\">Lasergravure op maat:<\/b> Uw bedrijfslogo wordt nauwkeurig in de metalen plaat gegraveerd, waardoor de merknaam nooit vervaagt of afbladdert.<\/p>\n<\/li>\n<li>\n<p data-path-to-node=\"11,2,0\"><b data-path-to-node=\"11,2,0\" data-index-in-node=\"0\">Robuuste constructie:<\/b> Ontworpen om zware weersomstandigheden te weerstaan, waardoor het een favoriet is onder outdoorliefhebbers.<\/p>\n<\/li>\n<li>\n<p data-path-to-node=\"11,3,0\"><b data-path-to-node=\"11,3,0\" data-index-in-node=\"0\">Ergonomische pasvorm:<\/b> Ontworpen voor comfort bij langdurig dragen, met een veilig gespsysteem.<\/p>\n<\/li>\n<\/ul>\n<h2 data-path-to-node=\"12\">Specificaties<\/h2>\n<ul data-path-to-node=\"13\">\n<li>\n<p data-path-to-node=\"13,0,0\"><b data-path-to-node=\"13,0,0\" data-index-in-node=\"0\">Materiaal:<\/b> Zeer sterk nylon paracord en metalen onderdelen<\/p>\n<\/li>\n<li>\n<p data-path-to-node=\"13,1,0\"><b data-path-to-node=\"13,1,0\" data-index-in-node=\"0\">Afmetingen:<\/b> 25,5 \u00d7 3,4 \u00d7 1,1 cm<\/p>\n<\/li>\n<li>\n<p data-path-to-node=\"13,2,0\"><b data-path-to-node=\"13,2,0\" data-index-in-node=\"0\">Gewicht:<\/b> 36 gram<\/p>\n<\/li>\n<li>\n<p data-path-to-node=\"13,3,0\"><b data-path-to-node=\"13,3,0\" data-index-in-node=\"0\">Ge\u00efntegreerde functies:<\/b> Polsbandje, kompas, fluitje, vuurstarter, flesopener<\/p>\n<\/li>\n<li>\n<p data-path-to-node=\"13,4,0\"><b data-path-to-node=\"13,4,0\" data-index-in-node=\"0\">Aanpassingsgebied:<\/b> 20 \u00d7 10 mm op de metalen plaat<\/p>\n<\/li>\n<li>\n<p data-path-to-node=\"13,5,0\"><b data-path-to-node=\"13,5,0\" data-index-in-node=\"0\">Techniek:<\/b> Lasergraveren in \u00e9\u00e9n kleur<\/p>\n<\/li>\n<\/ul>\n<h2 data-path-to-node=\"14\">Gebruiksscenario&#039;s<\/h2>\n<ul data-path-to-node=\"15\">\n<li>\n<p data-path-to-node=\"15,0,0\"><b data-path-to-node=\"15,0,0\" data-index-in-node=\"0\">Teambuilding voor bedrijven:<\/b> Een perfect cadeau voor wildernisretraites en outdoor-overlevingsuitdagingen.<\/p>\n<\/li>\n<li>\n<p data-path-to-node=\"15,1,0\"><b data-path-to-node=\"15,1,0\" data-index-in-node=\"0\">Avontuurlijk toerisme:<\/b> Reisbureaus en touroperators kunnen hun klanten merkartikelen aanbieden.<\/p>\n<\/li>\n<li>\n<p data-path-to-node=\"15,2,0\"><b data-path-to-node=\"15,2,0\" data-index-in-node=\"0\">Detailhandel en merchandising:<\/b> Een uitstekend product met een hoge waargenomen waarde voor outdoor- en sportwinkels.<\/p>\n<\/li>\n<li>\n<p data-path-to-node=\"15,3,0\"><b data-path-to-node=\"15,3,0\" data-index-in-node=\"0\">Veiligheidsbewustmakingscampagnes:<\/b> Ideaal voor organisaties die zich richten op paraatheid en noodhulpverlening.<\/p>\n<\/li>\n<\/ul>","protected":false},"excerpt":{"rendered":"<article class=\"text-token-text-primary w-full\" dir=\"auto\" data-testid=\"conversation-turn-434\" data-scroll-anchor=\"true\">\n<div class=\"text-base my-auto mx-auto py-5 [--thread-content-margin:--spacing(4)] @[37veiligheidssluiting]:[--thread-content-margin:--spacing(6)] @[72veiligheidssluiting]:[--thread-content-margin:--spacing(16)] px-(--thread-content-margin)\">\n<div class=\"[--thread-content-max-width:32veiligheidssluiting] @[34veiligheidssluiting]:[--thread-content-max-width:40veiligheidssluiting] @[64veiligheidssluiting]:[--thread-content-max-width:48veiligheidssluiting] mx-auto flex max-w-(--thread-content-max-width) flex-1 text-base gap-4 md:gap-5 lg:gap-6 group\/turn-messages focus-visible:outline-hidden\" tabindex=\"-1\">\n<div class=\"group\/conversation-turn relative flex w-full min-w-0 flex-col agent-turn\">\n<div class=\"relative flex-col gap-1 md:gap-3\">\n<div class=\"flex max-w-full flex-col grow\">\n<div class=\"min-h-8 text-message relative flex w-full flex-col items-end gap-2 text-start break-words whitespace-normal [.text-message+&amp;]:mt-5\" dir=\"auto\" data-message-author-role=\"assistant\" data-message-id=\"209e0cfa-4190-4646-a2b0-a9a360850576\" data-message-model-slug=\"gpt-4o\">\n<div class=\"flex w-full flex-col gap-1 empty:hidden first:pt-[3px]\">\n<div class=\"markdown prose dark:prose-invert w-full break-words light\">\n<ul>\n<li>\n<p data-path-to-node=\"7,0,0\"><b data-path-to-node=\"7,0,0\" data-index-in-node=\"0\">Multifunctioneel 5-in-1 gereedschap:<\/b> Inclusief kompas, fluitje, aanmaakblokje, flesopener en stevig paracord.<\/p>\n<\/li>\n<li>\n<p data-path-to-node=\"7,1,0\"><b data-path-to-node=\"7,1,0\" data-index-in-node=\"0\">Pveiligheidssluitingium branding:<\/b> Professionele lasergravure op een metalen plaat van 20 \u00d7 10 mm voor een permanent zichtbaar logo.<\/p>\n<\/li>\n<li>\n<p data-path-to-node=\"7,2,0\"><b data-path-to-node=\"7,2,0\" data-index-in-node=\"0\">Extveiligheidssluitinge duurzaamheid:<\/b> Gemaakt van robuust nylon, ontworpen voor buitenavonturen en noodsituaties.<\/p>\n<\/li>\n<li>\n<p data-path-to-node=\"7,3,0\"><b data-path-to-node=\"7,3,0\" data-index-in-node=\"0\">Veelzijdigheid in B2B:<\/b> Ideaal voor reisbureaus, teambuildingevenementen en winkels in outdoorartikelen.<\/p>\n<\/li>\n<\/ul>\n<\/div>\n<\/div>\n<\/div>\n<\/div>\n<\/div>\n<\/div>\n<\/div>\n<\/div>\n<\/article>","protected":false},"featured_media":6416,"comment_status":"closed","ping_status":"closed","template":"","meta":[],"product_brand":[],"product_cat":[66,112,45],"product_tag":[],"class_list":{"0":"post-4024","1":"product","2":"type-product","3":"status-publish","4":"has-post-thumbnail","6":"product_cat-wristbands","7":"product_cat-paracord-wristbands","8":"product_cat-other","10":"first","11":"instock","12":"shipping-taxable","13":"purchasable","14":"product-type-simple"},"_links":{"self":[{"href":"https:\/\/displayproducts.eu\/nl\/wp-json\/wp\/v2\/product\/4024","targetHints":{"allow":["GET"]}}],"collection":[{"href":"https:\/\/displayproducts.eu\/nl\/wp-json\/wp\/v2\/product"}],"about":[{"href":"https:\/\/displayproducts.eu\/nl\/wp-json\/wp\/v2\/types\/product"}],"replies":[{"embeddable":true,"href":"https:\/\/displayproducts.eu\/nl\/wp-json\/wp\/v2\/comments?post=4024"}],"wp:featuredmedia":[{"embeddable":true,"href":"https:\/\/displayproducts.eu\/nl\/wp-json\/wp\/v2\/media\/6416"}],"wp:attachment":[{"href":"https:\/\/displayproducts.eu\/nl\/wp-json\/wp\/v2\/media?parent=4024"}],"wp:term":[{"taxonomy":"product_brand","embeddable":true,"href":"https:\/\/displayproducts.eu\/nl\/wp-json\/wp\/v2\/product_brand?post=4024"},{"taxonomy":"product_cat","embeddable":true,"href":"https:\/\/displayproducts.eu\/nl\/wp-json\/wp\/v2\/product_cat?post=4024"},{"taxonomy":"product_tag","embeddable":true,"href":"https:\/\/displayproducts.eu\/nl\/wp-json\/wp\/v2\/product_tag?post=4024"}],"curies":[{"name":"wp","href":"https:\/\/api.w.org\/{rel}","templated":true}]}}