{"id":2765,"date":"2025-01-07T16:34:40","date_gmt":"2025-01-07T13:34:40","guid":{"rendered":"https:\/\/wristbandfactory.eu\/toode\/nylon-deep-woven-lanyard\/"},"modified":"2026-04-01T21:52:36","modified_gmt":"2026-04-01T18:52:36","slug":"nylon-deep-woven-lanyard","status":"publish","type":"product","link":"https:\/\/displayproducts.eu\/nl\/p\/nylon-deep-woven-lanyard\/","title":{"rendered":"Nylon keycords met diepgeweven structuur en logo op maat"},"content":{"rendered":"<p data-path-to-node=\"8\">Versterk het professionele imago van uw merk met onze diepgeweven nylon keycords. In tegenstelling tot standaard keycords met opdruk, zijn deze keycords voorzien van een logo in \u00e9\u00e9n kleur dat direct in het nylon lint is geweven. Deze &quot;diepweeftechniek&quot; cre\u00ebert een subtiel concaaf effect, waardoor het product een verfijnde, gestructureerde uitstraling krijgt die kwaliteit en oog voor detail uitstraalt.<\/p>\n<h2 data-path-to-node=\"9\">Belangrijkste kenmerken<\/h2>\n<ul data-path-to-node=\"10\">\n<li>\n<p data-path-to-node=\"10,0,0\"><b data-path-to-node=\"10,0,0\" data-index-in-node=\"0\">Pveiligheidssluitingium materiaal:<\/b> Gemaakt van dicht 100% nylon, wat een gladdere en glanzendere afwerking biedt dan standaard polyester.<\/p>\n<\/li>\n<li>\n<p data-path-to-node=\"10,1,0\"><b data-path-to-node=\"10,1,0\" data-index-in-node=\"0\">Integratie van het geweven logo:<\/b> Het logo is in de stof verwerkt, waardoor het nooit zal vervagen, afbladderen of barsten, zelfs niet na langdurig gebruik.<\/p>\n<\/li>\n<li>\n<p data-path-to-node=\"10,2,0\"><b data-path-to-node=\"10,2,0\" data-index-in-node=\"0\">Concave esthetiek:<\/b> Het verzonken logo geeft een professionele, driedimensionale uitstraling zonder de kwetsbaarheid van traditioneel reli\u00ebfdruk.<\/p>\n<\/li>\n<li>\n<p data-path-to-node=\"10,3,0\"><b data-path-to-node=\"10,3,0\" data-index-in-node=\"0\">Hardwarecompatibiliteit:<\/b> Aangevuld met een robuuste zwarte karabijnhaak (ATT5\/H) of andere op maat gemaakte bevestigingsmiddelen zoals veiligheidsveiligheidssluitingmen en gespen.<\/p>\n<\/li>\n<li>\n<p data-path-to-node=\"10,4,0\"><b data-path-to-node=\"10,4,0\" data-index-in-node=\"0\">Dubbelzijdige branding:<\/b> Mogelijkheden voor bijpassende geweven patronen aan beide zijden voor een samenhangend geheel.<\/p>\n<\/li>\n<\/ul>\n<h2 data-path-to-node=\"11\">Specificaties<\/h2>\n<ul data-path-to-node=\"12\">\n<li>\n<p data-path-to-node=\"12,0,0\"><b data-path-to-node=\"12,0,0\" data-index-in-node=\"0\">Materiaal:<\/b> 100% duurzaam nylon van hoge kwaliteit.<\/p>\n<\/li>\n<li>\n<p data-path-to-node=\"12,1,0\"><b data-path-to-node=\"12,1,0\" data-index-in-node=\"0\">Breedte:<\/b> 25 mm of 30 mm (optimaal voor complexe logo&#039;s).<\/p>\n<\/li>\n<li>\n<p data-path-to-node=\"12,2,0\"><b data-path-to-node=\"12,2,0\" data-index-in-node=\"0\">Lengte:<\/b> Normaal (900 mm) of kort (200 mm).<\/p>\n<\/li>\n<li>\n<p data-path-to-node=\"12,3,0\"><b data-path-to-node=\"12,3,0\" data-index-in-node=\"0\">Logo-ontwerp:<\/b> Effen geweven (verzonken\/concaaf effect).<\/p>\n<\/li>\n<li>\n<p data-path-to-node=\"12,4,0\"><b data-path-to-node=\"12,4,0\" data-index-in-node=\"0\">Basiskleur:<\/b> Standaard zwart (aangepaste Pantone-kleuren zijn op aanvraag verkrijgbaar).<\/p>\n<\/li>\n<li>\n<p data-path-to-node=\"12,5,0\"><b data-path-to-node=\"12,5,0\" data-index-in-node=\"0\">Minimale bestelhoeveelheid:<\/b> 100 stuks.<\/p>\n<\/li>\n<\/ul>","protected":false},"excerpt":{"rendered":"<p data-path-to-node=\"6\">Versterk uw bedrijfsidentiteit met onze hoogwaardige, diepgeweven nylon keycords. Deze keycords bieden een unieke, tactiele afwerking waarbij uw logo direct in het weefsel is verwerkt voor maximale duurzaamheid.<\/p>\n<ul data-path-to-node=\"7\">\n<li>\n<p data-path-to-node=\"7,0,0\"><b data-path-to-node=\"7,0,0\" data-index-in-node=\"0\">Superieure duurzaamheid:<\/b> 100% hoogwaardig nylon, ontworpen voor intensief dagelijks gebruik.<\/p>\n<\/li>\n<li>\n<p data-path-to-node=\"7,1,0\"><b data-path-to-node=\"7,1,0\" data-index-in-node=\"0\">Exclusieve merkuitstraling:<\/b> Het verzonken, geweven logo zorgt voor een luxe, reli\u00ebfachtige uitstraling.<\/p>\n<\/li>\n<li>\n<p data-path-to-node=\"7,2,0\"><b data-path-to-node=\"7,2,0\" data-index-in-node=\"0\">Veelzijdige opties:<\/b> Verkrijgbaar in standaard- en korte lengtes voor diverse B2B-toepassingen.<\/p>\n<\/li>\n<li>\n<p data-path-to-node=\"7,3,0\"><b data-path-to-node=\"7,3,0\" data-index-in-node=\"0\">Volledige aanpassing:<\/b> Kies uit verschillende breedtes en pas de Pantone-kleur op maat aan.<\/p>\n<\/li>\n<\/ul>","protected":false},"featured_media":2748,"comment_status":"closed","ping_status":"closed","template":"","meta":[],"product_brand":[],"product_cat":[43,108],"product_tag":[],"class_list":{"0":"post-2765","1":"product","2":"type-product","3":"status-publish","4":"has-post-thumbnail","6":"product_cat-lanyards","7":"product_cat-multifunctional-lanyards","9":"first","10":"instock","11":"shipping-taxable","12":"purchasable","13":"product-type-simple"},"_links":{"self":[{"href":"https:\/\/displayproducts.eu\/nl\/wp-json\/wp\/v2\/product\/2765","targetHints":{"allow":["GET"]}}],"collection":[{"href":"https:\/\/displayproducts.eu\/nl\/wp-json\/wp\/v2\/product"}],"about":[{"href":"https:\/\/displayproducts.eu\/nl\/wp-json\/wp\/v2\/types\/product"}],"replies":[{"embeddable":true,"href":"https:\/\/displayproducts.eu\/nl\/wp-json\/wp\/v2\/comments?post=2765"}],"wp:featuredmedia":[{"embeddable":true,"href":"https:\/\/displayproducts.eu\/nl\/wp-json\/wp\/v2\/media\/2748"}],"wp:attachment":[{"href":"https:\/\/displayproducts.eu\/nl\/wp-json\/wp\/v2\/media?parent=2765"}],"wp:term":[{"taxonomy":"product_brand","embeddable":true,"href":"https:\/\/displayproducts.eu\/nl\/wp-json\/wp\/v2\/product_brand?post=2765"},{"taxonomy":"product_cat","embeddable":true,"href":"https:\/\/displayproducts.eu\/nl\/wp-json\/wp\/v2\/product_cat?post=2765"},{"taxonomy":"product_tag","embeddable":true,"href":"https:\/\/displayproducts.eu\/nl\/wp-json\/wp\/v2\/product_tag?post=2765"}],"curies":[{"name":"wp","href":"https:\/\/api.w.org\/{rel}","templated":true}]}}