{"id":6853,"date":"2026-01-15T15:29:17","date_gmt":"2026-01-15T12:29:17","guid":{"rendered":"https:\/\/wristbandfactory.eu\/?post_type=product&#038;p=6853"},"modified":"2026-04-01T21:52:34","modified_gmt":"2026-04-01T18:52:34","slug":"custom-printed-eco-friendly-yoga-mats-cork-microfiber-coconut","status":"publish","type":"product","link":"https:\/\/displayproducts.eu\/nb\/p\/custom-printed-eco-friendly-yoga-mats-cork-microfiber-coconut\/","title":{"rendered":"Yogamatter med trykk (kork og mikrofiber)"},"content":{"rendered":"<p data-path-to-node=\"6\">Forvandle studiolokalet eller bedriftens velv\u00e6reprogram med v\u00e5rt f\u00f8rsteklasses utvalg av <b data-path-to-node=\"6\" data-index-in-node=\"109\">Tilpassede trykte milj\u00f8vennlige yogamatter<\/b>. Disse mattene er utviklet for profesjonell bruk og eksklusiv merchandising, og kombinerer b\u00e6rekraft med overlegen ytelse. I motsetning til vanlige PVC-matter bruker kolleksjonen v\u00e5r en base av naturgummi for uovertruffen stabilitet og tilbyr tre forskjellige overflatematerialer som matcher dine spesifikke merkevare- og funksjonsbehov.<\/p>\n<p data-path-to-node=\"7\">Enten du trenger en svetteabsorberende overflate for hot yoga eller en grepsvennlig tekstur for presise stillinger, tilbyr v\u00e5re tilpassbare matter det perfekte lerretet for merkevaren din.<\/p>\n<h2 data-path-to-node=\"8\">Materialalternativer<\/h2>\n<ul data-path-to-node=\"9\">\n<li>\n<p data-path-to-node=\"9,0,0\"><b data-path-to-node=\"9,0,0\" data-index-in-node=\"0\">Alternativ A: Semsket skinnlignende mikrofiber:<\/b> En myk, fl\u00f8yelsmyk overflate som blir mer gripende n\u00e5r du svetter. Ideell for hot yoga og detaljerte fotoutskrifter i fullfarge.<\/p>\n<\/li>\n<li>\n<p data-path-to-node=\"9,1,0\"><b data-path-to-node=\"9,1,0\" data-index-in-node=\"0\">Alternativ B: 100% Naturkork:<\/b> Antimikrobiell og milj\u00f8vennlig. Gir et naturlig, organisk utseende med utmerket t\u00f8rt grep.<\/p>\n<\/li>\n<li>\n<p data-path-to-node=\"9,2,0\"><b data-path-to-node=\"9,2,0\" data-index-in-node=\"0\">Alternativ C: Kokos PU-fiber:<\/b> Det ultimate valget for ytelse. En blanding av PU og minimum 10% kokosfiber gir overlegent grep og en unik teksturert estetikk.<\/p>\n<\/li>\n<\/ul>\n<h2 data-path-to-node=\"10\">Spesifikasjoner<\/h2>\n<ul data-path-to-node=\"11\">\n<li>\n<p data-path-to-node=\"11,0,0\"><b data-path-to-node=\"11,0,0\" data-index-in-node=\"0\">Basismateriale:<\/b> Naturgummi (alle modeller)<\/p>\n<\/li>\n<li>\n<p data-path-to-node=\"11,1,0\"><b data-path-to-node=\"11,1,0\" data-index-in-node=\"0\">Printing:<\/b> Fullfarget CMYK (Merk: \u00b115% fargenyansevariasjon kan forekomme p\u00e5 grunn av materialabsorpsjon)<\/p>\n<\/li>\n<li>\n<p data-path-to-node=\"11,2,0\"><b data-path-to-node=\"11,2,0\" data-index-in-node=\"0\">Minimumsbestilling:<\/b> 12 stk (Bestill multipler av 6)<\/p>\n<\/li>\n<li>\n<p data-path-to-node=\"11,3,0\"><b data-path-to-node=\"11,3,0\" data-index-in-node=\"0\">Modell 1 (mikrofiber):<\/b> 183 x 68 cm | Tykkelse: 0,15 cm eller 0,4 cm | Vekt: ~1,5 kg \u2013 3,0 kg<\/p>\n<\/li>\n<li>\n<p data-path-to-node=\"11,4,0\"><b data-path-to-node=\"11,4,0\" data-index-in-node=\"0\">Modell 2 (Kork):<\/b> 183 x 61 cm | Tykkelse: 0,2 cm eller 0,4 cm | Vekt: ~1,4 kg \u2013 2,8 kg<\/p>\n<\/li>\n<li>\n<p data-path-to-node=\"11,5,0\"><b data-path-to-node=\"11,5,0\" data-index-in-node=\"0\">Modell 3 (kokosn\u00f8tt PU):<\/b> 183 x 68 cm | Tykkelse: 0,2 cm eller 0,45 cm | Vekt: ~1,5 kg \u2013 3,0 kg | 100% Lateks-\/PVC-fri<\/p>\n<\/li>\n<\/ul>\n<h2 data-path-to-node=\"12\">Brukstilfeller<\/h2>\n<ul data-path-to-node=\"13\">\n<li>\n<p data-path-to-node=\"13,0,0\"><b data-path-to-node=\"13,0,0\" data-index-in-node=\"0\">Yogastudioer og treningssentre:<\/b> Merkeutstyr for klasser eller detaljsalg til medlemmer.<\/p>\n<\/li>\n<li>\n<p data-path-to-node=\"13,1,0\"><b data-path-to-node=\"13,1,0\" data-index-in-node=\"0\">Bedriftens velv\u00e6re:<\/b> Premiumgaver til ansatte som fremmer helse og balanse mellom arbeid og fritid.<\/p>\n<\/li>\n<li>\n<p data-path-to-node=\"13,2,0\"><b data-path-to-node=\"13,2,0\" data-index-in-node=\"0\">Retreater og spa:<\/b> Eksklusive varer for luksuri\u00f8se velv\u00e6re-retreater.<\/p>\n<\/li>\n<li>\n<p data-path-to-node=\"13,3,0\"><b data-path-to-node=\"13,3,0\" data-index-in-node=\"0\">Influencer-varer:<\/b> H\u00f8yverdige spesialtilpassede produkter for treningsinfluensere og trenere.<\/p>\n<\/li>\n<\/ul>","protected":false},"excerpt":{"rendered":"<ul>\n<li>\n<p data-path-to-node=\"5,0,0\"><b data-path-to-node=\"5,0,0\" data-index-in-node=\"0\">Premium milj\u00f8materialer:<\/b> Velg mellom myk semsket mikrofiber, naturlig antimikrobiell kork eller PU-blandinger av kokos med h\u00f8yt grep \u2013 alle med en sklisikker base av naturlig gummi.<\/p>\n<\/li>\n<li>\n<p data-path-to-node=\"5,1,0\"><b data-path-to-node=\"5,1,0\" data-index-in-node=\"0\">Fullfargede merkevarebygging:<\/b> Kant-til-kant CMYK-utskrift muliggj\u00f8r fotorealistiske design, tilpassede m\u00f8nstre eller dristige firmalogoer.<\/p>\n<\/li>\n<li>\n<p data-path-to-node=\"5,2,0\"><b data-path-to-node=\"5,2,0\" data-index-in-node=\"0\">Kommersiell holdbarhet:<\/b> Robust konstruksjon designet for treningssentre, yogastudioer og premium bedriftsgaver.<\/p>\n<\/li>\n<li>\n<p data-path-to-node=\"5,3,0\"><b data-path-to-node=\"5,3,0\" data-index-in-node=\"0\">Sklisikring:<\/b> Den naturlige gummibunnen s\u00f8rger for at matten holder seg godt p\u00e5 plass under intensiv trening.<\/p>\n<\/li>\n<\/ul>","protected":false},"featured_media":6854,"comment_status":"closed","ping_status":"closed","template":"","meta":[],"product_brand":[],"product_cat":[118],"product_tag":[],"class_list":{"0":"post-6853","1":"product","2":"type-product","3":"status-publish","4":"has-post-thumbnail","6":"product_cat-sports-fitness","8":"first","9":"instock","10":"shipping-taxable","11":"purchasable","12":"product-type-simple"},"_links":{"self":[{"href":"https:\/\/displayproducts.eu\/nb\/wp-json\/wp\/v2\/product\/6853","targetHints":{"allow":["GET"]}}],"collection":[{"href":"https:\/\/displayproducts.eu\/nb\/wp-json\/wp\/v2\/product"}],"about":[{"href":"https:\/\/displayproducts.eu\/nb\/wp-json\/wp\/v2\/types\/product"}],"replies":[{"embeddable":true,"href":"https:\/\/displayproducts.eu\/nb\/wp-json\/wp\/v2\/comments?post=6853"}],"wp:featuredmedia":[{"embeddable":true,"href":"https:\/\/displayproducts.eu\/nb\/wp-json\/wp\/v2\/media\/6854"}],"wp:attachment":[{"href":"https:\/\/displayproducts.eu\/nb\/wp-json\/wp\/v2\/media?parent=6853"}],"wp:term":[{"taxonomy":"product_brand","embeddable":true,"href":"https:\/\/displayproducts.eu\/nb\/wp-json\/wp\/v2\/product_brand?post=6853"},{"taxonomy":"product_cat","embeddable":true,"href":"https:\/\/displayproducts.eu\/nb\/wp-json\/wp\/v2\/product_cat?post=6853"},{"taxonomy":"product_tag","embeddable":true,"href":"https:\/\/displayproducts.eu\/nb\/wp-json\/wp\/v2\/product_tag?post=6853"}],"curies":[{"name":"wp","href":"https:\/\/api.w.org\/{rel}","templated":true}]}}