{"id":6851,"date":"2026-01-15T15:18:22","date_gmt":"2026-01-15T12:18:22","guid":{"rendered":"https:\/\/wristbandfactory.eu\/?post_type=product&#038;p=6851"},"modified":"2026-04-01T21:52:03","modified_gmt":"2026-04-01T18:52:03","slug":"custom-printed-cotton-tea-towels-250gsm-45x70cm","status":"publish","type":"product","link":"https:\/\/displayproducts.eu\/nb\/p\/custom-printed-cotton-tea-towels-250gsm-45x70cm\/","title":{"rendered":"Trykte kj\u00f8kkenh\u00e5ndkl\u00e6r i bomull (250gsm)"},"content":{"rendered":"<p data-path-to-node=\"8\">Styrk merkevarens tilstedev\u00e6relse i hjertet av hjemmet eller serveringsstedet med v\u00e5re <b data-path-to-node=\"8\" data-index-in-node=\"110\">Tilpassede trykte bomulls kj\u00f8kkenh\u00e5ndkl\u00e6r<\/b>. I motsetning til vanlige reklametekstiler er disse h\u00e5ndkl\u00e6rne laget av h\u00f8ykvalitets 250 gsm bomull, noe som gir en solid og eksklusiv f\u00f8lelse som gjenspeiler bedriften din. Enten de brukes p\u00e5 et travelt profesjonelt kj\u00f8kken eller som en stilig firmagave, kombinerer de hverdagsnytte med effektiv merkevareeksponering.<\/p>\n<p data-path-to-node=\"9\">Disse kj\u00f8kkenh\u00e5ndkl\u00e6rne er designet for B2B-kunder som \u00f8nsker varer som blir brukt, ikke kastet. Den skarpe silketrykkprosessen gir mulighet for dristige, tydelige logoer eller kunstneriske m\u00f8nstre, noe som gj\u00f8r dem til utmerkede varer for museumsbutikker, sm\u00e5butikker og giveaways til arrangementer.<\/p>\n<h2 data-path-to-node=\"10\">Viktige funksjoner<\/h2>\n<ul data-path-to-node=\"11\">\n<li>\n<p data-path-to-node=\"11,0,0\"><b data-path-to-node=\"11,0,0\" data-index-in-node=\"0\">Stoff med h\u00f8y tetthet:<\/b> Med en vekt p\u00e5 250 g\/m\u00b2 er denne bomullen tykkere og mer slitesterk enn vanlige reklameh\u00e5ndkl\u00e6r, noe som sikrer lang levetid.<\/p>\n<\/li>\n<li>\n<p data-path-to-node=\"11,1,0\"><b data-path-to-node=\"11,1,0\" data-index-in-node=\"0\">Skarp silketrykk:<\/b> Vi kan trykke ditt spesifikke design med opptil tre Pantone-matchede farger, slik at merkeidentiteten din bevares.<\/p>\n<\/li>\n<li>\n<p data-path-to-node=\"11,2,0\"><b data-path-to-node=\"11,2,0\" data-index-in-node=\"0\">Funksjonell st\u00f8rrelse:<\/b> St\u00f8rrelsen 45 x 70 cm er bransjestandarden for kj\u00f8kkenutstyr, og gir god overflate for t\u00f8rking og utstilling.<\/p>\n<\/li>\n<li>\n<p data-path-to-node=\"11,3,0\"><b data-path-to-node=\"11,3,0\" data-index-in-node=\"0\">Maskinvaskbar:<\/b> Designet for \u00e5 t\u00e5le regelmessig vask samtidig som stoffets integritet bevares (anbefalt vask ved lave temperaturer for \u00e5 bevare trykkets levetid).<\/p>\n<\/li>\n<\/ul>\n<h2 data-path-to-node=\"12\">Spesifikasjoner<\/h2>\n<ul data-path-to-node=\"13\">\n<li>\n<p data-path-to-node=\"13,0,0\"><b data-path-to-node=\"13,0,0\" data-index-in-node=\"0\">Materiale:<\/b> 100% Bomull<\/p>\n<\/li>\n<li>\n<p data-path-to-node=\"13,1,0\"><b data-path-to-node=\"13,1,0\" data-index-in-node=\"0\">Vekt:<\/b> 250 gsm (gram per kvadratmeter)<\/p>\n<\/li>\n<li>\n<p data-path-to-node=\"13,2,0\"><b data-path-to-node=\"13,2,0\" data-index-in-node=\"0\">Dimensjoner:<\/b> 45 cm x 70 cm<\/p>\n<\/li>\n<li>\n<p data-path-to-node=\"13,3,0\"><b data-path-to-node=\"13,3,0\" data-index-in-node=\"0\">Utskriftsmetode:<\/b> Silketrykk (opptil 3 farger)<\/p>\n<\/li>\n<li>\n<p data-path-to-node=\"13,4,0\"><b data-path-to-node=\"13,4,0\" data-index-in-node=\"0\">Hengende l\u00f8kke:<\/b> Integrert for uten trykkhets skyld<\/p>\n<\/li>\n<li>\n<p data-path-to-node=\"13,5,0\"><b data-path-to-node=\"13,5,0\" data-index-in-node=\"0\">Produksjonsavvik:<\/b> V\u00e6r oppmerksom p\u00e5 at vi forbeholder oss retten til \u00e5 levere og fakturere +\/- 5% av den bestilte mengden p\u00e5 grunn av produksjonsbatcher.<\/p>\n<\/li>\n<\/ul>\n<h2 data-path-to-node=\"14\">Brukstilfeller<\/h2>\n<ul data-path-to-node=\"15\">\n<li>\n<p data-path-to-node=\"15,0,0\"><b data-path-to-node=\"15,0,0\" data-index-in-node=\"0\">Merkevarebygging innen gjestfrihet:<\/b> Uniformt tilbeh\u00f8r for servit\u00f8rer, barpersonale og kokker p\u00e5 hoteller og restauranter.<\/p>\n<\/li>\n<li>\n<p data-path-to-node=\"15,1,0\"><b data-path-to-node=\"15,1,0\" data-index-in-node=\"0\">Bedriftsgaver:<\/b> Et praktisk og milj\u00f8vennlig tillegg til julegavekurver eller PR-pakker med hjemmetema.<\/p>\n<\/li>\n<li>\n<p data-path-to-node=\"15,2,0\"><b data-path-to-node=\"15,2,0\" data-index-in-node=\"0\">Detaljhandelsvarer:<\/b> H\u00f8ymarginsvarer til videresalg for kunstnere, suvenirbutikker og livsstilsmerker.<\/p>\n<\/li>\n<li>\n<p data-path-to-node=\"15,3,0\"><b data-path-to-node=\"15,3,0\" data-index-in-node=\"0\">Giveaways for arrangementet:<\/b> Minneverdige utdelingsark fra messene for arrangementer i n\u00e6ringsmiddel- og drikkevarebransjen.<\/p>\n<\/li>\n<\/ul>","protected":false},"excerpt":{"rendered":"<ul>\n<li>\n<p data-path-to-node=\"7,0,0\"><b data-path-to-node=\"7,0,0\" data-index-in-node=\"0\">Premium kraftig bomull:<\/b> Laget av slitesterkt 250 gsm bomullsstoff for utmerket absorberingsevne og en f\u00f8lelse av h\u00f8y kvalitet.<\/p>\n<\/li>\n<li>\n<p data-path-to-node=\"7,1,0\"><b data-path-to-node=\"7,1,0\" data-index-in-node=\"0\">Stort merkevareomr\u00e5de:<\/b> Sjener\u00f8se dimensjoner p\u00e5 45 x 70 cm gir maksimal synlighet for logoen eller spesiallaget kunstverk.<\/p>\n<\/li>\n<li>\n<p data-path-to-node=\"7,2,0\"><b data-path-to-node=\"7,2,0\" data-index-in-node=\"0\">Allsidig tilpasning:<\/b> St\u00f8tter silketrykk i opptil 3 forskjellige farger (inkludert hvit) for skarpe og varige design.<\/p>\n<\/li>\n<li>\n<p data-path-to-node=\"7,3,0\"><b data-path-to-node=\"7,3,0\" data-index-in-node=\"0\">Ideell for hotell- og restaurantbransjen og detaljhandel:<\/b> Perfekt for restauranter, firmagaver, varesamlinger og markedsf\u00f8ring av interi\u00f8r.<\/p>\n<\/li>\n<\/ul>","protected":false},"featured_media":6852,"comment_status":"closed","ping_status":"closed","template":"","meta":[],"product_brand":[],"product_cat":[122],"product_tag":[],"class_list":{"0":"post-6851","1":"product","2":"type-product","3":"status-publish","4":"has-post-thumbnail","6":"product_cat-promotional-accessories","8":"first","9":"instock","10":"shipping-taxable","11":"purchasable","12":"product-type-simple"},"_links":{"self":[{"href":"https:\/\/displayproducts.eu\/nb\/wp-json\/wp\/v2\/product\/6851","targetHints":{"allow":["GET"]}}],"collection":[{"href":"https:\/\/displayproducts.eu\/nb\/wp-json\/wp\/v2\/product"}],"about":[{"href":"https:\/\/displayproducts.eu\/nb\/wp-json\/wp\/v2\/types\/product"}],"replies":[{"embeddable":true,"href":"https:\/\/displayproducts.eu\/nb\/wp-json\/wp\/v2\/comments?post=6851"}],"wp:featuredmedia":[{"embeddable":true,"href":"https:\/\/displayproducts.eu\/nb\/wp-json\/wp\/v2\/media\/6852"}],"wp:attachment":[{"href":"https:\/\/displayproducts.eu\/nb\/wp-json\/wp\/v2\/media?parent=6851"}],"wp:term":[{"taxonomy":"product_brand","embeddable":true,"href":"https:\/\/displayproducts.eu\/nb\/wp-json\/wp\/v2\/product_brand?post=6851"},{"taxonomy":"product_cat","embeddable":true,"href":"https:\/\/displayproducts.eu\/nb\/wp-json\/wp\/v2\/product_cat?post=6851"},{"taxonomy":"product_tag","embeddable":true,"href":"https:\/\/displayproducts.eu\/nb\/wp-json\/wp\/v2\/product_tag?post=6851"}],"curies":[{"name":"wp","href":"https:\/\/api.w.org\/{rel}","templated":true}]}}