{"id":6842,"date":"2026-01-13T11:51:23","date_gmt":"2026-01-13T08:51:23","guid":{"rendered":"https:\/\/wristbandfactory.eu\/?post_type=product&#038;p=6842"},"modified":"2026-04-01T21:52:03","modified_gmt":"2026-04-01T18:52:03","slug":"numbered-fabric-wristbands","status":"publish","type":"product","link":"https:\/\/displayproducts.eu\/nb\/p\/numbered-fabric-wristbands\/","title":{"rendered":"Nummererte stoffarmb\u00e5nd"},"content":{"rendered":"<p data-path-to-node=\"10\">Ta kontroll over sikkerheten og logistikken til arrangementet ditt med v\u00e5re spesialtilpassede stoffarmb\u00e5nd med sekvensiell nummerering. Mens standard merkede armb\u00e5nd tilbyr visuell identifikasjon, gir nummererte armb\u00e5nd et kritisk nyttepunkt for profesjonelle arrangementsarrang\u00f8rer. Enten du arrangerer en festival, en bedriftskonferanse eller et sted med begrenset tilgang, vil det \u00e5 ha en unik identifikator p\u00e5 hvert h\u00e5ndledd effektivisere driften.<\/p>\n<p data-path-to-node=\"11\">Disse armb\u00e5ndene er viktige for arrangementer som krever strenge kapasitetsgrenser eller unik sporing av gjestedata. Nummereringen kan trykkes direkte p\u00e5 stoffet eller laseretses p\u00e5 skyvel\u00e5sen, noe som sikrer at den forblir lesbar gjennom hele arrangementet. Denne funksjonen gj\u00f8r effektivt et standardtilbeh\u00f8r til et funksjonelt verkt\u00f8y for publikumsh\u00e5ndtering og dataavstemming.<\/p>\n<h2 data-path-to-node=\"12\">Viktige funksjoner<\/h2>\n<ul data-path-to-node=\"13\">\n<li>\n<p data-path-to-node=\"13,0,0\"><b data-path-to-node=\"13,0,0\" data-index-in-node=\"0\">Alternativer for sekvensiell nummerering:<\/b> Velg mellom trykte tall p\u00e5 b\u00e5ndoverflaten eller lasergravering p\u00e5 plast-\/metalllukkingen.<\/p>\n<\/li>\n<li>\n<p data-path-to-node=\"13,1,0\"><b data-path-to-node=\"13,1,0\" data-index-in-node=\"0\">H\u00f8yoppl\u00f8selig merkevarebygging:<\/b> Tilgjengelig i b\u00e5de fargesublimering (fotorealistisk finish) og vevd (klassisk festivalutseende).<\/p>\n<\/li>\n<li>\n<p data-path-to-node=\"13,2,0\"><b data-path-to-node=\"13,2,0\" data-index-in-node=\"0\">Holdbare materialer:<\/b> Laget av h\u00f8ykvalitets polyester som er komfortabel for bruk i flere dager og motstandsdyktig mot vann og riving.<\/p>\n<\/li>\n<li>\n<p data-path-to-node=\"13,3,0\"><b data-path-to-node=\"13,3,0\" data-index-in-node=\"0\">Tilpasset serie:<\/b> Vi kan tilpasse oss spesifikke tallomr\u00e5der (f.eks. 0001\u20131000) eller alfanumeriske koder som samsvarer med billettsystemet ditt.<\/p>\n<\/li>\n<\/ul>\n<h2 data-path-to-node=\"14\">Spesifikasjoner<\/h2>\n<ul data-path-to-node=\"15\">\n<li>\n<p data-path-to-node=\"15,0,0\"><b data-path-to-node=\"15,0,0\" data-index-in-node=\"0\">Materiale:<\/b> 100% polyester (sateng eller vevd overflate).<\/p>\n<\/li>\n<li>\n<p data-path-to-node=\"15,1,0\"><b data-path-to-node=\"15,1,0\" data-index-in-node=\"0\">Standard st\u00f8rrelse:<\/b> 15 mm x 350 mm eller 20 mm x 350 mm (\u00e9n st\u00f8rrelse passer alle).<\/p>\n<\/li>\n<li>\n<p data-path-to-node=\"15,2,0\"><b data-path-to-node=\"15,2,0\" data-index-in-node=\"0\">Nummereringsteknikk:<\/b> Blekkinjeksjon eller laseretsing.<\/p>\n<\/li>\n<li>\n<p data-path-to-node=\"15,3,0\"><b data-path-to-node=\"15,3,0\" data-index-in-node=\"0\">L\u00e5sealternativer:<\/b> Enveis plastl\u00e5s (sikker) eller gjenbrukbar perle (kampanjetilbud).<\/p>\n<\/li>\n<li>\n<p data-path-to-node=\"15,4,0\"><b data-path-to-node=\"15,4,0\" data-index-in-node=\"0\">Minimumsbestilling:<\/b> 100 enheter.<\/p>\n<\/li>\n<\/ul>\n<h2 data-path-to-node=\"16\">Brukstilfeller<\/h2>\n<ul data-path-to-node=\"17\">\n<li>\n<p data-path-to-node=\"17,0,0\"><b data-path-to-node=\"17,0,0\" data-index-in-node=\"0\">Festivaler og konserter:<\/b> Spor daglige oppm\u00f8tetall og match armb\u00e5nd med solgte billetttall.<\/p>\n<\/li>\n<li>\n<p data-path-to-node=\"17,1,0\"><b data-path-to-node=\"17,1,0\" data-index-in-node=\"0\">Garderobe og bagasje:<\/b> Bruk armb\u00e5ndsnummeret som en sikker kravbrikke for innsjekkede varer.<\/p>\n<\/li>\n<li>\n<p data-path-to-node=\"17,2,0\"><b data-path-to-node=\"17,2,0\" data-index-in-node=\"0\">Loddtrekninger og konkurranser:<\/b> Bruk den unike ID-en for tilfeldige premietrekninger direkte fra scenen.<\/p>\n<\/li>\n<li>\n<p data-path-to-node=\"17,3,0\"><b data-path-to-node=\"17,3,0\" data-index-in-node=\"0\">VIP-tilgangskontroll:<\/b> Bekreft spesifikke gjester mot en hovedgjesteliste ved \u00e5 bruke deres unike nummer.<\/p>\n<\/li>\n<\/ul>","protected":false},"excerpt":{"rendered":"<ul>\n<li>\n<p data-path-to-node=\"8,0,0\"><b data-path-to-node=\"8,0,0\" data-index-in-node=\"0\">Forbedret sikkerhet og sporing:<\/b> Unik sekvensiell nummerering muliggj\u00f8r presis overv\u00e5king av antall gjester og uten trykk identifisering av gjester.<\/p>\n<\/li>\n<li>\n<p data-path-to-node=\"8,1,0\"><b data-path-to-node=\"8,1,0\" data-index-in-node=\"0\">Billettmatching:<\/b> Perfekt for \u00e5 koble spesifikke armb\u00e5nd til billettnumre, garderobeartikler eller VIP-lodder.<\/p>\n<\/li>\n<li>\n<p data-path-to-node=\"8,2,0\"><b data-path-to-node=\"8,2,0\" data-index-in-node=\"0\">Premium-tilpasning:<\/b> Sublimeringstrykk i fullfarge eller vevde design kombinert med tydelig synlig og slitesterk nummerering.<\/p>\n<\/li>\n<li>\n<p data-path-to-node=\"8,3,0\"><b data-path-to-node=\"8,3,0\" data-index-in-node=\"0\">Sikker l\u00e5sing:<\/b> Utstyrt med sikre skyvel\u00e5ser for \u00e5 forhindre uautorisert overf\u00f8ring eller gjenbruk under arrangementer over flere dager.<\/p>\n<\/li>\n<\/ul>","protected":false},"featured_media":6844,"comment_status":"closed","ping_status":"closed","template":"","meta":[],"product_brand":[],"product_cat":[47],"product_tag":[],"class_list":{"0":"post-6842","1":"product","2":"type-product","3":"status-publish","4":"has-post-thumbnail","6":"product_cat-fabric-wristbands","8":"first","9":"instock","10":"shipping-taxable","11":"purchasable","12":"product-type-simple"},"_links":{"self":[{"href":"https:\/\/displayproducts.eu\/nb\/wp-json\/wp\/v2\/product\/6842","targetHints":{"allow":["GET"]}}],"collection":[{"href":"https:\/\/displayproducts.eu\/nb\/wp-json\/wp\/v2\/product"}],"about":[{"href":"https:\/\/displayproducts.eu\/nb\/wp-json\/wp\/v2\/types\/product"}],"replies":[{"embeddable":true,"href":"https:\/\/displayproducts.eu\/nb\/wp-json\/wp\/v2\/comments?post=6842"}],"wp:featuredmedia":[{"embeddable":true,"href":"https:\/\/displayproducts.eu\/nb\/wp-json\/wp\/v2\/media\/6844"}],"wp:attachment":[{"href":"https:\/\/displayproducts.eu\/nb\/wp-json\/wp\/v2\/media?parent=6842"}],"wp:term":[{"taxonomy":"product_brand","embeddable":true,"href":"https:\/\/displayproducts.eu\/nb\/wp-json\/wp\/v2\/product_brand?post=6842"},{"taxonomy":"product_cat","embeddable":true,"href":"https:\/\/displayproducts.eu\/nb\/wp-json\/wp\/v2\/product_cat?post=6842"},{"taxonomy":"product_tag","embeddable":true,"href":"https:\/\/displayproducts.eu\/nb\/wp-json\/wp\/v2\/product_tag?post=6842"}],"curies":[{"name":"wp","href":"https:\/\/api.w.org\/{rel}","templated":true}]}}