{"id":6841,"date":"2026-01-13T11:36:59","date_gmt":"2026-01-13T08:36:59","guid":{"rendered":"https:\/\/wristbandfactory.eu\/?post_type=product&#038;p=6841"},"modified":"2026-04-01T21:52:34","modified_gmt":"2026-04-01T18:52:34","slug":"custom-hard-pvc-tags-for-wristbands-qr-barcode-rfid-ready","status":"publish","type":"product","link":"https:\/\/displayproducts.eu\/nb\/p\/custom-hard-pvc-tags-for-wristbands-qr-barcode-rfid-ready\/","title":{"rendered":"Harde PVC-brikker for stoffb\u00e5nd"},"content":{"rendered":"<p data-path-to-node=\"10\">Forvandle standard armb\u00e5nd for arrangementer til intelligente verkt\u00f8y for adgangskontroll med v\u00e5re spesialtilpassede harde PVC-brikker. Disse stive glidebryterne er utformet for \u00e5 tres direkte p\u00e5 stoffarmb\u00e5nd, og gir en flat, slitesterk overflate som er spesielt optimalisert for skannbare data. I motsetning til myke stoffoverflater der QR-koder kan forvrenge, sikrer harde PVC-brikker skanning for kontantl\u00f8se betalinger, billettering og integrering av sosiale medier.<\/p>\n<h3 data-path-to-node=\"11\">Viktige funksjoner<\/h3>\n<ul data-path-to-node=\"12\">\n<li>\n<p data-path-to-node=\"12,0,0\"><b data-path-to-node=\"12,0,0\" data-index-in-node=\"0\">Variabel datautskrift:<\/b> Vi kan trykke unike QR-koder, strekkoder eller sekvensielle serienumre p\u00e5 hver uten trykkt tagg, noe som muliggj\u00f8r individuell gjestesporing og sikker tilgangskontroll.<\/p>\n<\/li>\n<li>\n<p data-path-to-node=\"12,1,0\"><b data-path-to-node=\"12,1,0\" data-index-in-node=\"0\">Premium-konstruksjon:<\/b> Disse merkelappene er produsert av hard PVC av h\u00f8y kvalitet og motst\u00e5r b\u00f8ying, vann og UV-eksponering, noe som gj\u00f8r dem bedre enn laminerte papiralternativer.<\/p>\n<\/li>\n<li>\n<p data-path-to-node=\"12,2,0\"><b data-path-to-node=\"12,2,0\" data-index-in-node=\"0\">Livlig merkevarebygging:<\/b> Den glatte hvite overflaten fungerer som et perfekt lerret for skarpe logoer i fullfarge og sponsorbranding som skiller seg ut mot stoffremmen.<\/p>\n<\/li>\n<li>\n<p data-path-to-node=\"12,3,0\"><b data-path-to-node=\"12,3,0\" data-index-in-node=\"0\">RFID\/NFC-funksjonalitet:<\/b> Tilgjengelig med innebygde RFID- eller NFC-brikker p\u00e5 foresp\u00f8rsel for kontaktl\u00f8s adgang og kontantl\u00f8se betalingssystemer.<\/p>\n<\/li>\n<\/ul>\n<h3 data-path-to-node=\"13\">Spesifikasjoner<\/h3>\n<ul data-path-to-node=\"14\">\n<li>\n<p data-path-to-node=\"14,0,0\"><b data-path-to-node=\"14,0,0\" data-index-in-node=\"0\">Materiale:<\/b> Stiv hard PVC (polyvinylklorid)<\/p>\n<\/li>\n<li>\n<p data-path-to-node=\"14,1,0\"><b data-path-to-node=\"14,1,0\" data-index-in-node=\"0\">Dimensjoner:<\/b> Standardst\u00f8rrelser tilgjengelig (f.eks. 26x33 mm, 30x40 mm) eller tilpassede former.<\/p>\n<\/li>\n<li>\n<p data-path-to-node=\"14,2,0\"><b data-path-to-node=\"14,2,0\" data-index-in-node=\"0\">Kompatibilitet:<\/b> Spor designet for vevde eller satengarmb\u00e5nd med en bredde p\u00e5 15 mm eller 20 mm.<\/p>\n<\/li>\n<li>\n<p data-path-to-node=\"14,3,0\"><b data-path-to-node=\"14,3,0\" data-index-in-node=\"0\">Utskriftsmetode:<\/b> UV digitaltrykk eller offsettrykk for fotografisk kvalitet.<\/p>\n<\/li>\n<li>\n<p data-path-to-node=\"14,4,0\"><b data-path-to-node=\"14,4,0\" data-index-in-node=\"0\">Fullf\u00f8r:<\/b> Glanset eller matt laminering tilgjengelig.<\/p>\n<\/li>\n<\/ul>\n<h3 data-path-to-node=\"15\">B2B-brukstilfeller<\/h3>\n<ul data-path-to-node=\"16\">\n<li>\n<p data-path-to-node=\"16,0,0\"><b data-path-to-node=\"16,0,0\" data-index-in-node=\"0\">Musikkfestivaler:<\/b> Bruk QR-koder for kontantl\u00f8s p\u00e5fylling og skanning av innganger.<\/p>\n<\/li>\n<li>\n<p data-path-to-node=\"16,1,0\"><b data-path-to-node=\"16,1,0\" data-index-in-node=\"0\">VIP-tilgang:<\/b> S\u00e6rpregede tagger for \u00e5 identifisere spesielle gjester eller personell bak scenen.<\/p>\n<\/li>\n<li>\n<p data-path-to-node=\"16,2,0\"><b data-path-to-node=\"16,2,0\" data-index-in-node=\"0\">Garderobeh\u00e5ndtering:<\/b> Nummererte merker festet til armb\u00e5ndene for sikker henting av gjenstander.<\/p>\n<\/li>\n<li>\n<p data-path-to-node=\"16,3,0\"><b data-path-to-node=\"16,3,0\" data-index-in-node=\"0\">Feriesteder og hoteller:<\/b> Holdbare romn\u00f8kkelb\u00e5nd eller h\u00e5ndklebyttepoletter festet til gjestenes h\u00e5ndledd.<\/p>\n<\/li>\n<\/ul>","protected":false},"excerpt":{"rendered":"<ul>\n<li>\n<p data-path-to-node=\"9,0,0\"><b data-path-to-node=\"9,0,0\" data-index-in-node=\"0\">Smart ID-l\u00f8sning:<\/b> Perfekt for \u00e5 integrere QR-koder, strekkoder og UID-numre p\u00e5 stoffarmb\u00e5nd.<\/p>\n<\/li>\n<li>\n<p data-path-to-node=\"9,1,0\"><b data-path-to-node=\"9,1,0\" data-index-in-node=\"0\">Slitesterkt materiale:<\/b> Laget av stiv, vannavst\u00f8tende PVC som t\u00e5ler arrangementer over flere dager og t\u00f8ffe forhold.<\/p>\n<\/li>\n<li>\n<p data-path-to-node=\"9,2,0\"><b data-path-to-node=\"9,2,0\" data-index-in-node=\"0\">Full tilpasning:<\/b> H\u00f8yoppl\u00f8selig UV- eller offsettrykk gir mulighet for livlige logoer og kompleks dataskanning.<\/p>\n<\/li>\n<li>\n<p data-path-to-node=\"9,3,0\"><b data-path-to-node=\"9,3,0\" data-index-in-node=\"0\">Universell passform:<\/b> Designet med doble spor for \u00e5 passe s\u00f8ml\u00f8st til standard 15 mm og 20 mm stoffarmb\u00e5nd.<\/p>\n<\/li>\n<\/ul>","protected":false},"featured_media":6840,"comment_status":"closed","ping_status":"closed","template":"","meta":[],"product_brand":[],"product_cat":[66,124],"product_tag":[],"class_list":{"0":"post-6841","1":"product","2":"type-product","3":"status-publish","4":"has-post-thumbnail","6":"product_cat-wristbands","7":"product_cat-id-solutions","9":"first","10":"instock","11":"shipping-taxable","12":"product-type-simple"},"_links":{"self":[{"href":"https:\/\/displayproducts.eu\/nb\/wp-json\/wp\/v2\/product\/6841","targetHints":{"allow":["GET"]}}],"collection":[{"href":"https:\/\/displayproducts.eu\/nb\/wp-json\/wp\/v2\/product"}],"about":[{"href":"https:\/\/displayproducts.eu\/nb\/wp-json\/wp\/v2\/types\/product"}],"replies":[{"embeddable":true,"href":"https:\/\/displayproducts.eu\/nb\/wp-json\/wp\/v2\/comments?post=6841"}],"wp:featuredmedia":[{"embeddable":true,"href":"https:\/\/displayproducts.eu\/nb\/wp-json\/wp\/v2\/media\/6840"}],"wp:attachment":[{"href":"https:\/\/displayproducts.eu\/nb\/wp-json\/wp\/v2\/media?parent=6841"}],"wp:term":[{"taxonomy":"product_brand","embeddable":true,"href":"https:\/\/displayproducts.eu\/nb\/wp-json\/wp\/v2\/product_brand?post=6841"},{"taxonomy":"product_cat","embeddable":true,"href":"https:\/\/displayproducts.eu\/nb\/wp-json\/wp\/v2\/product_cat?post=6841"},{"taxonomy":"product_tag","embeddable":true,"href":"https:\/\/displayproducts.eu\/nb\/wp-json\/wp\/v2\/product_tag?post=6841"}],"curies":[{"name":"wp","href":"https:\/\/api.w.org\/{rel}","templated":true}]}}