{"id":6838,"date":"2026-01-13T10:28:34","date_gmt":"2026-01-13T07:28:34","guid":{"rendered":"https:\/\/wristbandfactory.eu\/?post_type=product&#038;p=6838"},"modified":"2026-04-01T21:52:03","modified_gmt":"2026-04-01T18:52:03","slug":"custom-printed-velvet-gift-bags-premium-drawstring-pouches","status":"publish","type":"product","link":"https:\/\/displayproducts.eu\/nb\/p\/custom-printed-velvet-gift-bags-premium-drawstring-pouches\/","title":{"rendered":"Fl\u00f8yelsposer med trykk"},"content":{"rendered":"<p data-path-to-node=\"9\">Skap en uforglemmelig unboxing-opplevelse med v\u00e5r <b data-path-to-node=\"9\" data-index-in-node=\"78\">Tilpassede trykte fl\u00f8yelsgaveposer<\/b>. Disse myke posene er designet for luksusforhandlere, smykkemerker og bedriftsarrangementplanleggere, og tilbyr en sofistikert m\u00e5te \u00e5 pakke sm\u00e5 gjenstander p\u00e5. I motsetning til standard plast- eller papiremballasje kommuniserer fl\u00f8yel holdbarhet, eleganse og h\u00f8y verdi.<\/p>\n<p data-path-to-node=\"10\">Enten du trenger en liten pose til ringer eller en st\u00f8rre veske til kosmetikk og tekniske dingser, tilbyr vi full fleksibilitet i st\u00f8rrelsesvalg og produksjon.<\/p>\n<h2 data-path-to-node=\"11\">Viktige merkevarefunksjoner<\/h2>\n<p data-path-to-node=\"12\">Vi tilbyr tre forskjellige merkevarebyggingsmetoder som matcher logoens stil:<\/p>\n<ul data-path-to-node=\"13\">\n<li>\n<p data-path-to-node=\"13,0,0\"><b data-path-to-node=\"13,0,0\" data-index-in-node=\"0\">Silketrykk:<\/b> Ideelt for sterke, ensfargede farger og tydelig merkevarebygging.<\/p>\n<\/li>\n<li>\n<p data-path-to-node=\"13,1,0\"><b data-path-to-node=\"13,1,0\" data-index-in-node=\"0\">Varmstempling (folie):<\/b> Perfekt for luksusmerker. Legg til en skinnende gull- eller s\u00f8lvfolie som fanger lyset mot den m\u00f8rke fl\u00f8yelsstrukturen.<\/p>\n<\/li>\n<li>\n<p data-path-to-node=\"13,2,0\"><b data-path-to-node=\"13,2,0\" data-index-in-node=\"0\">Preging\/preging:<\/b> Skap en subtil, taktil 3D-effekt der logoen presses inn i stoffet for et eksklusivt og diskret utseende.<\/p>\n<\/li>\n<\/ul>\n<h2 data-path-to-node=\"14\">Spesifikasjoner<\/h2>\n<ul data-path-to-node=\"15\">\n<li>\n<p data-path-to-node=\"15,0,0\"><b data-path-to-node=\"15,0,0\" data-index-in-node=\"0\">Materiale:<\/b> Premium mykt fl\u00f8yel-\/velurstoff.<\/p>\n<\/li>\n<li>\n<p data-path-to-node=\"15,1,0\"><b data-path-to-node=\"15,1,0\" data-index-in-node=\"0\">Lukkestiler:<\/b> Uten trykktsidig snor eller dobbeltsidig snor (trekkes fra begge ender).<\/p>\n<\/li>\n<li>\n<p data-path-to-node=\"15,2,0\"><b data-path-to-node=\"15,2,0\" data-index-in-node=\"0\">Strengmaterialer:<\/b> Satengb\u00e5nd, PP-snor, bomullstau eller matchende fl\u00f8yelsstripe.<\/p>\n<\/li>\n<li>\n<p data-path-to-node=\"15,3,0\"><b data-path-to-node=\"15,3,0\" data-index-in-node=\"0\">Farger:<\/b> Bredt utvalg av standard fl\u00f8yelsfarger (svart, marinebl\u00e5, r\u00f8d, gr\u00e5, gr\u00f8nn osv.).<\/p>\n<\/li>\n<li>\n<p data-path-to-node=\"15,4,0\"><b data-path-to-node=\"15,4,0\" data-index-in-node=\"0\">St\u00f8rrelser:<\/b> Fullt tilpassbar (f.eks. 5x7 cm, 8x10 cm, 10x15 cm, 15x20 cm og st\u00f8rre).<\/p>\n<\/li>\n<li>\n<p data-path-to-node=\"15,5,0\"><b data-path-to-node=\"15,5,0\" data-index-in-node=\"0\">Minimumsbestilling:<\/b> Engrosmengder tilgjengelig.<\/p>\n<\/li>\n<\/ul>\n<h2 data-path-to-node=\"16\">Vanlige brukstilfeller<\/h2>\n<ul data-path-to-node=\"17\">\n<li>\n<p data-path-to-node=\"17,0,0\"><b data-path-to-node=\"17,0,0\" data-index-in-node=\"0\">Smykkeemballasje:<\/b> Ringer, halskjeder, \u00f8redobber og klokker.<\/p>\n<\/li>\n<li>\n<p data-path-to-node=\"17,1,0\"><b data-path-to-node=\"17,1,0\" data-index-in-node=\"0\">Bedriftsgaver:<\/b> Premiumemballasje for USB-minnepinner, medaljer eller mynter.<\/p>\n<\/li>\n<li>\n<p data-path-to-node=\"17,2,0\"><b data-path-to-node=\"17,2,0\" data-index-in-node=\"0\">Gaver til arrangementet:<\/b> Bryllup, gallaer og reklamegaver.<\/p>\n<\/li>\n<li>\n<p data-path-to-node=\"17,3,0\"><b data-path-to-node=\"17,3,0\" data-index-in-node=\"0\">Kosmetikk:<\/b> Luksusposer til skj\u00f8nnhetsverkt\u00f8y og parfymer.<\/p>\n<\/li>\n<\/ul>","protected":false},"excerpt":{"rendered":"<ul data-path-to-node=\"8\">\n<li>\n<p data-path-to-node=\"8,0,0\"><b data-path-to-node=\"8,0,0\" data-index-in-node=\"0\">Premium myk tekstur:<\/b> H\u00f8ykvalitets fl\u00f8yelsstoff som gir et luksuri\u00f8st preg til ethvert produkt eller enhver gave.<\/p>\n<\/li>\n<li>\n<p data-path-to-node=\"8,1,0\"><b data-path-to-node=\"8,1,0\" data-index-in-node=\"0\">Allsidig tilpasning:<\/b> Velg mellom silketrykk, metallisk varmstempling (gull\/s\u00f8lv) eller elegant preging.<\/p>\n<\/li>\n<li>\n<p data-path-to-node=\"8,2,0\"><b data-path-to-node=\"8,2,0\" data-index-in-node=\"0\">Fleksibel design:<\/b> Tilgjengelig med uten trykk eller dobbel sn\u00f8ring i forskjellige b\u00e5nd- eller snormaterialer.<\/p>\n<\/li>\n<li>\n<p data-path-to-node=\"8,3,0\"><b data-path-to-node=\"8,3,0\" data-index-in-node=\"0\">Laget p\u00e5 m\u00e5l:<\/b> Tilpassede st\u00f8rrelser er tilgjengelige for \u00e5 passe perfekt til smykker, kosmetikk, teknisk tilbeh\u00f8r eller gaveideer til arrangementer.<\/p>\n<\/li>\n<\/ul>","protected":false},"featured_media":6839,"comment_status":"closed","ping_status":"closed","template":"","meta":[],"product_brand":[],"product_cat":[131],"product_tag":[],"class_list":{"0":"post-6838","1":"product","2":"type-product","3":"status-publish","4":"has-post-thumbnail","6":"product_cat-custom-bags-totes","8":"first","9":"instock","10":"shipping-taxable","11":"purchasable","12":"product-type-simple"},"_links":{"self":[{"href":"https:\/\/displayproducts.eu\/nb\/wp-json\/wp\/v2\/product\/6838","targetHints":{"allow":["GET"]}}],"collection":[{"href":"https:\/\/displayproducts.eu\/nb\/wp-json\/wp\/v2\/product"}],"about":[{"href":"https:\/\/displayproducts.eu\/nb\/wp-json\/wp\/v2\/types\/product"}],"replies":[{"embeddable":true,"href":"https:\/\/displayproducts.eu\/nb\/wp-json\/wp\/v2\/comments?post=6838"}],"wp:featuredmedia":[{"embeddable":true,"href":"https:\/\/displayproducts.eu\/nb\/wp-json\/wp\/v2\/media\/6839"}],"wp:attachment":[{"href":"https:\/\/displayproducts.eu\/nb\/wp-json\/wp\/v2\/media?parent=6838"}],"wp:term":[{"taxonomy":"product_brand","embeddable":true,"href":"https:\/\/displayproducts.eu\/nb\/wp-json\/wp\/v2\/product_brand?post=6838"},{"taxonomy":"product_cat","embeddable":true,"href":"https:\/\/displayproducts.eu\/nb\/wp-json\/wp\/v2\/product_cat?post=6838"},{"taxonomy":"product_tag","embeddable":true,"href":"https:\/\/displayproducts.eu\/nb\/wp-json\/wp\/v2\/product_tag?post=6838"}],"curies":[{"name":"wp","href":"https:\/\/api.w.org\/{rel}","templated":true}]}}