{"id":6678,"date":"2026-01-09T22:38:59","date_gmt":"2026-01-09T19:38:59","guid":{"rendered":"https:\/\/wristbandfactory.eu\/?post_type=product&#038;p=6678"},"modified":"2026-04-01T21:52:34","modified_gmt":"2026-04-01T18:52:34","slug":"metal-opera-glasses-with-handle-bulk-theatre-binoculars-3x-4x","status":"publish","type":"product","link":"https:\/\/displayproducts.eu\/nb\/p\/metal-opera-glasses-with-handle-bulk-theatre-binoculars-3x-4x\/","title":{"rendered":"Teaterkikkert i metall med h\u00e5ndtak"},"content":{"rendered":"<p data-path-to-node=\"9\">Forbedre den kulturelle opplevelsen for dine kunder med v\u00e5re <b data-path-to-node=\"9\" data-index-in-node=\"94\">Operaglass i metall av h\u00f8y kvalitet<\/b>. Disse teaterkikkertene er designet for raffinement og klarhet, og er det ultimate tilbeh\u00f8ret for operahus, teatre og konsertsaler. I motsetning til plastalternativer har disse brillene en slitesterk helmetallkonstruksjon med gullfinish, noe som gj\u00f8r dem til et produkt med h\u00f8y oppfattet verdi som er egnet for videresalg i detaljhandelen eller som eksklusive firmagaver.<\/p>\n<p data-path-to-node=\"10\">Det integrerte, sammenleggbare h\u00e5ndtaket gir et snev av vintage-sjarm samtidig som det gir praktisk komfort under lange forestillinger. Enten du fyller opp gavebutikken p\u00e5 museet eller leter etter en unik minnegave til en galla, tilbyr disse operaglassene den perfekte blandingen av stil og funksjon.<\/p>\n<h2 data-path-to-node=\"11\">Viktige funksjoner<\/h2>\n<ul data-path-to-node=\"12\">\n<li>\n<p data-path-to-node=\"12,0,0\"><b data-path-to-node=\"12,0,0\" data-index-in-node=\"0\">To optiske varianter:<\/b> Velg mellom <b data-path-to-node=\"12,0,0\" data-index-in-node=\"37\">3x forst\u00f8rrelse<\/b> (bredere synsfelt, 122 m\/1000 m) for \u00e5 fange hele scenen, eller <b data-path-to-node=\"12,0,0\" data-index-in-node=\"122\">4x forst\u00f8rrelse<\/b> (105 m\/1000 m) for fokusering p\u00e5 ansiktsuttrykk og fine detaljer.<\/p>\n<\/li>\n<li>\n<p data-path-to-node=\"12,1,0\"><b data-path-to-node=\"12,1,0\" data-index-in-node=\"0\">Ergonomisk design:<\/b> Har et senterfokusprisme og et sammenleggbart\/teleskopisk h\u00e5ndtak (105\u2013165 mm) for uten trykk justering og komfortabelt grep.<\/p>\n<\/li>\n<li>\n<p data-path-to-node=\"12,2,0\"><b data-path-to-node=\"12,2,0\" data-index-in-node=\"0\">Premium-bygg:<\/b> Med en vekt p\u00e5 175 g og en kompakt formfaktor (100 \u00d7 54 mm), sikrer det robuste metallhuset lang levetid og en f\u00f8rsteklasses f\u00f8lelse i h\u00e5nden.<\/p>\n<\/li>\n<li>\n<p data-path-to-node=\"12,3,0\"><b data-path-to-node=\"12,3,0\" data-index-in-node=\"0\">Klar for presentasjon:<\/b> Hver enhet leveres med en elegant oppbevaringsboks, som forenkler emballasjeprosessen for gaver eller visning i detaljhandelen.<\/p>\n<\/li>\n<\/ul>\n<h2 data-path-to-node=\"13\">Spesifikasjoner<\/h2>\n<ul data-path-to-node=\"14\">\n<li>\n<p data-path-to-node=\"14,0,0\"><b data-path-to-node=\"14,0,0\" data-index-in-node=\"0\">Materiale:<\/b> Fullmetalllegering med gullfinish<\/p>\n<\/li>\n<li>\n<p data-path-to-node=\"14,1,0\"><b data-path-to-node=\"14,1,0\" data-index-in-node=\"0\">H\u00e5ndtak:<\/b> Teleskopisk\/sammenleggbar (105 mm til 165 mm)<\/p>\n<\/li>\n<li>\n<p data-path-to-node=\"14,2,0\"><b data-path-to-node=\"14,2,0\" data-index-in-node=\"0\">Vekt:<\/b> 175 g<\/p>\n<\/li>\n<li>\n<p data-path-to-node=\"14,3,0\"><b data-path-to-node=\"14,3,0\" data-index-in-node=\"0\">Dimensjoner:<\/b> 100 \u00d7 54 mm<\/p>\n<\/li>\n<li>\n<p data-path-to-node=\"14,4,0\"><b data-path-to-node=\"14,4,0\" data-index-in-node=\"0\">Prismetype:<\/b> Sentrumsfokus<\/p>\n<\/li>\n<li>\n<p data-path-to-node=\"14,5,0\"><b data-path-to-node=\"14,5,0\" data-index-in-node=\"0\">3x Modellspesifikasjoner:<\/b><\/p>\n<ul data-path-to-node=\"14,5,1\">\n<li>\n<p data-path-to-node=\"14,5,1,0,0\">Utgangspupill: 8 mm<\/p>\n<\/li>\n<li>\n<p data-path-to-node=\"14,5,1,1,0\">Synsfelt: 122 m \/ 1000 m<\/p>\n<\/li>\n<li>\n<p data-path-to-node=\"14,5,1,2,0\">Lysstyrkeindeks: 69<\/p>\n<\/li>\n<\/ul>\n<\/li>\n<li>\n<p data-path-to-node=\"14,6,0\"><b data-path-to-node=\"14,6,0\" data-index-in-node=\"0\">4x Modellspesifikasjoner:<\/b><\/p>\n<ul data-path-to-node=\"14,6,1\">\n<li>\n<p data-path-to-node=\"14,6,1,0,0\">Utgangspupill: 6,5 mm<\/p>\n<\/li>\n<li>\n<p data-path-to-node=\"14,6,1,1,0\">Synsfelt: 105 m \/ 1000 m<\/p>\n<\/li>\n<li>\n<p data-path-to-node=\"14,6,1,2,0\">Lysstyrkeindeks: 39<\/p>\n<\/li>\n<\/ul>\n<\/li>\n<li>\n<p data-path-to-node=\"14,7,0\"><b data-path-to-node=\"14,7,0\" data-index-in-node=\"0\">Leveringstid:<\/b> Ca. 37 dager (Lages p\u00e5 bestilling\/importeres)<\/p>\n<\/li>\n<\/ul>\n<h2 data-path-to-node=\"15\">Brukstilfeller<\/h2>\n<ul data-path-to-node=\"16\">\n<li>\n<p data-path-to-node=\"16,0,0\"><b data-path-to-node=\"16,0,0\" data-index-in-node=\"0\">Teater- og operabutikker:<\/b> En vare med h\u00f8y margin for bes\u00f8kende som \u00f8nsker \u00e5 forbedre seeropplevelsen sin.<\/p>\n<\/li>\n<li>\n<p data-path-to-node=\"16,1,0\"><b data-path-to-node=\"16,1,0\" data-index-in-node=\"0\">Bedriftsgaver:<\/b> En uts\u00f8kt gave til partnere innen kunst- og kultursektoren.<\/p>\n<\/li>\n<li>\n<p data-path-to-node=\"16,2,0\"><b data-path-to-node=\"16,2,0\" data-index-in-node=\"0\">VIP-arrangementsfasiliteter:<\/b> Gi billettinnehavere i toppklassen tilgang til merkevare- eller eksklusive visningsverkt\u00f8y.<\/p>\n<\/li>\n<\/ul>","protected":false},"excerpt":{"rendered":"<ul data-path-to-node=\"8\">\n<li>\n<p data-path-to-node=\"8,0,0\"><b data-path-to-node=\"8,0,0\" data-index-in-node=\"0\">Klassisk eleganse:<\/b> Helmetallkabinett med luksuri\u00f8s gullfinish og sammenleggbart h\u00e5ndtak for sofistikert visning.<\/p>\n<\/li>\n<li>\n<p data-path-to-node=\"8,1,0\"><b data-path-to-node=\"8,1,0\" data-index-in-node=\"0\">Overlegen optikk:<\/b> Tilgjengelig i 3x (vidvinkel) eller 4x (detaljfokus) forst\u00f8rrelse med h\u00f8y lysstyrkeindeks.<\/p>\n<\/li>\n<li>\n<p data-path-to-node=\"8,2,0\"><b data-path-to-node=\"8,2,0\" data-index-in-node=\"0\">B2B-klar:<\/b> Perfekt for teaterbutikker, gaver til VIP-arrangementer og eksklusive bedriftspriser.<\/p>\n<\/li>\n<li>\n<p data-path-to-node=\"8,3,0\"><b data-path-to-node=\"8,3,0\" data-index-in-node=\"0\">Komplett sett:<\/b> Inkluderer et slitesterkt oppbevaringsetui for beskyttelse og presentasjon.<\/p>\n<\/li>\n<\/ul>","protected":false},"featured_media":6679,"comment_status":"closed","ping_status":"closed","template":"","meta":[],"product_brand":[],"product_cat":[121],"product_tag":[],"class_list":{"0":"post-6678","1":"product","2":"type-product","3":"status-publish","4":"has-post-thumbnail","6":"product_cat-promotional-merchandise","8":"first","9":"instock","10":"shipping-taxable","11":"purchasable","12":"product-type-simple"},"_links":{"self":[{"href":"https:\/\/displayproducts.eu\/nb\/wp-json\/wp\/v2\/product\/6678","targetHints":{"allow":["GET"]}}],"collection":[{"href":"https:\/\/displayproducts.eu\/nb\/wp-json\/wp\/v2\/product"}],"about":[{"href":"https:\/\/displayproducts.eu\/nb\/wp-json\/wp\/v2\/types\/product"}],"replies":[{"embeddable":true,"href":"https:\/\/displayproducts.eu\/nb\/wp-json\/wp\/v2\/comments?post=6678"}],"wp:featuredmedia":[{"embeddable":true,"href":"https:\/\/displayproducts.eu\/nb\/wp-json\/wp\/v2\/media\/6679"}],"wp:attachment":[{"href":"https:\/\/displayproducts.eu\/nb\/wp-json\/wp\/v2\/media?parent=6678"}],"wp:term":[{"taxonomy":"product_brand","embeddable":true,"href":"https:\/\/displayproducts.eu\/nb\/wp-json\/wp\/v2\/product_brand?post=6678"},{"taxonomy":"product_cat","embeddable":true,"href":"https:\/\/displayproducts.eu\/nb\/wp-json\/wp\/v2\/product_cat?post=6678"},{"taxonomy":"product_tag","embeddable":true,"href":"https:\/\/displayproducts.eu\/nb\/wp-json\/wp\/v2\/product_tag?post=6678"}],"curies":[{"name":"wp","href":"https:\/\/api.w.org\/{rel}","templated":true}]}}